{"id":27778,"date":"2024-08-10T09:36:11","date_gmt":"2024-08-10T09:36:11","guid":{"rendered":"https:\/\/lacasadelamedicina.es\/product\/osta-liberty-caps-verkosta\/"},"modified":"2024-08-10T09:36:11","modified_gmt":"2024-08-10T09:36:11","slug":"osta-liberty-caps-verkosta","status":"publish","type":"product","link":"https:\/\/lacasadelamedicina.es\/fi\/tuote\/osta-liberty-caps-verkosta\/","title":{"rendered":"Osta Liberty Caps verkosta"},"content":{"rendered":"<h2>Osta Liberty Caps verkosta<\/h2>\n<p><strong>Osta Liberty Caps verkossa Dr. Lawson&#8217;s Pharmacysta<\/strong> Tervetuloa Dr. Lawson&#8217;s Pharmacyyn, joka on korkealaatuisten ja luotettavien l\u00e4\u00e4kkeiden johtava kohde. Meill\u00e4 on ilo tarjota Liberty Caps (Psilocybe semilanceata) ostettavaksi verkossa, mik\u00e4 tarjoaa sinulle helpon ja turvallisen tavan p\u00e4\u00e4st\u00e4 k\u00e4siksi n\u00e4ihin tehokkaisiin psykoaktiivisiin sieniin. <strong>Tietoja Liberty-lippiksist\u00e4<\/strong> Liberty-lippiksist\u00e4, jotka tunnetaan my\u00f6s nimell\u00e4 <em>Psilocybe semilanceata<\/em>, tunnetaan psykoaktiivisista ominaisuuksistaan \u200b\u200bpsilosybiinin ja biosytiinin ansiosta. Ne ovat luonnossa laajimmin levinneit\u00e4 psilosybiinisieni\u00e4, ja ne tunnetaan voimakkuudestaan. N\u00e4ill\u00e4 sienill\u00e4 on erottuva kartiomainen tai kellomainen korkki, jonka halkaisija on jopa 2,5 cm (1,0 tuumaa) ja jonka yl\u00e4osassa on usein pieni n\u00e4nnim\u00e4inen ulkonema. Niiden v\u00e4ri vaihtelee keltaisesta ruskeaan, ja niiss\u00e4 on s\u00e4teitt\u00e4isi\u00e4 uria kosteana, ja ne haalistuvat vaaleampaan s\u00e4vyyn kypsyess\u00e4\u00e4n. Sienen hoikka, pitk\u00e4 k\u00e4rki on tyypillisesti samanv\u00e4rinen tai hieman vaaleampi kuin korkki. Osta Liberty Caps \u2013 1. luokka halvalla. Psilocybe semilanceata, joka tunnetaan yleisesti nimell\u00e4 liberty cap, on sienilaji, joka tuottaa psykoaktiivisia yhdisteit\u00e4 psilosybiini\u00e4 ja biosytiini\u00e4. Se on sek\u00e4 yksi laajimmin levinneist\u00e4 psilosybiinisienist\u00e4 luonnossa ja yksi tehokkaimmista Osta Magic -sienist\u00e4 verkossa. Niiss\u00e4 on erottuva kartiomainen kellomainen korkki. Jopa 2,5 cm (1,0 tuumaa) halkaisijaltaan, jossa pieni n\u00e4nnimainen ulkonema p\u00e4\u00e4ll\u00e4. Ne ovat keltaisesta ruskeaan, peitettyin\u00e4 s\u00e4teitt\u00e4isill\u00e4 urilla kosteana ja haalistuvat vaaleammaksi kypsyess\u00e4\u00e4n. Niiden k\u00e4rki on yleens\u00e4 hoikka ja pitk\u00e4, ja samanv\u00e4rinen tai hieman vaaleampi kuin korkki. Liberty caps -sieni Osta liberty caps verkosta \u2013 Osta Magic-sieni\u00e4 \u2013 Liberty caps shrooms verkossa -sieni Liberty caps on hallusinogeeninen sieni, joka sis\u00e4lt\u00e4\u00e4 psykoaktiivisen ja psilosybiinin sekoituksia. Kun latva kuivuu, se muuttuu paljon vaaleammaksi, vaaleankeltaiseksi maanl\u00e4heiseksi. Sit\u00e4 kutsutaan my\u00f6s maagiseksi sieneksi. Jos sinulla on kysytt\u00e4v\u00e4\u00e4 tai tarvitset lis\u00e4apua, \u00e4l\u00e4 ep\u00e4r\u00f6i ottaa yhteytt\u00e4 asiakastukitiimiimme. Kiitos, ett\u00e4 valitsit Dr. Lawson&#8217;s Pharmacyn. Olemme sitoutuneet tarjoamaan sinulle parhaat tuotteet ja palvelun kaikkiin farmaseuttisiin tarpeisiisi.<\/p>\n","protected":false},"excerpt":{"rendered":"<p>Liberty Caps on hankittu luotettavilta toimittajilta ja ne ovat korkealaatuisia. Varmistamme, ett\u00e4 kaikki tuotteet t\u00e4ytt\u00e4v\u00e4t tiukat laadunvalvontastandardit, jotta saat tehokkaan ja tehokkaan tuotteen. <\/p>\n","protected":false},"featured_media":19744,"comment_status":"open","ping_status":"closed","template":"","meta":{"om_disable_all_campaigns":false,"_sitemap_exclude":false,"_sitemap_priority":"","_sitemap_frequency":"","_monsterinsights_skip_tracking":false,"_monsterinsights_sitenote_active":false,"_monsterinsights_sitenote_note":"","_monsterinsights_sitenote_category":0},"product_cat":[16689],"product_tag":[16778,16773,16765,16764,16776,16775,16771,16774,16779,16777,16780,16767,16772,16769,16763,16770,16761,16759,16766,16760,16768,16762],"class_list":{"0":"post-27778","1":"product","2":"type-product","3":"status-publish","4":"has-post-thumbnail","6":"product_cat-maagiset-sienet","7":"product_tag-autenttiset-liberty-caps-europe","8":"product_tag-edullinen-liberty-caps-europe","9":"product_tag-kuinka-paljon-liberty-caps-on","10":"product_tag-liberty-caps-myynti-verkossa","11":"product_tag-liberty-caps-europe-alennus","12":"product_tag-liberty-caps-europe-myymala","13":"product_tag-liberty-caps-europe-myynti","14":"product_tag-liberty-caps-europe-tarjoukset","15":"product_tag-liberty-caps-europe-toimittajat","16":"product_tag-liberty-caps-europe-toimitus","17":"product_tag-liberty-caps-europen-arvostelu","18":"product_tag-liberty-caps-paras-hinta-euroopassa","19":"product_tag-liberty-caps-verkkokauppa-eurooppa","20":"product_tag-liberty-capsin-ilmainen-toimitus-eurooppaan","21":"product_tag-liberty-capsin-vaikutukset","22":"product_tag-mista-ostaa-liberty-caps-europe","23":"product_tag-mista-ostaa-liberty-caps-verkossa","24":"product_tag-osta-liberty-caps-fi","25":"product_tag-osta-liberty-caps-verkossa-euroopassa","26":"product_tag-osta-liberty-caps-verkosta","27":"product_tag-tilaa-liberty-caps-eu","28":"product_tag-tilaa-liberty-caps-verkosta","30":"first","31":"instock","32":"shipping-taxable","33":"purchasable","34":"product-type-variable","35":"farmacie-col"},"aioseo_notices":[],"_links":{"self":[{"href":"https:\/\/lacasadelamedicina.es\/fi\/wp-json\/wp\/v2\/product\/27778"}],"collection":[{"href":"https:\/\/lacasadelamedicina.es\/fi\/wp-json\/wp\/v2\/product"}],"about":[{"href":"https:\/\/lacasadelamedicina.es\/fi\/wp-json\/wp\/v2\/types\/product"}],"replies":[{"embeddable":true,"href":"https:\/\/lacasadelamedicina.es\/fi\/wp-json\/wp\/v2\/comments?post=27778"}],"wp:featuredmedia":[{"embeddable":true,"href":"https:\/\/lacasadelamedicina.es\/fi\/wp-json\/wp\/v2\/media\/19744"}],"wp:attachment":[{"href":"https:\/\/lacasadelamedicina.es\/fi\/wp-json\/wp\/v2\/media?parent=27778"}],"wp:term":[{"taxonomy":"product_cat","embeddable":true,"href":"https:\/\/lacasadelamedicina.es\/fi\/wp-json\/wp\/v2\/product_cat?post=27778"},{"taxonomy":"product_tag","embeddable":true,"href":"https:\/\/lacasadelamedicina.es\/fi\/wp-json\/wp\/v2\/product_tag?post=27778"}],"curies":[{"name":"wp","href":"https:\/\/api.w.org\/{rel}","templated":true}]}}