{"id":27773,"date":"2024-08-10T10:17:18","date_gmt":"2024-08-10T10:17:18","guid":{"rendered":"https:\/\/lacasadelamedicina.es\/product\/osta-taikasienia-verkosta\/"},"modified":"2024-08-10T10:17:18","modified_gmt":"2024-08-10T10:17:18","slug":"osta-taikasienia-verkosta","status":"publish","type":"product","link":"https:\/\/lacasadelamedicina.es\/fi\/tuote\/osta-taikasienia-verkosta\/","title":{"rendered":"Osta taikasieni\u00e4 verkosta"},"content":{"rendered":"<h3>Osta taikasieni\u00e4 verkosta<\/h3>\n<p> Osta Magic Mushrooms Yhdysvalloista. Psilocybe cubensis on psykedeelinen sienilaji, jonka t\u00e4rkeimm\u00e4t vaikuttavat aineet ovat psilosybiini ja psilosiini. Yleisesti kutsutaan shroomsiksi, maagisiksi sieniksi, kultapinnoiksi, kuutioiksi tai kultahattuiksi, se kuuluu Hymenogastraceae-sienien perheeseen ja tunnettiin aiemmin nimell\u00e4 Stropharia cogenesis. Psilosybiinikogeneesi on psykedeelisten sienten laji, jonka t\u00e4rkeimm\u00e4t vaikuttavat aineet ovat psilosybiini ja psilosiini. Yleisesti nimityst\u00e4 shrooms, magic sienet, kultaiset topit, kuutiot tai kultahatut, se kuuluu Hymenogastraceae-sienien perheeseen ja tunnetaan aiemmin nimell\u00e4 Stropharia cogenesis. Taikasienet ovat luonnonvaraisia \u200b\u200btai viljeltyj\u00e4 sieni\u00e4, jotka sis\u00e4lt\u00e4v\u00e4t psilosybiini\u00e4, luonnossa esiintyv\u00e4\u00e4 psykoaktiivista ja hallusinogeenist\u00e4 yhdistett\u00e4. Psilosybiini\u00e4 pidet\u00e4\u00e4n yhten\u00e4 tunnetuimmista psykedeeleist\u00e4 p\u00e4ihteiden v\u00e4\u00e4rink\u00e4yt\u00f6n ja mielenterveyspalveluiden hallinnon mukaan.       <\/p>\n<h3>Mik\u00e4 on psilosybiini (taikasienet)?<\/h3>\n<p> Psilosybiini (4-fosforyylioksi-N, N-dimetyylitryptamiini) ja psilosiini ovat kemiallisia yhdisteit\u00e4, joita saadaan tietyn tyyppisist\u00e4 kuivatuista tai tuoreista hallusinogeenisist\u00e4 sienist\u00e4, joita l\u00f6ytyy Meksikosta, Etel\u00e4-Amerikasta ja Yhdysvaltojen etel\u00e4isilt\u00e4 ja luoteisilta alueilta. Psilosybiini luokitellaan indolialkyyliamiiniksi (tryptamiiniksi). N\u00e4ill\u00e4 yhdisteill\u00e4 on samanlainen rakenne kuin lysergihappodietyyliamidilla (LSD), ja niit\u00e4 k\u00e4ytet\u00e4\u00e4n v\u00e4\u00e4rin niiden hallusinogeenisten ja euforisten vaikutusten vuoksi &#8221;matkan&#8221; aikaansaamiseksi. Hallusinogeeniset (psykedeeliset) vaikutukset johtuvat todenn\u00e4k\u00f6isesti keskushermoston serotoniinireseptoreihin (5-HT) kohdistuvista vaikutuksista. On olemassa yli 180 sienilajia, jotka sis\u00e4lt\u00e4v\u00e4t kemikaaleja psilosybiini\u00e4 tai psilosiinia. Kuten peyote (meskaliini), hallusinogeenisia sieni\u00e4 on k\u00e4ytetty alkuper\u00e4isiss\u00e4 tai uskonnollisissa riiteiss\u00e4 vuosisatojen ajan. Sek\u00e4 psilosybiini\u00e4 ett\u00e4 psilosiinia voidaan valmistaa my\u00f6s synteettisesti laboratoriossa. On raportoitu, ett\u00e4 kaduilta ostettu psilosybiini voi itse asiassa olla muita LSD:ll\u00e4 p\u00e4\u00e4llystettyj\u00e4 sieni\u00e4.        <\/p>\n<h3>Psilosybiinin k\u00e4ytt\u00f6menetelm\u00e4t<\/h3>\n<p> &#8221;Magic Mushrooms&#8221; -sienill\u00e4 on pitk\u00e4t, ohuet varret, jotka voivat n\u00e4ytt\u00e4\u00e4 valkoisilta tai harmahtavilta, ja niiden p\u00e4\u00e4ll\u00e4 on tummia kiduksia. Kuivatut sienet ovat yleens\u00e4 punertavan ruosteenruskeita, ja niiss\u00e4 on yksitt\u00e4isi\u00e4 luonnonvalkoisia alueita. Sienet nautitaan suun kautta ja niist\u00e4 voidaan valmistaa teet\u00e4 tai sekoittaa muihin ruokiin. Sieni\u00e4 voidaan k\u00e4ytt\u00e4\u00e4 tuoreina tai kuivattuina. Psilosybiinill\u00e4 on katkera, ep\u00e4miellytt\u00e4v\u00e4 maku.<\/p>\n","protected":false},"excerpt":{"rendered":"<p>Osta taikasieni\u00e4 verkosta Osta Magic Mushrooms Yhdysvalloista. Psilocybe cubensis on psykedeelinen sienilaji, jonka t\u00e4rkeimm\u00e4t vaikuttavat aineet ovat psilosybiini ja psilosiini. Yleisesti kutsutaan shroomsiksi, maagisiksi sieniksi, kultapinnoiksi, kuutioiksi tai kultahattuiksi, se kuuluu Hymenogastraceae-sienien perheeseen ja tunnettiin aiemmin nimell\u00e4 Stropharia cogenesis. Psilosybiinikogeneesi on psykedeelisten sienten laji, jonka t\u00e4rkeimm\u00e4t vaikuttavat aineet ovat psilosybiini ja psilosiini. Yleisesti nimityst\u00e4 shrooms, [&hellip;]<\/p>\n","protected":false},"featured_media":19759,"comment_status":"open","ping_status":"closed","template":"","meta":{"om_disable_all_campaigns":false,"_sitemap_exclude":false,"_sitemap_priority":"","_sitemap_frequency":"","_monsterinsights_skip_tracking":false,"_monsterinsights_sitenote_active":false,"_monsterinsights_sitenote_note":"","_monsterinsights_sitenote_category":0},"product_cat":[16689],"product_tag":[16753,16748,16740,16739,16751,16755,16750,16746,16749,16754,16752,16744,16742,16747,16745,16736,16735,16741,16734,16738,16743,16737],"class_list":{"0":"post-27773","1":"product","2":"type-product","3":"status-publish","4":"has-post-thumbnail","6":"product_cat-maagiset-sienet","7":"product_tag-autenttiset-magic-mushrooms-europe","8":"product_tag-halvat-magic-mushrooms-europe","9":"product_tag-kuinka-paljon-on-magic-mushrooms","10":"product_tag-magic-mushrooms-myynti-verkossa","11":"product_tag-magic-mushrooms-europe-alennus","12":"product_tag-magic-mushrooms-europe-arvostelu","13":"product_tag-magic-mushrooms-europe-kauppa","14":"product_tag-magic-mushrooms-europe-myynti","15":"product_tag-magic-mushrooms-europe-tarjoukset","16":"product_tag-magic-mushrooms-europe-toimittajat","17":"product_tag-magic-mushrooms-europe-toimitus","18":"product_tag-magic-mushrooms-ilmainen-toimitus-eurooppaan","19":"product_tag-magic-mushrooms-paras-hinta-euroopassa","20":"product_tag-magic-mushrooms-verkkokauppa-eurooppa","21":"product_tag-mista-ostaa-magic-mushrooms-europe","22":"product_tag-mista-ostaa-magic-mushrooms-verkossa","23":"product_tag-osta-maagisia-sienia","24":"product_tag-osta-magic-mushrooms-verkossa-euroopassa","25":"product_tag-osta-taikasienia-verkosta","26":"product_tag-taikasienten-vaikutukset","27":"product_tag-tilaa-magic-mushrooms-eu","28":"product_tag-tilaa-magic-mushrooms-verkosta","30":"first","31":"instock","32":"shipping-taxable","33":"purchasable","34":"product-type-simple","35":"farmacie-col"},"aioseo_notices":[],"_links":{"self":[{"href":"https:\/\/lacasadelamedicina.es\/fi\/wp-json\/wp\/v2\/product\/27773"}],"collection":[{"href":"https:\/\/lacasadelamedicina.es\/fi\/wp-json\/wp\/v2\/product"}],"about":[{"href":"https:\/\/lacasadelamedicina.es\/fi\/wp-json\/wp\/v2\/types\/product"}],"replies":[{"embeddable":true,"href":"https:\/\/lacasadelamedicina.es\/fi\/wp-json\/wp\/v2\/comments?post=27773"}],"wp:featuredmedia":[{"embeddable":true,"href":"https:\/\/lacasadelamedicina.es\/fi\/wp-json\/wp\/v2\/media\/19759"}],"wp:attachment":[{"href":"https:\/\/lacasadelamedicina.es\/fi\/wp-json\/wp\/v2\/media?parent=27773"}],"wp:term":[{"taxonomy":"product_cat","embeddable":true,"href":"https:\/\/lacasadelamedicina.es\/fi\/wp-json\/wp\/v2\/product_cat?post=27773"},{"taxonomy":"product_tag","embeddable":true,"href":"https:\/\/lacasadelamedicina.es\/fi\/wp-json\/wp\/v2\/product_tag?post=27773"}],"curies":[{"name":"wp","href":"https:\/\/api.w.org\/{rel}","templated":true}]}}