{"id":27772,"date":"2024-08-10T10:33:02","date_gmt":"2024-08-10T10:33:02","guid":{"rendered":"https:\/\/lacasadelamedicina.es\/product\/osta-mazatapec-magic-mushroom-verkosta\/"},"modified":"2024-08-10T10:33:02","modified_gmt":"2024-08-10T10:33:02","slug":"osta-mazatapec-magic-mushroom-verkosta","status":"publish","type":"product","link":"https:\/\/lacasadelamedicina.es\/fi\/tuote\/osta-mazatapec-magic-mushroom-verkosta\/","title":{"rendered":"Osta Mazatapec Magic Mushroom verkosta"},"content":{"rendered":"<h3>Mazatapec Magic Mushroom<\/h3>\n<p> Osta mazatapec-sieni verkosta. Psilosybiinisieni, joka tunnetaan my\u00f6s nimell\u00e4 maaginen sieni tai psykedeelinen sieni, sis\u00e4lt\u00e4\u00e4 psilosybiini\u00e4 ja psilosiinia. Psilosybiinisieni\u00e4 sis\u00e4lt\u00e4vi\u00e4 biologisia suvuja ovat Copelandia, Gymnopilus, Inocybe, Panaeolus, Pholiotina, Pluteus ja Psilocybe. Sienet muuttavat aivoja kemiallisesti. Yleens\u00e4 niiden vaikutukset kest\u00e4v\u00e4t 6-7 tuntia ja vaikutukset voidaan havaita jopa 24 tunnin kuluttua. Mazatapec-taikasienet ovat yksi kahdesta eritt\u00e4in suositusta lajista, jotka tulevat Meksikosta. N\u00e4m\u00e4 sienet tuottavat eritt\u00e4in voimakkaan henkisen matkan ja ovat hell\u00e4varaisia \u200b\u200bkeholle. Verrattuna joihinkin muihin kantoihin, Mazatepec Shrooms ei laske kehon l\u00e4mp\u00f6tilaa niin paljon, ja k\u00e4ytt\u00e4j\u00e4t ilmoittivat my\u00f6s, ett\u00e4 he puristavat leukaansa v\u00e4hemm\u00e4n t\u00e4ll\u00e4 kannalla. T\u00e4m\u00e4 puolestaan \u200b\u200bantaa sinun nauttia henkisest\u00e4 matkastasi v\u00e4hemm\u00e4ll\u00e4 h\u00e4iri\u00f6tekij\u00f6ill\u00e4. N\u00e4iden sienten ulkon\u00e4\u00f6lle on ominaista niiden vaalean tai tummanruskeat korkit sek\u00e4 keskikokoinen varsi.         <\/p>\n<h4>Mazatapecin historia<\/h4>\n<p> Oaxacassa, Meksikossa, Mazatec-alkuper\u00e4iskansat k\u00e4ytt\u00e4v\u00e4t n\u00e4it\u00e4 maagisia sieni\u00e4 hengellisiin ja rituaalisiin seremonioihin. Se on ollut tasainen kanta, jota on k\u00e4ytetty sukupolvien ajan. Mazatapec-kanta on my\u00f6s yksi ensimm\u00e4isist\u00e4 l\u00e4nsimaailmaan tuotuista psilosybiinisienist\u00e4. Osta mazatapec-sieni verkosta Mazatapec Cubensis -vaikutuksia Mazatapec Cubensis on loistava aloittelijoille ja veteraaneille. Se tarjoaa t\u00e4ydellisen psykoaktiivisen kokemuksen hell\u00e4varaisella vaikutuksella kehoon. Tehosteet laajentavat luovuuttasi ja alkuper\u00e4isi\u00e4 ajatuksiasi. Lis\u00e4ksi se parantaa sosiaalista k\u00e4ytt\u00e4ytymist\u00e4 ja hyvi\u00e4 tunteita. Saat visuaalisia hallusinaatioita joko silm\u00e4si kiinni tai auki. Visuaaliset materiaalit sis\u00e4lt\u00e4v\u00e4t muoto- ja v\u00e4rivariaatioita sek\u00e4 fraktaaleja ja muotoja.        <\/p>\n<h3>Annostusopas<\/h3>\n<p> Luova annos: 0,5 grammaa &#8211; 1,25 grammaa Keskisuuri Virkistysannos: 1,5 grammaa &#8211; 2 grammaa T\u00e4ysi virkistysannos: 2 grammaa &#8211; 3,5 grammaa Kokenut T\u00e4ysi virkistysannos: 3,5 grammaa &#8211; 5 grammaa Sankarillinen annos: 5 grammaa &#8211; 7+ grammaa &nbsp;<\/p>\n","protected":false},"excerpt":{"rendered":"<p>Mazatapec Magic Mushroom Osta mazatapec-sieni verkosta. Psilosybiinisieni, joka tunnetaan my\u00f6s nimell\u00e4 maaginen sieni tai psykedeelinen sieni, sis\u00e4lt\u00e4\u00e4 psilosybiini\u00e4 ja psilosiinia. Psilosybiinisieni\u00e4 sis\u00e4lt\u00e4vi\u00e4 biologisia suvuja ovat Copelandia, Gymnopilus, Inocybe, Panaeolus, Pholiotina, Pluteus ja Psilocybe. Sienet muuttavat aivoja kemiallisesti. Yleens\u00e4 niiden vaikutukset kest\u00e4v\u00e4t 6-7 tuntia ja vaikutukset voidaan havaita jopa 24 tunnin kuluttua. Mazatapec-taikasienet ovat yksi kahdesta [&hellip;]<\/p>\n","protected":false},"featured_media":14905,"comment_status":"open","ping_status":"closed","template":"","meta":{"om_disable_all_campaigns":false,"_sitemap_exclude":false,"_sitemap_priority":"","_sitemap_frequency":"","_monsterinsights_skip_tracking":false,"_monsterinsights_sitenote_active":false,"_monsterinsights_sitenote_note":"","_monsterinsights_sitenote_category":0},"product_cat":[16689],"product_tag":[16731,16726,16718,16717,16724,16729,16733,16728,16727,16732,16730,16722,16720,16725,16716,16723,16714,16712,16713,16719,16721,16715],"class_list":{"0":"post-27772","1":"product","2":"type-product","3":"status-publish","4":"has-post-thumbnail","6":"product_cat-maagiset-sienet","7":"product_tag-aito-mazatapec-magic-mushroom-europe","8":"product_tag-halpa-mazatapec-magic-mushroom-europe","9":"product_tag-kuinka-paljon-mazatapec-magic-mushroom-on","10":"product_tag-mazatapec-magic-mushroom-myynti-verkossa","11":"product_tag-mazatapec-magic-mushroom-europe-ale","12":"product_tag-mazatapec-magic-mushroom-europe-alennus","13":"product_tag-mazatapec-magic-mushroom-europe-arvostelu","14":"product_tag-mazatapec-magic-mushroom-europe-kauppa","15":"product_tag-mazatapec-magic-mushroom-europe-tarjoukset","16":"product_tag-mazatapec-magic-mushroom-europe-toimittajat","17":"product_tag-mazatapec-magic-mushroom-europe-toimitus","18":"product_tag-mazatapec-magic-mushroom-ilmainen-toimitus-eurooppaan","19":"product_tag-mazatapec-magic-mushroom-paras-hinta-euroopassa","20":"product_tag-mazatapec-magic-mushroom-verkkokauppa-eurooppa","21":"product_tag-mazatapec-magic-mushroomin-vaikutukset","22":"product_tag-mista-ostaa-mazatapec-magic-mushroom-europe","23":"product_tag-mista-ostaa-mazatapec-magic-mushroomia-verkossa","24":"product_tag-osta-mazatapec-magic-mushroom-fi","25":"product_tag-osta-mazatapec-magic-mushroom-verkosta","26":"product_tag-osta-mazatapec-magic-mushroom-verkosta-euroopassa","27":"product_tag-tilaa-mazatapec-magic-mushroom-eu","28":"product_tag-tilaa-mazatapec-magic-mushroom-verkosta","30":"first","31":"instock","32":"shipping-taxable","33":"purchasable","34":"product-type-simple","35":"farmacie-col"},"aioseo_notices":[],"_links":{"self":[{"href":"https:\/\/lacasadelamedicina.es\/fi\/wp-json\/wp\/v2\/product\/27772"}],"collection":[{"href":"https:\/\/lacasadelamedicina.es\/fi\/wp-json\/wp\/v2\/product"}],"about":[{"href":"https:\/\/lacasadelamedicina.es\/fi\/wp-json\/wp\/v2\/types\/product"}],"replies":[{"embeddable":true,"href":"https:\/\/lacasadelamedicina.es\/fi\/wp-json\/wp\/v2\/comments?post=27772"}],"wp:featuredmedia":[{"embeddable":true,"href":"https:\/\/lacasadelamedicina.es\/fi\/wp-json\/wp\/v2\/media\/14905"}],"wp:attachment":[{"href":"https:\/\/lacasadelamedicina.es\/fi\/wp-json\/wp\/v2\/media?parent=27772"}],"wp:term":[{"taxonomy":"product_cat","embeddable":true,"href":"https:\/\/lacasadelamedicina.es\/fi\/wp-json\/wp\/v2\/product_cat?post=27772"},{"taxonomy":"product_tag","embeddable":true,"href":"https:\/\/lacasadelamedicina.es\/fi\/wp-json\/wp\/v2\/product_tag?post=27772"}],"curies":[{"name":"wp","href":"https:\/\/api.w.org\/{rel}","templated":true}]}}