{"id":27731,"date":"2024-08-10T19:03:32","date_gmt":"2024-08-10T19:03:32","guid":{"rendered":"https:\/\/lacasadelamedicina.es\/product\/osta-adderall-verkossa\/"},"modified":"2024-08-10T19:03:32","modified_gmt":"2024-08-10T19:03:32","slug":"osta-adderall-verkossa","status":"publish","type":"product","link":"https:\/\/lacasadelamedicina.es\/fi\/tuote\/osta-adderall-verkossa\/","title":{"rendered":"Osta Adderall verkossa"},"content":{"rendered":"<h1 class=\"product_title entry-title\">Osta Adderall verkossa<\/h1>\n<p> Osta Adderall verkosta. Adderall on reseptil\u00e4\u00e4ke, joka sis\u00e4lt\u00e4\u00e4 amfetamiinia ja dekstroamfetamiinia, jotka luokitellaan piristeiksi. Sit\u00e4 m\u00e4\u00e4r\u00e4t\u00e4\u00e4n ensisijaisesti tarkkaavaisuush\u00e4iri\u00f6n (ADHD) ja narkolepsian hoitoon. Adderall on suositeltava vaihtoehto ADHD:n hallintaan. Tutkimukset osoittavat, ett\u00e4 sek\u00e4 Adderall ett\u00e4 Adderall XR lis\u00e4\u00e4v\u00e4t tarkkaavaisuutta, keskittymist\u00e4 ja v\u00e4hent\u00e4v\u00e4t impulsiivista k\u00e4ytt\u00e4ytymist\u00e4, ja 75\u201380 prosenttia ADHD-lapsista kokee oireiden paranemista stimulanttien k\u00e4yt\u00f6n my\u00f6t\u00e4. Narkolepsiassa Adderall auttaa lis\u00e4\u00e4m\u00e4\u00e4n valveillaoloa p\u00e4iv\u00e4saikaan, vaikka tutkimus sen tehokkuudesta t\u00e4h\u00e4n sairauteen on rajallista. Adderall ja Mydayis ovat tuotemerkkej\u00e4 amfetamiinisuolojen seoksesta valmistetuille l\u00e4\u00e4kkeille, jotka sis\u00e4lt\u00e4v\u00e4t nelj\u00e4n amfetamiinisuolan yhdistelm\u00e4n. T\u00e4m\u00e4 seos koostuu yht\u00e4 suuresta osasta raseemista amfetamiinia ja dekstroamfetamiinia, mik\u00e4 muodostaa (3:1) dekstroamfetamiinin ja levoamfetamiinin suhteen. Molemmat enantiomeerit ovat stimulantteja, mutta niill\u00e4 on erilaiset vaikutukset, mik\u00e4 antaa Adderallille ainutlaatuisen profiilin muihin amfetamiinimuotoihin verrattuna. Adderall-valmistetta k\u00e4ytet\u00e4\u00e4n ADHD:n ja narkolepsian hoitoon, mutta sit\u00e4 k\u00e4ytet\u00e4\u00e4n my\u00f6s v\u00e4\u00e4rin urheilullisen suorituskyvyn, kognitiivisen tehostamisen, ruokahalun tukahduttamiseen ja virkistyseuforiaan. Se kuuluu keskushermoston (CNS) stimulanttien luokkaan. Yleisnimi: amfetamiini ja dekstroamfetamiini Tuotemerkit: Adderall, Adderall XR, Mydayis L\u00e4\u00e4keluokka: Keskushermostoa stimuloivat<\/p>\n","protected":false},"excerpt":{"rendered":"<p>Osta Adderall verkosta. Adderall on reseptil\u00e4\u00e4ke, joka koostuu amfetamiinista ja dekstroamfetamiinista. L\u00f6yd\u00e4t Adderallin ostettavaksi verkosta, mukaan lukien Adderall-pillerit.  <\/p>\n","protected":false},"featured_media":19804,"comment_status":"open","ping_status":"closed","template":"","meta":{"om_disable_all_campaigns":false,"_sitemap_exclude":false,"_sitemap_priority":"","_sitemap_frequency":"","_monsterinsights_skip_tracking":false,"_monsterinsights_sitenote_active":false,"_monsterinsights_sitenote_note":"","_monsterinsights_sitenote_category":0},"product_cat":[16041],"product_tag":[16676,16675,16671,16679,16674,16677,16680,16669,16667,16672,16664,16663,16678,16673,16665,16670,16659,16660,16666,16661,16668,16662],"class_list":{"0":"post-27731","1":"product","2":"type-product","3":"status-publish","4":"has-post-thumbnail","6":"product_cat-kipulaakkeita","7":"product_tag-adderall-europe-alennus","8":"product_tag-adderall-europe-kauppa","9":"product_tag-adderall-europe-myynti","10":"product_tag-adderall-europe-toimittajat","11":"product_tag-adderall-europe-tarjoukset","12":"product_tag-adderall-europe-toimitus","13":"product_tag-adderall-europen-arvostelu","14":"product_tag-adderall-ilmainen-toimitus-eurooppaan","15":"product_tag-adderall-paras-hinta-euroopassa","16":"product_tag-adderall-verkkokauppa-eurooppa","17":"product_tag-adderall-myynti-verkossa","18":"product_tag-adderallin-vaikutukset","19":"product_tag-aito-adderall-europe","20":"product_tag-edullinen-adderall-europe","21":"product_tag-kuinka-paljon-on-adderall","22":"product_tag-mista-ostaa-adderall-europe","23":"product_tag-mista-ostaa-adderall-verkossa","24":"product_tag-osta-adderall-fi","25":"product_tag-osta-adderall-verkossa-euroopassa","26":"product_tag-osta-adderall-verkosta","27":"product_tag-tilaa-adderall-eu","28":"product_tag-tilaa-adderall-verkosta","30":"first","31":"instock","32":"shipping-taxable","33":"purchasable","34":"product-type-variable","35":"farmacie-col","36":"product-has-gallery"},"aioseo_notices":[],"_links":{"self":[{"href":"https:\/\/lacasadelamedicina.es\/fi\/wp-json\/wp\/v2\/product\/27731"}],"collection":[{"href":"https:\/\/lacasadelamedicina.es\/fi\/wp-json\/wp\/v2\/product"}],"about":[{"href":"https:\/\/lacasadelamedicina.es\/fi\/wp-json\/wp\/v2\/types\/product"}],"replies":[{"embeddable":true,"href":"https:\/\/lacasadelamedicina.es\/fi\/wp-json\/wp\/v2\/comments?post=27731"}],"wp:featuredmedia":[{"embeddable":true,"href":"https:\/\/lacasadelamedicina.es\/fi\/wp-json\/wp\/v2\/media\/19804"}],"wp:attachment":[{"href":"https:\/\/lacasadelamedicina.es\/fi\/wp-json\/wp\/v2\/media?parent=27731"}],"wp:term":[{"taxonomy":"product_cat","embeddable":true,"href":"https:\/\/lacasadelamedicina.es\/fi\/wp-json\/wp\/v2\/product_cat?post=27731"},{"taxonomy":"product_tag","embeddable":true,"href":"https:\/\/lacasadelamedicina.es\/fi\/wp-json\/wp\/v2\/product_tag?post=27731"}],"curies":[{"name":"wp","href":"https:\/\/api.w.org\/{rel}","templated":true}]}}