{"id":27716,"date":"2024-08-10T19:23:17","date_gmt":"2024-08-10T19:23:17","guid":{"rendered":"https:\/\/lacasadelamedicina.es\/product\/osta-buprenorfiini-verkosta\/"},"modified":"2024-08-10T19:23:17","modified_gmt":"2024-08-10T19:23:17","slug":"osta-buprenorfiini-verkosta","status":"publish","type":"product","link":"https:\/\/lacasadelamedicina.es\/fi\/tuote\/osta-buprenorfiini-verkosta\/","title":{"rendered":"Osta buprenorfiini verkosta"},"content":{"rendered":"<h1 class=\"product_title entry-title\">Osta buprenorfiini verkosta<\/h1>\n<p> Osta buprenorfiini verkosta. Buprenorfiinia k\u00e4ytet\u00e4\u00e4n opioidien k\u00e4ytt\u00f6h\u00e4iri\u00f6n (OUD), akuutin kivun ja kroonisen kivun hoitoon. Sit\u00e4 voidaan antaa eri muodoissa, mukaan lukien kielen alle (kielen alle), bukkaalisesti (poskeen), injektioina (laskimonsis\u00e4isesti ja ihonalaisena), iholaastarina (transdermaalisesti) tai implantteina. OUD-hoidossa buprenorfiinia tulee antaa vain, jos potilaalla on kohtalaisia \u200b\u200bopioidivieroitusoireita, ja terveydenhuollon tarjoajan valvonnassa. Buprenorfiini auttaa hallitsemaan opioidiriippuvuutta v\u00e4hent\u00e4m\u00e4ll\u00e4 himoa ja vieroitusoireita aiheuttamatta euforiaa tai vakavia sivuvaikutuksia, mik\u00e4 auttaa est\u00e4m\u00e4\u00e4n uusiutumisen. Se toimii v\u00e4\u00e4rin k\u00e4ytetyn l\u00e4\u00e4kkeen korvikkeena, minimoi ep\u00e4mukavuuden ja antaa potilaille mahdollisuuden keskitty\u00e4 toipumiseensa. Buprenorfiini OUD:n hoitoon on osa kattavaa hoitosuunnitelmaa, joka sis\u00e4lt\u00e4\u00e4 neuvonnan ja k\u00e4ytt\u00e4ytymisterapian. OUD:n hoitoon buprenorfiinia on saatavana pitk\u00e4vaikutteisina injektioina (Sublocade, Brixadi) ja sublingvaalitableteina (Subutex, nyt lopetettu, mutta geneerisi\u00e4 l\u00e4\u00e4kkeit\u00e4 on saatavilla). Kivunhoidossa buprenorfiinia k\u00e4ytet\u00e4\u00e4n vakavaan akuuttiin kipuun ja keskivaikeaan tai vaikeaan krooniseen kipuun, jota muut l\u00e4\u00e4kkeet eiv\u00e4t hallitse. Sit\u00e4 on saatavana iholaastareina (Butrans) ja poskikalvoina (Belbuca) krooniseen kipuun ja injektiona (Buprenex) akuuttiin kipuun. Buprenorfiinia esiintyy kolmessa muodossa:           <\/p>\n<ul>\n<li>Limetinmakuinen, suorakaiteen muotoinen oranssi kalvo<\/li>\n<li>Tabletit<\/li>\n<li>Nestem\u00e4inen<\/li>\n<\/ul>\n<p> Tuotemerkkej\u00e4 ovat Belbuca, Brixadi, Buprenex, Buprenorphine, Butrans, Sublocade, Suboxone, Subutex ja Zubsolv. <strong>Haittavaikutukset:<\/strong> Hakeudu v\u00e4litt\u00f6m\u00e4sti l\u00e4\u00e4k\u00e4rin hoitoon, jos havaitset allergisen reaktion merkkej\u00e4, kuten nokkosihottumaa, hengitysvaikeuksia tai kasvojen, huulten, kielen, tai kurkkuun. Opioidil\u00e4\u00e4kkeet voivat hidastaa tai pys\u00e4ytt\u00e4\u00e4 hengityst\u00e4, mik\u00e4 voi olla kohtalokasta. Varmista, ett\u00e4 joku l\u00e4hell\u00e4 voi antaa naloksonia ja hakea ensiapua, jos sinulla on hidas hengitys, siniset huulet tai her\u00e4\u00e4misvaikeudet. Ota yhteytt\u00e4 l\u00e4\u00e4k\u00e4riisi, jos sinulla on oireita, kuten opioidien vieroitusoireita, hengitysvaikeuksia, hidas syke, rintakipu, alhainen kortisolitaso tai maksaongelmia. Hae my\u00f6s l\u00e4\u00e4k\u00e4rin apua serotoniinioireyhtym\u00e4n oireiden, kuten levottomuuden, hallusinaatioiden, kuumeen ja lihasten j\u00e4ykkyyden, varalta.     <strong>Yleiset sivuvaikutukset:<\/strong><\/p>\n<ul>\n<li>Ummetus<\/li>\n<li>Pahoinvointi<\/li>\n<li>Oksentelu<\/li>\n<li>P\u00e4\u00e4ns\u00e4rky<\/li>\n<li>Lis\u00e4\u00e4ntynyt hikoilu<\/li>\n<li>Unettomuus<\/li>\n<li>Kipu<\/li>\n<\/ul>\n<p><strong>L\u00e4\u00e4kkeet opioidiriippuvuuteen:<\/strong><\/p>\n<ul>\n<li>Buprenorfiini: Sublocade (ihonalainen injektio), Probuphine (implantti), Subutex (sublinguaaliset tabletit)<\/li>\n<li>Buprenorfiini ja naloksoni: Bunavail (sublingvaalinen kalvo), Suboxone (sublingvaalinen kalvo ja tabletit), Zubsolv (sublingvaalitabletit)<\/li>\n<li>Lofeksidiini: Lucemyra (tabletit)<\/li>\n<li>Naltreksoni: Vivitrol (im-injektio), Naltreksoni (tabletit)<\/li>\n<\/ul>\n<p><strong>L\u00e4\u00e4kkeet voimakkaaseen kipuun:<\/strong><\/p>\n<ul>\n<li>Buprenorfiini: Buprenex (im- ja IV-injektio), Belbuca (bukkaalikalvo), Butrans (depotlaastari)<\/li>\n<li>Metadoni: Dolofiini (tabletit)<\/li>\n<\/ul>\n<p><strong>Tuotemerkit ja annosmuodot:<\/strong><\/p>\n<ul>\n<li>Brixadi: Pitk\u00e4vaikutteinen injektio (subkutaaninen), viikoittain tai kuukausittain, OUD: lle<\/li>\n<li>Sublocade: Pitk\u00e4vaikutteinen injektio (ihonalainen), kuukausittain, OUD:lle<\/li>\n<li>Probufiini (lopetettu): Implantti (subdermaalinen), kuuden kuukauden v\u00e4lein, opioidiriippuvuuden hoitoon<\/li>\n<li>Belbuca: Bukkaalinen kalvo kerran p\u00e4iv\u00e4ss\u00e4 tai 12 tunnin v\u00e4lein voimakkaan kivun hoitoon<\/li>\n<li>Butrans: Transdermaalinen j\u00e4rjestelm\u00e4 seitsem\u00e4n p\u00e4iv\u00e4n v\u00e4lein, voimakkaaseen kipuun<\/li>\n<li>Subutex (lopetettu): Kielenalaiset tabletit kerran p\u00e4iv\u00e4ss\u00e4 opioidiriippuvuuden hoitoon<\/li>\n<li>Buprenex: Injektio (laskimoon tai lihakseen) 6 tunnin v\u00e4lein voimakkaan kivun hoitoon<\/li>\n<\/ul>\n<p> Osta buprenorfiinia verkosta tai katso, mist\u00e4 ostaa buprenorfiinia verkosta saadaksesi lis\u00e4tietoja sen saatavuudesta ja ostovaihtoehdoista.<\/p>\n","protected":false},"excerpt":{"rendered":"<p>Osta buprenorfiini verkosta. Buprenorfiini on keskeinen l\u00e4\u00e4ke, jota k\u00e4ytet\u00e4\u00e4n opioidien k\u00e4ytt\u00f6h\u00e4iri\u00f6n (OUD) hoitoon sek\u00e4 akuutin ja kroonisen kivun hallintaan. Buprenorfiinia voi ostaa verkosta.  <\/p>\n","protected":false},"featured_media":19834,"comment_status":"open","ping_status":"closed","template":"","meta":{"om_disable_all_campaigns":false,"_sitemap_exclude":false,"_sitemap_priority":"","_sitemap_frequency":"","_monsterinsights_skip_tracking":false,"_monsterinsights_sitenote_active":false,"_monsterinsights_sitenote_note":"","_monsterinsights_sitenote_category":0},"product_cat":[16041],"product_tag":[16642,16638,16631,16636,16635,16628,16627,16633,16640,16644,16639,16643,16641,16637,16629,16634,16625,16623,16624,16630,16246,16632,16626],"class_list":{"0":"post-27716","1":"product","2":"type-product","3":"status-publish","4":"has-post-thumbnail","6":"product_cat-kipulaakkeita","7":"product_tag-aito-buprenorfiini-eurooppa","8":"product_tag-buprenorfiini-euroopassa","9":"product_tag-buprenorfiini-paras-hinta-euroopassa","10":"product_tag-buprenorfiini-verkkokauppa-euroopassa","11":"product_tag-buprenorfiinin-myynti-euroopassa","12":"product_tag-buprenorfiinin-myynti-verkossa","13":"product_tag-buprenorfiinin-vaikutukset","14":"product_tag-buprenorfiiniton-toimitus-eurooppaan","15":"product_tag-buprenorphine-europe-alennus","16":"product_tag-buprenorphine-europe-katsaus","17":"product_tag-buprenorphine-europe-kauppa","18":"product_tag-buprenorphine-europe-toimittajat","19":"product_tag-buprenorphine-europe-toimitus","20":"product_tag-halpa-buprenorfiini-eurooppa","21":"product_tag-kuinka-paljon-buprenorfiini-on","22":"product_tag-mista-ostaa-buprenorfiinia-euroopassa","23":"product_tag-mista-ostaa-buprenorfiinia-verkossa","24":"product_tag-osta-buprenorfiini-fi","25":"product_tag-osta-buprenorfiini-verkosta","26":"product_tag-osta-buprenorfiinia-verkosta-euroopassa","27":"product_tag-osta-suboxone-verkosta","28":"product_tag-tilaa-buprenorfiini-eu","29":"product_tag-tilaa-buprenorfiini-verkosta","31":"first","32":"instock","33":"shipping-taxable","34":"purchasable","35":"product-type-variable","36":"farmacie-col"},"aioseo_notices":[],"_links":{"self":[{"href":"https:\/\/lacasadelamedicina.es\/fi\/wp-json\/wp\/v2\/product\/27716"}],"collection":[{"href":"https:\/\/lacasadelamedicina.es\/fi\/wp-json\/wp\/v2\/product"}],"about":[{"href":"https:\/\/lacasadelamedicina.es\/fi\/wp-json\/wp\/v2\/types\/product"}],"replies":[{"embeddable":true,"href":"https:\/\/lacasadelamedicina.es\/fi\/wp-json\/wp\/v2\/comments?post=27716"}],"wp:featuredmedia":[{"embeddable":true,"href":"https:\/\/lacasadelamedicina.es\/fi\/wp-json\/wp\/v2\/media\/19834"}],"wp:attachment":[{"href":"https:\/\/lacasadelamedicina.es\/fi\/wp-json\/wp\/v2\/media?parent=27716"}],"wp:term":[{"taxonomy":"product_cat","embeddable":true,"href":"https:\/\/lacasadelamedicina.es\/fi\/wp-json\/wp\/v2\/product_cat?post=27716"},{"taxonomy":"product_tag","embeddable":true,"href":"https:\/\/lacasadelamedicina.es\/fi\/wp-json\/wp\/v2\/product_tag?post=27716"}],"curies":[{"name":"wp","href":"https:\/\/api.w.org\/{rel}","templated":true}]}}