{"id":27696,"date":"2024-08-10T19:51:54","date_gmt":"2024-08-10T19:51:54","guid":{"rendered":"https:\/\/lacasadelamedicina.es\/product\/osta-dekstroamfetamiini-verkosta\/"},"modified":"2024-08-10T19:51:54","modified_gmt":"2024-08-10T19:51:54","slug":"osta-dekstroamfetamiini-verkosta","status":"publish","type":"product","link":"https:\/\/lacasadelamedicina.es\/fi\/tuote\/osta-dekstroamfetamiini-verkosta\/","title":{"rendered":"Osta dekstroamfetamiini verkosta"},"content":{"rendered":"<h1 class=\"product_title entry-title\">Osta dekstroamfetamiini verkosta<\/h1>\n<p> Osta dekstroamfetamiini verkosta. Dekstroamfetamiinia k\u00e4ytet\u00e4\u00e4n narkolepsian ja tarkkaavaisuush\u00e4iri\u00f6n (ADHD) hoitoon, ja joskus sit\u00e4 m\u00e4\u00e4r\u00e4t\u00e4\u00e4n masennuksen ja lihavuuden hoitoon. Vaikka suurien annosten pitk\u00e4aikainen k\u00e4ytt\u00f6 el\u00e4imill\u00e4 voi aiheuttaa dopamiinij\u00e4rjestelm\u00e4n vaurioita, terapeuttiset annokset ADHD-potilailla tukevat yleens\u00e4 aivojen kehityst\u00e4 ja hermojen kasvua. <strong>Dekstroamfetamiini<\/strong> on reseptil\u00e4\u00e4ke, joka on saatavana useissa muodoissa:   <\/p>\n<ul>\n<li><strong>Oraaliset tabletit<\/strong> (10 mg, 15 mg, 20 mg, 30 mg, 5 mg, 7,5 mg)<\/li>\n<li><strong>pitk\u00e4vaikutteiset kapselit<\/strong> (10 mg, 15 mg, 5 mg)<\/li>\n<li><strong>Oraaliliuos<\/strong> (5 mg\/5 ml)<\/li>\n<\/ul>\n<p> Sit\u00e4 myyd\u00e4\u00e4n useilla tuotemerkeill\u00e4, kuten Dexedrine Spansule, ProCentra, Xelstrym, Zenzedi, Dexedrine, Dextrostat ja Liquadd. Suun kautta otettava tablettimuoto on saatavana vain geneerisin\u00e4 versioina, jotka ovat tyypillisesti halvempia kuin merkkil\u00e4\u00e4kkeet. Dekstroamfetamiinia voidaan k\u00e4ytt\u00e4\u00e4 yksin\u00e4\u00e4n tai osana yhdistelm\u00e4hoitoa muiden l\u00e4\u00e4kkeiden kanssa. <strong>Sivuvaikutukset:<\/strong> Hae ensiapua, jos koet:   <\/p>\n<ul>\n<li>Allergiset reaktiot, kuten nokkosihottuma, hengitysvaikeudet tai kasvojen tai kurkun turvotus.<\/li>\n<li>Vaikeat ihoreaktiot, mukaan lukien kuume, kurkkukipu, ihokipu tai ihottuma, johon liittyy rakkuloita ja hilseily\u00e4.<\/li>\n<li>Syd\u00e4nkohtauksen tai aivohalvauksen oireet, kuten rintakipu, puutuminen tai heikkous, ep\u00e4selv\u00e4 puhe tai hengenahdistus.<\/li>\n<\/ul>\n<p> Vakavia sivuvaikutuksia voivat olla: <\/p>\n<ul>\n<li>Syd\u00e4n- tai verenkiertoh\u00e4iri\u00f6t, kuten rintakipu, hengitysvaikeudet tai sormien tai varpaiden puutuminen.<\/li>\n<li>Mania- tai psykoosioireet, kuten hallusinaatiot, aggressio, vainoharhaisuus tai v\u00e4hentynyt unentarve.<\/li>\n<li>Kohtaukset, lihasnykitykset (tics) tai visuaaliset muutokset.<\/li>\n<li>Iho\u00e4rsytyst\u00e4 k\u00e4ytett\u00e4ess\u00e4 laastarimuotoa.<\/li>\n<\/ul>\n<p> Dekstroamfetamiini voi vaikuttaa lasten kasvuun, joten tarkkaile ep\u00e4normaalia kasvunopeutta ja ota yhteytt\u00e4 l\u00e4\u00e4k\u00e4riisi, jos huolenaiheita ilmenee. <strong>Yleiset sivuvaikutukset:<\/strong><\/p>\n<ul>\n<li>Kuiva suu<\/li>\n<li>Vatsavaivat<\/li>\n<li>Ruokahaluttomuus ja laihtuminen<\/li>\n<li>P\u00e4\u00e4ns\u00e4rky<\/li>\n<li>Huimaus<\/li>\n<li>Unettomuus<\/li>\n<li>\u00c4rtyneisyys<\/li>\n<li>Lihasten nykiminen<\/li>\n<li>Pahoinvointi ja oksentelu<\/li>\n<li>Kohonnut verenpaine<\/li>\n<li>Vapina<\/li>\n<li>Nopeat syd\u00e4menly\u00f6nnit<\/li>\n<\/ul>\n<p><strong>Yliannostuksen oireet:<\/strong><\/p>\n<ul>\n<li>Levottomuus ja h\u00e4mmennys<\/li>\n<li>Aggressiivinen k\u00e4yt\u00f6s<\/li>\n<li>Paniikki- tai hallusinaatiot<\/li>\n<li>Nopea hengitys ja hallitsematon vapina<\/li>\n<li>Kuume ja tummanpunainen virtsa<\/li>\n<li>Lihasten heikkous ja v\u00e4symys<\/li>\n<li>Masennus ja ep\u00e4s\u00e4\u00e4nn\u00f6llinen syke<\/li>\n<li>Huimaus ja n\u00e4\u00f6n h\u00e4m\u00e4rtyminen<\/li>\n<li>Vatsavaivat, oksentelu ja ripuli<\/li>\n<li>Kouristukset ja vaikeissa tapauksissa kooma<\/li>\n<\/ul>\n<p> Saat lis\u00e4tietoja dekstroamfetamiinin ostamisesta verkossa lisensoiduilta verkkoapteekeilta tai valtuutetuilta myyjilt\u00e4.<\/p>\n","protected":false},"excerpt":{"rendered":"<p>Osta dekstroamfetamiini verkosta. Dekstroamfetamiini on l\u00e4\u00e4ke, jota k\u00e4ytet\u00e4\u00e4n narkolepsian ja tarkkaavaisuush\u00e4iri\u00f6n (ADHD) hoitoon. Se on myynniss\u00e4 verkossa. Lis\u00e4tietoja dekstroamfetamiinin ostamisesta saat verkkoapteekeista tai valtuutetuilta myyjilt\u00e4.   <\/p>\n","protected":false},"featured_media":19864,"comment_status":"open","ping_status":"closed","template":"","meta":{"om_disable_all_campaigns":false,"_sitemap_exclude":false,"_sitemap_priority":"","_sitemap_frequency":"","_monsterinsights_skip_tracking":false,"_monsterinsights_sitenote_active":false,"_monsterinsights_sitenote_note":"","_monsterinsights_sitenote_category":0},"product_cat":[16041],"product_tag":[16579,16577,16576,16578,16581,16575,16570,16568,16573,16572,16565,16580,16564,16574,16566,16571,16562,16560,16561,16567,16569,16563],"class_list":{"0":"post-27696","1":"product","2":"type-product","3":"status-publish","4":"has-post-thumbnail","6":"product_cat-kipulaakkeita","7":"product_tag-aito-dekstroamfetamiini-eurooppa","8":"product_tag-dekstroamfetamiini-euroopan-alennus","9":"product_tag-dekstroamfetamiini-eurooppa-kauppa","10":"product_tag-dekstroamfetamiini-eurooppa-toimitus","11":"product_tag-dekstroamfetamiini-europe-katsaus","12":"product_tag-dekstroamfetamiini-europe-tarjoukset","13":"product_tag-dekstroamfetamiini-ilmainen-toimitus-eurooppaan","14":"product_tag-dekstroamfetamiini-paras-hinta-euroopassa","15":"product_tag-dekstroamfetamiini-verkkokauppa-eurooppa","16":"product_tag-dekstroamfetamiinin-myynti-euroopassa","17":"product_tag-dekstroamfetamiinin-myynti-verkossa","18":"product_tag-dekstroamfetamiinin-toimittajat-euroopassa","19":"product_tag-dekstroamfetamiinin-vaikutukset","20":"product_tag-edullinen-dekstroamfetamiini-eurooppa","21":"product_tag-kuinka-paljon-dekstroamfetamiini-on","22":"product_tag-mista-ostaa-dekstroamfetamiinia-euroopassa","23":"product_tag-mista-ostaa-dekstroamfetamiinia-verkossa","24":"product_tag-osta-dekstroamfetamiini-fi","25":"product_tag-osta-dekstroamfetamiini-verkosta","26":"product_tag-osta-dekstroamfetamiinia-verkosta-euroopassa","27":"product_tag-tilaa-dekstroamfetamiini-eu","28":"product_tag-tilaa-dekstroamfetamiini-verkosta","30":"first","31":"instock","32":"shipping-taxable","33":"purchasable","34":"product-type-variable","35":"farmacie-col"},"aioseo_notices":[],"_links":{"self":[{"href":"https:\/\/lacasadelamedicina.es\/fi\/wp-json\/wp\/v2\/product\/27696"}],"collection":[{"href":"https:\/\/lacasadelamedicina.es\/fi\/wp-json\/wp\/v2\/product"}],"about":[{"href":"https:\/\/lacasadelamedicina.es\/fi\/wp-json\/wp\/v2\/types\/product"}],"replies":[{"embeddable":true,"href":"https:\/\/lacasadelamedicina.es\/fi\/wp-json\/wp\/v2\/comments?post=27696"}],"wp:featuredmedia":[{"embeddable":true,"href":"https:\/\/lacasadelamedicina.es\/fi\/wp-json\/wp\/v2\/media\/19864"}],"wp:attachment":[{"href":"https:\/\/lacasadelamedicina.es\/fi\/wp-json\/wp\/v2\/media?parent=27696"}],"wp:term":[{"taxonomy":"product_cat","embeddable":true,"href":"https:\/\/lacasadelamedicina.es\/fi\/wp-json\/wp\/v2\/product_cat?post=27696"},{"taxonomy":"product_tag","embeddable":true,"href":"https:\/\/lacasadelamedicina.es\/fi\/wp-json\/wp\/v2\/product_tag?post=27696"}],"curies":[{"name":"wp","href":"https:\/\/api.w.org\/{rel}","templated":true}]}}