{"id":27676,"date":"2024-08-10T20:02:15","date_gmt":"2024-08-10T20:02:15","guid":{"rendered":"https:\/\/lacasadelamedicina.es\/product\/osta-dilaudid-verkosta\/"},"modified":"2024-08-10T20:02:15","modified_gmt":"2024-08-10T20:02:15","slug":"osta-dilaudid-verkosta","status":"publish","type":"product","link":"https:\/\/lacasadelamedicina.es\/fi\/tuote\/osta-dilaudid-verkosta\/","title":{"rendered":"Osta Dilaudid verkosta"},"content":{"rendered":"<h1 class=\"product_title entry-title\">Osta Dilaudid verkosta<\/h1>\n<p> Osta Dilaudid verkosta. Hydromorfonia, joka on saatavana suun kautta otettavana nesteen\u00e4 ja tabletteina, k\u00e4ytet\u00e4\u00e4n vaikeaan kipuun, joka vaatii opioidihoitoa ja kun muut kipul\u00e4\u00e4kkeet ovat riitt\u00e4m\u00e4tt\u00f6mi\u00e4 tai siet\u00e4m\u00e4tt\u00f6mi\u00e4. Pitk\u00e4vaikutteisia kapseleita ja tabletteja k\u00e4ytet\u00e4\u00e4n opioideja siet\u00e4ville potilaille, jotka tarvitsevat jatkuvaa, pitk\u00e4aikaista kivunlievityst\u00e4. <strong>Dilaudid (Hydromorfoni)<\/strong> on voimakas Schedule II -kontrolloitu opioidiagonisti, jolla on suuri v\u00e4\u00e4rink\u00e4yt\u00f6n mahdollisuus ja hengityslaman riski. Alkoholi, muut opioidit ja keskushermostoa lamaavat aineet voivat pahentaa t\u00e4t\u00e4, mik\u00e4 lis\u00e4\u00e4 hengenvaarallisen hengityslaman riski\u00e4.    <strong>K\u00e4ytt\u00f6huomautuksia:<\/strong><\/p>\n<ul>\n<li><strong>Suun kautta otettavat nesteet ja tabletit:<\/strong> vaikeaan kipuun, jossa muut hoidot ovat tehottomia. Ei lyhytaikaiseen k\u00e4ytt\u00f6\u00f6n tai liev\u00e4\u00e4n kipuun. <\/li>\n<li><strong>Pitk\u00e4aikaisesti vapauttavat kapselit ja tabletit:<\/strong> jatkuvaan kivunlievitykseen opioideja siet\u00e4vill\u00e4 potilailla. Ei tarkoitettu lyhytaikaiseen tai ajoittaiseen kipuun. <\/li>\n<\/ul>\n<p> Hydromorfoni vaikuttaa keskushermostoon lievitt\u00e4\u00e4kseen kipua, mutta se voi aiheuttaa henkist\u00e4 tai fyysist\u00e4 riippuvuutta pitk\u00e4aikaisessa k\u00e4yt\u00f6ss\u00e4. Riippuvuus voi johtaa vieroitusoireisiin, jos se lopetetaan \u00e4killisesti, ja niit\u00e4 voidaan lievent\u00e4\u00e4 annosta asteittain pienent\u00e4m\u00e4ll\u00e4. <strong>V\u00e4\u00e4rink\u00e4ytt\u00f6, v\u00e4\u00e4rink\u00e4ytt\u00f6 ja harhautus:<\/strong> Hydromorfoni on vaarassa joutua v\u00e4\u00e4rink\u00e4yt\u00f6ksiin, koska se on samanlainen kuin muut riippuvuush\u00e4iri\u00f6ist\u00e4 k\u00e4rsivien opioidit. Sit\u00e4 tulee m\u00e4\u00e4r\u00e4t\u00e4 ja annostella varoen, erityisesti henkil\u00f6ille, joilla on ollut p\u00e4ihteiden v\u00e4\u00e4rink\u00e4ytt\u00f6\u00e4 tai mielenterveysongelmia. Potilaita tulee tarkkailla v\u00e4\u00e4rink\u00e4yt\u00f6n merkkien varalta ja arvioida heid\u00e4n riskins\u00e4 ennen opioidihoidon aloittamista. Hydromorfonia voidaan k\u00e4ytt\u00e4\u00e4 v\u00e4\u00e4rin murskaamalla, pureskelemalla, nuuskaamalla tai pist\u00e4m\u00e4ll\u00e4, mik\u00e4 aiheuttaa merkitt\u00e4vi\u00e4 yliannostusriskej\u00e4. Kivun asianmukaisen hallinnan tulisi tasapainottaa v\u00e4\u00e4rink\u00e4ytt\u00f6\u00e4 koskevat huolenaiheet ja varmistaa samalla tehokas hoito. <strong>Yliannostus:<\/strong> Jos ep\u00e4ilet yliannostusta, anna naloksonia, jos saatavilla, ja soita v\u00e4litt\u00f6m\u00e4sti h\u00e4t\u00e4numeroon. Yliannostuksen oireita ovat:       <\/p>\n<ul>\n<li>Hidas tai pinnallinen hengitys<\/li>\n<li>Hidas syke<\/li>\n<li>Kooma<\/li>\n<\/ul>\n<p> Jos henkil\u00f6 on tajuissaan eik\u00e4 h\u00e4nell\u00e4 ole vakavia oireita, ota v\u00e4litt\u00f6m\u00e4sti yhteytt\u00e4 myrkytystietokeskukseen. Lis\u00e4tietoja Dilaudidin verkko-ostosta saat lisensoiduilta verkkoapteekeilta tai valtuutetuilta myyjilt\u00e4.<\/p>\n","protected":false},"excerpt":{"rendered":"<p>Osta Dilaudid verkosta. Dilaudidia, joka sis\u00e4lt\u00e4\u00e4 hydromorfonia, k\u00e4ytet\u00e4\u00e4n lievitt\u00e4m\u00e4\u00e4n voimakasta kipua, kun muut kipul\u00e4\u00e4kkeet ovat riitt\u00e4m\u00e4tt\u00f6mi\u00e4 tai siet\u00e4m\u00e4tt\u00f6mi\u00e4. Sit\u00e4 on saatavana suun kautta otettavana nesteen\u00e4 ja tablettina.  <\/p>\n","protected":false},"featured_media":19924,"comment_status":"open","ping_status":"closed","template":"","meta":{"om_disable_all_campaigns":false,"_sitemap_exclude":false,"_sitemap_priority":"","_sitemap_frequency":"","_monsterinsights_skip_tracking":false,"_monsterinsights_sitenote_active":false,"_monsterinsights_sitenote_note":"","_monsterinsights_sitenote_category":0},"product_cat":[16041],"product_tag":[16537,16539,16533,16536,16526,16520,16518,16525,16519,16468,16521],"class_list":{"0":"post-27676","1":"product","2":"type-product","3":"status-publish","4":"has-post-thumbnail","6":"product_cat-kipulaakkeita","7":"product_tag-aito-dilaudid-europe","8":"product_tag-dilaudid-europe-arvostelu","9":"product_tag-dilaudid-europe-tarjoukset","10":"product_tag-dilaudid-europe-toimitus","11":"product_tag-dilaudid-paras-hinta-euroopassa","12":"product_tag-mista-ostaa-dilaudid-verkossa","13":"product_tag-osta-dilaudid-fi","14":"product_tag-osta-dilaudid-verkossa-euroopassa","15":"product_tag-osta-dilaudid-verkosta","16":"product_tag-osta-hydromorfoni-verkosta","17":"product_tag-tilaa-dilaudid-verkosta","19":"first","20":"instock","21":"shipping-taxable","22":"purchasable","23":"product-type-variable","24":"farmacie-col"},"aioseo_notices":[],"_links":{"self":[{"href":"https:\/\/lacasadelamedicina.es\/fi\/wp-json\/wp\/v2\/product\/27676"}],"collection":[{"href":"https:\/\/lacasadelamedicina.es\/fi\/wp-json\/wp\/v2\/product"}],"about":[{"href":"https:\/\/lacasadelamedicina.es\/fi\/wp-json\/wp\/v2\/types\/product"}],"replies":[{"embeddable":true,"href":"https:\/\/lacasadelamedicina.es\/fi\/wp-json\/wp\/v2\/comments?post=27676"}],"wp:featuredmedia":[{"embeddable":true,"href":"https:\/\/lacasadelamedicina.es\/fi\/wp-json\/wp\/v2\/media\/19924"}],"wp:attachment":[{"href":"https:\/\/lacasadelamedicina.es\/fi\/wp-json\/wp\/v2\/media?parent=27676"}],"wp:term":[{"taxonomy":"product_cat","embeddable":true,"href":"https:\/\/lacasadelamedicina.es\/fi\/wp-json\/wp\/v2\/product_cat?post=27676"},{"taxonomy":"product_tag","embeddable":true,"href":"https:\/\/lacasadelamedicina.es\/fi\/wp-json\/wp\/v2\/product_tag?post=27676"}],"curies":[{"name":"wp","href":"https:\/\/api.w.org\/{rel}","templated":true}]}}