{"id":27543,"date":"2024-08-11T12:20:47","date_gmt":"2024-08-11T12:20:47","guid":{"rendered":"https:\/\/lacasadelamedicina.es\/product\/osta-opana-verkosta\/"},"modified":"2024-08-11T12:20:47","modified_gmt":"2024-08-11T12:20:47","slug":"osta-opana-verkosta","status":"publish","type":"product","link":"https:\/\/lacasadelamedicina.es\/fi\/tuote\/osta-opana-verkosta\/","title":{"rendered":"Osta Opana verkosta"},"content":{"rendered":"<h1 class=\"product_title entry-title\">Osta Opana verkosta<\/h1>\n<p> Oksimorfoni on voimakas opioidikipul\u00e4\u00e4ke, jota k\u00e4ytet\u00e4\u00e4n vaikean kivun hallintaan. Se on tehokkaampi kuin morfiini (kolme kertaa), hydrokodoni (kahdesti) ja oksikodoni (kahdesti). T\u00e4m\u00e4 l\u00e4\u00e4ke on saatavana v\u00e4litt\u00f6m\u00e4sti vapauttavina ja pitk\u00e4vaikutteisina formulaatioina, joiden vaikutukset alkavat noin 5\u201310 minuuttia injektion j\u00e4lkeen ja 30 minuuttia oraalisen annon j\u00e4lkeen. V\u00e4litt\u00f6m\u00e4sti vapautuvat tabletit tarjoavat helpotusta 3\u20134 tunnin ajan, kun taas depottabletit kest\u00e4v\u00e4t jopa 12 tuntia. L\u00e4\u00e4kett\u00e4 k\u00e4ytet\u00e4\u00e4n yleisimmin suun kautta, koska sen eliminaation puoliintumisaika on nopeampi laskimoon annettuna. Kuten oksikodonilla, oksimorfonilla on suuri v\u00e4\u00e4rink\u00e4yt\u00f6n mahdollisuus.      <strong>Opana vahvuudet saatavilla:<\/strong><\/p>\n<ul>\n<li><strong>V\u00e4lit\u00f6n julkaisu:<\/strong> 5 mg, 10 mg<\/li>\n<li><strong>Opana ER (pidennetty julkaisu):<\/strong> 5 mg, 7,5 mg, 10 mg, 15 mg, 20 mg, 30 mg, 40 mg<\/li>\n<\/ul>\n<p><strong>K\u00e4ytt\u00f6kriteerit:<\/strong> Opanaa m\u00e4\u00e4r\u00e4t\u00e4\u00e4n kohtalaiseen tai vaikeaan kipuun, kun opioidi katsotaan sopivaksi. Sit\u00e4 tulee k\u00e4ytt\u00e4\u00e4 kivunhallintaasiantuntijan valvonnassa. Potilaalla on t\u00e4ytynyt olla siet\u00e4m\u00e4tt\u00f6mi\u00e4 sivuvaikutuksia kaikista muista opioidivaihtoehdoista, jotka estiv\u00e4t riitt\u00e4v\u00e4n kivunhallinnan.   <strong>T\u00e4rkeit\u00e4 varoituksia:<\/strong><\/p>\n<ul>\n<li>Opanan yhdist\u00e4minen alkoholiin voi lis\u00e4t\u00e4 plasman pitoisuuksia ja vakavan toksisuuden riski\u00e4.<\/li>\n<li>Ota Opana tyhj\u00e4\u00e4n vatsaan v\u00e4ltt\u00e4\u00e4ksesi ruuan aiheuttaman imeytymisnopeuden 50 % nousun.<\/li>\n<\/ul>\n<p><strong>Annostustiedot:<\/strong><\/p>\n<ul>\n<li><strong>Uudet k\u00e4ytt\u00e4j\u00e4t tai ne, jotka eiv\u00e4t sied\u00e4 opioideja:<\/strong> Aloita 5 mg:lla Opana ER:t\u00e4 12 tunnin v\u00e4lein.<\/li>\n<li><strong>Muunna v\u00e4litt\u00f6m\u00e4sti vapauttavasta oksimorfonista pitk\u00e4vaikutteiseksi oksimorfoniksi:<\/strong> K\u00e4yt\u00e4 v\u00e4litt\u00f6m\u00e4sti vapautuvan oksimorfonin p\u00e4ivitt\u00e4ist\u00e4 kokonaisannosta ja anna puolet t\u00e4st\u00e4 annoksesta pitkitetysti vapauttavina tabletteina 12 tunnin v\u00e4lein.<\/li>\n<li><strong>Muuntaminen muista suun kautta otetuista opioideista:<\/strong> Lopeta kaikkien muiden ymp\u00e4rivuorokautisten opioidien k\u00e4ytt\u00f6, kun aloitat Opana ER:n. K\u00e4yt\u00e4 julkaistuja tehotaulukoita tai seuraavia muuntokertoimia arvioidaksesi 24 tunnin oraalisen oksimorfonin tarpeen:\n<ul>\n<li>Hydrokodoni, oksikodoni, metadoni: muuntokerroin (CF) = 0,5<\/li>\n<li>Morfiini: CF = 0,333<\/li>\n<li>Esimerkki: Kerro aiemman opioidin p\u00e4iv\u00e4annos CF:ll\u00e4 saadaksesi 24 tunnin oksimorfoniannoksen, ja jaa sitten kahdella aloitusannos 12 tunnin v\u00e4lein. S\u00e4\u00e4d\u00e4 tarpeen mukaan. <\/li>\n<\/ul>\n<\/li>\n<\/ul>\n<p><strong>Haittavaikutukset:<\/strong> Hakeudu v\u00e4litt\u00f6m\u00e4sti l\u00e4\u00e4k\u00e4rin hoitoon allergisen reaktion oireiden vuoksi, kuten nokkosihottuma, hengitysvaikeudet tai kasvojen, huulten, kielen tai turvotus. kurkku. Vakavia sivuvaikutuksia voivat olla:  <\/p>\n<ul>\n<li>Hidastunut tai pys\u00e4htynyt hengitys<\/li>\n<li>Huimaus tai py\u00f6rtyminen<\/li>\n<li>Kohtaukset<\/li>\n<li>Rintakipu, hengityksen vinkuminen tai ysk\u00e4 v\u00e4rj\u00e4ytyneen liman kanssa<\/li>\n<li>Voimakas oksentelu<\/li>\n<li>Serotoniinioireyhtym\u00e4n oireet: agitaatio, hallusinaatiot, kuume, hikoilu, vilunv\u00e4ristykset, nopea syke, lihasj\u00e4ykkyys, pahoinvointi, oksentelu, ripuli<\/li>\n<li>Matala kortisolitaso: pahoinvointi, oksentelu, ruokahaluttomuus, huimaus, v\u00e4symys<\/li>\n<\/ul>\n<p> Vanhemmilla aikuisilla ja niill\u00e4, jotka ovat ylipainoisia, aliravittuja tai heikkokuntoisia, voi olla suurempi riski saada vakavia sivuvaikutuksia. <strong>Unohtunut annos:<\/strong> Jos annos j\u00e4\u00e4 v\u00e4liin, ohita se, jos on melkein aika ottaa seuraava annos. \u00c4l\u00e4 tuplaa annosta. Noudata aina terveydenhuollon tarjoajasi ohjeita ja ota yhteytt\u00e4 heihin, jos sinulla on kysytt\u00e4v\u00e4\u00e4 tai huolenaiheita Opanan k\u00e4yt\u00f6st\u00e4.<\/p>\n","protected":false},"excerpt":{"rendered":"<p>Osta Opana verkosta. Oksimorfoni on tehokas huumekorvike morfiinille. se on eritt\u00e4in tehokas opioidikipul\u00e4\u00e4ke, joka on tarkoitettu vaikean kivun hoitoon. Mist\u00e4 ostaa Opana verkossa.   <\/p>\n","protected":false},"featured_media":19999,"comment_status":"open","ping_status":"closed","template":"","meta":{"om_disable_all_campaigns":false,"_sitemap_exclude":false,"_sitemap_priority":"","_sitemap_frequency":"","_monsterinsights_skip_tracking":false,"_monsterinsights_sitenote_active":false,"_monsterinsights_sitenote_note":"","_monsterinsights_sitenote_category":0},"product_cat":[16041],"product_tag":[16396,16391,16383,16388,16379,16394,16393,16389,16392,16397,16398,16395,16387,16385,16390,16382,16381,16377,16384,16378,16386,16380],"class_list":{"0":"post-27543","1":"product","2":"type-product","3":"status-publish","4":"has-post-thumbnail","6":"product_cat-kipulaakkeita","7":"product_tag-aito-opana-europe","8":"product_tag-halpa-opana-eurooppa","9":"product_tag-kuinka-paljon-opana-on","10":"product_tag-mista-ostaa-opana-europe","11":"product_tag-mista-ostaa-opana-verkossa","12":"product_tag-opana-europe-alennus","13":"product_tag-opana-europe-myymala","14":"product_tag-opana-europe-myynti","15":"product_tag-opana-europe-tarjoukset","16":"product_tag-opana-europe-toimittajat","17":"product_tag-opana-europe-arvostelu","18":"product_tag-opana-europe-toimitus","19":"product_tag-opana-ilmainen-toimitus-eurooppaan","20":"product_tag-opana-paras-hinta-euroopassa","21":"product_tag-opana-verkkokauppa-eurooppa","22":"product_tag-opanan-myynti-verkossa","23":"product_tag-opanan-vaikutukset","24":"product_tag-osta-opana-fi","25":"product_tag-osta-opana-verkossa-euroopassa","26":"product_tag-osta-opana-verkosta","27":"product_tag-tilaa-opana-eu","28":"product_tag-tilaa-opana-verkosta","30":"first","31":"instock","32":"shipping-taxable","33":"purchasable","34":"product-type-variable","35":"farmacie-col","36":"product-has-gallery"},"aioseo_notices":[],"_links":{"self":[{"href":"https:\/\/lacasadelamedicina.es\/fi\/wp-json\/wp\/v2\/product\/27543"}],"collection":[{"href":"https:\/\/lacasadelamedicina.es\/fi\/wp-json\/wp\/v2\/product"}],"about":[{"href":"https:\/\/lacasadelamedicina.es\/fi\/wp-json\/wp\/v2\/types\/product"}],"replies":[{"embeddable":true,"href":"https:\/\/lacasadelamedicina.es\/fi\/wp-json\/wp\/v2\/comments?post=27543"}],"wp:featuredmedia":[{"embeddable":true,"href":"https:\/\/lacasadelamedicina.es\/fi\/wp-json\/wp\/v2\/media\/19999"}],"wp:attachment":[{"href":"https:\/\/lacasadelamedicina.es\/fi\/wp-json\/wp\/v2\/media?parent=27543"}],"wp:term":[{"taxonomy":"product_cat","embeddable":true,"href":"https:\/\/lacasadelamedicina.es\/fi\/wp-json\/wp\/v2\/product_cat?post=27543"},{"taxonomy":"product_tag","embeddable":true,"href":"https:\/\/lacasadelamedicina.es\/fi\/wp-json\/wp\/v2\/product_tag?post=27543"}],"curies":[{"name":"wp","href":"https:\/\/api.w.org\/{rel}","templated":true}]}}