{"id":27502,"date":"2024-08-11T12:46:15","date_gmt":"2024-08-11T12:46:15","guid":{"rendered":"https:\/\/lacasadelamedicina.es\/product\/osta-oxycodone-verkossa\/"},"modified":"2024-08-11T12:46:15","modified_gmt":"2024-08-11T12:46:15","slug":"osta-oxycodone-verkossa","status":"publish","type":"product","link":"https:\/\/lacasadelamedicina.es\/fi\/tuote\/osta-oxycodone-verkossa\/","title":{"rendered":"Osta Oxycodone verkossa"},"content":{"rendered":"<h1 class=\"product_title entry-title\">Osta Oxycodone verkossa<\/h1>\n<p> Oksikodoni on voimakas opioidi, jota k\u00e4ytet\u00e4\u00e4n lievitt\u00e4m\u00e4\u00e4n voimakasta kipua, kun muut kipul\u00e4\u00e4kkeet ovat tehottomia tai siet\u00e4m\u00e4tt\u00f6mi\u00e4. Se kuuluu huumausainekipul\u00e4\u00e4kkeiden luokkaan, jotka ovat l\u00e4\u00e4kkeit\u00e4, jotka on erityisesti suunniteltu lievitt\u00e4m\u00e4\u00e4n kipua. Vaikuttamalla keskushermostoon (CNS) oksikodoni auttaa hallitsemaan sek\u00e4 kohtalaista ett\u00e4 vaikeaa akuuttia tai kroonista kipua, kun vaihtoehtoiset hoidot eiv\u00e4t ole riitt\u00e4vi\u00e4.   <\/p>\n<h3><strong>Miten oksikodonia k\u00e4ytet\u00e4\u00e4n v\u00e4\u00e4rin?<\/strong><\/h3>\n<p> Tutkimukset ovat osoittaneet, ett\u00e4 oksikodoni voi parantaa merkitt\u00e4v\u00e4sti kroonisista kiputiloista k\u00e4rsivien henkil\u00f6iden el\u00e4m\u00e4nlaatua. Sen kemiallinen rakenne liittyy l\u00e4heisesti kodeiiniin, mutta sis\u00e4lt\u00e4\u00e4 muunnelmia, kuten hydroksiryhm\u00e4n hiili-14:ss\u00e4, 7,8-dihydroominaisuuden ja karbonyyliryhm\u00e4n, joka korvaa kodeiinin hydroksyyliryhm\u00e4n. Se on my\u00f6s samanlainen kuin hydrokodoni, eroaen vain hydroksyyliryhm\u00e4n l\u00e4sn\u00e4olosta hiili-14:ss\u00e4.   <\/p>\n<h3><strong>Mik\u00e4 on sen vaikutus kehoon?<\/strong><\/h3>\n<p> Oksikodoni tunnetaan yleisesti kaduilla nimill\u00e4, kuten Hillbilly Heroin, Kicker, OC, Ox, Roxy, Perc ja Oxy. Sit\u00e4 on saatavana eri muodoissa, mukaan lukien pitkitetysti vapauttavat tabletit (OxyContin\u00ae) vahvuuksina 10, 20, 40 ja 80 mg sek\u00e4 v\u00e4litt\u00f6m\u00e4sti vapautuvat kapselit, kuten 5 mg OxyIR. Lis\u00e4ksi se sis\u00e4ltyy yhdistelm\u00e4tuotteisiin, kuten Percodan\u00ae aspiriinin kanssa ja Roxicet asetaminofeenin kanssa. <strong>Oksikodonin v\u00e4\u00e4rink\u00e4ytt\u00f6:<\/strong> Oksikodonia k\u00e4ytet\u00e4\u00e4n usein v\u00e4\u00e4rin murskaamalla tabletit ja nuskaamalla jauhetta, liuottamalla ne veteen ja ruiskuttamalla liuos tai l\u00e4mmitt\u00e4m\u00e4ll\u00e4 tabletteja foliolla ja h\u00f6yryjen hengitt\u00e4minen. <strong>Vaikutukset mieleen:<\/strong> L\u00e4\u00e4ke aiheuttaa tyypillisesti euforiaa ja rentoutumista, mik\u00e4 lis\u00e4\u00e4 sen suurta v\u00e4\u00e4rink\u00e4ytt\u00f6potentiaalia. <strong>Kehoon kohdistuvat vaikutukset:<\/strong> Oksikodoni lievitt\u00e4\u00e4 kipua, rauhoittaa ja tukahduttaa ysk\u00e4\u00e4, mutta voi my\u00f6s aiheuttaa hengityslamaa, ummetusta ja ahtautuneet pupillit. Krooninen k\u00e4ytt\u00f6, erityisesti asetaminofeenin kanssa, voi johtaa vakaviin maksavaurioihin. Yliannostusoireita ovat \u00e4\u00e4rimm\u00e4inen uneliaisuus, lihasheikkous, sekavuus, kylm\u00e4 ja kostea iho, tarkat pupillit, pinnallinen hengitys, hidas syke, py\u00f6rtyminen, kooma ja mahdollinen kuolema.<\/p>\n","protected":false},"excerpt":{"rendered":"<p>Oksikodoni on voimakas opioidil\u00e4\u00e4ke, jota k\u00e4ytet\u00e4\u00e4n hallitsemaan vaikeaa kipua, joka vaatii opioidihoitoa. Se luokitellaan huumausainekipul\u00e4\u00e4kkeeksi, joka on er\u00e4\u00e4nlainen kipua lievitt\u00e4v\u00e4 l\u00e4\u00e4ke. <\/p>\n","protected":false},"featured_media":20044,"comment_status":"open","ping_status":"closed","template":"","meta":{"om_disable_all_campaigns":false,"_sitemap_exclude":false,"_sitemap_priority":"","_sitemap_frequency":"","_monsterinsights_skip_tracking":false,"_monsterinsights_sitenote_active":false,"_monsterinsights_sitenote_note":"","_monsterinsights_sitenote_category":0},"product_cat":[16041],"product_tag":[16374,16369,16361,16366,16357,16365,16363,16360,16359,16355,16362,16356,16268,16372,16376,16371,16367,16370,16375,16373,16368,16364,16358,16336],"class_list":{"0":"post-27502","1":"product","2":"type-product","3":"status-publish","4":"has-post-thumbnail","6":"product_cat-kipulaakkeita","7":"product_tag-aito-oxycodone-europe","8":"product_tag-halpa-oxycodone-europe","9":"product_tag-kuinka-paljon-oxycodone-on","10":"product_tag-mista-ostaa-oxycodone-europea","11":"product_tag-mista-ostaa-oxycodone-verkossa","12":"product_tag-oksikodoni-ilmainen-toimitus-eurooppaan","13":"product_tag-oksikodoni-paras-hinta-euroopassa","14":"product_tag-oksikodonimyynti-verkossa","15":"product_tag-oksikodonin-vaikutukset","16":"product_tag-osta-oxycodone","17":"product_tag-osta-oxycodone-verkossa-euroopassa","18":"product_tag-osta-oxycodone-verkosta","19":"product_tag-osta-roxicodone-verkosta","20":"product_tag-oxycodone-europe-alennus","21":"product_tag-oxycodone-europe-arvostelu","22":"product_tag-oxycodone-europe-kauppa","23":"product_tag-oxycodone-europe-myynti","24":"product_tag-oxycodone-europe-tarjoukset","25":"product_tag-oxycodone-europe-toimittajat","26":"product_tag-oxycodone-europe-toimitus","27":"product_tag-oxycodone-verkkokauppa-eurooppa","28":"product_tag-tilaa-oxycodone-eu","29":"product_tag-tilaa-oxycodone-verkosta","30":"product_tag-tilaa-oxycontin-verkosta","32":"first","33":"instock","34":"shipping-taxable","35":"purchasable","36":"product-type-variable","37":"farmacie-col","38":"product-has-gallery"},"aioseo_notices":[],"_links":{"self":[{"href":"https:\/\/lacasadelamedicina.es\/fi\/wp-json\/wp\/v2\/product\/27502"}],"collection":[{"href":"https:\/\/lacasadelamedicina.es\/fi\/wp-json\/wp\/v2\/product"}],"about":[{"href":"https:\/\/lacasadelamedicina.es\/fi\/wp-json\/wp\/v2\/types\/product"}],"replies":[{"embeddable":true,"href":"https:\/\/lacasadelamedicina.es\/fi\/wp-json\/wp\/v2\/comments?post=27502"}],"wp:featuredmedia":[{"embeddable":true,"href":"https:\/\/lacasadelamedicina.es\/fi\/wp-json\/wp\/v2\/media\/20044"}],"wp:attachment":[{"href":"https:\/\/lacasadelamedicina.es\/fi\/wp-json\/wp\/v2\/media?parent=27502"}],"wp:term":[{"taxonomy":"product_cat","embeddable":true,"href":"https:\/\/lacasadelamedicina.es\/fi\/wp-json\/wp\/v2\/product_cat?post=27502"},{"taxonomy":"product_tag","embeddable":true,"href":"https:\/\/lacasadelamedicina.es\/fi\/wp-json\/wp\/v2\/product_tag?post=27502"}],"curies":[{"name":"wp","href":"https:\/\/api.w.org\/{rel}","templated":true}]}}