{"id":27435,"date":"2024-08-11T13:43:46","date_gmt":"2024-08-11T13:43:46","guid":{"rendered":"https:\/\/lacasadelamedicina.es\/product\/osta-percocet-verkossa\/"},"modified":"2024-08-11T13:43:46","modified_gmt":"2024-08-11T13:43:46","slug":"osta-percocet-verkossa","status":"publish","type":"product","link":"https:\/\/lacasadelamedicina.es\/fi\/tuote\/osta-percocet-verkossa\/","title":{"rendered":"Osta Percocet verkossa"},"content":{"rendered":"<h1 class=\"product_title entry-title\">Osta Percocet verkossa<\/h1>\n<div class=\"flex-shrink-0 flex flex-col relative items-end\">\n<div>\n<div class=\"pt-0\">\n<div class=\"gizmo-bot-avatar flex h-8 w-8 items-center justify-center overflow-hidden rounded-full\">\n<div class=\"relative p-1 rounded-sm flex items-center justify-center bg-token-main-surface-primary text-token-text-primary h-8 w-8\"><strong>Osta Percocet verkossa<\/strong><\/div>\n<\/div>\n<\/div>\n<\/div>\n<\/div>\n<div class=\"group\/conversation-turn relative flex w-full min-w-0 flex-col agent-turn\">\n<div class=\"flex-col gap-1 md:gap-3\">\n<div class=\"flex max-w-full flex-col flex-grow\">\n<div class=\"min-h-[20px] text-message flex w-full flex-col items-end gap-2 whitespace-pre-wrap break-words [.text-message+&amp;]:mt-5 overflow-x-auto\" dir=\"auto\" data-message-author-role=\"assistant\" data-message-id=\"9e67d006-b066-4b1a-92a0-7ec361db76fe\">\n<div class=\"flex w-full flex-col gap-1 empty:hidden first:pt-[3px]\">\n<div class=\"markdown prose w-full break-words dark:prose-invert dark\"> Percocet on reseptil\u00e4\u00e4ke, joka yhdist\u00e4\u00e4 oksikodonin ja asetaminofeenin keskivaikean tai vaikean kivun hoitoon. Oksikodoni on voimakas opioidikipul\u00e4\u00e4ke, kun taas asetaminofeeni tehostaa oksikodonin vaikutuksia. T\u00e4m\u00e4 l\u00e4\u00e4kitys m\u00e4\u00e4r\u00e4t\u00e4\u00e4n tyypillisesti, kun ei-opioidiset kipul\u00e4\u00e4kkeet tai v\u00e4litt\u00f6m\u00e4sti vapautuvat opioidit ovat tehottomia tai siet\u00e4m\u00e4tt\u00f6mi\u00e4.   <strong>Kuinka ottaa Percocetia:<\/strong><\/p>\n<ul>\n<li><strong>Anto:<\/strong> Ota Percocet kokonaisena pillerin\u00e4 ruoan kanssa tai ilman. Jos sinulla on vaikeuksia niell\u00e4 pilleri, ota yhteytt\u00e4 terveydenhuollon tarjoajaan. <\/li>\n<li><strong>Annostus:<\/strong> Noudata palveluntarjoajan ohjeita siit\u00e4, kuinka usein Percocet otetaan, joko tarpeen mukaan kivun vuoksi tai s\u00e4\u00e4nn\u00f6llisen aikataulun mukaan.<\/li>\n<li><strong>Helvityksen alkaminen:<\/strong> Kivun lievitys alkaa yleens\u00e4 15\u201330 minuutissa ja saavuttaa huippunsa noin tunnin kuluttua ja kest\u00e4\u00e4 3\u20136 tuntia.<\/li>\n<\/ul>\n<p><strong>T\u00e4rkeit\u00e4 huomioita:<\/strong><\/p>\n<ul>\n<li><strong>Annostelun tarkkuus:<\/strong> Varmista, ett\u00e4 otat oikean annoksen ohjeiden mukaan. Yliannostus voi johtaa asetaminofeenin aiheuttamaan vakavaan maksavaurioon. <\/li>\n<li><strong>V\u00e4lt\u00e4 alkoholia:<\/strong> Percocetin yhdist\u00e4minen alkoholiin lis\u00e4\u00e4 maksavaurion ja muiden vakavien seurausten riski\u00e4.<\/li>\n<li><strong>L\u00e4\u00e4kevuorovaikutukset:<\/strong> Ilmoita terveydenhuollon tarjoajallesi kaikista k\u00e4ytt\u00e4mist\u00e4si l\u00e4\u00e4kkeist\u00e4 ja lis\u00e4ravinteista, koska Percocet voi olla vuorovaikutuksessa muiden keskushermostoa lamaavien aineiden ja erilaisten l\u00e4\u00e4kkeiden kanssa.<\/li>\n<\/ul>\n<p><strong>Sivuvaikutukset:<\/strong><\/p>\n<ul>\n<li><strong>Yleiset vaikutukset:<\/strong> Ummetus, pahoinvointi, oksentelu, vatsavaivat, uneliaisuus, huimaus, kutina, p\u00e4\u00e4ns\u00e4rky, n\u00e4\u00f6n h\u00e4m\u00e4rtyminen, suun kuivuminen ja hikoilu.<\/li>\n<li><strong>Vakavia vaikutuksia:<\/strong> Hengityslama, sekavuus, ep\u00e4tavalliset ajatukset tai k\u00e4ytt\u00e4ytyminen, virtsaamisongelmat, yl\u00e4vatsakipu, ruokahaluttomuus, keltaisuus ja vakavat allergiset reaktiot.<\/li>\n<\/ul>\n<p><strong>H\u00e4t\u00e4oireet:<\/strong> Hakeudu v\u00e4litt\u00f6m\u00e4sti l\u00e4\u00e4k\u00e4rin hoitoon, jos havaitset: <\/p>\n<ul>\n<li>\u00c4killiset n\u00e4k\u00f6muutokset, silm\u00e4kipu tai valokeh\u00e4t valojen ymp\u00e4rill\u00e4.<\/li>\n<li>Vakavat syd\u00e4noireet, kuten ep\u00e4s\u00e4\u00e4nn\u00f6lliset syd\u00e4menly\u00f6nnit tai rintakeh\u00e4n lepatus.<\/li>\n<li>Vaikea p\u00e4\u00e4ns\u00e4rky, sekavuus, ep\u00e4selv\u00e4 puhe, lihasj\u00e4ykkyys tai korkea kuume.<\/li>\n<\/ul>\n<p><strong>Saatavuus:<\/strong> Percocetia voi ostaa v\u00e4hitt\u00e4is- ja postimyyntiapteekeista. Huomaa, ett\u00e4 valvottujen aineiden asemansa vuoksi Percocet vaatii reseptin ostamiseen. V\u00e4lt\u00e4 ostamista l\u00e4hteist\u00e4, jotka v\u00e4itt\u00e4v\u00e4t tarjoavansa sit\u00e4 ilman resepti\u00e4, koska t\u00e4m\u00e4 voi olla laitonta ja vaarallista.   <\/div>\n<\/div>\n<\/div>\n<\/div>\n<\/div>\n<\/div>\n","protected":false},"excerpt":{"rendered":"<p>Osta Percocet verkossa. Percocet sis\u00e4lt\u00e4\u00e4 asetaminofeenin ja oksikodonin yhdistelm\u00e4n. Oksikodoni on opioidikipul\u00e4\u00e4ke. Osta Percocet-pillereit\u00e4 verkosta.   <\/p>\n","protected":false},"featured_media":20089,"comment_status":"open","ping_status":"closed","template":"","meta":{"om_disable_all_campaigns":false,"_sitemap_exclude":false,"_sitemap_priority":"","_sitemap_frequency":"","_monsterinsights_skip_tracking":false,"_monsterinsights_sitenote_active":false,"_monsterinsights_sitenote_note":"","_monsterinsights_sitenote_category":0},"product_cat":[16041],"product_tag":[16330,16325,16317,16322,16313,16311,16318,16312,16328,16332,16327,16331,16323,16326,16329,16321,16319,16324,16316,16315,16358,16320,16314],"class_list":{"0":"post-27435","1":"product","2":"type-product","3":"status-publish","4":"has-post-thumbnail","6":"product_cat-kipulaakkeita","7":"product_tag-aito-percocet-europe","8":"product_tag-halpa-percocet-eurooppa","9":"product_tag-kuinka-paljon-percocet-on","10":"product_tag-mista-ostaa-percocet-europe","11":"product_tag-mista-ostaa-percocet-verkossa","12":"product_tag-osta-percocet-fi","13":"product_tag-osta-percocet-verkossa-euroopassa","14":"product_tag-osta-percocet-verkosta","15":"product_tag-percocet-europe-alennus","16":"product_tag-percocet-europe-arvostelu","17":"product_tag-percocet-europe-kauppa","18":"product_tag-percocet-europe-toimittajat","19":"product_tag-percocet-europe-myynti","20":"product_tag-percocet-europe-tarjoukset","21":"product_tag-percocet-europe-toimitus","22":"product_tag-percocet-ilmainen-toimitus-eurooppaan","23":"product_tag-percocet-paras-hinta-euroopassa","24":"product_tag-percocet-verkkokauppa-eurooppa","25":"product_tag-percocet-myynti-verkossa","26":"product_tag-percocetin-vaikutukset","27":"product_tag-tilaa-oxycodone-verkosta","28":"product_tag-tilaa-percocet-eu","29":"product_tag-tilaa-percocet-verkosta","31":"first","32":"instock","33":"shipping-taxable","34":"purchasable","35":"product-type-variable","36":"farmacie-col"},"aioseo_notices":[],"_links":{"self":[{"href":"https:\/\/lacasadelamedicina.es\/fi\/wp-json\/wp\/v2\/product\/27435"}],"collection":[{"href":"https:\/\/lacasadelamedicina.es\/fi\/wp-json\/wp\/v2\/product"}],"about":[{"href":"https:\/\/lacasadelamedicina.es\/fi\/wp-json\/wp\/v2\/types\/product"}],"replies":[{"embeddable":true,"href":"https:\/\/lacasadelamedicina.es\/fi\/wp-json\/wp\/v2\/comments?post=27435"}],"wp:featuredmedia":[{"embeddable":true,"href":"https:\/\/lacasadelamedicina.es\/fi\/wp-json\/wp\/v2\/media\/20089"}],"wp:attachment":[{"href":"https:\/\/lacasadelamedicina.es\/fi\/wp-json\/wp\/v2\/media?parent=27435"}],"wp:term":[{"taxonomy":"product_cat","embeddable":true,"href":"https:\/\/lacasadelamedicina.es\/fi\/wp-json\/wp\/v2\/product_cat?post=27435"},{"taxonomy":"product_tag","embeddable":true,"href":"https:\/\/lacasadelamedicina.es\/fi\/wp-json\/wp\/v2\/product_tag?post=27435"}],"curies":[{"name":"wp","href":"https:\/\/api.w.org\/{rel}","templated":true}]}}