{"id":27398,"date":"2024-08-11T14:20:08","date_gmt":"2024-08-11T14:20:08","guid":{"rendered":"https:\/\/lacasadelamedicina.es\/product\/osta-roxicodone-verkosta\/"},"modified":"2024-08-11T14:20:08","modified_gmt":"2024-08-11T14:20:08","slug":"osta-roxicodone-verkosta","status":"publish","type":"product","link":"https:\/\/lacasadelamedicina.es\/fi\/tuote\/osta-roxicodone-verkosta\/","title":{"rendered":"Osta Roxicodone verkosta"},"content":{"rendered":"<h1 class=\"product_title entry-title\">Osta Roxicodone verkosta<\/h1>\n<p> Roksikodoni on voimakas reseptil\u00e4\u00e4ke, jota k\u00e4ytet\u00e4\u00e4n vaikean kivun hallintaan, kun muut hoidot, kuten ei-opioidiset kivunlievittimet, ovat tehottomia tai siet\u00e4m\u00e4tt\u00f6mi\u00e4. T\u00e4m\u00e4 opioidil\u00e4\u00e4ke sis\u00e4lt\u00e4\u00e4 yliannostuksen ja kuoleman riskin, ja jopa asianmukainen reseptin mukainen k\u00e4ytt\u00f6 voi johtaa riippuvuuteen, v\u00e4\u00e4rink\u00e4ytt\u00f6\u00f6n ja v\u00e4\u00e4rink\u00e4ytt\u00f6\u00f6n. <strong>T\u00e4rkeit\u00e4 tietoja ennen Roxicodonen ottamista:<\/strong> \u00c4l\u00e4 k\u00e4yt\u00e4 Roxicodonea, jos:  <\/p>\n<ul>\n<li>ovat allergisia oksikodonille.<\/li>\n<li>joilla on vaikea astma tai hengitysvaikeuksia.<\/li>\n<li>Vatsassasi tai suolistossasi on tukos.<\/li>\n<li>Eiv\u00e4t ole jo sietokykyisi\u00e4 samanlaiselle opioidil\u00e4\u00e4kkeelle.<\/li>\n<\/ul>\n<p> Roksikodonia ei yleens\u00e4 ole hyv\u00e4ksytty k\u00e4ytett\u00e4v\u00e4ksi alle 18-vuotiailla. Varmista, ett\u00e4 Roxicodone on turvallinen sinulle, kerro l\u00e4\u00e4k\u00e4rillesi, jos sinulla on:  <\/p>\n<ul>\n<li>Hengitysongelmat tai uniapnea.<\/li>\n<li>Anamneesissa p\u00e4\u00e4vammoja tai kohtauksia.<\/li>\n<li>Huume- tai alkoholiriippuvuus tai mielenterveysh\u00e4iri\u00f6t.<\/li>\n<li>Maksa- tai munuaissairaus.<\/li>\n<li>Virtsaamisongelmat.<\/li>\n<li>Ongelmia sappirakon, haiman tai kilpirauhasen kanssa.<\/li>\n<\/ul>\n<p> Jos Roxicodonea k\u00e4ytet\u00e4\u00e4n raskauden aikana, se voi aiheuttaa riippuvuutta vauvassa, mik\u00e4 johtaa mahdollisesti hengenvaarallisiin vieroitusoireisiin, jotka saattavat vaatia l\u00e4\u00e4ketieteellist\u00e4 hoitoa useiden viikkojen ajan. <strong>Roxicodonen sivuvaikutukset:<\/strong> Hae ensiapua, jos havaitset merkkej\u00e4 allergisesta reaktiosta, mukaan lukien: <\/p>\n<ul>\n<li>Nokkosihottuma<\/li>\n<li>Hengitysvaikeudet<\/li>\n<li>Kasvojen, huulten, kielen tai kurkun turvotus<\/li>\n<\/ul>\n<p> Roksikodoni voi hidastaa tai lopettaa hengityksen, mik\u00e4 voi olla kohtalokasta. Varmista, ett\u00e4 joku ymp\u00e4rill\u00e4si on valmis antamaan naloksonia, ja hakeudu v\u00e4litt\u00f6m\u00e4sti l\u00e4\u00e4k\u00e4rin hoitoon, jos sinulla on hidasta hengityst\u00e4, sinert\u00e4vi\u00e4 huulia tai her\u00e4\u00e4misvaikeuksia. Ota v\u00e4litt\u00f6m\u00e4sti yhteytt\u00e4 l\u00e4\u00e4k\u00e4riin, jos sinulla on:   <\/p>\n<ul>\n<li>Meluisa tai pinnallinen hengitys tai hengityskatkokset unen aikana<\/li>\n<li>Hidas syke tai heikko pulssi<\/li>\n<li>Huimaus tai py\u00f6rtyminen<\/li>\n<li>H\u00e4mmennys tai ep\u00e4tavallinen k\u00e4ytt\u00e4ytyminen<\/li>\n<li>Kohtaukset<\/li>\n<li>Matala kortisolitaso, joka aiheuttaa oireita, kuten pahoinvointia, oksentelua, ruokahaluttomuutta, huimausta ja \u00e4\u00e4rimm\u00e4ist\u00e4 v\u00e4symyst\u00e4<\/li>\n<li>Korkeat serotoniinitasot, joita ilmaisevat kiihtyneisyys, hallusinaatiot, kuume, hikoilu, vilunv\u00e4ristykset, nopea syke, lihasten j\u00e4ykkyys, nykiminen, koordinaation menetys, pahoinvointi, oksentelu tai ripuli<\/li>\n<\/ul>\n<p> Vakavat hengitysvaikeudet ovat yleisempi\u00e4 i\u00e4kk\u00e4ill\u00e4 aikuisilla ja niill\u00e4, joilla on kroonisia hengitysvaikeuksia tai vakavia terveysongelmia. <strong>Yleiset sivuvaikutukset:<\/strong><\/p>\n<ul>\n<li>Uneliaisuus<\/li>\n<li>P\u00e4\u00e4ns\u00e4rky<\/li>\n<li>Huimaus<\/li>\n<li>V\u00e4symys<\/li>\n<li>Ummetus<\/li>\n<li>Vatsakipu<\/li>\n<li>Pahoinvointi<\/li>\n<li>Oksentelu<\/li>\n<\/ul>\n<p><strong>Roxicodone-pakkaus ja -s\u00e4ilytys:<\/strong> Roxicodone on saatavilla seuraavissa maissa: <\/p>\n<ul>\n<li><strong>15 mg:n vihre\u00e4t tabletit<\/strong>: pisteytetty ja kohokuvioitu &#8221;54 710&#8221;\n<ul>\n<li>NDC 23635-581-10: 100 tabletin pullot<\/li>\n<\/ul>\n<\/li>\n<li><strong>30 mg:n siniset tabletit<\/strong>: pisteytetty ja kohokuvioitu &#8221;54 199&#8221;\n<ul>\n<li>NDC 23635-582-10: 100 tabletin pullot<\/li>\n<\/ul>\n<\/li>\n<\/ul>\n<p> S\u00e4ilyt\u00e4 Roxicodone tiiviiss\u00e4, valonkest\u00e4v\u00e4ss\u00e4 astiassa. Suojaa kosteudelta ja s\u00e4ilyt\u00e4 25\u00b0C:ssa (77\u00b0F) sallituilla poikkeamilla 15\u00b0 &#8211; 30\u00b0C (59\u00b0 &#8211; 86\u00b0F). S\u00e4ilyt\u00e4 ja h\u00e4vit\u00e4 Roxicodone asianmukaisesti v\u00e4\u00e4rink\u00e4yt\u00f6n est\u00e4miseksi.   &nbsp;<\/p>\n","protected":false},"excerpt":{"rendered":"<p>Osta Roxicodone verkosta. Roxicodone on vahva reseptil\u00e4\u00e4ke, joka sis\u00e4lt\u00e4\u00e4 opioidia, jota k\u00e4ytet\u00e4\u00e4n vaikean kivun hoitoon. mist\u00e4 ostaa Roxicodone verkossa, Roxicodone myyt\u00e4v\u00e4n\u00e4 verkossa. Painatukset: &#8221;A&#8221; &#8221;215&#8221; ja &#8221;V&#8221; &#8221;4812&#8221; Muoto\/v\u00e4ri: Sininen py\u00f6re\u00e4 tabletti   <\/p>\n","protected":false},"featured_media":20119,"comment_status":"open","ping_status":"closed","template":"","meta":{"om_disable_all_campaigns":false,"_sitemap_exclude":false,"_sitemap_priority":"","_sitemap_frequency":"","_monsterinsights_skip_tracking":false,"_monsterinsights_sitenote_active":false,"_monsterinsights_sitenote_note":"","_monsterinsights_sitenote_category":0},"product_cat":[16041],"product_tag":[16281,16270,16356,16267,16274,16268,16284,16279,16287,16277,16272],"class_list":{"0":"post-27398","1":"product","2":"type-product","3":"status-publish","4":"has-post-thumbnail","6":"product_cat-kipulaakkeita","7":"product_tag-halpa-roxicodone-europe","8":"product_tag-order-roxicodone-online-fi","9":"product_tag-osta-oxycodone-verkosta","10":"product_tag-osta-roxicodone-fi","11":"product_tag-osta-roxicodone-verkossa-euroopassa","12":"product_tag-osta-roxicodone-verkosta","13":"product_tag-roxicodone-europe-alennus","14":"product_tag-roxicodone-europe-myynti","15":"product_tag-roxicodone-europe-toimittajat","16":"product_tag-roxicodone-ilmainen-toimitus-eurooppaan","17":"product_tag-roxicodone-myynti-verkossa","19":"first","20":"instock","21":"shipping-taxable","22":"purchasable","23":"product-type-variable","24":"farmacie-col"},"aioseo_notices":[],"_links":{"self":[{"href":"https:\/\/lacasadelamedicina.es\/fi\/wp-json\/wp\/v2\/product\/27398"}],"collection":[{"href":"https:\/\/lacasadelamedicina.es\/fi\/wp-json\/wp\/v2\/product"}],"about":[{"href":"https:\/\/lacasadelamedicina.es\/fi\/wp-json\/wp\/v2\/types\/product"}],"replies":[{"embeddable":true,"href":"https:\/\/lacasadelamedicina.es\/fi\/wp-json\/wp\/v2\/comments?post=27398"}],"wp:featuredmedia":[{"embeddable":true,"href":"https:\/\/lacasadelamedicina.es\/fi\/wp-json\/wp\/v2\/media\/20119"}],"wp:attachment":[{"href":"https:\/\/lacasadelamedicina.es\/fi\/wp-json\/wp\/v2\/media?parent=27398"}],"wp:term":[{"taxonomy":"product_cat","embeddable":true,"href":"https:\/\/lacasadelamedicina.es\/fi\/wp-json\/wp\/v2\/product_cat?post=27398"},{"taxonomy":"product_tag","embeddable":true,"href":"https:\/\/lacasadelamedicina.es\/fi\/wp-json\/wp\/v2\/product_tag?post=27398"}],"curies":[{"name":"wp","href":"https:\/\/api.w.org\/{rel}","templated":true}]}}