{"id":27387,"date":"2024-08-11T14:27:21","date_gmt":"2024-08-11T14:27:21","guid":{"rendered":"https:\/\/lacasadelamedicina.es\/product\/osta-suboxone-verkosta\/"},"modified":"2024-08-11T14:27:21","modified_gmt":"2024-08-11T14:27:21","slug":"osta-suboxone-verkosta","status":"publish","type":"product","link":"https:\/\/lacasadelamedicina.es\/fi\/tuote\/osta-suboxone-verkosta\/","title":{"rendered":"Osta Suboxone verkosta"},"content":{"rendered":"<h1 class=\"product_title entry-title\">Osta Suboxone verkosta<\/h1>\n<p> Suboxone on reseptil\u00e4\u00e4ke, jota k\u00e4ytet\u00e4\u00e4n opioidien k\u00e4ytt\u00f6h\u00e4iri\u00f6n (OUD) hoitoon. Siin\u00e4 yhdistyv\u00e4t kaksi vaikuttavaa ainetta: buprenorfiini ja naloksoni. T\u00e4m\u00e4 l\u00e4\u00e4kitys v\u00e4hent\u00e4\u00e4 merkitt\u00e4v\u00e4sti opioidien, kuten heroiinin tai fentanyylin, aiheuttaman yliannostuksen riski\u00e4 ja v\u00e4hent\u00e4\u00e4 kuolleisuutta jopa 50 %. Suboxone auttaa hallitsemaan opioidien vieroitusoireita ja tukee pitk\u00e4n aikav\u00e4lin toipumistavoitteita v\u00e4hent\u00e4m\u00e4ll\u00e4 himoa ja uusiutumisen riski\u00e4.    <strong>Kuinka Suboxone toimii:<\/strong><\/p>\n<ul>\n<li><strong>Buprenorfiini<\/strong>: Osittainen opioidiagonisti buprenorfiini auttaa lievitt\u00e4m\u00e4\u00e4n vieroitusoireita stimuloimalla osittain aivojen opioidireseptoreita. T\u00e4m\u00e4 auttaa hallitsemaan himoa ja helpottaa siirtymist\u00e4 opioidiriippuvuudesta, kun sit\u00e4 k\u00e4ytet\u00e4\u00e4n l\u00e4\u00e4k\u00e4rin valvonnassa. <\/li>\n<li><strong>Naloksoni:<\/strong> Naloksoni on opioidiantagonisti, joka on mukana l\u00e4\u00e4kkeen v\u00e4\u00e4rink\u00e4yt\u00f6n est\u00e4miseksi. Se kumoaa opioidien vaikutukset ja voi aiheuttaa vieroitusoireita, jos Suboxonea k\u00e4ytet\u00e4\u00e4n v\u00e4\u00e4rin, mik\u00e4 tekee siit\u00e4 turvallisemman vaihtoehdon pitk\u00e4aikaishoitoon. <\/li>\n<\/ul>\n<p><strong>Suboxonen edut:<\/strong> Suboxonesta on tullut suosituin l\u00e4\u00e4ke OUD:n hoidossa sen turvallisuusprofiilin ja tehokkuuden vuoksi. Toisin kuin metadoni, toinen OUD:n hoitomuoto, Suboxone ei todenn\u00e4k\u00f6isesti muodosta tottumuksia, ja sen voi m\u00e4\u00e4r\u00e4t\u00e4 perusterveydenhuollon tarjoaja, toisin kuin metadoni, joka tyypillisesti vaatii hoitoa erikoistuneessa keskuksessa. <strong>Resepti ja k\u00e4ytt\u00f6:<\/strong> Suboxonea voidaan m\u00e4\u00e4r\u00e4t\u00e4 hoidon alussa tai pitk\u00e4n toipumisen aikana. On eritt\u00e4in t\u00e4rke\u00e4\u00e4 keskustella terveydenhuollon tarjoajan kanssa parhaasta hoitosuunnitelmasta, joka on r\u00e4\u00e4t\u00e4l\u00f6ity tarpeisiisi. Kattava hoito sis\u00e4lt\u00e4\u00e4 usein k\u00e4ytt\u00e4ytymisterveyden tukemisen l\u00e4\u00e4keavusteisen terapian (MAT) rinnalla. <strong>Suboxonen sivuvaikutukset:<\/strong><strong>Vakavia sivuvaikutuksia:<\/strong>   <\/p>\n<ul>\n<li><strong>Allergiset reaktiot<\/strong>: nokkosihottuma, hengitysvaikeudet, kasvojen, huulten, kielen tai kurkun turvotus.<\/li>\n<li><strong>Hengitysongelmat<\/strong>: Hidas tai pys\u00e4htynyt hengitys, erityisesti pitkien taukojen, sinisen huulten tai her\u00e4\u00e4misvaikeuksien yhteydess\u00e4.<\/li>\n<li><strong>Maksaongelmat<\/strong>: yl\u00e4vatsakipu, ruokahaluttomuus, tumma virtsa, savenv\u00e4riset ulosteet, keltaisuus.<\/li>\n<li><strong>Korkeat serotoniinitasot<\/strong>: Agitaatio, hallusinaatiot, kuume, hikoilu, vilunv\u00e4ristykset, nopea syke, lihasj\u00e4ykkyys, pahoinvointi, oksentelu, ripuli.<\/li>\n<li><strong>Matalat kortisolitasot<\/strong>: pahoinvointi, oksentelu, ruokahaluttomuus, huimaus, vakava heikkous.<\/li>\n<li><strong>Vieroitusoireet<\/strong>: vilunv\u00e4ristykset, hikoilu, vuotava nen\u00e4, vetiset silm\u00e4t, lihaskipu.<\/li>\n<\/ul>\n<p><strong>Yleiset sivuvaikutukset:<\/strong><\/p>\n<ul>\n<li>Huimaus, uneliaisuus, n\u00e4\u00f6n h\u00e4m\u00e4rtyminen, keskittymisvaikeudet.<\/li>\n<li>Vieroitusoireet, kielen kipu, pahoinvointi, oksentelu, ummetus.<\/li>\n<li>P\u00e4\u00e4ns\u00e4rky, selk\u00e4kipu, lis\u00e4\u00e4ntynyt hikoilu, unih\u00e4iri\u00f6t.<\/li>\n<\/ul>\n<p><strong>Subutexin ja Suboxonen v\u00e4linen ero:<\/strong> Ensisijainen ero on, ett\u00e4 Suboxone sis\u00e4lt\u00e4\u00e4 sek\u00e4 buprenorfiinia ett\u00e4 naloksonia, kun taas Subutex sis\u00e4lt\u00e4\u00e4 vain buprenorfiinia. Subutex oli alkuper\u00e4inen formulaatio, ja sen havaittiin olevan tehokas, mutta sill\u00e4 oli suurempi v\u00e4\u00e4rink\u00e4yt\u00f6n mahdollisuus. Suboxone kehitettiin t\u00e4m\u00e4n ongelman ratkaisemiseksi sis\u00e4llytt\u00e4m\u00e4ll\u00e4 siihen naloksonia, joka est\u00e4\u00e4 opioidien vaikutukset reseptorikohdissa. Suboxonen pist\u00e4minen voi johtaa nopeaan vet\u00e4ytymiseen, mik\u00e4 est\u00e4\u00e4 v\u00e4\u00e4rink\u00e4yt\u00f6n.<\/p>\n","protected":false},"excerpt":{"rendered":"<p>Osta Suboxone verkosta. Suboxone on kiinte\u00e4annoksinen yhdistelm\u00e4l\u00e4\u00e4ke, joka sis\u00e4lt\u00e4\u00e4 buprenorfiinia ja naloksonia. Suboxone myynniss\u00e4 verkossa  <\/p>\n","protected":false},"featured_media":20134,"comment_status":"open","ping_status":"closed","template":"","meta":{"om_disable_all_campaigns":false,"_sitemap_exclude":false,"_sitemap_priority":"","_sitemap_frequency":"","_monsterinsights_skip_tracking":false,"_monsterinsights_sitenote_active":false,"_monsterinsights_sitenote_note":"","_monsterinsights_sitenote_category":0},"product_cat":[16041],"product_tag":[16259,16251,16245,16252,16246,16249,16248],"class_list":{"0":"post-27387","1":"product","2":"type-product","3":"status-publish","4":"has-post-thumbnail","6":"product_cat-kipulaakkeita","7":"product_tag-edullinen-suboxone-europe","8":"product_tag-kuinka-paljon-suboxone-maksaa","9":"product_tag-osta-suboxone-fi","10":"product_tag-osta-suboxone-verkossa-euroopassa","11":"product_tag-osta-suboxone-verkosta","12":"product_tag-suboxonen-vaikutukset","13":"product_tag-tilaa-suboxone-verkosta","15":"first","16":"instock","17":"shipping-taxable","18":"purchasable","19":"product-type-variable","20":"farmacie-col"},"aioseo_notices":[],"_links":{"self":[{"href":"https:\/\/lacasadelamedicina.es\/fi\/wp-json\/wp\/v2\/product\/27387"}],"collection":[{"href":"https:\/\/lacasadelamedicina.es\/fi\/wp-json\/wp\/v2\/product"}],"about":[{"href":"https:\/\/lacasadelamedicina.es\/fi\/wp-json\/wp\/v2\/types\/product"}],"replies":[{"embeddable":true,"href":"https:\/\/lacasadelamedicina.es\/fi\/wp-json\/wp\/v2\/comments?post=27387"}],"wp:featuredmedia":[{"embeddable":true,"href":"https:\/\/lacasadelamedicina.es\/fi\/wp-json\/wp\/v2\/media\/20134"}],"wp:attachment":[{"href":"https:\/\/lacasadelamedicina.es\/fi\/wp-json\/wp\/v2\/media?parent=27387"}],"wp:term":[{"taxonomy":"product_cat","embeddable":true,"href":"https:\/\/lacasadelamedicina.es\/fi\/wp-json\/wp\/v2\/product_cat?post=27387"},{"taxonomy":"product_tag","embeddable":true,"href":"https:\/\/lacasadelamedicina.es\/fi\/wp-json\/wp\/v2\/product_tag?post=27387"}],"curies":[{"name":"wp","href":"https:\/\/api.w.org\/{rel}","templated":true}]}}