{"id":27354,"date":"2024-08-11T14:41:28","date_gmt":"2024-08-11T14:41:28","guid":{"rendered":"https:\/\/lacasadelamedicina.es\/product\/osta-tapentadol-verkosta\/"},"modified":"2024-08-11T14:41:28","modified_gmt":"2024-08-11T14:41:28","slug":"osta-tapentadol-verkosta","status":"publish","type":"product","link":"https:\/\/lacasadelamedicina.es\/fi\/tuote\/osta-tapentadol-verkosta\/","title":{"rendered":"Osta Tapentadol verkosta"},"content":{"rendered":"<h1 class=\"product_title entry-title\">Osta Tapentadol verkosta<\/h1>\n<p> Tapentadoli on voimakas opioidikipul\u00e4\u00e4ke, jota k\u00e4ytet\u00e4\u00e4n vaikean kivun hallintaan, erityisesti silloin, kun muut kivunhoidot ovat osoittautuneet tehottomiksi tai niit\u00e4 ei sied\u00e4. Sit\u00e4 voidaan antaa oraaliliuoksena tai tablettina, ja sit\u00e4 on saatavana my\u00f6s pitkitetysti vapauttavassa muodossa kroonisen kivun, mukaan lukien diabeettisen neuropatian aiheuttaman kivun, hoitoon.  <strong>P\u00e4\u00e4kohdat:<\/strong><\/p>\n<ul>\n<li><strong>K\u00e4ytt\u00f6:<\/strong> Tapentadoli on tarkoitettu vaikeaan kipuun, joka vaatii opioidihoitoa, eik\u00e4 se sovellu satunnaiseen tai &#8221;tarpeen mukaan&#8221; kivunlievitykseen. Se on huumausaine kipul\u00e4\u00e4ke, joka vaikuttaa keskushermostoon lievitt\u00e4\u00e4kseen kipua. <\/li>\n<li><strong>Riippuvuusriski:<\/strong> Tapentadolin pitk\u00e4aikainen k\u00e4ytt\u00f6 voi johtaa fyysiseen riippuvuuteen, vaikka henkinen riippuvuus on v\u00e4hemm\u00e4n todenn\u00e4k\u00f6ist\u00e4. Vieroitusoireiden lievitt\u00e4miseksi on t\u00e4rke\u00e4\u00e4 v\u00e4hent\u00e4\u00e4 l\u00e4\u00e4kityst\u00e4 asteittain sen sijaan, ett\u00e4 lopettaisit \u00e4killisesti. <\/li>\n<li><strong>Rajoitettu jakelu:<\/strong> Tapentadol on saatavana opioidikipul\u00e4\u00e4kkeiden REMS-ohjelman (Risk Evaluation and Mitigation Strategy) puitteissa, koska se voi aiheuttaa v\u00e4\u00e4rink\u00e4ytt\u00f6\u00e4 ja riippuvuutta.<\/li>\n<\/ul>\n<p><strong>Annostusmuodot:<\/strong><\/p>\n<ul>\n<li><strong>Tabletti, pidennetty julkaisu:<\/strong> vaikeaan kipuun, mukaan lukien diabeettisen neuropatian aiheuttama krooninen kipu.<\/li>\n<li><strong>Tabletti:<\/strong> muihin vakaviin kiputilanteisiin, joissa opioidihoitoa tarvitaan.<\/li>\n<\/ul>\n<p><strong>Tapentadolin sivuvaikutukset:<\/strong><strong>Yleiset sivuvaikutukset:<\/strong><\/p>\n<ul>\n<li>Uneliaisuus<\/li>\n<li>P\u00e4\u00e4ns\u00e4rky<\/li>\n<li>Pahoinvointi<\/li>\n<li>Ummetus<\/li>\n<li>Vatsavaivoja tai kipua<\/li>\n<li>Ep\u00e4tavallinen v\u00e4symys tai heikkous<\/li>\n<\/ul>\n<p><strong>V\u00e4hemm\u00e4n yleisi\u00e4 sivuvaikutuksia:<\/strong><\/p>\n<ul>\n<li>Virtsarakon kipu<\/li>\n<li>Verinen tai samea virtsa<\/li>\n<li>Kehon kipuja<\/li>\n<li>Ysk\u00e4<\/li>\n<li>Hengitysvaikeudet<\/li>\n<li>Kuume<\/li>\n<li>Lihass\u00e4rkyj\u00e4<\/li>\n<li>Ep\u00e4tavallinen v\u00e4symys tai heikkous<\/li>\n<\/ul>\n<p><strong>Harvinaiset sivuvaikutukset:<\/strong><\/p>\n<ul>\n<li>Ahdistus<\/li>\n<li>H\u00e4mmennys tai unohdus<\/li>\n<li>Kireys rinnassa<\/li>\n<li>K\u00f6mpelyys tai ep\u00e4vakaus<\/li>\n<li>Nopea tai ep\u00e4s\u00e4\u00e4nn\u00f6llinen syke<\/li>\n<li>\u00c4rtyneisyys tai levottomuus<\/li>\n<li>Kohtaukset<\/li>\n<li>Vapina tai vapina<\/li>\n<li>Kasvojen, huulten, k\u00e4sien tai jalkojen turvotus<\/li>\n<\/ul>\n<p><strong>Vakavat sivuvaikutukset:<\/strong><\/p>\n<ul>\n<li><strong>Yliannostuksen oireet:<\/strong>\n<ul>\n<li>Muutos tietoisuudessa<\/li>\n<li>Rintakipu tai ep\u00e4mukavuus<\/li>\n<li>Kylm\u00e4, nihke\u00e4 iho<\/li>\n<li>Yskiminen vaaleanpunainen vaahtoava ysk\u00f6s<\/li>\n<li>Heikentynyt tietoisuus tai reagointikyky<\/li>\n<li>Hengitysvaikeudet tai -vaikeudet<\/li>\n<li>Huimaus, huimaus tai py\u00f6rtyminen<\/li>\n<li>Tajunnan menetys<\/li>\n<li>Vaaleat tai siniset huulet, kynnet tai iho<\/li>\n<li>Uneliaisuus tai ep\u00e4tavallinen uneliaisuus<\/li>\n<li>Turvotus jaloissa ja nilkoissa<\/li>\n<\/ul>\n<\/li>\n<li><strong>Muita vakavia oireita:<\/strong>\n<ul>\n<li>Henkinen masennus<\/li>\n<li>Ajatuksia itsens\u00e4 vahingoittamisesta<\/li>\n<li>Vaikeat allergiset reaktiot (nokkosihottuma, hengitysvaikeudet, kasvojen tai kurkun turvotus)<\/li>\n<\/ul>\n<\/li>\n<\/ul>\n<p><strong>H\u00e4t\u00e4toimenpiteet:<\/strong><\/p>\n<ul>\n<li>Hakeudu v\u00e4litt\u00f6m\u00e4sti l\u00e4\u00e4k\u00e4rin hoitoon, jos havaitset yliannostuksen oireita, kuten vakavia hengitysvaikeuksia, tajunnan muutoksia tai huomattavaa uneliaisuutta.<\/li>\n<li>Ilmoita kaikista vakavista sivuvaikutuksista tai ep\u00e4tavallisista oireista terveydenhuollon tarjoajallesi.<\/li>\n<\/ul>\n<p><strong>Yleisi\u00e4 huomautuksia:<\/strong><\/p>\n<ul>\n<li>Tapentadolia tulee k\u00e4ytt\u00e4\u00e4 terveydenhuollon tarjoajan ohjauksessa ja tarkkailla riippuvuuden merkkej\u00e4 tai haittavaikutuksia.<\/li>\n<li>Annoksen asteittainen pienent\u00e4minen voi auttaa hallitsemaan vieroitusoireita, jos k\u00e4ytt\u00f6 lopetetaan.<\/li>\n<li>Keskustele kaikista terveydentilasta ja l\u00e4\u00e4kkeist\u00e4 l\u00e4\u00e4k\u00e4risi kanssa mahdollisten yhteisvaikutusten v\u00e4ltt\u00e4miseksi ja turvallisen k\u00e4yt\u00f6n varmistamiseksi.<\/li>\n<\/ul>\n","protected":false},"excerpt":{"rendered":"<p>Osta tapentadoli verkosta. Tapentadol-oraaliliuosta ja -tablettia k\u00e4ytet\u00e4\u00e4n kivun hoitoon, joka on niin voimakas, ett\u00e4 se vaatii opioidihoitoa ja kun muut kipul\u00e4\u00e4kkeet eiv\u00e4t tehonneet riitt\u00e4v\u00e4n hyvin tai niit\u00e4 ei voida siet\u00e4\u00e4. mist\u00e4 ostaa tapentadolia verkossa.  <\/p>\n","protected":false},"featured_media":20164,"comment_status":"open","ping_status":"closed","template":"","meta":{"om_disable_all_campaigns":false,"_sitemap_exclude":false,"_sitemap_priority":"","_sitemap_frequency":"","_monsterinsights_skip_tracking":false,"_monsterinsights_sitenote_active":false,"_monsterinsights_sitenote_note":"","_monsterinsights_sitenote_category":0},"product_cat":[16041],"product_tag":[16201,16202,16204],"class_list":{"0":"post-27354","1":"product","2":"type-product","3":"status-publish","4":"has-post-thumbnail","6":"product_cat-kipulaakkeita","7":"product_tag-osta-tapentadol-fi","8":"product_tag-osta-tapentadol-verkosta","9":"product_tag-tilaa-tapentadol-verkosta","11":"first","12":"instock","13":"shipping-taxable","14":"purchasable","15":"product-type-variable","16":"farmacie-col"},"aioseo_notices":[],"_links":{"self":[{"href":"https:\/\/lacasadelamedicina.es\/fi\/wp-json\/wp\/v2\/product\/27354"}],"collection":[{"href":"https:\/\/lacasadelamedicina.es\/fi\/wp-json\/wp\/v2\/product"}],"about":[{"href":"https:\/\/lacasadelamedicina.es\/fi\/wp-json\/wp\/v2\/types\/product"}],"replies":[{"embeddable":true,"href":"https:\/\/lacasadelamedicina.es\/fi\/wp-json\/wp\/v2\/comments?post=27354"}],"wp:featuredmedia":[{"embeddable":true,"href":"https:\/\/lacasadelamedicina.es\/fi\/wp-json\/wp\/v2\/media\/20164"}],"wp:attachment":[{"href":"https:\/\/lacasadelamedicina.es\/fi\/wp-json\/wp\/v2\/media?parent=27354"}],"wp:term":[{"taxonomy":"product_cat","embeddable":true,"href":"https:\/\/lacasadelamedicina.es\/fi\/wp-json\/wp\/v2\/product_cat?post=27354"},{"taxonomy":"product_tag","embeddable":true,"href":"https:\/\/lacasadelamedicina.es\/fi\/wp-json\/wp\/v2\/product_tag?post=27354"}],"curies":[{"name":"wp","href":"https:\/\/api.w.org\/{rel}","templated":true}]}}