{"id":27288,"date":"2024-08-11T15:06:29","date_gmt":"2024-08-11T15:06:29","guid":{"rendered":"https:\/\/lacasadelamedicina.es\/product\/osta-xanax-verkosta\/"},"modified":"2024-08-11T15:06:29","modified_gmt":"2024-08-11T15:06:29","slug":"osta-xanax-verkosta","status":"publish","type":"product","link":"https:\/\/lacasadelamedicina.es\/fi\/tuote\/osta-xanax-verkosta\/","title":{"rendered":"Osta Xanax verkosta"},"content":{"rendered":"<h1 class=\"product_title entry-title\">Osta Xanax verkosta<\/h1>\n<h3>Xanax (alpratsolaami) yleiskatsaus<\/h3>\n<p><strong>Xanax<\/strong> on reseptil\u00e4\u00e4ke, jota k\u00e4ytet\u00e4\u00e4n tiettyjen ahdistuneisuus- ja paniikkih\u00e4iri\u00f6iden hoitoon. Vaikuttava aine, <strong>alpratsolaami<\/strong> kuuluu bentsodiatsepiinien ryhm\u00e4\u00e4n. Bentsodiatsepiinit ovat keskushermostoa (CNS) lamaavia aineita, jotka tehostavat v\u00e4litt\u00e4j\u00e4aineiden toimintaa aivoissa.   <\/p>\n<h4><strong>K\u00e4ytt\u00e4\u00e4<\/strong><\/h4>\n<ul>\n<li><strong>Ahdistuneisuush\u00e4iri\u00f6t:<\/strong> Xanaxia m\u00e4\u00e4r\u00e4t\u00e4\u00e4n ahdistuneisuush\u00e4iri\u00f6iden ja masennuksen aiheuttaman ahdistuneisuuden oireiden hallintaan.<\/li>\n<li><strong>Paniikkih\u00e4iri\u00f6t:<\/strong> Sit\u00e4 k\u00e4ytet\u00e4\u00e4n my\u00f6s paniikkih\u00e4iri\u00f6iden hoitoon, mukaan lukien paniikkikohtaukset agorafobialla tai ilman sit\u00e4 (pelko paikoista tai tilanteista, joissa pako voi olla vaikeaa).<\/li>\n<\/ul>\n<h4><strong>Muodot ja annostus<\/strong><\/h4>\n<ul>\n<li><strong>V\u00e4litt\u00f6m\u00e4n julkaisun (IR) Xanax:<\/strong>\n<ul>\n<li><strong>Vahvuudet:<\/strong> 0,25 mg, 0,5 mg, 1 mg, 2 mg<\/li>\n<li><strong>Ulkon\u00e4k\u00f6:<\/strong>\n<ul>\n<li>0,25 mg: Valkoinen, soikea<\/li>\n<li>0,5 mg: persikka, soikea<\/li>\n<li>1 mg: sininen, soikea<\/li>\n<li>2 mg: valkoinen, suorakulmio py\u00f6ristetyill\u00e4 kulmilla<\/li>\n<\/ul>\n<\/li>\n<\/ul>\n<\/li>\n<li><strong>Jatkettu julkaisu (Xanax XR):<\/strong>\n<ul>\n<li><strong>Vahvuudet:<\/strong> 0,5 mg, 1 mg, 2 mg, 3 mg<\/li>\n<li><strong>Ulkon\u00e4k\u00f6:<\/strong>\n<ul>\n<li>0,5 mg: valkoinen, viisikulmainen<\/li>\n<li>1 mg: keltainen, neli\u00f6<\/li>\n<li>2 mg: Sininen, py\u00f6re\u00e4<\/li>\n<li>3 mg: vihre\u00e4, kolmio<\/li>\n<\/ul>\n<\/li>\n<\/ul>\n<\/li>\n<\/ul>\n<p><strong>Annostusohjeet:<\/strong><\/p>\n<ul>\n<li><strong>Paniikkih\u00e4iri\u00f6:<\/strong> V\u00e4litt\u00f6m\u00e4sti vapautuva Xanax voidaan ottaa kolme kertaa p\u00e4iv\u00e4ss\u00e4. Xanax XR otetaan tyypillisesti kerran p\u00e4iv\u00e4ss\u00e4, ja se on suunniteltu vapauttamaan l\u00e4\u00e4ke v\u00e4hitellen 24 tunnin aikana. <\/li>\n<\/ul>\n<h4><strong>Lievi\u00e4 sivuvaikutuksia<\/strong><\/h4>\n<ul>\n<li>Muistin menetys<\/li>\n<li>Ummetus<\/li>\n<li>Matala verenpaine<\/li>\n<li>Kuiva suu<\/li>\n<li>Uneliaisuus<\/li>\n<li>Huimaus tai huimaus<\/li>\n<li>Koordinointiongelmat<\/li>\n<li>Vaikeus keskitty\u00e4 tai puhua selke\u00e4sti<\/li>\n<li>Muutokset seksihalussa, ruokahalussa tai painossa<\/li>\n<li>Liev\u00e4t allergiset reaktiot<\/li>\n<\/ul>\n<p> N\u00e4m\u00e4 sivuvaikutukset voivat v\u00e4henty\u00e4, kun kehosi tottuu l\u00e4\u00e4kkeeseen. Jos ne jatkuvat tai pahenevat, ota yhteytt\u00e4 terveydenhuollon tarjoajaan.  <\/p>\n<h4><strong>Vakavia sivuvaikutuksia<\/strong><\/h4>\n<ul>\n<li><strong>Henkentynyt kyky suorittaa vaarallisia toimintoja:<\/strong> Uneliaisuus, huimaus, heikentynyt vireys, hidastuneet reaktioajat.<\/li>\n<li><strong>Maksaongelmat:<\/strong> Oireita ovat vatsakipu, pahoinvointi, oksentelu, keltaisuus (ihon\/silmien keltaisuus), kohonneet maksaentsyymiarvot.<\/li>\n<li><strong>Kouristuskohtaukset:<\/strong> Oireet voivat vaihdella, mutta ne voivat sis\u00e4lt\u00e4\u00e4 t\u00e4rin\u00e4\u00e4, sekavuutta, j\u00e4ykkyytt\u00e4 tai j\u00e4ykkyytt\u00e4.<\/li>\n<li><strong>Hallusinaatiot:<\/strong> sellaisten asioiden kokeminen, jotka eiv\u00e4t ole todellisia, kuten \u00e4\u00e4nien kuuleminen tai olemattomien esineiden n\u00e4keminen.<\/li>\n<li><strong>Riippuvuus ja riippuvuus:<\/strong> V\u00e4\u00e4rink\u00e4yt\u00f6n, riippuvuuden ja vieroitusoireiden riski.<\/li>\n<li><strong>Vakavat allergiset reaktiot:<\/strong> Oireet, kuten nokkosihottuma, turvotus ja hengitysvaikeudet.<\/li>\n<\/ul>\n<p><strong>T\u00e4rke\u00e4 huomautus:<\/strong> Xanaxin yhdist\u00e4minen opioidien tai muiden masennusl\u00e4\u00e4kkeiden kanssa voi olla eritt\u00e4in vaarallista ja mahdollisesti hengenvaarallista. <\/p>\n<h4><strong>Tehokkuus paniikkih\u00e4iri\u00f6ss\u00e4<\/strong><\/h4>\n<p> Xanax v\u00e4hent\u00e4\u00e4 tehokkaasti paniikkikohtausten esiintyvyytt\u00e4. Se sis\u00e4ltyy paniikkih\u00e4iri\u00f6n lyhytaikaisen hoidon ohjeisiin. Kliiniset tutkimukset ovat osoittaneet sen tehokkuuden paniikkih\u00e4iri\u00f6iden oireiden hallinnassa. <strong>Saatavuus:<\/strong> Xanaxia on saatavana vain reseptill\u00e4. On t\u00e4rke\u00e4\u00e4 k\u00e4ytt\u00e4\u00e4 sit\u00e4 terveydenhuollon tarjoajan ohjauksessa sen mahdollisen riippuvuuden ja muiden vakavien sivuvaikutusten vuoksi.    <strong>Konsultointi:<\/strong><\/p>\n<ul>\n<li>Keskustele aina terveydenhuollon tarjoajasi kanssa varmistaaksesi, ett\u00e4 Xanax sopii tilallesi.<\/li>\n<li>Keskustele kaikista muista k\u00e4ytt\u00e4mist\u00e4si l\u00e4\u00e4kkeist\u00e4 ja taustalla olevista terveydellisist\u00e4 tiloista.<\/li>\n<\/ul>\n<p><strong>Osta Xanax verkosta:<\/strong><\/p>\n<ul>\n<li>Xanax tulee hankkia lisensoidusta apteekista voimassa olevalla reseptill\u00e4.<\/li>\n<li>Ole varovainen sellaisten online-l\u00e4hteiden suhteen, jotka tarjoavat Xanaxia ilman resepti\u00e4, koska ne voivat olla laittomia tai v\u00e4\u00e4rennettyj\u00e4.<\/li>\n<\/ul>\n","protected":false},"excerpt":{"rendered":"<p>Osta Xanax verkosta. Xanax on tuotemerkki tabletti, joka on m\u00e4\u00e4r\u00e4tty tiettyihin ahdistuneisuush\u00e4iri\u00f6ihin. Xanax myynniss\u00e4 verkossa  <\/p>\n","protected":false},"featured_media":20194,"comment_status":"open","ping_status":"closed","template":"","meta":{"om_disable_all_campaigns":false,"_sitemap_exclude":false,"_sitemap_priority":"","_sitemap_frequency":"","_monsterinsights_skip_tracking":false,"_monsterinsights_sitenote_active":false,"_monsterinsights_sitenote_note":"","_monsterinsights_sitenote_category":0},"product_cat":[16041],"product_tag":[16042,16043,16045],"class_list":{"0":"post-27288","1":"product","2":"type-product","3":"status-publish","4":"has-post-thumbnail","6":"product_cat-kipulaakkeita","7":"product_tag-osta-xanax","8":"product_tag-osta-xanax-verkosta","9":"product_tag-tilaa-xanax-verkosta","11":"first","12":"instock","13":"shipping-taxable","14":"purchasable","15":"product-type-variable","16":"farmacie-col"},"aioseo_notices":[],"_links":{"self":[{"href":"https:\/\/lacasadelamedicina.es\/fi\/wp-json\/wp\/v2\/product\/27288"}],"collection":[{"href":"https:\/\/lacasadelamedicina.es\/fi\/wp-json\/wp\/v2\/product"}],"about":[{"href":"https:\/\/lacasadelamedicina.es\/fi\/wp-json\/wp\/v2\/types\/product"}],"replies":[{"embeddable":true,"href":"https:\/\/lacasadelamedicina.es\/fi\/wp-json\/wp\/v2\/comments?post=27288"}],"wp:featuredmedia":[{"embeddable":true,"href":"https:\/\/lacasadelamedicina.es\/fi\/wp-json\/wp\/v2\/media\/20194"}],"wp:attachment":[{"href":"https:\/\/lacasadelamedicina.es\/fi\/wp-json\/wp\/v2\/media?parent=27288"}],"wp:term":[{"taxonomy":"product_cat","embeddable":true,"href":"https:\/\/lacasadelamedicina.es\/fi\/wp-json\/wp\/v2\/product_cat?post=27288"},{"taxonomy":"product_tag","embeddable":true,"href":"https:\/\/lacasadelamedicina.es\/fi\/wp-json\/wp\/v2\/product_tag?post=27288"}],"curies":[{"name":"wp","href":"https:\/\/api.w.org\/{rel}","templated":true}]}}