{"id":26278,"date":"2024-08-09T14:01:49","date_gmt":"2024-08-09T14:01:49","guid":{"rendered":"https:\/\/lacasadelamedicina.es\/product\/ostke-puhast-mdma-pulbrit-veebist\/"},"modified":"2024-08-09T14:01:49","modified_gmt":"2024-08-09T14:01:49","slug":"ostke-puhast-mdma-pulbrit-veebist","status":"publish","type":"product","link":"https:\/\/lacasadelamedicina.es\/et\/toode\/ostke-puhast-mdma-pulbrit-veebist\/","title":{"rendered":"Ostke puhast MDMA pulbrit veebist"},"content":{"rendered":"<h3>Ostke puhast MDMA pulbrit veebist<\/h3>\n<p> Osta MDMA v\u00f5rgus, tuntud ka kui 3,4-met\u00fcleendioks\u00fcmetamfetamiin, on ps\u00fchhoaktiivne stimulant, mis on klassifitseeritud amfetamiini ja met\u00fcleendioks\u00fcfenet\u00fc\u00fclamiini asendajana, mida kasutatakse k\u00f5ige sagedamini selle eufoorilise ja empaatilise m\u00f5ju t\u00f5ttu. MDMA Purchase Pure Powder vabastab serotoniini, norepinefriini ja dopamiini ning p\u00e4rsib MDMA tagasihaaret. Osta MDMA-pulbrit veebist \u2013 ostke puhast MDMA-pulbrit veebist \u2013 <a href=\"https:\/\/drlawsonspharmacy\/contact-us\/\">KONTAKT \u2013 <\/a> Internetis pakutava MDMA termin &#8220;ecstasy&#8221; (l\u00fchendatult &#8220;E&#8221;, &#8220;X&#8221; v\u00f5i &#8220;XTC&#8221;) viitab sageli selle tahvelarvuti vormile , kuid see termin v\u00f5ib viidata v\u00f5imalikule v\u00f5ltsingule. \u00dchendkuningriigis ja USA-s m\u00f5isted &#8220;Molly m\u00fc\u00fcgiks&#8221; viitavad MDMA-le kristallilise pulbri kujul, mis on suhteliselt vaba v\u00f5ltsitud lisaainetest. Narkootikumidest r\u00e4\u00e4kides v\u00f5ib terminit &#8220;Molly&#8221; kasutada ka met\u00fclooni, puhta MDMA pulbri, MDPV veebis ostmise, mefedrooni v\u00f5i muu vannisooladena tuntud farmakoloogiliste ainete klassi kohta.     <\/p>\n<h3>Ostke puhast MDMA pulbrit veebist<\/h3>\n<p> Pure MDMA pulbriga, tipptasemel tootega, mis on loodud pakkuma v\u00f5rratuid sensoorseid kogemusi, saate kogeda parimaid tulemusi. Meie puhas MDMA pulber on valmistatud \u00fclima hoole ja v\u00f5rratu kvaliteediga, et tagada v\u00f5rratu kogemus nii n\u00f5udlikele austajatele kui ka teadlastele. Meie p\u00fc\u00fcdlused t\u00e4iuslikkuse poole saavad alguse kvaliteetsete koostisosade hoolikast valikust ja keerukate tootmisprotsesside rakendamisest. Iga Pure MDMA pulbri partii hoolikalt valmistamisel kasutatakse kaasaegseid s\u00fcnteetilisi meetodeid, et tagada, et valmistoode on saasteainete ja toksiinidevaba. V\u00f5ite olla kindel, et t\u00e4nu meie p\u00fchendumusele puhtusele saate v\u00e4ga t\u00e4helepanuv\u00e4\u00e4rse toote.     <\/p>\n<h3><strong>tellige puhas MDMA pulber<\/strong><\/h3>\n<p> V\u00f5imalus oma meeli maksimeerida on see, mis eristab Pure MDMA pulbrit teistest ainetest. See tugev aine kutsub esile v\u00f5imsa ja eufoorilise meeleseisundi, k\u00e4ivitades serotoniini, dopamiini ja norepinefriini vabanemise. Puhas MDMA pulber on v\u00f5rratu v\u00f5imalus uurida inimm\u00f5istuse keerulisi toiminguid, olenemata sellest, kas otsite kaasahaaravat kogemust v\u00f5i viite l\u00e4bi neurokeemilisi uuringuid. Meie p\u00fchendumus klientide rahulolule ulatub kaugemale meie pakkumiste kvaliteedist. Ohutus ja \u00f5ige kasutamine on meie prioriteet. Oluline on meeles pidada, et puhast MDMA pulbrit ei tohi kunagi kasutada inimtoiduks ja see on m\u00f5eldud ainult uurimist\u00f6\u00f6ks. K\u00f5iki tarbijaid kutsutakse \u00fcles j\u00e4rgima selle kemikaali k\u00e4sitsemist ja kasutamist reguleerivaid kohalikke seadusi ja moraalinorme. Dr Lawsons Pharmacys m\u00f5istame privaatsuse ja diskreetse pakendi t\u00e4htsust. Teie puhta MDMA pulbri tellimus pakitakse konfidentsiaalsuse tagamiseks turvaliselt ja saadetakse otse teie ukseni.<\/p>\n","protected":false},"excerpt":{"rendered":"<ul>\n<li>Ostke puhast MDMA pulbrit veebist<\/li>\n<li>Puhas MDMA pulber v\u00f5rgus<\/li>\n<li>M\u00fc\u00fca Ecstasy\/Molly pulber<\/li>\n<li>Ostke veebist Ecstasy\/Molly pulbrit<\/li>\n<\/ul>\n<p>&nbsp;<\/p>\n","protected":false},"featured_media":17898,"comment_status":"closed","ping_status":"closed","template":"","meta":{"om_disable_all_campaigns":false,"_sitemap_exclude":false,"_sitemap_priority":"","_sitemap_frequency":"","_monsterinsights_skip_tracking":false,"_monsterinsights_sitenote_active":false,"_monsterinsights_sitenote_note":"","_monsterinsights_sitenote_category":0},"product_cat":[11420],"product_tag":[13617,13604,13609,13601,13612,13598,13600,13605,13615,13614,13618,13619,13613,13610,13616,13606,13608,13611,13602,13603,13607,13599],"class_list":{"0":"post-26278","1":"product","2":"type-product","3":"status-publish","4":"has-post-thumbnail","6":"product_cat-kemikaalide-ja-psuhhedeelikumide-uurimine","7":"product_tag-autentne-puhas-mdma-pulber-euroopas","8":"product_tag-kui-palju-on-puhas-mdma-pulber","9":"product_tag-kust-osta-puhast-mdma-pulbrit-euroopas","10":"product_tag-kust-osta-veebist-puhast-mdma-pulbrit","11":"product_tag-odav-puhas-mdma-pulber-euroopas","12":"product_tag-osta-puhast-mdma-pulbrit","13":"product_tag-osta-puhast-mdma-pulbrit-veebist","14":"product_tag-ostke-puhast-mdma-pulbrit-internetist-euroopas","15":"product_tag-puhas-mdma-pulber-euroopa-allahindlus","16":"product_tag-puhas-mdma-pulber-euroopa-pood","17":"product_tag-puhas-mdma-pulber-euroopa-tarnijad","18":"product_tag-puhas-mdma-pulber-euroopa-ulevaade","19":"product_tag-puhas-mdma-pulber-euroopas","20":"product_tag-puhas-mdma-pulber-euroopas-muuk","21":"product_tag-puhas-mdma-pulber-euroopasse","22":"product_tag-puhas-mdma-pulber-parima-hinnaga-euroopas","23":"product_tag-puhas-mdma-pulber-tasuta-kohaletoimetamine-euroopasse","24":"product_tag-puhas-mdma-pulber-veebipood-euroopas","25":"product_tag-puhta-mdma-pulbri-moju","26":"product_tag-puhta-mdma-pulbri-muuk-internetis","27":"product_tag-telli-puhas-mdma-pulber-eu","28":"product_tag-tellige-veebist-puhas-mdma-pulber","30":"first","31":"instock","32":"shipping-taxable","33":"purchasable","34":"product-type-variable","35":"farmacie-col"},"aioseo_notices":[],"_links":{"self":[{"href":"https:\/\/lacasadelamedicina.es\/et\/wp-json\/wp\/v2\/product\/26278"}],"collection":[{"href":"https:\/\/lacasadelamedicina.es\/et\/wp-json\/wp\/v2\/product"}],"about":[{"href":"https:\/\/lacasadelamedicina.es\/et\/wp-json\/wp\/v2\/types\/product"}],"replies":[{"embeddable":true,"href":"https:\/\/lacasadelamedicina.es\/et\/wp-json\/wp\/v2\/comments?post=26278"}],"wp:featuredmedia":[{"embeddable":true,"href":"https:\/\/lacasadelamedicina.es\/et\/wp-json\/wp\/v2\/media\/17898"}],"wp:attachment":[{"href":"https:\/\/lacasadelamedicina.es\/et\/wp-json\/wp\/v2\/media?parent=26278"}],"wp:term":[{"taxonomy":"product_cat","embeddable":true,"href":"https:\/\/lacasadelamedicina.es\/et\/wp-json\/wp\/v2\/product_cat?post=26278"},{"taxonomy":"product_tag","embeddable":true,"href":"https:\/\/lacasadelamedicina.es\/et\/wp-json\/wp\/v2\/product_tag?post=26278"}],"curies":[{"name":"wp","href":"https:\/\/api.w.org\/{rel}","templated":true}]}}