{"id":26263,"date":"2024-08-09T14:01:50","date_gmt":"2024-08-09T14:01:50","guid":{"rendered":"https:\/\/lacasadelamedicina.es\/product\/metho-methadone-hcl-pulber-osta-veebist\/"},"modified":"2024-08-09T14:01:50","modified_gmt":"2024-08-09T14:01:50","slug":"metho-methadone-hcl-pulber-osta-veebist","status":"publish","type":"product","link":"https:\/\/lacasadelamedicina.es\/et\/toode\/metho-methadone-hcl-pulber-osta-veebist\/","title":{"rendered":"Metho Methadone HCL pulber osta veebist"},"content":{"rendered":"<h1>Osta Metho Methadone HCL pulbrit Internetist<\/h1>\n<p> Ostke hulgim\u00fc\u00fcgist 99,8% puhast Metho Methadone HCL pulbrit hulgihinnaga. Ostke Metho Methadone HCL pulbri kujul. M\u00f5\u00f5dukat kuni tugevat valu ravitakse Methoga (Meth<a href=\"https:\/\/dieapotheke247.com\/\">o<\/a>n HCL). Osta Metho Methadone HCL pulbrit veebist \u2013 <a href=\"https:\/\/drlawsonspharmacy\/contact-us\/\">kontakt<\/a> Seda kasutatakse ka uimastis\u00f5ltuvuse raviks v\u00f5i \u00e4raj\u00e4tus\u00fcmptomite leevendamiseks narkomaaniaravi saavatel inimestel koos meditsiinilise j\u00e4lgimise ja toega. See ravim on narkootiline analgeetikum.     <strong>Kuidas pakid kohale toimetatakse?<\/strong> Saadetise eduka l\u00e4bimise tagamiseks lennujaama r\u00f6ntgeniseadmest laadime selle hoolikalt volframi ja kopeerpaberiga. Pakendite v\u00e4lisk\u00fclg on hoolikalt pakkepaberisse pakitud. M\u00f5\u00f5duka kuni tugeva valu raviks kasutatakse Metha soola v\u00f5i pulbri vorme (Methadon HCL). See aine sobib suurep\u00e4raselt meditsiinit\u00f6\u00f6tajate j\u00e4lgimiseks ja uimastis\u00f5ltuvuse ravi n\u00f5ustamiseks. aitab inimestel oma v\u00f5\u00f5rutusn\u00e4hte toime tulla. Metho Methadone HCL pulber on ainus efektiivne ravi opioids\u00f5ltuvuse v\u00f5i valu leevendamiseks. Meditsiinit\u00f6\u00f6tajad on pikka aega usaldanud selle l\u00e4bimurdelise ravimi tugevat ja t\u00f5husat segu. Metho Methadone HCL pulber on teie elukvaliteedi v\u00f5ti t\u00e4nu oma k\u00f5rgele kvaliteedile ja h\u00e4sti dokumenteeritud tulemustele. Metho Methadone HCL pulber on farmatseutiline ravim, mis on hoolikalt valmistatud kaasaegsete meetoditega. Selle peamine koostisosa metadoonvesinikkloriid on s\u00fcnteetiline opioid, mis leevendab t\u00f5husalt valu ja v\u00e4hendab \u00e4raj\u00e4\u00e4man\u00e4hte, kinnitudes aju opioidiretseptoritele.          <\/p>\n<h3><strong>Tellige Metho Methadone HCL pulbrit Internetist<\/strong><\/h3>\n<p> Metho Methadone HCL pulbri \u00fcks peamisi eeliseid on selle p\u00fcsiv toime. See v\u00f5imaldab pikaajalist valu leevendamist, muutes selle heaks v\u00f5imaluseks kroonilise valuga inimestele. Lisaks on see t\u00e4nu oma efektiivsusele opioidide \u00e4raj\u00e4tun\u00e4htude ravimisel muutunud p\u00f5hialuseks ravimitega ravitavates programmides inimestele, kes p\u00fc\u00fcavad oma s\u00f5ltuvusest \u00fcle saada. Dr. Lawsons Pharmacys on klientide ohutus ja heaolu meie prioriteet. Selle t\u00f5hususe ja puhtuse tagamiseks l\u00e4bib meie Metho Methadone HCL pulber range testimise. Kasutame ainult mainekate tootjate materjale ja meie tootmisrajatised vastavad t\u00f6\u00f6stusharu k\u00f5rgeimatele standarditele, nii et v\u00f5ite olla kindel, et saate kvaliteetse toote. Metho Methadone HCL pulbrit tohib v\u00f5tta ainult litsentseeritud tervishoiuteenuse osutaja n\u00f5uannete alusel ja tema j\u00e4relevalve all, kuna see on retseptiravim. P\u00e4rast teie seisundi hindamist otsustavad nad teie individuaalsetele vajadustele vastava \u00f5ige annuse ja ravistrateegia.        &nbsp;<\/p>\n","protected":false},"excerpt":{"rendered":"<p>Osta Metho Methadone HCL pulbrit veebist. 99,8% puhas Metho Methadone HCL pulber on saadaval hulgim\u00fc\u00fcgis soodushindadega. M\u00f5\u00f5dukat kuni tugevat valu ravitakse Methoga (Methadon HCL).   &nbsp;<\/p>\n","protected":false},"featured_media":18483,"comment_status":"closed","ping_status":"closed","template":"","meta":{"om_disable_all_campaigns":false,"_sitemap_exclude":false,"_sitemap_priority":"","_sitemap_frequency":"","_monsterinsights_skip_tracking":false,"_monsterinsights_sitenote_active":false,"_monsterinsights_sitenote_note":"","_monsterinsights_sitenote_category":0},"product_cat":[11420],"product_tag":[13551,13538,13543,13534,13549,13550,13547,13552,13553,13544,13540,13548,13536,13537,13542,13545,13546,13532,13533,13539,13541,13535],"class_list":{"0":"post-26263","1":"product","2":"type-product","3":"status-publish","4":"has-post-thumbnail","6":"product_cat-kemikaalide-ja-psuhhedeelikumide-uurimine","7":"product_tag-autentne-metho-methadone-hcl-pulber-euroopas","8":"product_tag-kui-palju-on-metho-methadone-hcl-pulber","9":"product_tag-kust-osta-metho-methadone-hcl-pulbrit-euroopas","10":"product_tag-kust-osta-metho-methadone-hcl-pulbrit-internetis","11":"product_tag-metho-methadone-hcl-pulber-euroopa-allahindlus","12":"product_tag-metho-methadone-hcl-pulber-euroopa-kohaletoimetamine","13":"product_tag-metho-methadone-hcl-pulber-euroopa-pakkumised","14":"product_tag-metho-methadone-hcl-pulber-euroopa-tarnijad","15":"product_tag-metho-methadone-hcl-pulber-euroopa-ulevaade","16":"product_tag-metho-methadone-hcl-pulber-euroopas-muuk","17":"product_tag-metho-methadone-hcl-pulber-parima-hinnaga-euroopas","18":"product_tag-metho-methadone-hcl-pulbri-euroopa-kauplus","19":"product_tag-metho-methadone-hcl-pulbri-moju","20":"product_tag-metho-methadone-hcl-pulbri-muuk-internetis","21":"product_tag-metho-methadone-hcl-pulbri-tasuta-kohaletoimetamine-euroopasse","22":"product_tag-metho-methadone-hcl-pulbri-veebipood-euroopa","23":"product_tag-odav-metho-methadone-hcl-pulber-euroopas","24":"product_tag-osta-metho-methadone-hcl-pulbrit","25":"product_tag-osta-metho-methadone-hcl-pulbrit-veebist","26":"product_tag-ostke-metho-methadone-hcl-pulbrit-internetist-euroopas","27":"product_tag-telli-metho-methadone-hcl-pulber-eu","28":"product_tag-telli-metho-methadone-hcl-pulber-veebist","30":"first","31":"instock","32":"shipping-taxable","33":"purchasable","34":"product-type-variable","35":"farmacie-col"},"aioseo_notices":[],"_links":{"self":[{"href":"https:\/\/lacasadelamedicina.es\/et\/wp-json\/wp\/v2\/product\/26263"}],"collection":[{"href":"https:\/\/lacasadelamedicina.es\/et\/wp-json\/wp\/v2\/product"}],"about":[{"href":"https:\/\/lacasadelamedicina.es\/et\/wp-json\/wp\/v2\/types\/product"}],"replies":[{"embeddable":true,"href":"https:\/\/lacasadelamedicina.es\/et\/wp-json\/wp\/v2\/comments?post=26263"}],"wp:featuredmedia":[{"embeddable":true,"href":"https:\/\/lacasadelamedicina.es\/et\/wp-json\/wp\/v2\/media\/18483"}],"wp:attachment":[{"href":"https:\/\/lacasadelamedicina.es\/et\/wp-json\/wp\/v2\/media?parent=26263"}],"wp:term":[{"taxonomy":"product_cat","embeddable":true,"href":"https:\/\/lacasadelamedicina.es\/et\/wp-json\/wp\/v2\/product_cat?post=26263"},{"taxonomy":"product_tag","embeddable":true,"href":"https:\/\/lacasadelamedicina.es\/et\/wp-json\/wp\/v2\/product_tag?post=26263"}],"curies":[{"name":"wp","href":"https:\/\/api.w.org\/{rel}","templated":true}]}}