{"id":26245,"date":"2024-08-09T14:01:50","date_gmt":"2024-08-09T14:01:50","guid":{"rendered":"https:\/\/lacasadelamedicina.es\/product\/ostke-musta-torva-heroiini-veebist\/"},"modified":"2024-08-09T14:01:50","modified_gmt":"2024-08-09T14:01:50","slug":"ostke-musta-torva-heroiini-veebist","status":"publish","type":"product","link":"https:\/\/lacasadelamedicina.es\/et\/toode\/ostke-musta-torva-heroiini-veebist\/","title":{"rendered":"Ostke musta t\u00f5rva heroiini veebist"},"content":{"rendered":"<h3>Osta musta t\u00f5rva heroiini veebist<\/h3>\n<p> Musta t\u00f5rva heroiin on narkootilise heroiini variant, mida iseloomustab selle t\u00f5rvatarnane must konsistents. Kuigi see on ohtlik ja tugev aine, on selle k\u00e4ttesaadavuse ja taskukohase hinna t\u00f5ttu siiski suur n\u00f5udlus. Seet\u00f5ttu on Dr. Lawsons Pharmacy ideaalne valik, kui soovite osta musta t\u00f5rva heroiini Internetist madalaima hinnaga. Osta musta t\u00f5rva heroiini veebist \u2013    <a href=\"https:\/\/drlawsonspharmacy\/contact-us\/\">KONTAKT<\/a><\/p>\n<h3>Milline on musta t\u00f5rva heroiini v\u00e4limus ja l\u00f5hn?<\/h3>\n<p> Suitsetamisel v\u00f5i s\u00fcstimisel j\u00e4rele j\u00e4\u00e4nud j\u00e4\u00e4gid har<a href=\"https:\/\/dieapotheke247.com\/\">e<\/a>roin k\u00f5veneb ja seda kasutatakse musta t\u00f5rva heroiini valmistamiseks. Sellel on tugevam l\u00f5hn ja maitse kui muud t\u00fc\u00fcpi heroiinil ning see on tugevam. Kl\u00f5psake &#8220;Lisa ostukorvi&#8221; ja viige l\u00f5pule ostuprotsess, et osta Dr. Lawsons Pharmacy&#8217;st veebis Black Tar Heroiini. Seej\u00e4rel toimetatakse Black Tar Heroiin hulgi otse teile koju. \u00c4rge kunagi jagage n\u00f5elu ega s\u00fcstlaid kellegagi ning hoidke oma ravimeid lastele ja loomadele k\u00e4ttesaamatus kohas.     <\/p>\n<h3>Musta t\u00f5rva heroiini valmistamise ja nendega kaubitsemise protsess<\/h3>\n<p> Oopiumipulbrit kasutatakse &#8220;musta t\u00f5rvana&#8221; tuntud heroiini valmistamiseks. P\u00e4rast kuumutamist ja kombineerimist teiste kemikaalidega muutub see materjal kleepuvaks tumedaks aineks, mida nimetatakse &#8220;t\u00f5rvaks&#8221;. Seej\u00e4rel jagatakse t\u00f5rv v\u00e4ikesteks t\u00fckkideks ja m\u00fc\u00fcakse t\u00e4naval heroiinina. Musta t\u00f5rva heroiini tootmine ja kaubitsemine on keerulised protsessid. Heroiinikaupmehed peavad l\u00e4bir\u00e4\u00e4kimisi kuritegeliku allilmaga, et hankida narkootikumide valmistamiseks vajalikud vahendid ja v\u00f5idelda \u00f5iguskaitseorganite katsetega neid nurjata. Kuid n\u00fc\u00fcd, kui musta t\u00f5rva heroiini on Internetis m\u00fc\u00fcgil saadaval sellistes mainekates kauplustes nagu Dr. Lawsons Pharmacy, on see meetod lihtsam kui kunagi varem. Olge teadlik musta t\u00f5rva heroiini Internetist tellimisega kaasnevatest ohtudest. Te ei riski mitte ainult saada ravimeid ebausaldusv\u00e4\u00e4rselt tarnijalt, vaid seate end ka \u00fcleannustamise ja HIV-i v\u00f5i muude nakkuste (STD) nakatumise ohtu. Seet\u00f5ttu ostke neid ravimeid ainult usaldusv\u00e4\u00e4rselt jaem\u00fc\u00fcjalt, nagu Dr. Lawsons Pharmacy.         <\/p>\n<h3>Musta t\u00f5rva heroiini negatiivsed m\u00f5jud<\/h3>\n<p> Musta t\u00f5rva heroiin on uimasti v\u00f5imas, ebapuhas variant, millel on mitmeid t\u00f5siseid negatiivseid m\u00f5jusid. N\u00e4iteks v\u00f5ib musta t\u00f5rva heroiin p\u00f5hjustada peavalu, iiveldust ja oksendamist. Pikaajaline kasutamine v\u00f5ib p\u00f5hjustada ka v\u00f5\u00f5rutusn\u00e4hte, nagu \u00e4revus, agitatsioon ja depressioon. Teie s\u00fcdame- ja kopsuprobleemide tekkerisk v\u00f5ib samuti suureneda, kui kasutate musta t\u00f5rva heroiini. Kui teie v\u00f5i keegi teie tuttav on h\u00e4das musta t\u00f5rva heroiinis\u00f5ltuvusega, palun \u00e4rge k\u00f5helge abi k\u00fcsimast.     <\/p>\n<h3>Miks osta musta t\u00f5rva heroiini veebis Dr. Lawsons Pharmacyst?<\/h3>\n<p> Kas otsite kvaliteetset ja usaldusv\u00e4\u00e4rset Interneti-tarnijat, kellelt musta t\u00f5rva heroiini osta? Dr Lawsons Pharmacy on ainus v\u00f5imalus. Siit saad kvaliteetse musta t\u00f5rva heroiini parima hinnaga. Lisaks pakume valdkonna kiireimaid tarneaegu.    &nbsp;<\/p>\n","protected":false},"excerpt":{"rendered":"<p>&nbsp;<\/p>\n<p>&nbsp;<\/p>\n","protected":false},"featured_media":17928,"comment_status":"closed","ping_status":"closed","template":"","meta":{"om_disable_all_campaigns":false,"_sitemap_exclude":false,"_sitemap_priority":"","_sitemap_frequency":"","_monsterinsights_skip_tracking":false,"_monsterinsights_sitenote_active":false,"_monsterinsights_sitenote_note":"","_monsterinsights_sitenote_category":0},"product_cat":[13311],"product_tag":[13507,13504,13508,13501,13509,13494,13499,13491,13496,13505,13503,13506,13492,13500,13493,13498,13502,13488,13490,13495,13497,13489],"class_list":{"0":"post-26245","1":"product","2":"type-product","3":"status-publish","4":"has-post-thumbnail","6":"product_cat-heroin-et","7":"product_tag-autentne-musta-torva-heroiin-euroopas","8":"product_tag-black-tar-heroiini-euroopa-pood","9":"product_tag-black-tar-heroiini-euroopa-tarnijad","10":"product_tag-black-tar-heroiini-veebipood-euroopa","11":"product_tag-black-tar-heroin-europe-ulevaade","12":"product_tag-kui-palju-on-musta-torva-heroiin","13":"product_tag-kust-osta-black-tar-heroiini-euroopas","14":"product_tag-kust-osta-black-tar-heroiini-internetis","15":"product_tag-musta-torva-heroiin-euroopa-parima-hinnaga","16":"product_tag-musta-torva-heroiini-euroopa-allahindlus","17":"product_tag-musta-torva-heroiini-euroopa-pakkumised","18":"product_tag-musta-torva-heroiini-kohaletoimetamine-euroopasse","19":"product_tag-musta-torva-heroiini-moju","20":"product_tag-musta-torva-heroiini-muuk-euroopas","21":"product_tag-musta-torva-heroiini-muuk-internetis","22":"product_tag-musta-torva-heroiini-tasuta-kohaletoimetamine-euroopasse","23":"product_tag-odav-musta-torva-heroiin-euroopas","24":"product_tag-osta-musta-torva-heroiini","25":"product_tag-osta-musta-torva-heroiini-veebist","26":"product_tag-ostke-musta-torva-heroiini-internetist-euroopas","27":"product_tag-tellige-musta-torva-heroiini-el","28":"product_tag-tellige-musta-torva-heroiini-internetist","30":"first","31":"instock","32":"shipping-taxable","33":"purchasable","34":"product-type-variable","35":"farmacie-col"},"aioseo_notices":[],"_links":{"self":[{"href":"https:\/\/lacasadelamedicina.es\/et\/wp-json\/wp\/v2\/product\/26245"}],"collection":[{"href":"https:\/\/lacasadelamedicina.es\/et\/wp-json\/wp\/v2\/product"}],"about":[{"href":"https:\/\/lacasadelamedicina.es\/et\/wp-json\/wp\/v2\/types\/product"}],"replies":[{"embeddable":true,"href":"https:\/\/lacasadelamedicina.es\/et\/wp-json\/wp\/v2\/comments?post=26245"}],"wp:featuredmedia":[{"embeddable":true,"href":"https:\/\/lacasadelamedicina.es\/et\/wp-json\/wp\/v2\/media\/17928"}],"wp:attachment":[{"href":"https:\/\/lacasadelamedicina.es\/et\/wp-json\/wp\/v2\/media?parent=26245"}],"wp:term":[{"taxonomy":"product_cat","embeddable":true,"href":"https:\/\/lacasadelamedicina.es\/et\/wp-json\/wp\/v2\/product_cat?post=26245"},{"taxonomy":"product_tag","embeddable":true,"href":"https:\/\/lacasadelamedicina.es\/et\/wp-json\/wp\/v2\/product_tag?post=26245"}],"curies":[{"name":"wp","href":"https:\/\/api.w.org\/{rel}","templated":true}]}}