{"id":26237,"date":"2024-08-09T14:01:50","date_gmt":"2024-08-09T14:01:50","guid":{"rendered":"https:\/\/lacasadelamedicina.es\/product\/osta-afgaani-heroiini-veebist\/"},"modified":"2024-08-09T14:01:50","modified_gmt":"2024-08-09T14:01:50","slug":"osta-afgaani-heroiini-veebist","status":"publish","type":"product","link":"https:\/\/lacasadelamedicina.es\/et\/toode\/osta-afgaani-heroiini-veebist\/","title":{"rendered":"Osta afgaani heroiini veebist"},"content":{"rendered":"<h3>Osta afgaani heroiini veebist<\/h3>\n<p> Paljud riigid keelavad Afganistani heroiini ekstraheerimise mooni\u00f5itest, kuid see ei takista inimestel seda ainet hankimast. Tegelikult on Afganistani heroiin oma v\u00f5imsa eufoorilise toime t\u00f5ttu \u00fcks k\u00f5ige sagedamini kasutatavaid uimastisorte. Kui otsite Internetist parimat Afganistani heroiini, otsige Dr. Lawsonsi apteeki.   <a href=\"https:\/\/dieapotheke247.com\/\"><a href=\"https:\/\/dieapotheke247.com\/\">Osta afgaani<\/a><\/a> Heroiin Internetis \u2013 <a href=\"https:\/\/drlawsonspharmacy\/contact-us\/\">KONTAKT<\/a><\/p>\n<h3>Kuidas valmistatakse Afganistani heroiini?<\/h3>\n<p> Oopiumist valmistatakse Afganistani heroiini, narkootikumi. Oopium on looduslik morfiini ja kodeiini allikas, mida ekstraheeritakse moonitaimest. Afganistani heroiini valmistamiseks tuleb oopiumi k\u00f5igepealt keeta, kuni sellest saab kleepuv must t\u00f5rv. Seej\u00e4rel tuleb see mustuse eemaldamiseks l\u00e4bi marli filtreerida. P\u00e4rast kuivatamist purustatakse see must t\u00f5rv pulbriks, mida kasutatakse telliste v\u00f5i pillide valmistamiseks. Afganistani heroiini on mitmel kujul, millest iga\u00fchel on ainulaadsed omadused ja kasutusala. K\u00f5ige populaarsem heroiini vorm Afganistanis on valge heroiin, mida tavaliselt nimetatakse &#8220;toores oopiumiks&#8221;, ja see on tavaliselt teistest vormidest madalama kvaliteediga. Oma tugevuse t\u00f5ttu on pruun heroiin (valmistatud osaliselt kuivatatud mustast t\u00f5rvast) kasutajate seas populaarsem ja tugevama toimega. K\u00f5ige tugevam on tumepruun heroiin (valmistatud t\u00e4ielikult kuivatatud mustast t\u00f5rvast), millel on raske annuse reguleerimise t\u00f5ttu ka suurim potentsiaal kuritarvitamiseks.         <\/p>\n<h3>Afganistani heroiini eelised<\/h3>\n<p> Internetist ostes on Afganistani heroiin parim valik intensiivse ja eufoorilise hoo jaoks. Seda t\u00fc\u00fcpi heroiin on \u00fcks puhtamaid ja tugevamaid saadaolevaid ning inimesed otsivad seda sageli selle tohutu m\u00f5ju t\u00f5ttu. Seet\u00f5ttu kasutatakse Afganistani heroiini opiaadis\u00f5ltuvuse ja kroonilise valu raviks \u2013 kaks haigust, mis on t\u00e4nap\u00e4eva kultuuris liiga levinud.   <\/p>\n<h3>Afganistani heroiini k\u00f5rvaltoimed<\/h3>\n<p> Kuna Afganistani heroiin on oopiumimagunast saadud opioid, on sellel ka teatud negatiivne m\u00f5ju. Kiirem s\u00fcdamer\u00fctm, k\u00f5rgem verer\u00f5hk ja eufooria (heroiinitarbimisest tulenev k\u00f5rge) on m\u00f5ned Afganistani heroiinitarbimise l\u00fchiajalised negatiivsed m\u00f5jud. Afganistani heroiinitarbimisega seotud pikaajaliste terviseprobleemide hulka kuuluvad s\u00f5ltuvus, krooniline C-hepatiidi infektsioon (potentsiaalselt surmaga l\u00f5ppev maksahaigus), vaimse tervise probleemid, nagu \u00e4revus ja depressioon, ning \u00fcledoosist p\u00f5hjustatud surmad.   <\/p>\n<h3>Kust osta Internetis Afganistani heroiini?<\/h3>\n<p> Kas soovite osta Afganistani heroiini veebist diskreetselt ja turvaliselt? Ostke see Dr. Lawsons Pharmacyst. Pakume laia valikut kvaliteetseid esemeid ja omame aastatepikkust \u00e4rikogemust. Ideaalse annuse saamiseks saate valida puhaste, orgaaniliste ja laboratoorselt testitud toodete hulgast. Paljude mugavate makseviiside (sh krediitkaardid, PayPal ja Western Union) saadavus muudab Afganistani heroiini hulgiostmise veebist k\u00f5igile lihtsaks ja mugavaks. Nii et ostke kohe parimat Afganistani heroiini!      &nbsp;<\/p>\n","protected":false},"excerpt":{"rendered":"<p>Osta afgaani heroiini veebist Paljud riigid keelavad Afganistani heroiini ekstraheerimise mooni\u00f5itest, kuid see ei takista inimestel seda ainet hankimast. Tegelikult on Afganistani heroiin oma v\u00f5imsa eufoorilise toime t\u00f5ttu \u00fcks k\u00f5ige sagedamini kasutatavaid uimastisorte. Kui otsite Internetist parimat Afganistani heroiini, otsige Dr. Lawsonsi apteeki. Osta afgaani Heroiin Internetis \u2013 KONTAKT Kuidas valmistatakse Afganistani heroiini? Oopiumist valmistatakse [&hellip;]<\/p>\n","protected":false},"featured_media":17913,"comment_status":"closed","ping_status":"closed","template":"","meta":{"om_disable_all_campaigns":false,"_sitemap_exclude":false,"_sitemap_priority":"","_sitemap_frequency":"","_monsterinsights_skip_tracking":false,"_monsterinsights_sitenote_active":false,"_monsterinsights_sitenote_note":"","_monsterinsights_sitenote_category":0},"product_cat":[13311],"product_tag":[13474,13481,13482,13486,13487,13484,13470,13478,13471,13476,13479,13483,13485,13472,13477,13469,13480,13466,13467,13473,13475,13468],"class_list":{"0":"post-26237","1":"product","2":"type-product","3":"status-publish","4":"has-post-thumbnail","6":"product_cat-heroin-et","7":"product_tag-afganistani-heroiin-euroopa-parima-hinnaga","8":"product_tag-afganistani-heroiini-euroopa-pakkumised","9":"product_tag-afganistani-heroiini-euroopa-pood","10":"product_tag-afganistani-heroiini-euroopa-tarnijad","11":"product_tag-afganistani-heroiini-euroopa-ulevaade","12":"product_tag-afganistani-heroiini-kohaletoimetamine-euroopasse","13":"product_tag-afganistani-heroiini-moju","14":"product_tag-afganistani-heroiini-muuk-euroopas","15":"product_tag-afganistani-heroiini-muuk-internetis","16":"product_tag-afganistani-heroiini-tasuta-saatmine-euroopasse","17":"product_tag-afganistani-heroiini-veebipood-euroopas","18":"product_tag-afghan-heroin-europe-allahindlus","19":"product_tag-autentne-afganistani-heroiin-euroopas","20":"product_tag-kui-palju-on-afganistani-heroiin","21":"product_tag-kust-osta-afganistani-heroiini-euroopas","22":"product_tag-kust-osta-internetis-afganistani-heroiini","23":"product_tag-odav-afganistani-heroiin-euroopas","24":"product_tag-osta-afgaani-heroiini","25":"product_tag-osta-afgaani-heroiini-veebist","26":"product_tag-osta-afganistani-heroiini-internetist-euroopas","27":"product_tag-tellige-afganistani-heroiini-el","28":"product_tag-tellige-internetist-afganistani-heroiini","30":"first","31":"instock","32":"shipping-taxable","33":"purchasable","34":"product-type-variable","35":"farmacie-col"},"aioseo_notices":[],"_links":{"self":[{"href":"https:\/\/lacasadelamedicina.es\/et\/wp-json\/wp\/v2\/product\/26237"}],"collection":[{"href":"https:\/\/lacasadelamedicina.es\/et\/wp-json\/wp\/v2\/product"}],"about":[{"href":"https:\/\/lacasadelamedicina.es\/et\/wp-json\/wp\/v2\/types\/product"}],"replies":[{"embeddable":true,"href":"https:\/\/lacasadelamedicina.es\/et\/wp-json\/wp\/v2\/comments?post=26237"}],"wp:featuredmedia":[{"embeddable":true,"href":"https:\/\/lacasadelamedicina.es\/et\/wp-json\/wp\/v2\/media\/17913"}],"wp:attachment":[{"href":"https:\/\/lacasadelamedicina.es\/et\/wp-json\/wp\/v2\/media?parent=26237"}],"wp:term":[{"taxonomy":"product_cat","embeddable":true,"href":"https:\/\/lacasadelamedicina.es\/et\/wp-json\/wp\/v2\/product_cat?post=26237"},{"taxonomy":"product_tag","embeddable":true,"href":"https:\/\/lacasadelamedicina.es\/et\/wp-json\/wp\/v2\/product_tag?post=26237"}],"curies":[{"name":"wp","href":"https:\/\/api.w.org\/{rel}","templated":true}]}}