{"id":26231,"date":"2024-08-09T14:01:50","date_gmt":"2024-08-09T14:01:50","guid":{"rendered":"https:\/\/lacasadelamedicina.es\/product\/ostke-puhast-mmb-2201-pulbrit-veebist\/"},"modified":"2024-08-09T14:01:50","modified_gmt":"2024-08-09T14:01:50","slug":"ostke-puhast-mmb-2201-pulbrit-veebist","status":"publish","type":"product","link":"https:\/\/lacasadelamedicina.es\/et\/toode\/ostke-puhast-mmb-2201-pulbrit-veebist\/","title":{"rendered":"Ostke puhast MMB-2201 pulbrit veebist"},"content":{"rendered":"<h1>Ostke puhast MMB-2201 pulbrit veebist<\/h1>\n<p> Ostke MMB-2201 pulbrit veebist. Kannabinoidid on teadusuuringute tipptasemel kemikaalid. MDMB-2201 saab hulgim\u00fc\u00fcgihindadega veebist osta usaldusv\u00e4\u00e4rselt tarnijalt Coinstar Chemical. Ostke puhast MMB-2201 pulbrit veebist \u2013 <a href=\"https:\/\/drlawsonspharmacy\/contact-us\/\">KONTAKT<\/a><strong>5f MDMB 2201 m\u00fc\u00fcgiks MDMB 2201 reddit<\/strong><strong>mmb-fub | mmbfub<\/strong><strong>fub2201 | fub-akb48<\/strong> (tuntud ka kui 5F-MMB-PICA, 5F-AMB-PICA ja I-AMB) on indool-3-karboksamiidil p\u00f5hinev v\u00f5imas s\u00fcnteetiline kannabinoid, mida m\u00fc\u00fcakse kanepisegudes toimeainena ja kasutatakse disainerravimina. S\u00fcnteetiline. 2014. aasta jaanuaris mainiti seda esmakordselt Venemaal ja Valgevenes; sellegipoolest m\u00fc\u00fcdi see hiljem mitmetesse teistesse riikidesse. Indasoolide perekonna s\u00fcnteetiline kannabinoid nimega 5F-MDMB-2201 on m\u00e4rkimisv\u00e4\u00e4rselt v\u00f5rreldav MMB-2201-ga. 5F-MDMB-2201 m\u00f5jutab (antagoniseerib) tugevalt CB1 ja CB2 retseptoreid. Meksedroon kuulub katinoonide keemilisse klassi ja reageerib sellisena. Mexedrone on valgete teemantide &#8220;f\u00fc\u00fcsilise v\u00e4limusega&#8221;, kuid seda saab osta ka s\u00fcnteetilise pulbri v\u00f5i kristallidena. Mexedrone&#8217;i maksimaalne annus on 50 mg kuni 100 mg ja seda v\u00f5etakse suu kaudu. On t\u00e4heldatud, et mefedrooni annused vahemikus 100 mg kuni 150 mg p\u00f5hjustavad sarnaseid toimeid. Mexedrone&#8217;i toime v\u00f5ib kesta 4 kuni 6 tundi.             <\/p>\n<h3>Ostke puhast MMB-2201 pulbrit veebist<\/h3>\n<p> Meksedroon on &#8220;ps\u00fchhoaktiivne ravim&#8221;, mis on klassifitseeritud entaktogeeniks ja stimulaatoriks. Samuti kutsub see esile agitatsiooni. On m\u00f5eldav, kuid pole veel t\u00f5estatud, et Mexedrone p\u00f5hjustab s\u00fcndmuse stimuleeriva m\u00f5ju t\u00f5ttu s\u00fcnaptilise \u00fcleujutuse. Mexedrone kasutamise ajal aktiivsetes s\u00fcnapsides v\u00f5ib esineda dopamiini, norepinefriini ja serotoniini.    <\/p>\n<h3><strong>Telli MMB-2201<\/strong><\/h3>\n<p> Mexedrone&#8217;i toime on 70% algkemikaali mefedrooni toimest. Mexedrone&#8217;i m\u00f5ju on olemuselt f\u00fc\u00fcsiline, vaimne ja kuulmisv\u00f5imeline ning muutub suuremate m\u00f5\u00f5tmiste korral usutavamaks. Mexedrone&#8217;i tegelikud k\u00f5rvaln\u00e4hud on elevus, rahusti, suurenenud kehaaisting, janu, suurenenud higistamine, ohjeldamatud aistingud, hammaste krigistamine, vibreeriv n\u00e4gemine ja temperatuuri reguleerimise halvenemine. Mexedroonil on ps\u00fchholoogiline m\u00f5ju, nagu vaimustus, m\u00f5ttekiirendamine ja v\u00f5rgustike loomise efekt. Mexedrone&#8217;i k\u00f5rvaltoimed v\u00f5ivad ilmneda ka kuuldavate t\u00e4iustustena. Mexedrone&#8217;i tarbimine v\u00f5ib p\u00e4rast stimuleerimist p\u00f5hjustada tippm\u00f5jusid. Mexedrone&#8217;i m\u00f5ju p\u00e4rast kasutamist v\u00f5ib olla kahjulik, p\u00f5hjustades aeglustunud m\u00f5tlemist ja inspiratsiooni, intellektuaalset kurnatust, ebamugavust, t\u00f5rksust, rasket tuju ja t\u00e4helepanu. Mexedrone&#8217;i j\u00e4relm\u00f5jud tekivad suure t\u00f5en\u00e4osusega s\u00fcnapsi tarbimise tagaj\u00e4rjel, kuna s\u00fcnapsi pakkumine v\u00e4henes kogemuse ergastusfaasis.        &nbsp;<\/p>\n","protected":false},"excerpt":{"rendered":"<p>Ostke puhast MMB-2201 pulbrit veebist. Tuntud ka kui I-AMB, 5F-AMB-PICA v\u00f5i MMB-2201 pulber.  &nbsp;<\/p>\n<p>&nbsp;<\/p>\n","protected":false},"featured_media":18453,"comment_status":"closed","ping_status":"closed","template":"","meta":{"om_disable_all_campaigns":false,"_sitemap_exclude":false,"_sitemap_priority":"","_sitemap_frequency":"","_monsterinsights_skip_tracking":false,"_monsterinsights_sitenote_active":false,"_monsterinsights_sitenote_note":"","_monsterinsights_sitenote_category":0},"product_cat":[11420],"product_tag":[13463,13450,13446,13455,13458,13444,13451,13445,13461,13460,13459,13464,13465,13462,13456,13452,13454,13457,13449,13448,13453,13447],"class_list":{"0":"post-26231","1":"product","2":"type-product","3":"status-publish","4":"has-post-thumbnail","6":"product_cat-kemikaalide-ja-psuhhedeelikumide-uurimine","7":"product_tag-autentne-puhas-mmb-2201-pulber-euroopas","8":"product_tag-kui-palju-on-puhas-mmb-2201-pulber","9":"product_tag-kust-osta-internetist-puhast-mmb-2201-pulbrit","10":"product_tag-kust-osta-puhast-mmb-2201-pulbrit-euroopas","11":"product_tag-odav-puhas-mmb-2201-pulber-euroopas","12":"product_tag-ostke-puhast-mmb-2201-pulbrit","13":"product_tag-ostke-puhast-mmb-2201-pulbrit-internetist-euroopas","14":"product_tag-ostke-puhast-mmb-2201-pulbrit-veebist","15":"product_tag-puhas-mmb-2201-pulber-euroopa-allahindlus","16":"product_tag-puhas-mmb-2201-pulber-euroopa-kauplus","17":"product_tag-puhas-mmb-2201-pulber-euroopa-pakkumised","18":"product_tag-puhas-mmb-2201-pulber-euroopa-tarnijad","19":"product_tag-puhas-mmb-2201-pulber-euroopa-ulevaade","20":"product_tag-puhas-mmb-2201-pulber-euroopas-kohaletoimetamine","21":"product_tag-puhas-mmb-2201-pulber-euroopas-muuk","22":"product_tag-puhas-mmb-2201-pulber-parima-hinnaga-euroopas","23":"product_tag-puhas-mmb-2201-pulber-tasuta-kohaletoimetamine-euroopasse","24":"product_tag-puhas-mmb-2201-pulber-veebipood-euroopa","25":"product_tag-puhas-mmb-2201-pulbri-muuk-internetis","26":"product_tag-puhta-mmb-2201-pulbri-moju","27":"product_tag-telli-puhas-mmb-2201-pulber-eu","28":"product_tag-telli-puhas-mmb-2201-pulber-veebist","30":"first","31":"instock","32":"shipping-taxable","33":"purchasable","34":"product-type-variable","35":"farmacie-col"},"aioseo_notices":[],"_links":{"self":[{"href":"https:\/\/lacasadelamedicina.es\/et\/wp-json\/wp\/v2\/product\/26231"}],"collection":[{"href":"https:\/\/lacasadelamedicina.es\/et\/wp-json\/wp\/v2\/product"}],"about":[{"href":"https:\/\/lacasadelamedicina.es\/et\/wp-json\/wp\/v2\/types\/product"}],"replies":[{"embeddable":true,"href":"https:\/\/lacasadelamedicina.es\/et\/wp-json\/wp\/v2\/comments?post=26231"}],"wp:featuredmedia":[{"embeddable":true,"href":"https:\/\/lacasadelamedicina.es\/et\/wp-json\/wp\/v2\/media\/18453"}],"wp:attachment":[{"href":"https:\/\/lacasadelamedicina.es\/et\/wp-json\/wp\/v2\/media?parent=26231"}],"wp:term":[{"taxonomy":"product_cat","embeddable":true,"href":"https:\/\/lacasadelamedicina.es\/et\/wp-json\/wp\/v2\/product_cat?post=26231"},{"taxonomy":"product_tag","embeddable":true,"href":"https:\/\/lacasadelamedicina.es\/et\/wp-json\/wp\/v2\/product_tag?post=26231"}],"curies":[{"name":"wp","href":"https:\/\/api.w.org\/{rel}","templated":true}]}}