{"id":26211,"date":"2024-08-09T14:01:54","date_gmt":"2024-08-09T14:01:54","guid":{"rendered":"https:\/\/lacasadelamedicina.es\/product\/ostke-veebist-valget-heroiinipulbrit\/"},"modified":"2024-08-09T14:01:54","modified_gmt":"2024-08-09T14:01:54","slug":"ostke-veebist-valget-heroiinipulbrit","status":"publish","type":"product","link":"https:\/\/lacasadelamedicina.es\/et\/toode\/ostke-veebist-valget-heroiinipulbrit\/","title":{"rendered":"Ostke veebist valget heroiinipulbrit"},"content":{"rendered":"<h1>Osta valget pulbrit heroiini veebist.<\/h1>\n<p> Osta valget heroiinipulbrit veebis &#8211; \u00fcks k\u00f5ige tugevamaid ja tulusamaid heroiini liike turul on valge pulber. Kuid kellelt peaksite seda ostma? Parim koht valge heroiinipulbri ostmiseks veebist madalaima hinnaga on Dr. Lawsons Pharmacy. Erinevate tarne- <a href=\"https:\/\/dieapotheke247.com\/\">ja <\/a> makseviiside abil teeb Dr. Lawsons Pharmacy valge heroiinipulbri ostmise lahtiselt lihtsaks ja turvaliseks. Meie 100% rahulolu garantii, me oleme v\u00e4ga uhked, et pakume oma klientidele kiiret, diskreetset ja turvalist ostukogemust. Osta valge heroiinipulber online &#8211; *** Translated with www.DeepL.com\/Translator (free version) ***      <a href=\"https:\/\/drlawsonspharmacy\/contact-us\/\"><a href=\"https:\/\/drlawsonspharmacy\/contact-us\/\">KONTAKT Tellige heroiini Internetist<\/a><\/a><\/p>\n<h3>Valge heroiinipulbri eelised<\/h3>\n<p> Kuigi valget heroiinipulbrit kasutatakse sageli meelelahutuslikul v\u00f5i meditsiinilisel eesm\u00e4rgil opioidivalude raviks, muutub see \u00fcha populaarsemaks ka ekstreemsemaid kogemusi otsivate inimeste seas. N\u00fc\u00fcd saate Dr. Lawsons Pharmacyst veebist osta puhast valget heroiinipulbrit ja kogeda selle v\u00f5imsat m\u00f5ju isiklikult. Turul k\u00f5ige puhtama heroiini saate, kui saate selle valge pulbri kujul Dr. Lawsons Pharmacyst. See muudab selle ideaalseks inimestele, kes otsivad intensiivset kogemust, kuna teie annus on tugevam ja kestab kauem kui muud t\u00fc\u00fcpi heroiini puhul. Lisaks on hinnad m\u00f5istlikud ja tarneajad l\u00fchikesed. Mida sa ootad? Telli kohe suur kogus valget pulbrilist heroiini! Ostke veebist valget heroiinipulbrit        <\/p>\n<h3>Valge heroiinipulbri kasutamisega seotud riskid<\/h3>\n<p> Olge teadlik ohtudest, kui kavatsete osta Internetis m\u00fc\u00fcgiks valget heroiinipulbrit. Valge heroiinipulber on tugevat s\u00f5ltuvust tekitav aine, mis v\u00f5ib sagedase kasutamise korral p\u00f5hjustada nii ps\u00fchholoogilist kui ka f\u00fc\u00fcsilist s\u00f5ltuvust. Kui te j\u00e4rsku selle kasutamise l\u00f5petate, v\u00f5ivad teil tekkida rasked ja valulikud \u00e4raj\u00e4tun\u00e4hud. Veelgi enam, isegi v\u00e4ikesed selle tugeva kemikaali annused v\u00f5ivad vale v\u00f5i liigse kasutamise korral l\u00f5ppeda surmaga. Tegelikult on \u00fcleannustamine \u00fcks levinumaid valge heroiinipulbri kasutamisega seotud surmajuhtumeid. Viimaseks, kuid mitte v\u00e4hemt\u00e4htsaks, on valge heroiinipulbri kasutamist seostatud mitmete kahjulike vaimse tervise m\u00f5judega, sealhulgas paranoia, kurbuse, m\u00f5tlemish\u00e4irete, \u00e4revuse ja s\u00f5ltuvuse taastumisega. Ostke veebist valget heroiinipulbrit       <\/p>\n<h3>Ostke veebist valget heroiinipulbrit<\/h3>\n<p> Oluline on m\u00f5ista, et valgel heroiinipulbril pole &#8220;ohutut&#8221; annust, kuna mis tahes kogus v\u00f5ib inimese teadaoleva v\u00f5i teadvuseta tundlikkuse ja muude meditsiiniliste probleemide t\u00f5ttu olla surmav. Seet\u00f5ttu tohib heroiini \u2013 \u00fcksk\u00f5ik kui v\u00e4he \u2013 kasutada ainult kvalifitseeritud meditsiinit\u00f6\u00f6taja range j\u00e4relevalve all. Tellige heroiini Internetist   <\/p>\n<h3>Miks on Dr. Lawsons Pharmacy parim koht valge heroiinipulbri Internetist ostmiseks?<\/h3>\n<p> Kui soovite osta valget heroiinipulbrit Internetist, on sellel mitmeid eeliseid, sealhulgas taskukohasus ja lihtsus. Siiski on oluline olla teadlik selle aine kasutamise ohtudest ja hankida seda ainult usaldusv\u00e4\u00e4rsetelt tarnijatelt, nagu Dr. Lawsons Pharmacy. Dr. Lawsons Pharmacy abiga saate veebis julgelt nautida valge heroiini pulbri hulgim\u00fc\u00fcgi eeliseid. Tellige heroiini Internetist    &nbsp;<\/p>\n","protected":false},"excerpt":{"rendered":"<p>Osta valget pulbrit heroiini veebist. Osta valget heroiinipulbrit veebis &#8211; \u00fcks k\u00f5ige tugevamaid ja tulusamaid heroiini liike turul on valge pulber. Kuid kellelt peaksite seda ostma? Parim koht valge heroiinipulbri ostmiseks veebist madalaima hinnaga on Dr. Lawsons Pharmacy. Erinevate tarne- ja makseviiside abil teeb Dr. Lawsons Pharmacy valge heroiinipulbri ostmise lahtiselt lihtsaks ja turvaliseks. Meie [&hellip;]<\/p>\n","protected":false},"featured_media":17988,"comment_status":"closed","ping_status":"closed","template":"","meta":{"om_disable_all_campaigns":false,"_sitemap_exclude":false,"_sitemap_priority":"","_sitemap_frequency":"","_monsterinsights_skip_tracking":false,"_monsterinsights_sitenote_active":false,"_monsterinsights_sitenote_note":"","_monsterinsights_sitenote_category":0},"product_cat":[13311],"product_tag":[13419,13406,13402,13411,13414,13400,13407,13401,13409,13403,13417,13418,13412,13415,13420,13421,13408,13416,13404,13405,13410,13413],"class_list":{"0":"post-26211","1":"product","2":"type-product","3":"status-publish","4":"has-post-thumbnail","6":"product_cat-heroin-et","7":"product_tag-autentne-valge-heroiinipulber-euroopas","8":"product_tag-kui-palju-on-valge-heroiini-pulber","9":"product_tag-kust-osta-internetis-valget-heroiinipulbrit","10":"product_tag-kust-osta-valget-heroiinipulbrit-euroopas","11":"product_tag-odav-valge-heroiinipulber-euroopa","12":"product_tag-osta-valget-heroiinipulbrit","13":"product_tag-osta-valget-heroiinipulbrit-internetist-euroopas","14":"product_tag-ostke-veebist-valget-heroiinipulbrit","15":"product_tag-telli-valge-heroiinipulber-eu","16":"product_tag-tellige-internetist-valge-heroiinipulber","17":"product_tag-valge-heroiinipulber-euroopa-allahindlus","18":"product_tag-valge-heroiinipulber-euroopa-kohaletoimetamine","19":"product_tag-valge-heroiinipulber-euroopa-muuk","20":"product_tag-valge-heroiinipulber-euroopa-pakkumised","21":"product_tag-valge-heroiinipulber-euroopa-tarnijad","22":"product_tag-valge-heroiinipulber-euroopa-ulevaade","23":"product_tag-valge-heroiinipulber-parima-hinnaga-euroopas","24":"product_tag-valge-heroiinipulbri-euroopa-pood","25":"product_tag-valge-heroiinipulbri-moju","26":"product_tag-valge-heroiinipulbri-muuk-internetis","27":"product_tag-valge-heroiinipulbri-tasuta-saatmine-euroopasse","28":"product_tag-valge-heroiinipulbri-veebipood-euroopas","30":"first","31":"instock","32":"shipping-taxable","33":"purchasable","34":"product-type-variable","35":"farmacie-col"},"aioseo_notices":[],"_links":{"self":[{"href":"https:\/\/lacasadelamedicina.es\/et\/wp-json\/wp\/v2\/product\/26211"}],"collection":[{"href":"https:\/\/lacasadelamedicina.es\/et\/wp-json\/wp\/v2\/product"}],"about":[{"href":"https:\/\/lacasadelamedicina.es\/et\/wp-json\/wp\/v2\/types\/product"}],"replies":[{"embeddable":true,"href":"https:\/\/lacasadelamedicina.es\/et\/wp-json\/wp\/v2\/comments?post=26211"}],"wp:featuredmedia":[{"embeddable":true,"href":"https:\/\/lacasadelamedicina.es\/et\/wp-json\/wp\/v2\/media\/17988"}],"wp:attachment":[{"href":"https:\/\/lacasadelamedicina.es\/et\/wp-json\/wp\/v2\/media?parent=26211"}],"wp:term":[{"taxonomy":"product_cat","embeddable":true,"href":"https:\/\/lacasadelamedicina.es\/et\/wp-json\/wp\/v2\/product_cat?post=26211"},{"taxonomy":"product_tag","embeddable":true,"href":"https:\/\/lacasadelamedicina.es\/et\/wp-json\/wp\/v2\/product_tag?post=26211"}],"curies":[{"name":"wp","href":"https:\/\/api.w.org\/{rel}","templated":true}]}}