{"id":26199,"date":"2024-08-09T14:01:54","date_gmt":"2024-08-09T14:01:54","guid":{"rendered":"https:\/\/lacasadelamedicina.es\/product\/ostke-vorgust-loikamata-heroiini\/"},"modified":"2024-08-09T14:01:54","modified_gmt":"2024-08-09T14:01:54","slug":"ostke-vorgust-loikamata-heroiini","status":"publish","type":"product","link":"https:\/\/lacasadelamedicina.es\/et\/toode\/ostke-vorgust-loikamata-heroiini\/","title":{"rendered":"Ostke v\u00f5rgust l\u00f5ikamata heroiini"},"content":{"rendered":"<h1>Ostke l\u00f5ikamata heroiini veebist<\/h1>\n<p> Ostke l\u00f5ikamata heroiini veebist \u2013 l\u00f5ikamata heroiini saab veebist osta teatud edasim\u00fc\u00fcjatelt, kuigi sellega kaasnevad omad riskid. Nii et kui olete m\u00f5elnud, kust leida veebist ehtsat, ohutut ja t\u00fckeldamata heroiini, on Dr. Lawsons Pharmacy see koht, kuhu minna. Ostke l\u00f5ikamata heroiini veebist \u2013   <a href=\"https:\/\/drlawsonspharmacy\/contact-us\/\">KONTAKT<\/a><\/p>\n<h3>Kuidas valmistatakse l\u00f5ikamata heroiini?<\/h3>\n<p> T\u00fckeldamata heroiini valmistatakse oopiumimaguna kuivatatud kaunadest. See kogutakse kokku ja muudetakse pulbriliseks valgeks materjaliks. See sisaldab suures kontsentratsioonis morfiini, <a href=\"https:\/\/dieapotheke247.com\/\">c<\/a>odeiin ja muud ained, sealhulgas v\u00f5imsad opioidid. L\u00f5pptulemus on rafineerimata oopiumisort, mis ei sisalda t\u00e4iendavaid kemikaale ega t\u00f6\u00f6tlemisreagente. Olenevalt niiskuse ja alkaloidide kogusest muutub ravimi tugevus.     <\/p>\n<h3>L\u00f5ikamata heroiini eelised<\/h3>\n<p> T\u00fckeldamata heroiin peaks olema teie valik, kui otsite k\u00f5rget jooki, mis on teistest parem. T\u00fckeldamata heroiin on tugevam ja puhtam kui muud heroiini vormid ning sellel on parem l\u00fchi- ja pikaajaline toime. Lisaks saab seda kohandada vastavalt kasutaja vajadustele, mille tulemuseks on kokteilid, mis annavad kasutajale suurema kontrolli ravimi annuse ja kvaliteedi \u00fcle. Samuti on turvalisem tarbida j\u00e4relevalve all internetist ostetud t\u00fckeldatud heroiini. Suurema tugevuse t\u00f5ttu on \u00fcleannustamise oht v\u00e4iksem. V\u00f5rreldes teiste heroiinit\u00fc\u00fcpidega on l\u00f5ikamata heroiinil v\u00e4hem negatiivseid m\u00f5jusid ja v\u00e4iksem risk s\u00f5ltuvuse tekkeks. Tegelikult on kliendid v\u00e4itnud, et Dr. Lawsons Pharmacy muudab puhta, kange ja t\u00fckeldamata heroiini Internetist ostmise lihtsamaks.       <\/p>\n<h3>L\u00f5ikamata heroiini k\u00f5rvaltoimed<\/h3>\n<p> Suurenenud s\u00f5ltuvuse ja \u00fcleannustamise risk, samuti suurem HIV-i ja teiste nakkuste esinemissagedus on k\u00f5ik terviseriskid, mis on seotud l\u00f5ikamata heroiini kasutamisega. Lisaks v\u00f5ib t\u00fckeldamata heroiin p\u00f5hjustada f\u00fc\u00fcsilisi k\u00f5rvalm\u00f5jusid, sealhulgas iiveldust, oksendamist, kiiret s\u00fcdamel\u00f6\u00f6ki ja suuremat \u00fcleannustamise riski. Teatud asjaoludel v\u00f5ib see isegi l\u00f5ppeda surmaga.   <\/p>\n<h3>Kust osta l\u00f5ikamata heroiini Internetis?<\/h3>\n<p> Kui otsite internetis lahtiselt l\u00f5ikamata heroiini, otsige tarnijaid nagu Dr. Lawsons Pharmacy, kelle tooteid on hinnatud teiste allikate poolt k\u00f5rgekvaliteediliseks. V\u00f5rreldes l\u00f5ikamata heroiini hindu internetis, pidage meeles, et kulud v\u00f5ivad suuresti erineda s\u00f5ltuvalt asukohast (nt linnad, kus heroiini t\u00e4navahind kipub olema k\u00f5rgem), kellaajast (eutanaasia tseremooniate puhul on hinnad sageli k\u00f5rgemad), makseviisist (krediitkaartidel on tavaliselt suuremad tasud kui PayPalil) jne. Kuna see, mida te ostate, on t\u00f5en\u00e4oliselt segatud teiste ainetega, olenemata allikast, on oluline mitte takerduda liiga palju hinnakujunduse \u00fcksikasjadesse. Selle asemel keskenduge sellele, et puhtus ja v\u00e4rskus s\u00e4iliksid kogu transpordi- ja ostuprotsessi jooksul, mitte ainult l\u00f5pptoodangu etapis. *** Translated with www.DeepL.com\/Translator (free version) ***    <\/p>\n<h3>Ostke l\u00f5ikamata heroiini veebist Dr. Lawsons Pharmacyst<\/h3>\n<p> Oluline on meeles pidada, et l\u00f5ikamata heroiini eba\u00f5igel v\u00f5i vastutustundetul kasutamisel v\u00f5ivad olla t\u00f5sised tagaj\u00e4rjed. Seda silmas pidades peate ostma ainult t\u00fckeldamata heroiini Internetist sellistest mainekatest apteekidest nagu Dr. Lawsons Pharmacy. Parima hinnaga pakume ainult ehtsa, t\u00fckeldamata heroiini hulgim\u00fc\u00fcki.   &nbsp;<\/p>\n","protected":false},"excerpt":{"rendered":"<p>Ostke l\u00f5ikamata heroiini veebist Ostke l\u00f5ikamata heroiini veebist \u2013 l\u00f5ikamata heroiini saab veebist osta teatud edasim\u00fc\u00fcjatelt, kuigi sellega kaasnevad omad riskid. Nii et kui olete m\u00f5elnud, kust leida veebist ehtsat, ohutut ja t\u00fckeldamata heroiini, on Dr. Lawsons Pharmacy see koht, kuhu minna. Ostke l\u00f5ikamata heroiini veebist \u2013 KONTAKT Kuidas valmistatakse l\u00f5ikamata heroiini? T\u00fckeldamata heroiini valmistatakse [&hellip;]<\/p>\n","protected":false},"featured_media":17973,"comment_status":"closed","ping_status":"closed","template":"","meta":{"om_disable_all_campaigns":false,"_sitemap_exclude":false,"_sitemap_priority":"","_sitemap_frequency":"","_monsterinsights_skip_tracking":false,"_monsterinsights_sitenote_active":false,"_monsterinsights_sitenote_note":"","_monsterinsights_sitenote_category":0},"product_cat":[13311],"product_tag":[13375,13361,13362,13367,13359,13364,13373,13372,13376,13371,13377,13368,13374,13366,13369,13370,13356,13363,13358,13365,13357,13360],"class_list":{"0":"post-26199","1":"product","2":"type-product","3":"status-publish","4":"has-post-thumbnail","6":"product_cat-heroin-et","7":"product_tag-autentne-loikamata-heroiin-euroopas","8":"product_tag-karpimata-heroiini-muuk-internetis","9":"product_tag-kui-palju-on-loikamata-heroiini","10":"product_tag-kust-osta-loikamata-heroiini-euroopas","11":"product_tag-kust-osta-vorgus-loikamata-heroiini","12":"product_tag-loikamata-heroiin-parima-hinnaga-euroopas","13":"product_tag-loikamata-heroiini-euroopa-allahindlus","14":"product_tag-loikamata-heroiini-euroopa-pood","15":"product_tag-loikamata-heroiini-euroopa-tarnijad","16":"product_tag-loikamata-heroiini-euroopa-tehingud","17":"product_tag-loikamata-heroiini-euroopa-ulevaade","18":"product_tag-loikamata-heroiini-muuk-euroopas","19":"product_tag-loikamata-heroiini-tarnimine-euroopasse","20":"product_tag-loikamata-heroiini-tasuta-saatmine-euroopasse","21":"product_tag-loikamata-heroiini-veebipood-euroopas","22":"product_tag-odav-loikamata-heroiin-euroopas","23":"product_tag-osta-loikamata-heroiini","24":"product_tag-ostke-loikamata-heroiini-internetist-euroopas","25":"product_tag-ostke-vorgust-loikamata-heroiini","26":"product_tag-tellige-loikamata-heroiini-el","27":"product_tag-tellige-vorgust-loikamata-heroiini","28":"product_tag-tukeldamata-heroiini-moju","30":"first","31":"instock","32":"shipping-taxable","33":"purchasable","34":"product-type-variable","35":"farmacie-col"},"aioseo_notices":[],"_links":{"self":[{"href":"https:\/\/lacasadelamedicina.es\/et\/wp-json\/wp\/v2\/product\/26199"}],"collection":[{"href":"https:\/\/lacasadelamedicina.es\/et\/wp-json\/wp\/v2\/product"}],"about":[{"href":"https:\/\/lacasadelamedicina.es\/et\/wp-json\/wp\/v2\/types\/product"}],"replies":[{"embeddable":true,"href":"https:\/\/lacasadelamedicina.es\/et\/wp-json\/wp\/v2\/comments?post=26199"}],"wp:featuredmedia":[{"embeddable":true,"href":"https:\/\/lacasadelamedicina.es\/et\/wp-json\/wp\/v2\/media\/17973"}],"wp:attachment":[{"href":"https:\/\/lacasadelamedicina.es\/et\/wp-json\/wp\/v2\/media?parent=26199"}],"wp:term":[{"taxonomy":"product_cat","embeddable":true,"href":"https:\/\/lacasadelamedicina.es\/et\/wp-json\/wp\/v2\/product_cat?post=26199"},{"taxonomy":"product_tag","embeddable":true,"href":"https:\/\/lacasadelamedicina.es\/et\/wp-json\/wp\/v2\/product_tag?post=26199"}],"curies":[{"name":"wp","href":"https:\/\/api.w.org\/{rel}","templated":true}]}}