{"id":26166,"date":"2024-08-09T14:01:54","date_gmt":"2024-08-09T14:01:54","guid":{"rendered":"https:\/\/lacasadelamedicina.es\/product\/ostke-hiina-valge-heroiini-veebist\/"},"modified":"2024-09-05T13:12:11","modified_gmt":"2024-09-05T13:12:11","slug":"ostke-hiina-valge-heroiini-veebist","status":"publish","type":"product","link":"https:\/\/lacasadelamedicina.es\/et\/toode\/ostke-hiina-valge-heroiini-veebist\/","title":{"rendered":"Ostke Hiina valge heroiini veebist"},"content":{"rendered":"<h1>Osta Hiina valge heroiini Internetist<\/h1>\n<p> Ameerikas ja teistes riikides on opioidide pandeemia h\u00e4vitamas. Vastuseks otsivad paljud inimesed alternatiive, et suhelda varjuliste t\u00e4navakaupmeestega, et saada kanget ja puhast heroiini. \u00d5nneks on Hiinast p\u00e4rit valge heroiin suurep\u00e4rane aseaine, mis on kergesti k\u00e4ttesaadav. Nii et kui kavatsete ka Hiinast valget heroiini Internetist osta, tehke seda otse Dr. Lawsonsi apteegis. Osta Hiina valge heroiini veebist \u2013     <a href=\"https:\/\/drlawsonspharmacy\/contact-us\/\"><a href=\"https:\/\/drlawsonspharmacy\/contact-us\/\">kontakti<\/a><\/a><\/p>\n<h3>Kuidas valmistatakse Hiina valget heroiini?<\/h3>\n<p> \u00dcldiselt on Hiinast p\u00e4rit valge heroiin v\u00e4hem tugev kui muud t\u00fc\u00fcpi heroiinid ja seda saab osta v\u00e4hema raha eest. Hiina valge heroiini valmistamisel kasutatakse mitmeastmelist ja keerukat protsessi. Tooraine hangitakse esmalt Afganistanist v\u00f5i Pakistanist, mis on enamasti oopium. Seej\u00e4rel muudetakse oopium k\u00fclm- v\u00f5i vaakumk\u00fcpsetusprotsesside abil morfiiniks. Kuna morfiini on selle meetodi abil raske tuvastada ja kasutada, soovivad narkodiilerid seda t\u00f5en\u00e4olisemalt m\u00fc\u00fca. Kui soovite osta Hiina valget heroiini Dr. Lawsons Pharmacyst, saate sirvida erinevaid veebisaidil pakutavaid Hiina valge heroiini sorte ja valida annuse, mida soovite osta. Et teada saada, milliseid ohutusmeetmeid selle ravimi kasutamisel v\u00f5tta, lugege enne ostmist kindlasti ohutusteavet.       <\/p>\n<h3>Hiina valge heroiini eelised<\/h3>\n<p> Saadaval ainult veebis Hiinas asuvast Dr Lawsons Pharmacyst. Valge heroiin on kvaliteetne ja tugev uimastit\u00fc\u00fcp. Hiina valge heroiin on ostust ostuni puhas ja \u00fchtlane, erinevalt teist t\u00fc\u00fcpi heroiinist, mida saab potentsi parandamiseks ja uut t\u00fc\u00fcpi narkootikumide loomiseks segada teiste ainetega. See t\u00e4hendab, et tunnete selle v\u00f5tmisel alati sama tugevat kasu, olenemata sellest, mis teie s\u00fcsteemis veel on. Inimestele, kes otsivad v\u00f5imsaid jooke ilma kahjulike k\u00f5rvalm\u00f5jude v\u00f5i muude opioididega, nagu fentan\u00fc\u00fcli v\u00f5i morfiinip\u00f5histe ainetega, seotud riskideta, on Hiina valge heroiin suurep\u00e4rane v\u00f5imalus. \u00c4rge oodake enam; Hiina valge heroiin on saadaval Dr. Lawsons Pharmacy&#8217;s ja seda on lihtne leida.      <\/p>\n<h3>Hiina valge heroiini k\u00f5rvaltoimed<\/h3>\n<p> Enne Hiina valge heroiini tarbimist tuleks olla teadlik kaasnevatest riskidest, kuna ravim v\u00f5ib p\u00f5hjustada t\u00f5siseid negatiivseid tagaj\u00e4rgi. Iiveldus, pearinglus, peavalud, desorientatsioon, \u00e4rrituvus ja \u00e4revus on tavalised k\u00f5rvaltoimed. Hiina valge heroiin v\u00f5ib liigsel ja pikaajalisel tarbimisel tekitada tugevat s\u00f5ltuvust ja p\u00f5hjustada muid negatiivseid tagaj\u00e4rgi.   <\/p>\n<h3>Kust osta Hiina valget heroiini Internetis?<\/h3>\n<p> Ravim Hiina valge heroiin on v\u00f5imas ja ohtlik. Sellest v\u00f5ivad tuleneda nii eufoorilised aistingud kui ka arvukad potentsiaalsed terviseriskid. S\u00f5ltuvalt tarnijast ja tema ressurssidest saab seda ravimit valmistada lihtsate v\u00f5i t\u00e4iustatud tehnikate abil. Oluline on m\u00f5ista selle aine kasutamisega kaasnevaid ohte ja osta seda ainult usaldusv\u00e4\u00e4rsetelt tarnijatelt, nagu Dr. Lawsons Pharmacy. J\u00e4rgime ettevaatusabin\u00f5usid ja toimetame selle kiiresti teie koju.     &nbsp;<\/p>\n","protected":false},"excerpt":{"rendered":"<p>Osta Hiina valge heroiini Internetist Ameerikas ja teistes riikides on opioidide pandeemia h\u00e4vitamas. Vastuseks otsivad paljud inimesed alternatiive, et suhelda varjuliste t\u00e4navakaupmeestega, et saada kanget ja puhast heroiini. \u00d5nneks on Hiinast p\u00e4rit valge heroiin suurep\u00e4rane aseaine, mis on kergesti k\u00e4ttesaadav. Nii et kui kavatsete ka Hiinast valget heroiini Internetist osta, tehke seda otse Dr. Lawsonsi [&hellip;]<\/p>\n","protected":false},"featured_media":17958,"comment_status":"closed","ping_status":"closed","template":"","meta":{"om_disable_all_campaigns":false,"_sitemap_exclude":false,"_sitemap_priority":"","_sitemap_frequency":"","_monsterinsights_skip_tracking":false,"_monsterinsights_sitenote_active":false,"_monsterinsights_sitenote_note":"","_monsterinsights_sitenote_category":0},"product_cat":[13311],"product_tag":[13331,13320,13329,13328,13332,13333,13330,13316,13324,13317,13327,13322,13325,13318,13323,13314,13326,13312,13319,13313,13321,13315],"class_list":{"0":"post-26166","1":"product","2":"type-product","3":"status-publish","4":"has-post-thumbnail","6":"product_cat-heroin-et","7":"product_tag-autentne-hiina-valge-heroiin-euroopas","8":"product_tag-hiina-valge-heroiin-parima-hinnaga-euroopas","9":"product_tag-hiina-valge-heroiini-euroopa-allahindlus","10":"product_tag-hiina-valge-heroiini-euroopa-pood","11":"product_tag-hiina-valge-heroiini-euroopa-tarnijad","12":"product_tag-hiina-valge-heroiini-euroopa-ulevaade","13":"product_tag-hiina-valge-heroiini-kohaletoimetamine-euroopasse","14":"product_tag-hiina-valge-heroiini-moju","15":"product_tag-hiina-valge-heroiini-muuk-euroopas","16":"product_tag-hiina-valge-heroiini-muuk-internetis","17":"product_tag-hiina-valge-heroiini-pakkumised-euroopas","18":"product_tag-hiina-valge-heroiini-tasuta-kohaletoimetamine-euroopasse","19":"product_tag-hiina-valge-heroiini-veebipood-euroopa","20":"product_tag-kui-palju-on-hiina-valge-heroiin","21":"product_tag-kust-osta-hiina-valget-heroiini-euroopas","22":"product_tag-kust-osta-internetis-hiina-valget-heroiini","23":"product_tag-odav-hiina-valge-heroiin-euroopas","24":"product_tag-osta-hiina-valget-heroiini","25":"product_tag-ostke-hiina-valge-heroiini-internetist-euroopas","26":"product_tag-ostke-hiina-valge-heroiini-veebist","27":"product_tag-tellige-hiina-valge-heroiini-el","28":"product_tag-tellige-hiina-valge-heroiini-internetist","30":"first","31":"instock","32":"shipping-taxable","33":"purchasable","34":"product-type-variable","35":"farmacie-col"},"aioseo_notices":[],"_links":{"self":[{"href":"https:\/\/lacasadelamedicina.es\/et\/wp-json\/wp\/v2\/product\/26166"}],"collection":[{"href":"https:\/\/lacasadelamedicina.es\/et\/wp-json\/wp\/v2\/product"}],"about":[{"href":"https:\/\/lacasadelamedicina.es\/et\/wp-json\/wp\/v2\/types\/product"}],"replies":[{"embeddable":true,"href":"https:\/\/lacasadelamedicina.es\/et\/wp-json\/wp\/v2\/comments?post=26166"}],"wp:featuredmedia":[{"embeddable":true,"href":"https:\/\/lacasadelamedicina.es\/et\/wp-json\/wp\/v2\/media\/17958"}],"wp:attachment":[{"href":"https:\/\/lacasadelamedicina.es\/et\/wp-json\/wp\/v2\/media?parent=26166"}],"wp:term":[{"taxonomy":"product_cat","embeddable":true,"href":"https:\/\/lacasadelamedicina.es\/et\/wp-json\/wp\/v2\/product_cat?post=26166"},{"taxonomy":"product_tag","embeddable":true,"href":"https:\/\/lacasadelamedicina.es\/et\/wp-json\/wp\/v2\/product_tag?post=26166"}],"curies":[{"name":"wp","href":"https:\/\/api.w.org\/{rel}","templated":true}]}}