{"id":26155,"date":"2024-08-09T14:01:55","date_gmt":"2024-08-09T14:01:55","guid":{"rendered":"https:\/\/lacasadelamedicina.es\/product\/ostke-jwh-200-pulbrit-veebist\/"},"modified":"2024-09-05T12:44:25","modified_gmt":"2024-09-05T12:44:25","slug":"ostke-jwh-200-pulbrit-veebist","status":"publish","type":"product","link":"https:\/\/lacasadelamedicina.es\/et\/toode\/ostke-jwh-200-pulbrit-veebist\/","title":{"rendered":"Ostke JWH-200 pulbrit veebist"},"content":{"rendered":"<h1 class=\"product_title entry-title\">Ostke JWH-200 pulbrit veebist<\/h1>\n<p> WH-200 pulber: JWH-200 on kannabinoidi retseptori agonist, mis kuulub aminoalk\u00fcn\u00fc\u00fclide r\u00fchma ja seda kasutatakse valuvaigistina. JWH 200 on kannabinoidiretseptori (CB) ligand, mis on aminoalk<a href=\"https:\/\/dieapotheke247.com\/\">ylind<\/a>ol. See interakteerub CB1 retseptoriga m\u00e4rkimisv\u00e4\u00e4rse afiinsusega (IC50 = 7,8-42 nM). Osta JWH-200 talki. Ostke JWH-200 pulber veebist \u2013 <a href=\"https:\/\/drlawsonspharmacy\/contact-us\/\">KONTAKT Ostke JWH-200 pulber veebist<\/a> JWH 200 on kannabinoidiretseptori (CB) ligand, mis on aminoalk\u00fclindool. Sellel on k\u00f5rge afiinsus CB1 retseptori suhtes (IC50 = 7,8-42 nM). V\u00f5rreldes 99-THC v\u00f5i WIN 55 212-ga oli JWH 200 v\u00e4hemalt sama hea m\u00f5ju lokomotoorsele aktiivsusele, saba latentsusele, h\u00fcpotermiale ja r\u00f5nga liikumatuse testile.       <\/p>\n<h3 class=\"product_title entry-title\">Ostke JWH-200 pulbrit veebist<\/h3>\n<p> Soovin teile tutvustada JWH-200 pulbrit, t\u00e4helepanuv\u00e4\u00e4rset uurimisainet, mis on loodud selleks, et aidata teil oma \u00f5pinguid s\u00fcnteetiliste kannabinoidide huvitavas maailmas edendada. JWH-200 pulber on oma m\u00e4rkimisv\u00e4\u00e4rse puhtuse ja v\u00f5imsate omaduste t\u00f5ttu ideaalne katal\u00fcsaator murrangulisteks farmakoloogilisteks uuringuteks. JWH-200 pulber pakub teadlastele v\u00f5rreldamatut j\u00e4rjepidevuse ja kvaliteedi taset, kuna see on valmistatud \u00fclit\u00e4pselt, kasutades tipptasemel s\u00fcnteesitehnikaid. See aine pakub haruldast v\u00f5imalust m\u00f5ista endokannabinoids\u00fcsteemi keerulisi toiminguid, kuna see on kannabinoidiretseptorite v\u00e4ga selektiivne aktivaator. JWH-200 pulbrit iseloomustab selle erakordne stabiilsus, mis tagab t\u00e4pse doseerimise ja pika katseaja. T\u00e4nu oma lahustuvusele paljudes levinud lahustites on see kemikaal kohandatav ja h\u00f5lpsasti kasutatav paljudes laboriolukordades. Osta JWH-200 pulber       <\/p>\n<h3><strong>Tellige JWH-200 pulber Internetist<\/strong><\/h3>\n<p> JWH-200 pulbrit saab kasutada erinevate uurimisvaldkondade uurimiseks, nagu neurofarmakoloogia, valuravi ja s\u00f5ltuvusuuringud. Selle mitmek\u00fclgsus loob uusi v\u00f5imalusi murrangulisteks avastusteks, mis v\u00f5ivad m\u00f5jutada edasist ravimi- ja raviarendust. Aadressil <span class=\"selectable-text copyable-text\">Dr Lawsons Pharmacy<\/span>, klientide rahulolu ja ohutus on meie prioriteet. T\u00f6\u00f6stusstandarditele vastavuse ja \u00fcletamise tagamiseks l\u00e4bib meie JWH-200 pulber ranged kvaliteedikontrolli protseduurid. J\u00e4rgime rangeid ohutusjuhiseid ja pakume p\u00f5hjalikku dokumentatsiooni, et tagada sujuv ja ohutu uurimist\u00f6\u00f6.     &nbsp;<\/p>\n","protected":false},"excerpt":{"rendered":"<p>Ostke JWH-200 pulbrit veebist. Selle \u00fchendi teine \u200b\u200bnimi on (1-(2-morfoliin-4-\u00fc\u00fclet\u00fc\u00fcl)indool-3-\u00fc\u00fcl)naftaleen-1-\u00fc\u00fclmetanoon. Osta kohe siit. Kasutame parimaid saatmis- ja diskreetseid pakkimistehnikaid.    &nbsp;<\/p>\n","protected":false},"featured_media":18498,"comment_status":"closed","ping_status":"closed","template":"","meta":{"om_disable_all_campaigns":false,"_sitemap_exclude":false,"_sitemap_priority":"","_sitemap_frequency":"","_monsterinsights_skip_tracking":false,"_monsterinsights_sitenote_active":false,"_monsterinsights_sitenote_note":"","_monsterinsights_sitenote_category":0},"product_cat":[11420],"product_tag":[13308,13306,13307,13304,13309,13310,13301,13297,13305,13293,13294,13299,13302,13295,13292,13300,13303,13289,13291,13296,13298,13290],"class_list":{"0":"post-26155","1":"product","2":"type-product","3":"status-publish","4":"has-post-thumbnail","6":"product_cat-kemikaalide-ja-psuhhedeelikumide-uurimine","7":"product_tag-autentne-jwh-200-pulber-euroopas","8":"product_tag-jwh-200-pulber-euroopa-allahindlus","9":"product_tag-jwh-200-pulber-euroopa-kohaletoimetamine","10":"product_tag-jwh-200-pulber-euroopa-pakkumised","11":"product_tag-jwh-200-pulber-euroopa-tarnijad","12":"product_tag-jwh-200-pulber-euroopa-ulevaade","13":"product_tag-jwh-200-pulber-euroopas-muuk","14":"product_tag-jwh-200-pulber-parima-hinnaga-euroopas","15":"product_tag-jwh-200-pulbri-euroopa-kauplus","16":"product_tag-jwh-200-pulbri-moju","17":"product_tag-jwh-200-pulbri-muuk-internetis","18":"product_tag-jwh-200-pulbri-tasuta-kohaletoimetamine-euroopasse","19":"product_tag-jwh-200-pulbri-veebipood-euroopa","20":"product_tag-kui-palju-maksab-jwh-200-pulber","21":"product_tag-kust-osta-internetist-jwh-200-pulbrit","22":"product_tag-kust-osta-jwh-200-pulbrit-euroopas","23":"product_tag-odav-jwh-200-pulber-euroopas","24":"product_tag-osta-jwh-200-pulber","25":"product_tag-osta-jwh-200-pulbrit-veebist","26":"product_tag-ostke-jwh-200-pulbrit-euroopa-veebist","27":"product_tag-telli-jwh-200-pulber-eu","28":"product_tag-tellige-jwh-200-pulber-internetist","30":"first","31":"instock","32":"shipping-taxable","33":"purchasable","34":"product-type-variable","35":"farmacie-col"},"aioseo_notices":[],"_links":{"self":[{"href":"https:\/\/lacasadelamedicina.es\/et\/wp-json\/wp\/v2\/product\/26155"}],"collection":[{"href":"https:\/\/lacasadelamedicina.es\/et\/wp-json\/wp\/v2\/product"}],"about":[{"href":"https:\/\/lacasadelamedicina.es\/et\/wp-json\/wp\/v2\/types\/product"}],"replies":[{"embeddable":true,"href":"https:\/\/lacasadelamedicina.es\/et\/wp-json\/wp\/v2\/comments?post=26155"}],"wp:featuredmedia":[{"embeddable":true,"href":"https:\/\/lacasadelamedicina.es\/et\/wp-json\/wp\/v2\/media\/18498"}],"wp:attachment":[{"href":"https:\/\/lacasadelamedicina.es\/et\/wp-json\/wp\/v2\/media?parent=26155"}],"wp:term":[{"taxonomy":"product_cat","embeddable":true,"href":"https:\/\/lacasadelamedicina.es\/et\/wp-json\/wp\/v2\/product_cat?post=26155"},{"taxonomy":"product_tag","embeddable":true,"href":"https:\/\/lacasadelamedicina.es\/et\/wp-json\/wp\/v2\/product_tag?post=26155"}],"curies":[{"name":"wp","href":"https:\/\/api.w.org\/{rel}","templated":true}]}}