{"id":26125,"date":"2024-08-09T14:01:59","date_gmt":"2024-08-09T14:01:59","guid":{"rendered":"https:\/\/lacasadelamedicina.es\/product\/ostke-veebist-odavaid-4-cl-pvp-kristalle\/"},"modified":"2024-09-05T11:59:08","modified_gmt":"2024-09-05T11:59:08","slug":"ostke-veebist-odavaid-4-cl-pvp-kristalle","status":"publish","type":"product","link":"https:\/\/lacasadelamedicina.es\/et\/toode\/ostke-veebist-odavaid-4-cl-pvp-kristalle\/","title":{"rendered":"Ostke veebist odavaid 4 CL PVP kristalle"},"content":{"rendered":"<h1>Ostke veebist odavaid 4-CL-PVP kristalle<\/h1>\n<p> Tuntud ka kui 4-kloro-alfa-p\u00fcrrolidinopentiofenoon, 4-kloro-PVP, 4Cl-PVP v\u00f5i 4C-PVP, 4-kloro-alfa-p\u00fcrrolidinovalerofenoon on 4-kloro-alfa-p\u00fcrrolidinopentiofenoon. Ostke 4-CL-PVP kristall, et osta 4-CL-PVP veebist allahindlusega. 4-CL-PVP kristallid soodsalt \u2013 ostke odavaid 4-CL-PVP kristalle veebist \u2013 <a href=\"https:\/\/drlawsonspharmacy\/contact-us\/\">KONTAKT.<\/a> Odava toote silmapaistev kvaliteet Dr. Lawsons Pharmacy&#8217;s on klientide rahulolu ja ohutus meie prioriteet. Et tagada nende vastavus t\u00f6\u00f6stuse k\u00f5rgeimatele standarditele, l\u00e4bivad meie odavad 4-CL-PVP kristallid range kvaliteedikontrolli. Tagamaks, et saate oma uurimist\u00f6\u00f6 jaoks ohutu ja usaldusv\u00e4\u00e4rse toote, j\u00e4rgime k\u00f5iki asjakohaseid seadusi ja eeskirju. P\u00fcrrolidinofenoonide klassis on 4-CLPVP hiljuti v\u00e4lja t\u00f6\u00f6tatud disainerravim, millel on struktuursed sarnasused alfa-p\u00fcrrolidinopentiofenooniga (-PVP). Selle aine farmakoloogia ja toksilisus ei ole teada. Kas olete p\u00fchendunud teadlane, kes otsib oma uurimist\u00f6\u00f6 jaoks taskukohase hinnaga kvaliteetseid keemilisi \u00fchendeid? Siis \u00e4rge otsige enam kui odavad 4-CL-PVP kristallid \u2013 t\u00e4helepanuv\u00e4\u00e4rne toode, mis pakub teile v\u00f5rreldamatut usaldusv\u00e4\u00e4rsust ja v\u00e4\u00e4rtust teie uurimist\u00f6\u00f6 jaoks.         <\/p>\n<h3><strong>Tellige 4-CL-PVP kristallid<\/strong><\/h3>\n<p> Kvaliteedis j\u00e4releandmisi tegemata on odavad 4-CL-PVP kristallid fantastiline viis p\u00fcrrolidinofenooni derivaatide huvitavasse valdkonda s\u00fcvenemiseks. Kasutades uusimaid teaduslikke meetodeid, on need kristallid hoolikalt valmistatud, et tagada iga tellimuse puhul \u00fchtlane ja puhas toode. V\u00f5ite loota odavatele 4-CL-PVP kristallidele, mis tagavad t\u00e4psed ja usaldusv\u00e4\u00e4rsed tulemused, sest oleme p\u00fchendunud kvaliteedile. Odavate 4-CL-PVP kristallide silmapaistev kvaliteet on nende madal hind. P\u00fc\u00fcame pakkuda konkurentsiv\u00f5imelisi hindu, tegemata j\u00e4releandmisi kvaliteedis v\u00f5i puhtuses, sest teame, kui oluline on teadusuuringutes kuluefektiivsus. Odavate 4-CL-PVP kristallidega saate oma uurimiseelarvet veelgi laiendada ja saada siiski usaldusv\u00e4\u00e4rse ja t\u00f5husa molekuli.      <\/p>\n<h3><strong>tellige odavad 4-CL-PVP kristallid<\/strong><\/h3>\n<p> Nendel kristallidel on p\u00f5nevad omadused, mis muudavad need ideaalseks erinevateks uurimisrakendusteks. Odavad 4-CL-PVP kristallid, v\u00f5imas stimulant, pakuvad teadlastele v\u00f5imalust uurida selliseid teemasid nagu neuroteadus, ps\u00fchhofarmakoloogia ja s\u00f5ltuvusuuringud. Selle kohandatava aine abil saate oma uurimist\u00f6\u00f6 potentsiaali maksimeerida. Dr. Lawsons Pharmacys on klientide rahulolu ja ohutus meie prioriteet. Et tagada nende vastavus t\u00f6\u00f6stuse k\u00f5rgeimatele standarditele, l\u00e4bivad meie odavad 4-CL-PVP kristallid range kvaliteedikontrolli. Tagamaks, et saate oma uurimist\u00f6\u00f6 jaoks ohutu ja usaldusv\u00e4\u00e4rse toote, j\u00e4rgime k\u00f5iki asjakohaseid seadusi ja eeskirju.      &nbsp;<\/p>\n","protected":false},"excerpt":{"rendered":"<p>Tuntud ka kui 4-kloro-alfa-p\u00fcrrolidinopentiofenoon, 4-kloro-PVP, 4Cl-PVP v\u00f5i 4C-PVP, 4-kloro-alfa-p\u00fcrrolidinovalerofenoon on 4-kloro-alfa-p\u00fcrrolidinopentiofenoon. Ostke 4-CL-PVP kristall, et osta 4-CL-PVP veebis allahindlusega. 4-CL-PVP kristallid soodsalt \u2013 ostke odavaid 4-CL-PVP kristalle veebist   &nbsp;<\/p>\n","protected":false},"featured_media":18558,"comment_status":"closed","ping_status":"closed","template":"","meta":{"om_disable_all_campaigns":false,"_sitemap_exclude":false,"_sitemap_priority":"","_sitemap_frequency":"","_monsterinsights_skip_tracking":false,"_monsterinsights_sitenote_active":false,"_monsterinsights_sitenote_note":"","_monsterinsights_sitenote_category":0},"product_cat":[11420],"product_tag":[13198,13185,13181,13190,13196,13191,13195,13184,13192,13197,13199,13200,13187,13189,13193,13183,13179,13186,13180,13194,13188,13182],"class_list":{"0":"post-26125","1":"product","2":"type-product","3":"status-publish","4":"has-post-thumbnail","6":"product_cat-kemikaalide-ja-psuhhedeelikumide-uurimine","7":"product_tag-autentsed-odavad-4-cl-pvp-kristallid-euroopas","8":"product_tag-kui-palju-on-odavad-4-cl-pvp-kristalli","9":"product_tag-kust-osta-odavaid-4-cl-pvp-kristalle-internetist","10":"product_tag-kust-osta-odavalt-4-cl-pvp-kristalle-euroopas","11":"product_tag-odav-4-cl-pvp-kristallid-euroopa-allahindlus","12":"product_tag-odav-4-cl-pvp-kristallid-euroopa-muuk","13":"product_tag-odav-4-cl-pvp-kristallide-euroopa-pood","14":"product_tag-odav-4-cl-pvp-kristallide-muuk-internetis","15":"product_tag-odav-4-cl-pvp-kristallide-veebipood-euroopa","16":"product_tag-odavad-4-cl-pvp-kristallid-euroopa-kohaletoimetamine","17":"product_tag-odavad-4-cl-pvp-kristallid-euroopa-tarnijad","18":"product_tag-odavad-4-cl-pvp-kristallid-euroopa-ulevaade","19":"product_tag-odavad-4-cl-pvp-kristallid-parima-hinnaga-euroopas","20":"product_tag-odavad-4-cl-pvp-kristallid-tasuta-kohaletoimetamine-euroopasse","21":"product_tag-odavad-odavad-4-cl-pvp-kristallid-euroopas","22":"product_tag-odavate-4-cl-pvp-kristallide-moju","23":"product_tag-osta-soodsalt-4-cl-pvp-kristalle","24":"product_tag-ostke-odavaid-4-cl-pvp-kristalle-internetist-euroopas","25":"product_tag-ostke-veebist-odavaid-4-cl-pvp-kristalle","26":"product_tag-soodsad-4-cl-pvp-kristallid-euroopa-pakkumised","27":"product_tag-telli-soodsalt-4-cl-pvp-kristalle-eu","28":"product_tag-telli-soodsalt-4-cl-pvp-kristalle-internetist","30":"first","31":"instock","32":"shipping-taxable","33":"purchasable","34":"product-type-variable","35":"farmacie-col"},"aioseo_notices":[],"_links":{"self":[{"href":"https:\/\/lacasadelamedicina.es\/et\/wp-json\/wp\/v2\/product\/26125"}],"collection":[{"href":"https:\/\/lacasadelamedicina.es\/et\/wp-json\/wp\/v2\/product"}],"about":[{"href":"https:\/\/lacasadelamedicina.es\/et\/wp-json\/wp\/v2\/types\/product"}],"replies":[{"embeddable":true,"href":"https:\/\/lacasadelamedicina.es\/et\/wp-json\/wp\/v2\/comments?post=26125"}],"wp:featuredmedia":[{"embeddable":true,"href":"https:\/\/lacasadelamedicina.es\/et\/wp-json\/wp\/v2\/media\/18558"}],"wp:attachment":[{"href":"https:\/\/lacasadelamedicina.es\/et\/wp-json\/wp\/v2\/media?parent=26125"}],"wp:term":[{"taxonomy":"product_cat","embeddable":true,"href":"https:\/\/lacasadelamedicina.es\/et\/wp-json\/wp\/v2\/product_cat?post=26125"},{"taxonomy":"product_tag","embeddable":true,"href":"https:\/\/lacasadelamedicina.es\/et\/wp-json\/wp\/v2\/product_tag?post=26125"}],"curies":[{"name":"wp","href":"https:\/\/api.w.org\/{rel}","templated":true}]}}