{"id":26075,"date":"2024-08-09T14:02:03","date_gmt":"2024-08-09T14:02:03","guid":{"rendered":"https:\/\/lacasadelamedicina.es\/product\/ostke-butulooni-veebist\/"},"modified":"2024-08-09T14:02:03","modified_gmt":"2024-08-09T14:02:03","slug":"ostke-butulooni-veebist","status":"publish","type":"product","link":"https:\/\/lacasadelamedicina.es\/et\/toode\/ostke-butulooni-veebist\/","title":{"rendered":"Ostke but\u00fclooni veebist"},"content":{"rendered":"<h1>Ostke but\u00fclooni veebist<\/h1>\n<p> But\u00fclooni m\u00fc\u00fcv veebipood. But\u00fcloon, \u00fcldtuntud kui k-MBDB v\u00f5i B1, on s\u00fcnteetiline entaktogeen ja stimulant, mis kuulub fenet\u00fc\u00fclamiinide ja katinoonide klassi. Seda tuntakse ka kui -keto-N-met\u00fc\u00fclbensodioksol\u00fc\u00fclbutaanamiini. Bufedrooni asendatud met\u00fcleendioks\u00fcvastast ja MBDB -keto analoogi nimetatakse m\u00f5lemat but\u00fclooniks. Ostke But\u00fclooni veebist \u2013 <a href=\"https:\/\/drlawsonspharmacy\/contact-us\/\">KONTAKT<\/a> Kuna met\u00fclooni pakkumine uurimiskemikaalide turul kahaneb, m\u00fc\u00fcakse seda sageli t\u00e4naval k\u00f5rvuti et\u00fclooniga disainerravimina, asendajana v\u00f5i imitatsioonina. MDMA ja met\u00fclooni jaoks (neid k\u00f5iki nimetatakse \u00fchiselt &#8220;mollyks&#8221;). But\u00fcloonil ja MDMA-l on sarnased farmakoloogilised ja k\u00e4itumuslikud omadused, kuid nende n\u00e4iline subjektiivne toime ei ole p\u00e4ris sama. V\u00e4idetavalt on but\u00fcloon v\u00e4hem tugev kui tema n\u00f5od met\u00fcloon ja et\u00fcloon ning sellel on pigem traditsiooniline stimuleeriv kui entaktogeenne toime. Inimesed hakkasid seda kasutama alles hiljuti.        <\/p>\n<h3><strong>Tellige Butylone veebist<\/strong><\/h3>\n<p> Katinoonide perekonna s\u00fcnteetiline liige, tuntud ka kui -keto-N-met\u00fc\u00fclbensodioksol\u00fc\u00fclbutaanamiin. Katinoonidel on fenet\u00fc\u00fclamiini s\u00fcdamik, mille fen\u00fc\u00fclts\u00fckkel on et\u00fc\u00fclahela kaudu seotud aminor\u00fchmaga (NH2) ja R-s on teine \u200b\u200bet\u00fc\u00fclasendus. See annab neile struktuursed sarnasused amfetamiinidega. Alfa-met\u00fc\u00fclitud fenet\u00fc\u00fclamiinid (st amfetamiinid) on need, mida katinoonid on nagu but\u00fcloon. Kuid need erinevad neist ketooni funktsionaalr\u00fchma (R-asendis karbon\u00fc\u00fclr\u00fchm) poolest. But\u00fcloonil on RN-positsioonis met\u00fc\u00fclasendus MDEA, et\u00fclooni, 4-MEC ja m\u00f5nede teiste stimulantide ja entaktogeenidega. But\u00fcloonis on ka hapnikur\u00fchmad fen\u00fc\u00fclts\u00fckli R3 ja R4 positsioonides. Need hapnikur\u00fchmad integreeritakse met\u00fcleenahela kaudu met\u00fcleendioks\u00fcts\u00fcklisse. But\u00fcloonil on ka see met\u00fcleendioks\u00fcts\u00fckkel. See toimib kombineeritud tagasihaarde inhibiitorina\/dopamiini, noradrenaliini ja serotoniini vabastajana. Need neurotransmitterid kontrollivad motivatsiooni, naudingut, tasu ja keskendumist. See saavutatakse, v\u00e4ltides neurotransmitterite reabsorbeerimist p\u00e4rast ajuimpulsi saatmise \u00fclesande t\u00e4itmist. See v\u00f5imaldab neurotransmitteritel koguneda ja neid taaskasutada, tekitades f\u00fcsioloogiliselt stimuleerivaid ja eufoorilisi toimeid.            <\/p>\n<h3>Kust ma saan but\u00fclooni Internetis osta, kas tead?<\/h3>\n<p> Kust saab but\u00fclooni veebis osta, kust saab osta but\u00fclooni veebis, mis on but\u00fcloon ja kust saab osta esmaklassilist but\u00fcloonipulbrit, on k\u00f5ik k\u00fcsimused, millele vastatakse allpool. Saame pakkuda lahendusi k\u00f5igile neile lahendamata k\u00fcsimustele. Lisateavet selle kohta, kust ja kuidas fentan\u00fc\u00fcli tablette Internetist osta, saate lihtsalt meie veebisaiti sirvides. Aga pulbristatud but\u00fcloon? Kas teate, kust saab Butylone&#8217;i Internetist osta? Kust osta But\u00fcloni pulbrit, Kust osta puhast But\u00fcloni pulbrit, Kuidas teha But\u00fcloni pulbrit, Kuidas n\u00e4eb v\u00e4lja But\u00fcloni pulber, But\u00fcloni pulbri t\u00e4navahind, But\u00fcloni pulbri hind, But\u00fcloni pulbri tarnijad, But\u00fcloni pulbri vorm, Osta puhast but\u00fcloni pulbrit, But\u00fcloni pulbri hind On t\u00e4iesti arusaadav, et inimesed ei usalda kohe Internetis m\u00fc\u00fcdava but\u00fcloni kvaliteeti, sest nad ei n\u00e4e seda isiklikult. Butyloni veebitarnijatega on asjad aga teisiti. Siin pakutavad tooted on t\u00e4pselt sellised, nagu nad on ja neid hoitakse professionaalse j\u00e4relevalve all tipptasemel. Kiire &amp;amp; Diskreetne kohaletoimetamine: But\u00fcloon tarnitakse vastavalt lubatule kohe p\u00e4rast tellimuse saamist. Saatmismeeskond p\u00fc\u00fcab muuta saatmis- ja kohaletoimetamise protsessi kiireks ja lihtsaks. Kui ostate But\u00fclooni veebiturult maineka m\u00fc\u00fcja k\u00e4est, v\u00f5ite oodata ka suurep\u00e4rast teenindust.           &nbsp;<\/p>\n","protected":false},"excerpt":{"rendered":"<p>But\u00fcloon, \u00fcldtuntud kui k-MBDB v\u00f5i B1, on s\u00fcnteetiline entaktogeen ja stimulant, mis kuulub fenet\u00fc\u00fclamiinide ja katinoonide klassi. Seda tuntakse ka kui -keto-N-met\u00fc\u00fclbensodioksol\u00fc\u00fclbutaanamiini. Bufedrooni asendatud met\u00fcleendioks\u00fcvastast ja MBDB -keto analoogi nimetatakse m\u00f5lemat but\u00fclooniks.   &nbsp;<\/p>\n","protected":false},"featured_media":18588,"comment_status":"closed","ping_status":"closed","template":"","meta":{"om_disable_all_campaigns":false,"_sitemap_exclude":false,"_sitemap_priority":"","_sitemap_frequency":"","_monsterinsights_skip_tracking":false,"_monsterinsights_sitenote_active":false,"_monsterinsights_sitenote_note":"","_monsterinsights_sitenote_category":0},"product_cat":[11420],"product_tag":[13088,13077,13074,13079,13073,13082,13086,13081,13085,13087,13089,13084,13090,13075,13072,13080,13083,13069,13071,13076,13078,13070],"class_list":{"0":"post-26075","1":"product","2":"type-product","3":"status-publish","4":"has-post-thumbnail","6":"product_cat-kemikaalide-ja-psuhhedeelikumide-uurimine","7":"product_tag-autentne-butuloon-euroopa","8":"product_tag-butuloon-euroopa-parima-hinnaga","9":"product_tag-butulooni-muuk-internetis","10":"product_tag-butulooni-tasuta-kohaletoimetamine-euroopasse","11":"product_tag-butulooni-toime","12":"product_tag-butulooni-veebipood-euroopa","13":"product_tag-butylone-europe-allahindlus","14":"product_tag-butylone-europe-muuk","15":"product_tag-butylone-europe-pood","16":"product_tag-butylone-europe-tarne","17":"product_tag-butylone-europe-tarnijad","18":"product_tag-butylone-europe-tehingud","19":"product_tag-butylone-europe-ulevaade","20":"product_tag-kui-palju-on-butuloon","21":"product_tag-kust-osta-butulooni-internetis","22":"product_tag-kust-osta-butylone-europe","23":"product_tag-odav-butuloon-euroopa","24":"product_tag-osta-butulooni","25":"product_tag-osta-butulooni-veebist","26":"product_tag-ostke-butulooni-internetist-euroopas","27":"product_tag-telli-butylone-eu","28":"product_tag-tellige-butylone-internetist","30":"first","31":"instock","32":"shipping-taxable","33":"purchasable","34":"product-type-variable","35":"farmacie-col"},"aioseo_notices":[],"_links":{"self":[{"href":"https:\/\/lacasadelamedicina.es\/et\/wp-json\/wp\/v2\/product\/26075"}],"collection":[{"href":"https:\/\/lacasadelamedicina.es\/et\/wp-json\/wp\/v2\/product"}],"about":[{"href":"https:\/\/lacasadelamedicina.es\/et\/wp-json\/wp\/v2\/types\/product"}],"replies":[{"embeddable":true,"href":"https:\/\/lacasadelamedicina.es\/et\/wp-json\/wp\/v2\/comments?post=26075"}],"wp:featuredmedia":[{"embeddable":true,"href":"https:\/\/lacasadelamedicina.es\/et\/wp-json\/wp\/v2\/media\/18588"}],"wp:attachment":[{"href":"https:\/\/lacasadelamedicina.es\/et\/wp-json\/wp\/v2\/media?parent=26075"}],"wp:term":[{"taxonomy":"product_cat","embeddable":true,"href":"https:\/\/lacasadelamedicina.es\/et\/wp-json\/wp\/v2\/product_cat?post=26075"},{"taxonomy":"product_tag","embeddable":true,"href":"https:\/\/lacasadelamedicina.es\/et\/wp-json\/wp\/v2\/product_tag?post=26075"}],"curies":[{"name":"wp","href":"https:\/\/api.w.org\/{rel}","templated":true}]}}