{"id":26024,"date":"2024-08-09T14:02:04","date_gmt":"2024-08-09T14:02:04","guid":{"rendered":"https:\/\/lacasadelamedicina.es\/product\/ostke-veebist-2-fdck-pulbrit-ja-kristalle\/"},"modified":"2024-08-09T14:02:04","modified_gmt":"2024-08-09T14:02:04","slug":"ostke-veebist-2-fdck-pulbrit-ja-kristalle","status":"publish","type":"product","link":"https:\/\/lacasadelamedicina.es\/et\/toode\/ostke-veebist-2-fdck-pulbrit-ja-kristalle\/","title":{"rendered":"Ostke veebist 2-FDCK pulbrit ja kristalle"},"content":{"rendered":"<h3><strong>M\u00fc\u00fca 2FDCK \u2013 ostke 2-fdck veebist, tellige 2-fdck kristallpulber veebist<\/strong><\/h3>\n<p><strong>Ostke 2-FDCK pulbrit ja kristalli veebist<\/strong> \u2013 ostke 2FDCK v\u00f5rgus \u2013 pakume meie veebipoes m\u00fc\u00fcgiks esmaklassilist 2-fdck-d. Ostes 2-FDCK kristalli ja pulbri veebist, saate kauba kiiresti kohale toimetada. Ostke 2-FDCK pulbrit ja kristalle veebist Farmatseutilised kemikaalid, nagu 2FDCK, on \u200b\u200b\u00fched k\u00f5ige olulisemad ainete t\u00fc\u00fcbid ja nende j\u00e4rele on praegu suur n\u00f5udlus. See kuulub dissotsiatiivsete ravimite hulka ar\u00fc\u00fclts\u00fckloheks\u00fc\u00fclamiinide klassi. V\u00e4idetavalt meenutab see mitmel viisil PCP perekonda. Kui soovite osta 2-fdck veebist, peate kohese allahindlusega tellimuse esitamiseks valima sobiva veebisaidi. See asutati 2015. aastal ja saate alati esitada tellimuse k\u00f5ige usaldusv\u00e4\u00e4rsema veebisaidi kaudu, kus on pidev m\u00fc\u00fck ja allahindlused. Ketamiini sisaldava ar\u00fc\u00fclts\u00fckloheks\u00fc\u00fclamiini r\u00fchma keemilised omadused on samad.        &nbsp;<\/p>\n<h3><strong>Ostke 2-FDCK pulbrit ja kristalle Internetist \u2013 mis on 2FDCK?<\/strong><\/h3>\n<p> Meditsiiniliselt tuntud kui 2\u2032-Fl-2-okso-PCM, fluoroketamiin, 2FDCK on ketamiiniga seotud keemiline \u00fchend. Sageli teatatakse, et seda kasutatakse mitmes riigis disainerravimina. See on ketamiini vaste, kus fluor t\u00e4idab p\u00fcsivate ainete rolli. Viimaste andmete kohaselt on aine farmakoloogilised \u00fcksikasjad teadmata, mis annab konkurentsieelise. See aine leevendab dissotsiatiivseid s\u00fcmptomeid, valu ja muid negatiivseid emotsioone. Saate seda h\u00f5lpsalt ja mugavalt kasutada ning see m\u00f5jub kehale paremini. Oleme p\u00fchendunud kvaliteetsete toodete turule toomisele ning tarbija saab 2-fdck kristallpulbri USA-s internetist koheselt allahindlusega. See kogub suuremat liiklust, kuna seda kasutatakse inimeste erinevate meditsiiniliste vajaduste rahuldamiseks.        &nbsp;<\/p>\n<h3><strong>Miks peaksite ostma 2FDCK meilt?<\/strong><\/h3>\n<p> Oleme ideaalne veebisait looduslike ravimite ostmiseks, sest meil on aastatepikkune kogemus laia tootevaliku pakkumisel koos eksklusiivsete allahindlustega. Tehes tellimuse oma mobiiltelefoni kaudu, saate osta 2-FDCK. Me tarnime 1g, 5g, 25g ja 50g kogustes, mis teeb teile lihtsamaks saada t\u00e4pselt seda, mida vajate ja s\u00e4\u00e4sta raha.   <\/p>\n<ul>\n<li>Pakume 24\u00d77 tundi tuge<\/li>\n<li>Me tarnime ehtsat toodet<\/li>\n<li>100% ohutum pakend<\/li>\n<\/ul>\n<p>&nbsp;<\/p>\n<h3>Osta 2-FDCK pulber ja kristall online &#8211; Kuidas kasutada 2-FDCK?<\/h3>\n<p> See annab energiat, pehmendab uimastite m\u00f5ju ja puhastab meelt. SFDCK soovib saada suurep\u00e4rast kogemust ja leida, et ravim on eufoorilisem. Need ravimid v\u00f5imaldavad dissotsiatiivsema 2-FDCK v\u00f5tmise ajal neelata. Lisaks on see teiste meetoditega v\u00f5rreldes v\u00e4hem stimuleeritud. Selliste kaupade veebist ostmiseks peate ootama 2FDCK-i m\u00fc\u00fcgiks, s\u00e4\u00e4stes sellega suurema osa tehingutasust.     &nbsp;<\/p>\n","protected":false},"excerpt":{"rendered":"<p>&nbsp;<\/p>\n","protected":false},"featured_media":18183,"comment_status":"closed","ping_status":"closed","template":"","meta":{"om_disable_all_campaigns":false,"_sitemap_exclude":false,"_sitemap_priority":"","_sitemap_frequency":"","_monsterinsights_skip_tracking":false,"_monsterinsights_sitenote_active":false,"_monsterinsights_sitenote_note":"","_monsterinsights_sitenote_category":0},"product_cat":[11420],"product_tag":[12967,12969,12975,12963,12964,12976,12974,12979,12980,12977,12971,12972,12978,12965,12970,12961,12973,12968,12959,12966,12960,12962],"class_list":{"0":"post-26024","1":"product","2":"type-product","3":"status-publish","4":"has-post-thumbnail","6":"product_cat-kemikaalide-ja-psuhhedeelikumide-uurimine","7":"product_tag-2-fdck-pulber-ja-kristall-parima-hinnaga-euroopas","8":"product_tag-2-fdck-pulber-ja-kristall-tasuta-saatmine-euroopas","9":"product_tag-2-fdck-pulbri-ja-kristalli-euroopa-pood","10":"product_tag-2-fdck-pulbri-ja-kristalli-moju","11":"product_tag-2-fdck-pulbri-ja-kristalli-veebipood-euroopa","12":"product_tag-2-fdck-pulbri-ja-kristallide-euroopa-allahindlus","13":"product_tag-2-fdck-pulbri-ja-kristallide-euroopa-pakkumised","14":"product_tag-2-fdck-pulbri-ja-kristallide-euroopa-tarnijad","15":"product_tag-2-fdck-pulbri-ja-kristallide-euroopa-ulevaade","16":"product_tag-2-fdck-pulbri-ja-kristallide-kohaletoimetamine-euroopasse","17":"product_tag-2-fdck-pulbri-ja-kristallide-muuk-euroopas","18":"product_tag-2-fdck-pulbri-ja-kristallide-veebipood-euroopas","19":"product_tag-autentne-2-fdck-pulber-ja-kristall-euroopas","20":"product_tag-kui-palju-on-2-fdck-pulber-ja-kristall","21":"product_tag-kust-osta-2-fdck-pulbrit-ja-kristalli-euroopa","22":"product_tag-kust-osta-internetis-2-fdck-pulbrit-ja-kristalle","23":"product_tag-odav-2-fdck-pulber-ja-kristall-euroopa","24":"product_tag-order-2-fdck-powder-and-crystal-eu-et","25":"product_tag-ostke-2-fdck-pulbrit-ja-kristalle","26":"product_tag-ostke-2-fdck-pulbrit-ja-kristalle-internetist-euroopas","27":"product_tag-ostke-veebist-2-fdck-pulbrit-ja-kristalle","28":"product_tag-telli-2-fdck-pulber-ja-kristall-internetist","30":"first","31":"instock","32":"shipping-taxable","33":"purchasable","34":"product-type-variable","35":"farmacie-col"},"aioseo_notices":[],"_links":{"self":[{"href":"https:\/\/lacasadelamedicina.es\/et\/wp-json\/wp\/v2\/product\/26024"}],"collection":[{"href":"https:\/\/lacasadelamedicina.es\/et\/wp-json\/wp\/v2\/product"}],"about":[{"href":"https:\/\/lacasadelamedicina.es\/et\/wp-json\/wp\/v2\/types\/product"}],"replies":[{"embeddable":true,"href":"https:\/\/lacasadelamedicina.es\/et\/wp-json\/wp\/v2\/comments?post=26024"}],"wp:featuredmedia":[{"embeddable":true,"href":"https:\/\/lacasadelamedicina.es\/et\/wp-json\/wp\/v2\/media\/18183"}],"wp:attachment":[{"href":"https:\/\/lacasadelamedicina.es\/et\/wp-json\/wp\/v2\/media?parent=26024"}],"wp:term":[{"taxonomy":"product_cat","embeddable":true,"href":"https:\/\/lacasadelamedicina.es\/et\/wp-json\/wp\/v2\/product_cat?post=26024"},{"taxonomy":"product_tag","embeddable":true,"href":"https:\/\/lacasadelamedicina.es\/et\/wp-json\/wp\/v2\/product_tag?post=26024"}],"curies":[{"name":"wp","href":"https:\/\/api.w.org\/{rel}","templated":true}]}}