{"id":26013,"date":"2024-08-09T14:02:04","date_gmt":"2024-08-09T14:02:04","guid":{"rendered":"https:\/\/lacasadelamedicina.es\/product\/ostke-mdai-veebist\/"},"modified":"2024-09-05T08:53:46","modified_gmt":"2024-09-05T08:53:46","slug":"ostke-mdai-veebist","status":"publish","type":"product","link":"https:\/\/lacasadelamedicina.es\/et\/toode\/ostke-mdai-veebist\/","title":{"rendered":"Ostke MDAI veebist"},"content":{"rendered":"<h3>Ostke MDAI veebist.<\/h3>\n<p> MDAI-d m\u00fc\u00fcv veebipood. Soovitatakse, et MDAI-d ja k\u00f5iki sellel veebisaidil m\u00fc\u00fcgiks pakutavaid fenet\u00fc\u00fclamiinide j\u00e4\u00e4ke kasutatakse uurimis- ja teaduslikel eesm\u00e4rkidel. MDA oli testitava s\u00fcnteetilise aine nimi. I on arhitektuur, millel on subatomaarne v\u00f5rrand C10H11NO2 \u2013 HCl ja millel on v\u00f5imalikud f\u00fcsioloogilised ja ps\u00fchhedeelsed m\u00f5jud. V\u00f5rrandi massi v\u00e4\u00e4rtus on 213,7 g \/ mol. Ostke MDAI veebist. &#8211; <a href=\"https:\/\/drlawsonspharmacy\/contact-us\/\">KONTAKT<\/a> Kuna MDAI on uudne kemikaal, ei ole selle toksikoloogilised ja f\u00fcsioloogilised omadused veel teada. 5,6-met\u00fcleendioks\u00fc-2-aminoindaan, fenet\u00fc\u00fclamiini k\u00f5rvalsaadus, v\u00f5ib avaldada energiat andvat ja entaktogeenset toimet. Ostke MDAI veebist. 6,7-dih\u00fcdro-5H-indeno[5,6-d]monovesinikkloriid, 1,3-dioksool-6-amiin ja k\u00f5ik muud sellel veebisaidil m\u00fc\u00fcdavad ravimiravimid on soovitatavad uuringuteks ja kvantifitseerimiseks eesm\u00e4rkidel. Hoidke seda fenet\u00fc\u00fclamiini k\u00fclmas ja kuivas kohas. MDA, fenet\u00fc\u00fclamiini molekuli, ohutus v\u00f5ib kesta kuni kaks aastat seda seaduslikult lubavatel asjaoludel. Investeerige veebis MDA.I-sse. Miks peaksite MDA.I meilt ostma? \u2605 Meil \u200b\u200bon turul pikaajaline vahetamise ajalugu, nii et saate meie kogemustest kasu. \u2605 MDAI on testitud ja kinnitatud. \u2605 MDAI-d saate osta Bitcoini, MoneyGrami ja Western Unioniga v\u00f5i panga\u00fclekandega. Mida saate, kui ostate meilt MDA.I? &#8211; Tahke alumiiniumfooliumist kott, mis sisaldab 6,7-dih\u00fcdro-5H-indeno[5,6-d]-1,3-dioksool-6-amiin, k\u00f5rgeima kvaliteediga monovesinikkloriidi s\u00fcntees \u2013 puhtklaasjas tugev koostis \u2013 \u226598 % autentsus Veebip\u00e4ringud MDAI kohta, juurdep\u00e4\u00e4setav MDAI ostmiseks, MDAI abin\u00f5ud, 10 mg MDAI tablettide veebim\u00fc\u00fck ja teave selle kohta, kuidas hankida MDAI ravimeid, MDAI ja MDAI annus MDAI 60 mg on saadaval ostmiseks, MDAI 15 mg on saadaval veebisaidil t\u00e4naval on MDAI pillid saadaval ostmiseks ja MDAI on saadaval ka ilma retseptita. Ostke MDAI sulfaattablette, ostke MDAI-d, ostke MDAI 30 mg, ostke MDAI pillid Internetist, ostke MDAI-d, ostke MDAI-d, ostke MDAI-d ilma retseptita, ostke MDAI-d, ostke MDAI-d, ostke MDAI-d, ostke MDAI-d, ostke MDAI-d, ostke MDAI-d, ostke MDAI-d, osta MDAI, osta MDAI, osta MDAI, osta MDAI, osta MDAI, osta MDAI, osta MDAI, osta MDAI, osta MDAI, osta MDAI, osta MDAI, osta MDAI. \u00dcle kogu maailma pakume kiirteenust 1-2 p\u00e4evaga. Meie tarned on t\u00e4iesti ohutud ja kiirsaadetised kindlustavad sel viisil k\u00f5ik kliendid ja pakid kohaletoimetamiseks, muutes \u00e4ritegevuse pidevalt edukaks.                     <\/p>\n<h3><strong>Kas teate, kust MDAI-d osta?<\/strong><\/h3>\n<p> M\u00fc\u00fcakse MDAI-d, MDAI t\u00e4navahind, MDAI annus, kuidas MDAI-d toota, kust ma saan veebis MDAI-d osta, kust MDAI-d leida, mis on MDAI ja esmaklassiline MDAI on k\u00f5ik saadaval. Saame pakkuda lahendusi k\u00f5igile neile lahendamata k\u00fcsimustele. Saate lisateavet selle kohta, kust ja kuidas veebis MDAI-d osta, lihtsalt sirvides meie veebisaiti. Kuidas MDAI v\u00f5rrelda? Kas teate, kust MDAI-d Internetist osta? Kust osta MDAI-d, kust saada veebist puhast MDAI-d, kuidas MDAI-d teha, kuidas MDAI v\u00e4lja n\u00e4eb, MDAI t\u00e4navahind ja MDAI hind on k\u00f5ik terminid, mida kasutatakse MDAI ostmise kirjeldamiseks.      &nbsp;<\/p>\n<h3><strong>Telli CLAIMANT<\/strong><\/h3>\n<p> On t\u00e4iesti arusaadav, et tarbijad ei usalda kohe Internetis m\u00fc\u00fcdava MDAI kvaliteeti, kuna nad ei saa seda f\u00fc\u00fcsiliselt kontrollida. Kuid veebip\u00f5hise MDAI edasim\u00fc\u00fcjaga on see teisiti. Siin pakutavad tooted kajastavad t\u00e4pselt, mis nad on, ja professionaalse j\u00e4relevalve all on tehtud tipptasemel hooldus. Kiire &amp;amp; Diskreetne kohaletoimetamine: p\u00e4rast tellimuse k\u00e4ttesaamist tarnitakse MDAIonline lubatud aja jooksul. Saatmismeeskond n\u00e4eb palju vaeva, et tarne- ja kohaletoimetamisprotsess oleks kiire ja lihtne. Kui ostate veebip\u00f5hiselt veebisaidilt professionaalilt MDAI-d, v\u00f5ite olla kindel ka tipptasemel teenuses.      &nbsp;<\/p>\n","protected":false},"excerpt":{"rendered":"<p>Internetis turustatava MDAI t\u00e4ielik IUPAC-nimi on 6,7-dih\u00fcdro-5H-indeno[5,6-d].-1,3-dioksool-6-amiin, monovesinikkloriid, aine, mida kasutatakse fenet\u00fc\u00fclamiinide uurimisel. MDAI v\u00f5ib olla entaktogeen ja stimulant.  &nbsp;<\/p>\n","protected":false},"featured_media":18153,"comment_status":"closed","ping_status":"closed","template":"","meta":{"om_disable_all_campaigns":false,"_sitemap_exclude":false,"_sitemap_priority":"","_sitemap_frequency":"","_monsterinsights_skip_tracking":false,"_monsterinsights_sitenote_active":false,"_monsterinsights_sitenote_note":"","_monsterinsights_sitenote_category":0},"product_cat":[11420],"product_tag":[12934,12921,12918,12926,12932,12930,12935,12919,12920,12923,12925,12928,12927,12929,12915,12917,12922,12924,12916,12933,12931,12936],"class_list":{"0":"post-26013","1":"product","2":"type-product","3":"status-publish","4":"has-post-thumbnail","6":"product_cat-kemikaalide-ja-psuhhedeelikumide-uurimine","7":"product_tag-autentne-mdai-europe","8":"product_tag-kui-palju-on-mdai","9":"product_tag-kust-osta-internetis-mdai-d","10":"product_tag-kust-osta-mdai-europe","11":"product_tag-mdai-euroopa-allahindlus","12":"product_tag-mdai-euroopa-pakkumised","13":"product_tag-mdai-europe-tarnijad","14":"product_tag-mdai-mojud","15":"product_tag-mdai-muuk-internetis","16":"product_tag-mdai-parim-hind-euroopas","17":"product_tag-mdai-tasuta-kohaletoimetamine-euroopasse","18":"product_tag-mdai-veebipood-euroopa","19":"product_tag-nouded-euroopa-muuk","20":"product_tag-odav-mdai-euroopa","21":"product_tag-osta-mdai","22":"product_tag-osta-mdai-veebist","23":"product_tag-ostke-mdai-internetist-euroopas","24":"product_tag-telli-mdai-eu","25":"product_tag-tellige-mdai-internetist","26":"product_tag-volausaldaja-euroopa-kohaletoimetamine","27":"product_tag-volausaldaja-euroopa-pood","28":"product_tag-volausaldaja-euroopa-ulevaade","30":"first","31":"instock","32":"shipping-taxable","33":"purchasable","34":"product-type-variable","35":"farmacie-col"},"aioseo_notices":[],"_links":{"self":[{"href":"https:\/\/lacasadelamedicina.es\/et\/wp-json\/wp\/v2\/product\/26013"}],"collection":[{"href":"https:\/\/lacasadelamedicina.es\/et\/wp-json\/wp\/v2\/product"}],"about":[{"href":"https:\/\/lacasadelamedicina.es\/et\/wp-json\/wp\/v2\/types\/product"}],"replies":[{"embeddable":true,"href":"https:\/\/lacasadelamedicina.es\/et\/wp-json\/wp\/v2\/comments?post=26013"}],"wp:featuredmedia":[{"embeddable":true,"href":"https:\/\/lacasadelamedicina.es\/et\/wp-json\/wp\/v2\/media\/18153"}],"wp:attachment":[{"href":"https:\/\/lacasadelamedicina.es\/et\/wp-json\/wp\/v2\/media?parent=26013"}],"wp:term":[{"taxonomy":"product_cat","embeddable":true,"href":"https:\/\/lacasadelamedicina.es\/et\/wp-json\/wp\/v2\/product_cat?post=26013"},{"taxonomy":"product_tag","embeddable":true,"href":"https:\/\/lacasadelamedicina.es\/et\/wp-json\/wp\/v2\/product_tag?post=26013"}],"curies":[{"name":"wp","href":"https:\/\/api.w.org\/{rel}","templated":true}]}}