{"id":26008,"date":"2024-08-09T14:02:04","date_gmt":"2024-08-09T14:02:04","guid":{"rendered":"https:\/\/lacasadelamedicina.es\/product\/osta-ketamiinipulbrit-internetist\/"},"modified":"2024-09-05T08:53:23","modified_gmt":"2024-09-05T08:53:23","slug":"osta-ketamiinipulbrit-internetist","status":"publish","type":"product","link":"https:\/\/lacasadelamedicina.es\/et\/toode\/osta-ketamiinipulbrit-internetist\/","title":{"rendered":"Osta ketamiinipulbrit Internetist"},"content":{"rendered":"<h1>Osta ketamiinipulbrit Internetist.<\/h1>\n<p> Ketamiini m\u00fc\u00fck Internetis. Tugeva stressi ja meeleheite leevendamiseks ostke Ketamiini pulbrit. Osta ketamiinipulbrit veebist \u2013 <a href=\"https:\/\/drlawsonspharmacy\/contact-us\/\">KONTAKT<\/a> Depressioon on k\u00f5ige levinum vaimuhaigus maailmas ja see aitab oluliselt kaasa enesetappude arvu suurenemisele. Kiire toime alguse t\u00f5ttu <a href=\"https:\/\/dieapotheke247.com\/\">ketamiin<\/a> muutub depressiooniravi vahendina \u00fcha populaarsemaks. See toimib kinnitudes aju NMDA retseptoritega, suurendades neurotransmitteri glutamaadi kontsentratsiooni. Selle tulemusena aktiveeruvad AMPA retseptorid, mis p\u00f5hjustab rohkemate kemikaalide vabanemist. Kogu protsess m\u00f5jutab tunnetust, meeleolu ja m\u00f5ttemustreid. Lisaks parandab ravim teatud ajupiirkondade vahelist suhtlust ja v\u00e4hendab p\u00f5letikuga seotud signaale. Enne ketamiinipulbri ostmist on oluline olla teadlik plussidest ja miinustest.         &nbsp;<\/p>\n<h2>Ostke ketamiinipulbrit veebist usaldusv\u00e4\u00e4rselt tarnijalt<\/h2>\n<p> Kui kasutate retseptiravimeid meditsiinilistel p\u00f5hjustel, pole miski t\u00e4htsam kui kvaliteet. Dr Lawsons Pharmacy&#8217;s on meil professionaalide meeskond, kes teostab kvaliteedikontrolli eri etappidel, et tagada meie j\u00e4rgimine k\u00f5rgeimatest rahvusvahelistest standarditest. Paljudel inimestel on meie m\u00fc\u00fcdava ketamiinipulbriga olnud suur edu ja loodame, et ka teie. Kui teil on k\u00fcsimusi, v\u00f5tke meie meeskonnaga \u00fchendust igal teile sobival ajal.    <\/p>\n<h3><\/h3>\n<p>&nbsp;<\/p>\n","protected":false},"excerpt":{"rendered":"<p>Ketamiin on osutunud t\u00f5husaks depressiooni ravis bipolaarsetel inimestel, kes ei ole antidepressantidele reageerinud. &nbsp;<\/p>\n","protected":false},"featured_media":18138,"comment_status":"closed","ping_status":"closed","template":"","meta":{"om_disable_all_campaigns":false,"_sitemap_exclude":false,"_sitemap_priority":"","_sitemap_frequency":"","_monsterinsights_skip_tracking":false,"_monsterinsights_sitenote_active":false,"_monsterinsights_sitenote_note":"","_monsterinsights_sitenote_category":0},"product_cat":[11420],"product_tag":[12912,12901,12905,12897,12898,12910,12911,12908,12909,12914,12903,12906,12913,12899,12904,12896,12907,12893,12895,12900,12902,12894],"class_list":{"0":"post-26008","1":"product","2":"type-product","3":"status-publish","4":"has-post-thumbnail","6":"product_cat-kemikaalide-ja-psuhhedeelikumide-uurimine","7":"product_tag-autentne-ketamiinipulber-euroopas","8":"product_tag-ketamiini-pulber-parima-hinnaga-euroopas","9":"product_tag-ketamiini-pulbri-euroopa-muuk","10":"product_tag-ketamiini-pulbri-moju","11":"product_tag-ketamiini-pulbri-muuk-internetis","12":"product_tag-ketamiinipulbri-euroopa-allahindlus","13":"product_tag-ketamiinipulbri-euroopa-kohaletoimetamine","14":"product_tag-ketamiinipulbri-euroopa-pakkumised","15":"product_tag-ketamiinipulbri-euroopa-pood","16":"product_tag-ketamiinipulbri-euroopa-ulevaade","17":"product_tag-ketamiinipulbri-tasuta-kohaletoimetamine-euroopasse","18":"product_tag-ketamiinipulbri-veebipood-euroopa","19":"product_tag-ketamine-powder-europe-tarnijad","20":"product_tag-kui-palju-on-ketamiini-pulber","21":"product_tag-kust-osta-ketamiinipulbrit-euroopas","22":"product_tag-kust-osta-ketamiinipulbrit-internetis","23":"product_tag-odav-ketamiinipulber-euroopas","24":"product_tag-osta-ketamiini-pulbrit","25":"product_tag-osta-ketamiini-pulbrit-veebist","26":"product_tag-ostke-ketamiinipulbrit-internetist-euroopas","27":"product_tag-telli-ketamiini-pulber-eu","28":"product_tag-tellige-ketamiinipulbrit-internetist","30":"first","31":"instock","32":"shipping-taxable","33":"purchasable","34":"product-type-variable","35":"farmacie-col"},"aioseo_notices":[],"_links":{"self":[{"href":"https:\/\/lacasadelamedicina.es\/et\/wp-json\/wp\/v2\/product\/26008"}],"collection":[{"href":"https:\/\/lacasadelamedicina.es\/et\/wp-json\/wp\/v2\/product"}],"about":[{"href":"https:\/\/lacasadelamedicina.es\/et\/wp-json\/wp\/v2\/types\/product"}],"replies":[{"embeddable":true,"href":"https:\/\/lacasadelamedicina.es\/et\/wp-json\/wp\/v2\/comments?post=26008"}],"wp:featuredmedia":[{"embeddable":true,"href":"https:\/\/lacasadelamedicina.es\/et\/wp-json\/wp\/v2\/media\/18138"}],"wp:attachment":[{"href":"https:\/\/lacasadelamedicina.es\/et\/wp-json\/wp\/v2\/media?parent=26008"}],"wp:term":[{"taxonomy":"product_cat","embeddable":true,"href":"https:\/\/lacasadelamedicina.es\/et\/wp-json\/wp\/v2\/product_cat?post=26008"},{"taxonomy":"product_tag","embeddable":true,"href":"https:\/\/lacasadelamedicina.es\/et\/wp-json\/wp\/v2\/product_tag?post=26008"}],"curies":[{"name":"wp","href":"https:\/\/api.w.org\/{rel}","templated":true}]}}