{"id":25997,"date":"2024-08-09T14:02:08","date_gmt":"2024-08-09T14:02:08","guid":{"rendered":"https:\/\/lacasadelamedicina.es\/product\/ostke-caluanie-muelear-oxidize-veebist\/"},"modified":"2024-08-09T14:02:08","modified_gmt":"2024-08-09T14:02:08","slug":"ostke-caluanie-muelear-oxidize-veebist","status":"publish","type":"product","link":"https:\/\/lacasadelamedicina.es\/et\/toode\/ostke-caluanie-muelear-oxidize-veebist\/","title":{"rendered":"Ostke Caluanie Muelear Oxidize veebist"},"content":{"rendered":"<h3>M\u00fc\u00fca Caluanie Muelear Oxidize \u2013 ostke Caluanie Muelear Oxidize veebist<\/h3>\n<p> USA juhtiv tarnija pakub praegu caluanie tuuma oks\u00fcdeerimist Internetis m\u00fc\u00fcgiks. Meie meeskond aitab teil leida veebis parimaid pakkumisi kvaliteetse cauanie muelear oxidise kohta. Osta juba t\u00e4na! Ostke Caluanie Muelear Oxidize veebist &#8211; Ostke Caluanie Muelear Oxidize veebist    <a href=\"https:\/\/drlawsonspharmacy\/contact-us\/\">KONTAKT<\/a><\/p>\n<h3>Kas selle Caluanie Muelear oks\u00fcdeeris?<\/h3>\n<p> Helepruun viskoosne vedelik, mida nimetatakse Caluanie kemikaaliks, saadakse toorpalmi\u00f5li lahuse \u00fcmberesterdamisel. 99% juhtudest kasutatakse toorkaluana tootmiseks m\u00fcelearoksiidi. Suurep\u00e4rane kemikaal, millel on potentsiaalsed \u00fclemaailmsed rakendused tsentraliseeritud keemiatootmise sektorites, on past\u00f6riseerimistehas. Pakume m\u00fc\u00fcgiks Caluanie Muelear Oxidise varustust. Caluanie m\u00fcelear oxidise kasutatakse v\u00e4\u00e4riskivide ja erimetallide t\u00f6\u00f6tlemiseks ja lihvimiseks. Keemiat\u00f6\u00f6stuses kasutatakse seda v\u00e4\u00e4ris- ja poolv\u00e4\u00e4riskivide t\u00f6\u00f6tlemisel ning metallide lihvimisel. \u00dche polaarse ja \u00fche mittepolaarse otsaga saab plekkide eemaldamiseks kasutada Calianie keskmisi keemilisi lahuseid.       <\/p>\n<h3><strong>Ostke Caluanie Muelear Oxidize<\/strong><\/h3>\n<p> Caluanie&#8217;t kasutatakse sageli v\u00e4rvides ja kemikaalides h\u00fcgroskoopse asendajana. Sageli kasutavad seda pinnakatted, v\u00e4rvid, pol\u00fcmeerid ja tr\u00fckiv\u00e4rvid. Caluanie Chemical Solution on plekke eemaldav molekul, millel on \u00fcks polaarne ja \u00fcks mittepolaarne ots. Nad on v\u00f5imelised toetama lahustumatuid emulgeerivaid segusid. Selle kemikaaliga saab eemaldada rasva, kummitsementi, pliiatsiplekke, liimi ja k\u00fc\u00fcnelakki. Seda kemikaali v\u00f5ib k\u00fc\u00fcnelakieemaldaja sisaldada. Piiramatuks kasutamiseks on aga soovitatav osta Normal Caluanie pudelites meie veebipoest. Seda kasutatakse keemiat\u00f6\u00f6stuses metallide purustamiseks ning haruldaste ja poolv\u00e4\u00e4riskivide tootmiseks. \u00dche polaarse ja \u00fche mittepolaarse otsaga molekuli, mida tuntakse Cauanie Muelear Oxide nime all, kasutatakse plekkide eemaldamiseks. See v\u00f5ib aidata emulgeerida aineid, mis tavaliselt on lahustumatud. Selle kemikaaliga saab eemaldada rasva, kummitsementi, pliiatsiplekke, liimi ja k\u00fc\u00fcnelakki. Seda ainet v\u00f5ib sisaldada k\u00fc\u00fcnelakieemaldaja. \u00dcldkasutuseks on aga soovitatav osta Normal Caluanie pudelites meie veebipoest Osta Caluanie Muelear Oxidise Online\u2019ist.             <\/p>\n<h3>Kuidas osta Caluanie muelear oxidize&#8217;i?<\/h3>\n<p> Nad on v\u00f5imelised toetama lahustumatuid emulgeerivaid segusid. Veebipood Cauanie Muelear Oxidise ostmiseks. Parima toote ostmiseks v\u00f5tke meiega \u00fchendust Dr. Lawsons Pharmacyga. Me ei valmista teile pettumust. Kliendid \u00fcle maailma hindavad meie tooteid ja teenuseid, mida iseloomustab k\u00f5rge puhtus ja \u00fchtlane kvaliteet. Oleme viimase k\u00fcmnendi uurinud uurimis\u00fchendeid ja tunneme neid suurep\u00e4raselt. Pakume usaldusv\u00e4\u00e4rseid uurimiskemikaalide tarnijaid. Tarneaeg v\u00f5tab tavaliselt viis kuni k\u00fcmme p\u00e4eva. Pakume oma klientidele esmaklassilisi \u00fcmbersaatmise juhiseid. Kaasaegsed pakkimistehnikad tagavad, et meie toodete kvaliteet on t\u00e4iesti garanteeritud. Meil on see laimav m\u00fcelear oks\u00fcdeerija laos pasta kujul. Partuerize Caluanie Muelear Oxidise on saadaval koos proovidega.            <\/p>\n<h3>Ostke Caluanie Muelear Oxidize veebist<\/h3>\n<p> Toorpalmi\u00f5list saadud 99% Caluanie lahuse transmogeniseerimise p\u00f5hjal on Caluanie helepruun vedelik. Selle t\u00f6\u00f6tas v\u00e4lja ettev\u00f5te, mis toodab Muelear Oxidise Pasteurise \u2013 esmaklassilist kemikaali, millel on mitu rakendust. K\u00f5ige rohkem kasutab seda keemiat\u00f6\u00f6tlemise sektor. Caluanie Mueleari oks\u00fcdeerijat saate h\u00f5lpsalt turult osta.    <\/p>\n<h3><strong>Caluanie Muelear Oxidize bestellen<\/strong><\/h3>\n<p> Seda tuntakse keemia- ja v\u00e4rvit\u00f6\u00f6stuses h\u00fcgroskoopse ainena. V\u00e4rvi-, pinnakatte-, tindi- ja plastit\u00f6\u00f6stused kasutavad seda laialdaselt. T\u00e4nu oma raskematele vesinikuaatomitele kui t\u00fc\u00fcpilised vesinikuaatomid on Cauanie tuntud ka kui raske vesi. See kemikaal on m\u00f5eldud metallioksiidide lagundamiseks ja p\u00f5letamiseks ilma teiste ainetega reageerimata. Tagamaks, et k\u00e4sitsi teisaldamisel ei oleks negatiivseid tagaj\u00e4rgi, on seda v\u00e4rvitut vedelikku laborites testitud. Caluanie Muelear oxidise on ohutu ja puhas, nii et saate selle e-poest k\u00f5hklemata osta.      <\/p>\n<h3>Kuidas te kasutate Caluanie Muelear Oxidize&#8217;i?<\/h3>\n<p> Kemikaale kasutatakse sageli mitmesugustes rakendustes k\u00f5igis t\u00f6\u00f6stusharudes. Metalli- ja keemiat\u00f6\u00f6stus esindab suurt n\u00f5udlust toote Caluanie Muelear Oxidise j\u00e4rele. Caluanie Muelear oxidise on saadaval usaldusv\u00e4\u00e4rselt tarnijalt. K\u00f5ige olulisemad rakendused on loetletud allpool:    <\/p>\n<ul>\n<li>Emulgeerimine<\/li>\n<li>Metalli keemiline lihvimine<\/li>\n<li>Metallliitmike t\u00f6\u00f6tlemine<\/li>\n<li>Eemaldab ained, mida teised kemikaalid ei suuda eemaldada.<\/li>\n<li>Plekkide eemaldamine<\/li>\n<li>V\u00e4\u00e4ris- ja poolv\u00e4\u00e4riskivide viimistlemine<\/li>\n<\/ul>\n<p> Kui otsite kohta, kus osta odavat Caluanie Muelear Oxidate&#8217;i, leiate turult parima Interneti-jaem\u00fc\u00fcja. Nad pakuvad kiiret ja turvalist saatmist ja kohaletoimetamist \u00fcle kogu maailma ning v\u00e4ga diskreetset toodet. Nad on Caluanie k\u00f5ige usaldusv\u00e4\u00e4rsem veebim\u00fc\u00fcja, pakkudes k\u00f5rgeima kvaliteediga veebis saadaolevaid tooteid ja pakkudes nii v\u00e4ikeseid kui ka suuri tellimusi \u00f5igeaegse kohaletoimetamisega, nagu lubatud. Parim valik neile, kes pole kindlad, kust Caluanie Muelear oxidise osta, on Interneti-jaem\u00fc\u00fcja.    <\/p>\n<h3>Miks osta Dr. Lawsonsilt Caluanie Muelear Oxidize?<\/h3>\n<p> Dr Lawsons Pharmacy on p\u00fchendunud kvaliteedi tagamisele ja v\u00e4\u00e4rtuse loomisele veelgi kaugemale. Caluanie Muelear oxidise on saadaval meie poes soodsate hindadega. Pakume korralikku juhendamist ja tunneme muret ka klientide ohutuse p\u00e4rast. Et <a href=\"https:\/\/dieapotheke247.com\/\">vastavad <\/a>spetsiifilised vajadused, saame oma teenuseid kohandada. Ja kui teil on muresid v\u00f5i k\u00fcsimusi, v\u00f5tke julgelt \u00fchendust meie ekspertidega. Et v\u00e4ltida nende kemikaalide k\u00e4sitsemisel allaneelamist v\u00f5i kokkupuudet nahaga, peaksid teil olema p\u00f5hiteadmised kemikaalide k\u00e4itlemise ja ohutu ladustamise kohta. Samuti peaksite kandma kaitseriietust. Caluanie Muelear Oxidize online kaufen        &nbsp;<\/p>\n","protected":false},"excerpt":{"rendered":"<p>M\u00fc\u00fca Caluanie Muelear Oxidize \u2013 ostke Caluanie Muelear Oxidize veebist USA juhtiv tarnija pakub praegu caluanie tuuma oks\u00fcdeerimist Internetis m\u00fc\u00fcgiks. Meie meeskond aitab teil leida veebis parimaid pakkumisi kvaliteetse cauanie muelear oxidise kohta. Osta juba t\u00e4na! Ostke Caluanie Muelear Oxidize veebist &#8211; Ostke Caluanie Muelear Oxidize veebist KONTAKT Kas selle Caluanie Muelear oks\u00fcdeeris? Helepruun viskoosne [&hellip;]<\/p>\n","protected":false},"featured_media":18678,"comment_status":"closed","ping_status":"closed","template":"","meta":{"om_disable_all_campaigns":false,"_sitemap_exclude":false,"_sitemap_priority":"","_sitemap_frequency":"","_monsterinsights_skip_tracking":false,"_monsterinsights_sitenote_active":false,"_monsterinsights_sitenote_note":"","_monsterinsights_sitenote_category":0},"product_cat":[11420],"product_tag":[12868,12866,12865,12867,12861,12864,12869,12870,12854,12857,12859,12862,12853,12855,12860,12852,12863,12849,12851,12856,12858,12850],"class_list":{"0":"post-25997","1":"product","2":"type-product","3":"status-publish","4":"has-post-thumbnail","6":"product_cat-kemikaalide-ja-psuhhedeelikumide-uurimine","7":"product_tag-autentne-caluanie-muelear-oxidize-europe","8":"product_tag-caluanie-muelear-oxidize-europe-allahindlus","9":"product_tag-caluanie-muelear-oxidize-europe-kauplus","10":"product_tag-caluanie-muelear-oxidize-europe-kohaletoimetamine","11":"product_tag-caluanie-muelear-oxidize-europe-muuk","12":"product_tag-caluanie-muelear-oxidize-europe-pakkumised","13":"product_tag-caluanie-muelear-oxidize-europe-tarnijad","14":"product_tag-caluanie-muelear-oxidize-europe-ulevaade","15":"product_tag-caluanie-muelear-oxidize-muuk-internetis","16":"product_tag-caluanie-muelear-oxidize-parima-hinnaga-euroopas","17":"product_tag-caluanie-muelear-oxidize-tasuta-kohaletoimetamine-euroopasse","18":"product_tag-caluanie-muelear-oxidize-veebipood-euroopa","19":"product_tag-caluanie-mueleari-oksudeerimise-moju","20":"product_tag-kui-palju-on-caluanie-muelear-oxidize","21":"product_tag-kust-osta-caluanie-muelear-oxidize-euroopas","22":"product_tag-kust-osta-caluanie-muelear-oxidize-europe","23":"product_tag-odav-caluanie-muelear-oxidize-europe","24":"product_tag-osta-caluanie-muelear-oxidize","25":"product_tag-osta-caluanie-muelear-oxidize-veebist","26":"product_tag-ostke-caluanie-muelear-oxidize-internetist-euroopas","27":"product_tag-telli-caluanie-muelear-oxidize-eu","28":"product_tag-tellige-caluanie-muelear-oxidize-veebist","30":"first","31":"instock","32":"shipping-taxable","33":"purchasable","34":"product-type-variable","35":"farmacie-col"},"aioseo_notices":[],"_links":{"self":[{"href":"https:\/\/lacasadelamedicina.es\/et\/wp-json\/wp\/v2\/product\/25997"}],"collection":[{"href":"https:\/\/lacasadelamedicina.es\/et\/wp-json\/wp\/v2\/product"}],"about":[{"href":"https:\/\/lacasadelamedicina.es\/et\/wp-json\/wp\/v2\/types\/product"}],"replies":[{"embeddable":true,"href":"https:\/\/lacasadelamedicina.es\/et\/wp-json\/wp\/v2\/comments?post=25997"}],"wp:featuredmedia":[{"embeddable":true,"href":"https:\/\/lacasadelamedicina.es\/et\/wp-json\/wp\/v2\/media\/18678"}],"wp:attachment":[{"href":"https:\/\/lacasadelamedicina.es\/et\/wp-json\/wp\/v2\/media?parent=25997"}],"wp:term":[{"taxonomy":"product_cat","embeddable":true,"href":"https:\/\/lacasadelamedicina.es\/et\/wp-json\/wp\/v2\/product_cat?post=25997"},{"taxonomy":"product_tag","embeddable":true,"href":"https:\/\/lacasadelamedicina.es\/et\/wp-json\/wp\/v2\/product_tag?post=25997"}],"curies":[{"name":"wp","href":"https:\/\/api.w.org\/{rel}","templated":true}]}}