{"id":25986,"date":"2024-08-09T14:02:08","date_gmt":"2024-08-09T14:02:08","guid":{"rendered":"https:\/\/lacasadelamedicina.es\/product\/ostke-mefedroon-4-mmc-veebist\/"},"modified":"2024-08-09T14:02:08","modified_gmt":"2024-08-09T14:02:08","slug":"ostke-mefedroon-4-mmc-veebist","status":"publish","type":"product","link":"https:\/\/lacasadelamedicina.es\/et\/toode\/ostke-mefedroon-4-mmc-veebist\/","title":{"rendered":"Ostke mefedroon (4-MMC) veebist"},"content":{"rendered":"<h3>Ostke mefedroon (4-MMC) veebist.<\/h3>\n<p> Ostke mefedroon (4-MMC) veebist. Mefedroonile on iseloomulik monoamiinide pakkumine. Selle kaks enantiomeeri n\u00e4itavad dopamiini transporteritel substraatidena v\u00f5rreldavat intensiivsust, kuna tegemist on kiraalse molekuliga. Serotoniini transporterite substraadina on R-mefedroon palju v\u00e4hem efektiivne kui S-mefedroon. <strong><em>Ostke mefedroon (4-MMC) veebist<\/em><\/strong> \u2013 <a href=\"https:\/\/drlawsonspharmacy\/contact-us\/\">KONTAKT<\/a> Mefedroon (4-MMC) on ketohapniku t\u00f5ttu h\u00fcdrofiilsem kui v\u00f5rreldavad met\u00fc\u00fclamfetamiinid, mis v\u00f5ib seletada, miks on v\u00f5rreldava tulemuse saavutamiseks vaja suuremaid annuseid. efekti saavutamiseks, sest mefedroon (4-MMC) l\u00e4bib hematoentsefaalbarj\u00e4\u00e4ri v\u00e4hem. <strong>osta mefedroon veebist<\/strong> Mefedrooni (4-MMC) suitsetatakse sageli alkoholiga. Hiirtega l\u00e4biviidud uuringus uuriti nende kahe ravimi koostoimet ja keskenduti 4-MMC ps\u00fchhostimuleerivatele ja rahuldust pakkuvatele omadustele. On leitud, et alkohol suurendab m\u00e4rkimisv\u00e4\u00e4rselt 4-MMC ps\u00fchhostimuleerivat toimet, kui seda tarbitakse v\u00e4ikestes (mittestimuleerivates) kogustes. S\u00fcnaptilise dopamiini sisalduse suurenemine takistas seda m\u00f5ju, kuna haloperidool, kuid mitte ketanseriin, suutis \u00e4ra hoida alkoholi v\u00f5imendavat toimet. V\u00e4ike, mittekompenseeriv kogus alkoholi parandas ka 4-MMC kompenseerivaid omadusi. Kust osta Internetist mefedrooni ja m\u00f5\u00f5dukat 4-MMC-d vastavalt M-CAT-p\u00e4ringule? Mephedrone (4-MMC) Online on vaid \u00fcks uuematest kemikaalidest v\u00f5i &#8220;legaalsetest uimastitest&#8221;, mis on hiljuti tuvastatud, koos s\u00fcnteetiliste, tehislike narkootiliste ainetega, nagu modifitseeritud kanep, ja pooltoodetega, nagu met\u00fc\u00fclheksanamiin. Need ravimid t\u00f6\u00f6tati v\u00e4lja peamiselt selleks, et m\u00f6\u00f6da hiilida ebaseaduslikke narkootikume keelavatest m\u00e4\u00e4rustest, saades neile h\u00fc\u00fcdnime &#8220;arhitektravimid&#8221;. Mefedrooni kombinatsiooni kirjeldas esmakordselt 1929. aastal Saem de Burnaga Sanchez ajakirjas Bulletin de la Soci\u00e9t\u00e9 Chimique de France nime all &#8220;tolu\u00fc\u00fcl-alfa-monomet\u00fc\u00fclaminoet\u00fc\u00fcltsetoon&#8221;, kuid aine j\u00e4i akadeemilises kogukonnas saladuseks kuni 2003. Euroopa Narkootikumide ja Narkomaania Vaatluskeskus jagatud. &#8220;Olen viimastel p\u00e4evadel kurnatud ja lebasin l\u00f5busaid reaktiive, nii et m\u00f5tlesin, et proovin k\u00e4tt 1-(4-met\u00fc\u00fclfen\u00fc\u00fcl)-2-met\u00fc\u00fclaminopropanoonvesinikkloriidi ehk 4-met\u00fc\u00fclmetkatinooni valmistamisel,&#8221; kirjutas Motor. veebisaidil, enne kui v\u00e4itis, et p\u00e4rast selle v\u00f5tmist tundis ta &#8220;vapustavat heaolutunnet, mida ma pole kunagi saanud \u00fchestki ravimist, v\u00e4lja arvatud minu armastatud Ecstasy&#8221;. Kinetic v\u00e4itis intervjuudes, et on &#8220;matemaatik, kes reklaamis suurele narkoorganisatsioonile unerohtu&#8221; ja \u00fctles, et elas mefedrooni taasavastamisel Iisraelis.              <strong>Kuidas mefedrooni (4-MMC) veebist tellida?<\/strong> Mephedrone (4-MMC) veebist tellimine on alati m\u00f5istlik otsus, sest see v\u00f5imaldab s\u00e4\u00e4sta aega ja raha. Ja Interneti-apteegiga suhtlemine on ainus usaldusv\u00e4\u00e4rne v\u00f5imalus Mephedrone (4-MMC) veebist tellimiseks. Lugesite seda \u00f5igesti. Apteegi asemel tuleks kasutada mainekat veebip\u00f5hist mefedrooni (4-MMC) tarnijat, et saaksite oodata tipptasemel tooteid ja kiiret kohaletoimetamist ilma probleemideta. <strong>Mefedrooni (4-MMC) v\u00f5rgutarnija \u2013 saate aru, et see on teie ainus parim viis mefedrooni (4-MMC) veebist ostmiseks.<\/strong> Kui asi puudutab, <strong>Ostke mefedroon (4-MMC) veebist<\/strong>, meiesugune Interneti-apteek on parim valik. T\u00f6\u00f6tades usaldusv\u00e4\u00e4rse ja kogenud apteegiga, saate parimaid tooteid ning tagada nende t\u00f5hususe ja ohutuse. Professionaalsed pakkujad v\u00f5tavad oma kohustusi ja vastutust klientide ees v\u00e4ga t\u00f5siselt. Mefedrooni (4-MMC) ja muid sellega seotud ravimeid saab osta Interneti-apteekidest \u00f5iglaste ja taskukohaste hindadega. Neid kaupu saab osta v\u00e4ga v\u00e4ikese raha eest.        <\/p>\n<h3><strong>Kas teate, kust mefedrooni (4-MMC) osta?<\/strong><\/h3>\n<p> M\u00fc\u00fca mefedroon (4-MMC), t\u00e4navav\u00e4\u00e4rtus <a href=\"https:\/\/dieapotheke247.com\/\">Mefedroon<\/a> (4-MMC), annus mefedrooni (4-MMC), kuidas valmistada mefedrooni (4-MMC), kust saab osta mefedrooni ( 4 -MMC) osta internetist, kust osta mefedroon (4-MMC), mis on m\u00fc\u00fcgil mefedroon (4-MMC) ja esmaklassiline mefedroon (4-MMC). Saame pakkuda lahendusi k\u00f5igile neile lahendamata k\u00fcsimustele. Meie veebisaidilt saate teada, kuidas Internetist amfetamiinipulbrit osta ja kust seda osta.   <strong>Aga 4-MMC (4-MEP)? Kas teate, kust mefedrooni (4-MMC) veebis osta saab? Kust saab mefedrooni (4-MMC), puhast mefedrooni (4-MMC), kust saab veebist osta mefedrooni (4-MMC) ja muud seotud terminid ja v\u00e4ljendid on &#8220;osta mefedroon (4-MMC) m\u00fc\u00fcgiks&#8221;, &#8221; kuidas valmistada mefedroon (4-MMC), &#8220;milline mefedroon (4-MMC) v\u00e4lja n\u00e4eb&#8221; ja &#8220;mefedroon (4-MMC) t\u00e4navahinnaga&#8221;.  <\/strong><\/p>\n<h3><strong>Telli Mephedron (4-MMC).<\/strong><\/h3>\n<p> Kvaliteetne veebip\u00f5hine Mephedrone (4-MMC) pulber: kuna nad ei saa Internetis pakutavat Mephedrone (4-MMC) pulbrit isiklikult kontrollida, on t\u00e4iesti arusaadav, et inimesed selle kvaliteeti ei usalda. Mefedrooni (4-MMC) pulbri veebitarnijate puhul see aga nii ei ole. Siin pakutavad tooted kajastavad t\u00e4pselt seda, mis nad on, esmaklassilist hooldust teostatakse professionaalse j\u00e4relevalve all. Kiire &amp;amp; Diskreetne kohaletoimetamine: p\u00e4rast tellimuse k\u00e4ttesaamist saadetakse mefedroon (4-MMC) veebis kohale nii kiiresti kui v\u00f5imalik. Saatmismeeskond teeb k\u00f5ik endast oleneva, et tarne- ja tarneprotsess oleks kiire ja lihtne. Kui ostate Mephedrone (4-MMC) veebist spetsialistilt, v\u00f5ite loota ka esmaklassilistele teenustele.      &nbsp;<\/p>\n","protected":false},"excerpt":{"rendered":"<p>Valget pulbrit, kapsleid, pille v\u00f5i muid mefedrooni vorme v\u00f5ib nuusutada, s\u00fcstida, suitsetada v\u00f5i v\u00f5tta rektaalselt. M\u00f5ju ilmneb 15\u201345 minutit p\u00e4rast ravimi suukaudset v\u00f5tmist ja on kohene neile, kes seda nurruvad. Mefedroon on koos s\u00fcnteetilise kanepi ja muude tehislike kemikaalidega, nagu met\u00fc\u00fclheksanamiin, vaid \u00fcks lugematutest disainer- v\u00f5i legaalsetest uimastitest, millest on viimastel aastatel teatatud.   &nbsp;<\/p>\n","protected":false},"featured_media":18633,"comment_status":"closed","ping_status":"closed","template":"","meta":{"om_disable_all_campaigns":false,"_sitemap_exclude":false,"_sitemap_priority":"","_sitemap_frequency":"","_monsterinsights_skip_tracking":false,"_monsterinsights_sitenote_active":false,"_monsterinsights_sitenote_note":"","_monsterinsights_sitenote_category":0},"product_cat":[11420],"product_tag":[12846,12833,12830,12838,12844,12845,12839,12842,12843,12847,12848,12832,12835,12837,12840,12831,12841,12827,12829,12834,12836,12828],"class_list":{"0":"post-25986","1":"product","2":"type-product","3":"status-publish","4":"has-post-thumbnail","6":"product_cat-kemikaalide-ja-psuhhedeelikumide-uurimine","7":"product_tag-autentne-mefedroon-4-mmc-euroopas","8":"product_tag-kui-palju-maksab-mefedroon-4-mmc","9":"product_tag-kust-osta-mefedrooni-4-mmc-internetis","10":"product_tag-kust-osta-mephedrone-4-mmc-euroopas","11":"product_tag-mefedroon-4-mmc-euroopa-allahindlus","12":"product_tag-mefedroon-4-mmc-euroopa-kohaletoimetamine","13":"product_tag-mefedroon-4-mmc-euroopa-muuk","14":"product_tag-mefedroon-4-mmc-euroopa-pakkumised","15":"product_tag-mefedroon-4-mmc-euroopa-pood","16":"product_tag-mefedroon-4-mmc-euroopa-tarnijad","17":"product_tag-mefedroon-4-mmc-euroopa-ulevaade","18":"product_tag-mefedroon-4-mmc-muuk-internetis","19":"product_tag-mefedroon-4-mmc-parim-hind-euroopas","20":"product_tag-mefedroon-4-mmc-tasuta-kohaletoimetamine-euroopasse","21":"product_tag-mefedroon-4-mmc-veebipood-euroopa","22":"product_tag-mefedrooni-4-mmc-toime","23":"product_tag-odav-mefedroon-4-mmc-euroopas","24":"product_tag-osta-mefedroon-4-mmc","25":"product_tag-osta-mefedroon-4-mmc-veebist","26":"product_tag-ostke-mefedroon-4-mmc-internetist-euroopas","27":"product_tag-tellige-mefedroon-4-mmc-eu","28":"product_tag-tellige-mefedroon-4-mmc-internetist","30":"first","31":"instock","32":"shipping-taxable","33":"purchasable","34":"product-type-variable","35":"farmacie-col"},"aioseo_notices":[],"_links":{"self":[{"href":"https:\/\/lacasadelamedicina.es\/et\/wp-json\/wp\/v2\/product\/25986"}],"collection":[{"href":"https:\/\/lacasadelamedicina.es\/et\/wp-json\/wp\/v2\/product"}],"about":[{"href":"https:\/\/lacasadelamedicina.es\/et\/wp-json\/wp\/v2\/types\/product"}],"replies":[{"embeddable":true,"href":"https:\/\/lacasadelamedicina.es\/et\/wp-json\/wp\/v2\/comments?post=25986"}],"wp:featuredmedia":[{"embeddable":true,"href":"https:\/\/lacasadelamedicina.es\/et\/wp-json\/wp\/v2\/media\/18633"}],"wp:attachment":[{"href":"https:\/\/lacasadelamedicina.es\/et\/wp-json\/wp\/v2\/media?parent=25986"}],"wp:term":[{"taxonomy":"product_cat","embeddable":true,"href":"https:\/\/lacasadelamedicina.es\/et\/wp-json\/wp\/v2\/product_cat?post=25986"},{"taxonomy":"product_tag","embeddable":true,"href":"https:\/\/lacasadelamedicina.es\/et\/wp-json\/wp\/v2\/product_tag?post=25986"}],"curies":[{"name":"wp","href":"https:\/\/api.w.org\/{rel}","templated":true}]}}