{"id":25928,"date":"2024-08-09T14:02:09","date_gmt":"2024-08-09T14:02:09","guid":{"rendered":"https:\/\/lacasadelamedicina.es\/product\/ostke-veebist-kalasoomustest-kokaiini\/"},"modified":"2024-08-09T14:02:09","modified_gmt":"2024-08-09T14:02:09","slug":"ostke-veebist-kalasoomustest-kokaiini","status":"publish","type":"product","link":"https:\/\/lacasadelamedicina.es\/et\/toode\/ostke-veebist-kalasoomustest-kokaiini\/","title":{"rendered":"Ostke veebist kalasoomustest kokaiini"},"content":{"rendered":"<h3>Osta kalakivi kokaiini veebist.<\/h3>\n<p> \u00dcks puhtamaid t\u00e4nap\u00e4eval saadaolevaid kokaiini vorme on kalakivi kokaiin, mis muutub kvaliteetset ainet otsivate kasutajate seas \u00fcha populaarsemaks. Kokaiini tavap\u00e4rased vormid on v\u00e4hem tugevatoimelised kui kalakivi kokaiin, mida m\u00f5nikord segatakse teiste narkootiliste ainetega, et muuta see tugevamaks. Otsige Dr. Lawsons Pharmacy&#8217;st kaugemale, kui soovite osta veebist madalaima hinnaga kalakivi kokaiini. Ostke kalapuust kokaiini veebist \u2013    <a href=\"https:\/\/drlawsonspharmacy\/contact-us\/\">KONTAKT<\/a><\/p>\n<h3>Kuidas kalakivi kokaiini valmistatakse?<\/h3>\n<p> Kui otsite uut l\u00e4henemist k\u00f5rgele tasemele j\u00f5udmiseks, proovige m\u00fc\u00fcgil olevat Fish Scale kokaiini. See on p\u00e4rlvalge v\u00e4rvusega ja k\u00f5rge intensiivsusega kokaiin. M\u00f5iste &#8220;kalakivi kokaiin&#8221; viitab selle erilisele v\u00e4limusele. Kalakivi kokaiini valmistamiseks segatakse s\u00f6\u00f6gisoodat v\u00f5i aktiivset lokaalanesteetikumi puhta kokaiinipulbriga, et saada alus, mida kuumutatakse kuni see veeldub, seej\u00e4rel kurnatakse, valatakse ja jahutatakse. Need vormid annavad pahtlilaadse massi, mis p\u00e4rast jahtumist laguneb kokaiini sisaldava toote v\u00f5rdse suurusega &#8220;kalakivideks&#8221;. See loob m\u00e4rkimisv\u00e4\u00e4rse turu inimestele, kes soovivad seda kasutada meelelahutusliku uimastina. Neid t\u00fckke saab seej\u00e4rel edasi t\u00f6\u00f6delda pulbriks v\u00f5i m\u00fc\u00fca. Dr Lawsons Pharmacy&#8217;st saate osta veebist kalakivist kokaiini lahtiselt v\u00f5i grammide kaupa.        <\/p>\n<h3>Eelised &amp;amp; Fishscale kokaiini k\u00f5rvalm\u00f5jud<\/h3>\n<p> Parim valik kokaiini jaoks, mis on nii tugev kui ka s\u00f5ltuvust tekitav, on kalakivi kokaiin. Kalakivi kokaiin erineb teistest kokaiinit\u00fc\u00fcpidest mitmel viisil, sealhulgas t\u00f5usude ja m\u00f5\u00f5nade intensiivsuse poolest. V\u00f5ite olla kindel, et saate parima v\u00f5imaliku kogemuse, sest saadaval on ka k\u00f5rge kvaliteediga kalakokaiin. See on ideaalne kasutamiseks l\u00fchikesteks sariv\u00f5teteks v\u00f5i siis, kui teil pole aega t\u00e4isannuse jaoks, kuna see kestab sissev\u00f5tmisel umbes kaks tundi. Kalakivi kokaiin on lihtsalt \u00fcks selle aine vorm, mida inimesed naudivad; sellel ei ole negatiivset \u00f5iguslikku ega tervisem\u00f5ju. Hiljuti on populaarsust kogunud tugev kokaiini t\u00fc\u00fcp, mida nimetatakse kalasoomuse kokaiiniks. Kuigi see v\u00f5ib anda v\u00f5imsa k\u00f5rge, v\u00f5ib sellel olla ka negatiivseid tagaj\u00e4rgi, mis v\u00f5ivad l\u00f5ppeda surmaga. Enne Fishscale Cocaine&#8217;i v\u00f5tmist on oluline end harida ravimi tootmisprotsessi, v\u00f5imaliku kasu ja riskide ning selle seadusliku hankimise kohta. Inimesed, kes otsustavad osta Fishscale kokaiini veebist hulgi v\u00f5i v\u00e4ikestes annustes, vastutavad oma tervise ja heaolu kohta teadlike otsuste tegemise eest.         <\/p>\n<h3>Kust osta Fishscale kokaiini Internetis?<\/h3>\n<p> Dr. Lawsons Pharmacys on narkootiliste ainete ohutu s\u00e4ilitamine meie prioriteet, mist\u00f5ttu ostame Fishscale kokaiini ainult usaldusv\u00e4\u00e4rsetelt tarnijatelt. Kvaliteetse toote saamiseks l\u00e4bib kogu meie Fishscale kokaiin range kvaliteedikontrolli ja testimise meetodid. Ohutu kohaletoimetamise tagamiseks pakendame ja transpordime oma veebis m\u00fc\u00fcdavat Fishscale kokaiini diskreetselt ja hoolikalt. Telli Fishscale kokaiini hulgim\u00fc\u00fck kohe!    &nbsp;<\/p>\n","protected":false},"excerpt":{"rendered":"<p>&nbsp;<\/p>\n","protected":false},"featured_media":18693,"comment_status":"closed","ping_status":"closed","template":"","meta":{"om_disable_all_campaigns":false,"_sitemap_exclude":false,"_sitemap_priority":"","_sitemap_frequency":"","_monsterinsights_skip_tracking":false,"_monsterinsights_sitenote_active":false,"_monsterinsights_sitenote_note":"","_monsterinsights_sitenote_category":0},"product_cat":[11443],"product_tag":[12824,12810,12813,12809,12823,12815,12822,12817,12821,12825,12820,12826,12818,12811,12807,12816,12819,12805,12812,12806,12814,12808],"class_list":{"0":"post-25928","1":"product","2":"type-product","3":"status-publish","4":"has-post-thumbnail","6":"product_cat-kokaiin","7":"product_tag-ehtne-kokaiin-euroopa-kalasoomustest","8":"product_tag-kalasoomuste-kokaiini-muuk-internetis","9":"product_tag-kalasoomustest-parit-kokaiin-parim-hind-euroopas","10":"product_tag-kalasoomustest-parit-kokaiini-moju","11":"product_tag-kalasoomustest-parit-kokaiini-tarne-euroopasse","12":"product_tag-kalasoomustest-parit-kokaiini-tasuta-saatmine-euroopasse","13":"product_tag-kokaiin-kalasoomustest-euroopa-allahindlus","14":"product_tag-kokaiin-kalasoomustest-euroopa-muuk","15":"product_tag-kokaiin-kalasoomustest-euroopa-poest","16":"product_tag-kokaiin-kalasoomustest-euroopa-tarnijad","17":"product_tag-kokaiin-kalasoomustest-euroopa-tehinguid","18":"product_tag-kokaiin-kalasoomustest-euroopa-ulevaade","19":"product_tag-kokaiin-kalasoomustest-veebipoest-euroopas","20":"product_tag-kui-palju-on-kokaiini-kalasoomustest","21":"product_tag-kust-osta-internetis-kalasoomustest-kokaiini","22":"product_tag-kust-osta-kokaiini-kalasoomustest-euroopas","23":"product_tag-odav-kokaiin-kalasoomustest-euroopas","24":"product_tag-osta-kokaiini-kalasoomustest","25":"product_tag-ostke-euroopa-veebist-kalasoomustest-kokaiini","26":"product_tag-ostke-veebist-kalasoomustest-kokaiini","27":"product_tag-telli-kokaiini-kalasoomustest-eu","28":"product_tag-tellige-veebist-kalasoomustest-kokaiini","30":"first","31":"instock","32":"shipping-taxable","33":"purchasable","34":"product-type-variable","35":"farmacie-col"},"aioseo_notices":[],"_links":{"self":[{"href":"https:\/\/lacasadelamedicina.es\/et\/wp-json\/wp\/v2\/product\/25928"}],"collection":[{"href":"https:\/\/lacasadelamedicina.es\/et\/wp-json\/wp\/v2\/product"}],"about":[{"href":"https:\/\/lacasadelamedicina.es\/et\/wp-json\/wp\/v2\/types\/product"}],"replies":[{"embeddable":true,"href":"https:\/\/lacasadelamedicina.es\/et\/wp-json\/wp\/v2\/comments?post=25928"}],"wp:featuredmedia":[{"embeddable":true,"href":"https:\/\/lacasadelamedicina.es\/et\/wp-json\/wp\/v2\/media\/18693"}],"wp:attachment":[{"href":"https:\/\/lacasadelamedicina.es\/et\/wp-json\/wp\/v2\/media?parent=25928"}],"wp:term":[{"taxonomy":"product_cat","embeddable":true,"href":"https:\/\/lacasadelamedicina.es\/et\/wp-json\/wp\/v2\/product_cat?post=25928"},{"taxonomy":"product_tag","embeddable":true,"href":"https:\/\/lacasadelamedicina.es\/et\/wp-json\/wp\/v2\/product_tag?post=25928"}],"curies":[{"name":"wp","href":"https:\/\/api.w.org\/{rel}","templated":true}]}}