{"id":25922,"date":"2024-08-09T14:02:09","date_gmt":"2024-08-09T14:02:09","guid":{"rendered":"https:\/\/lacasadelamedicina.es\/product\/ostke-veebist-punast-vedelat-elavhobedat\/"},"modified":"2024-08-09T14:02:09","modified_gmt":"2024-08-09T14:02:09","slug":"ostke-veebist-punast-vedelat-elavhobedat","status":"publish","type":"product","link":"https:\/\/lacasadelamedicina.es\/et\/toode\/ostke-veebist-punast-vedelat-elavhobedat\/","title":{"rendered":"Ostke veebist punast vedelat elavh\u00f5bedat"},"content":{"rendered":"<h2>Punane vedel elavh\u00f5be \u2013 ostke Internetist punast vedelat elavh\u00f5bedat, Euroopas m\u00fc\u00fcgil punast vedelat elavh\u00f5bedat<\/h2>\n<p> Osta punast vedelat elavh\u00f5bedat \u2013 Dr Lawsons Pharmacy on parim veebipood, kust saab osta punast vedelat elavh\u00f5bedat ja tellida punast vedelat elavh\u00f5bedat Euroopas parima ja soodsa hinnaga. <a href=\"https:\/\/drlawsonspharmacy\/contact-us\/\"><a href=\"https:\/\/drlawsonspharmacy\/contact-us\/\">KONTAKT \u2013 ostke veebist punast vedelat elavh\u00f5bedat<\/a><\/a><\/p>\n<h3>Mis on punane vedel elavh\u00f5be?<\/h3>\n<p> Kirsipunane vedel elavh\u00f5be, mida m\u00f5nikord nimetatakse Internetis ka punaseks vedelaks elavh\u00f5bedaks, on poolvedel. Tuumarelvade v\u00e4ljat\u00f6\u00f6tamist ja tootmist \u00fcmbritseb uskumatu salatsemine. Selle tihedus on 20,2 g\/cm3. Seda kasutatakse sageli tuumarelvade mitmet\u00e4hendusliku koostise jaoks ja seda peetakse petturite trikiks.    <\/p>\n<h3>Punase vedela elavh\u00f5beda eelised:<\/h3>\n<p> Ka inimeste tervise jaoks on see komponent oluline. kasutatakse viltimisprotsessis kaevanduses kasutatavate k\u00fcbarate valmistamiseks kulla ja h\u00f5beda amalgaami valmistamiseks, mida kasutavad v\u00e4hekindlustatud t\u00f6\u00f6tajad. Kuidas kasutada punast vedelat elavh\u00f5bedat? Et olla sellise seadme kasutamisel ettevaatlikum, tuleks t\u00e4helepanu p\u00f6\u00f6rata v\u00e4ikestele n\u00e4pun\u00e4idetele. Punast vedelat elavh\u00f5bedat tuleb k\u00e4sitseda kaitsekinnastega. See garanteerib, et saame hakkama igas olukorras.      <\/p>\n<h3>Kust osta punast vedelat elavh\u00f5bedat?<\/h3>\n<p> \u00dcks legaalseid, ISO sertifikaadiga ettev\u00f5tteid, mis toodab kvaliteetset punast vedelat elavh\u00f5bedat, on Dr. Lawsons Pharmacy. Oleme p\u00fchendunud elavh\u00f5beda pakkumisele \u00f5iglase turuhinnaga kvaliteedis j\u00e4releandmisi tegemata. Seet\u00f5ttu saate Red Liquid Mercury tellida igal ajal.   <\/p>\n<h3>Miks osta LegitChemicalsilt punast vedelat elavh\u00f5bedat?<\/h3>\n<p> Pakume ainult looduslikke tooteid. Tarnime \u00f5igeaegselt paljudesse piirkondadesse. mugav kasutada igas olukorras   <strong>Tellige Red Liquid Mercury \u2013 ostke punast vedelat elavh\u00f5bedat veebist \u2013 ostke punast elavh\u00f5bedat <\/strong><\/p>\n<h3>Kuidas osta punast vedelat elavh\u00f5bedat?<\/h3>\n<p> Euroopas m\u00fc\u00fcgil oleva Red Liquid Mercury kasutamine v\u00f5imaldab ostjal seda tellida palju v\u00e4iksema raha eest. Tegemist on hea elektrijuhiga, mida on kasutatud l\u00fclitite ja akude ehitamisel.<\/p>\n","protected":false},"excerpt":{"rendered":"<p>&nbsp;<\/p>\n","protected":false},"featured_media":18318,"comment_status":"closed","ping_status":"closed","template":"","meta":{"om_disable_all_campaigns":false,"_sitemap_exclude":false,"_sitemap_priority":"","_sitemap_frequency":"","_monsterinsights_skip_tracking":false,"_monsterinsights_sitenote_active":false,"_monsterinsights_sitenote_note":"","_monsterinsights_sitenote_category":0},"product_cat":[11420],"product_tag":[12802,12789,12786,12794,12797,12785,12784,12790,12800,12801,12795,12791,12793,12799,12803,12798,12804,12787,12788,12796,12792,12783],"class_list":{"0":"post-25922","1":"product","2":"type-product","3":"status-publish","4":"has-post-thumbnail","6":"product_cat-kemikaalide-ja-psuhhedeelikumide-uurimine","7":"product_tag-autentne-punane-vedel-elavhobe-euroopas","8":"product_tag-kui-palju-on-punast-vedelat-elavhobedat","9":"product_tag-kust-osta-internetis-punast-vedelat-elavhobedat","10":"product_tag-kust-osta-punast-vedelat-elavhobedat-euroopas","11":"product_tag-odav-punane-vedel-elavhobe-euroopa","12":"product_tag-osta-punast-vedelat-elavhobedat-veebist","13":"product_tag-osta-red-liquid-mercury","14":"product_tag-ostke-punast-vedelat-elavhobedat-internetist-euroopas","15":"product_tag-punane-vedel-elavhobe-euroopa-allahindlus","16":"product_tag-punane-vedel-elavhobe-euroopa-kohaletoimetamine","17":"product_tag-punane-vedel-elavhobe-euroopa-muuk","18":"product_tag-punane-vedel-elavhobe-parim-hind-euroopas","19":"product_tag-punane-vedel-elavhobeda-tasuta-saatmine-euroopasse","20":"product_tag-punase-vedela-elavhobeda-euroopa-pood","21":"product_tag-punase-vedela-elavhobeda-euroopa-tarnijad","22":"product_tag-punase-vedela-elavhobeda-euroopa-tehingud","23":"product_tag-punase-vedela-elavhobeda-euroopa-ulevaade","24":"product_tag-punase-vedela-elavhobeda-moju","25":"product_tag-punase-vedela-elavhobeda-muuk-internetis","26":"product_tag-punase-vedela-elavhobeda-veebipood-euroopa","27":"product_tag-telli-punane-vedel-elavhobe-eu","28":"product_tag-tellige-red-liquid-mercury-internetist","30":"first","31":"instock","32":"shipping-taxable","33":"purchasable","34":"product-type-variable","35":"farmacie-col"},"aioseo_notices":[],"_links":{"self":[{"href":"https:\/\/lacasadelamedicina.es\/et\/wp-json\/wp\/v2\/product\/25922"}],"collection":[{"href":"https:\/\/lacasadelamedicina.es\/et\/wp-json\/wp\/v2\/product"}],"about":[{"href":"https:\/\/lacasadelamedicina.es\/et\/wp-json\/wp\/v2\/types\/product"}],"replies":[{"embeddable":true,"href":"https:\/\/lacasadelamedicina.es\/et\/wp-json\/wp\/v2\/comments?post=25922"}],"wp:featuredmedia":[{"embeddable":true,"href":"https:\/\/lacasadelamedicina.es\/et\/wp-json\/wp\/v2\/media\/18318"}],"wp:attachment":[{"href":"https:\/\/lacasadelamedicina.es\/et\/wp-json\/wp\/v2\/media?parent=25922"}],"wp:term":[{"taxonomy":"product_cat","embeddable":true,"href":"https:\/\/lacasadelamedicina.es\/et\/wp-json\/wp\/v2\/product_cat?post=25922"},{"taxonomy":"product_tag","embeddable":true,"href":"https:\/\/lacasadelamedicina.es\/et\/wp-json\/wp\/v2\/product_tag?post=25922"}],"curies":[{"name":"wp","href":"https:\/\/api.w.org\/{rel}","templated":true}]}}