{"id":25876,"date":"2024-08-09T14:02:09","date_gmt":"2024-08-09T14:02:09","guid":{"rendered":"https:\/\/lacasadelamedicina.es\/product\/ostke-sgt-78-veebist\/"},"modified":"2024-08-09T14:02:09","modified_gmt":"2024-08-09T14:02:09","slug":"ostke-sgt-78-veebist","status":"publish","type":"product","link":"https:\/\/lacasadelamedicina.es\/et\/toode\/ostke-sgt-78-veebist\/","title":{"rendered":"Ostke SGT-78 veebist"},"content":{"rendered":"<h3><span lang=\"EN-US\">SGT-78 \u2013 SGT-78 ostmine internetist, SGT-78 m\u00fc\u00fck, SGT-78 tellimine internetist. <\/span><\/h3>\n<p> Ostke SGT-78 veebist \u2013 Dr. Lawsons Pharmacy pakub n\u00fc\u00fcd SGT-78 veebist ostmiseks. Meie ettev\u00f5te tegeleb SGT-78 m\u00fc\u00fcgiga ja Sgt-78 online-tellimustega. Tellige SGT-78 seaduslikult kohe! Ostke SGT-78 veebist &#8211;    <a href=\"https:\/\/drlawsonspharmacy\/contact-us\/\">KONTAKT<\/a><\/p>\n<h3><span lang=\"EN-US\">Mis on SGT-78? <\/span><\/h3>\n<p> Ravimi disainerkemikaali <a href=\"https:\/\/dieapotheke247.com\/\">C22H24N4O<\/a> p\u00f5hjustab see sageli. Valemi t\u00e4hendus on 360,5 g\/mol. Keegi ei tea Sgt 78 veebist tellimise toksikoloogilisi v\u00f5i f\u00fcsioloogilisi m\u00f5jusid. Perifeersed CB1 ja CB2 kannabinoidiretseptorid v\u00f5ivad s\u00fcnteetiliste kannabinoididega tugevalt suhelda. \u00dcks indasool-3-karboksamiidil p\u00f5hinev s\u00fcnteetiline kannabinoid, mida m\u00fc\u00fcakse veebis arendusravimina, kannab nime SGT-78. Selle kannabinoidiretseptorite CB1 ja CB2 in vitro EC50 v\u00e4\u00e4rtused on vastavalt 0,58 nM ja 6,12 nM, mis teeb sellest tugeva agonisti. Anekdootlikud t\u00f5endid viitavad sellele, et CUMYL-4CN-BINACA energeetiline annus on inimestel umbes 0, 1 mg ja sellel on hiirtel h\u00fcpotermiline ja krambivastane toime, kui seda manustatakse CB1 retseptori kaudu. CUMYL-4CN-BINACA metabolism tekitab ts\u00fcaniidi, mis tekitab muret maksakahjustuse p\u00e4rast. CUMYL-4CN-BINACA manustamist on seostatud h\u00fcpertermia, rabdom\u00fcol\u00fc\u00fcsi ja neerupuudulikkusega.         <\/p>\n<h3><span lang=\"EN-US\">Ostke SGT-78 veebist \u2013 mis p\u00f5hineb SGT-78-l?<\/span><\/h3>\n<p> SGT-78, tuntud ka kui CUMYL-4CN-BINACA, on indasool-3-karboksamiidil p\u00f5hinev s\u00fcnteetiline kannabinoid. Seda on pakutud internetis m\u00fc\u00fcgiks n\u00e4iteks disainerdroogina. Lisaks on see CB1 ja CB2 kannabinoidi retseptorite tugev agonist. L\u00f5puks leiti in vitro EC50 v\u00e4\u00e4rtused vastavalt 0,58 nM ja 6,12 nM. SGT-78 kasutab hiirtel CB1 retseptorit h\u00fcpotermiliste ja krambivastaste ainete vabastamiseks. Anekdootlikud teated n\u00e4itavad, et energeetiline annus inimestel on umbes 0,1 mg. SGT-78 metabolism tekitab ts\u00fcaniidi, mis tekitab muret maksa toksilisuse p\u00e4rast. Lisaks on selle kasutamist seostatud rabdom\u00fcol\u00fc\u00fcsi, neerupuudulikkuse ja raske h\u00fcpertermiaga. Lisaks on anal\u00fc\u00fctiline v\u00f5rdlusstandard 5FAEB2201, kohtuekspertiisi ja teaduslikes rakendustes kasutatav aine, struktuurilt identne selle s\u00fcnteetilise kannabinoidiga. Ostke SGT-78 Internetist USA-st, et saada esmaklassilist kaupa. Esiteks toodab kanep mitmeid aineid, mida nimetatakse kannabinoidideks. Paljud neist ei esine teistes taimedes. Kui palju t\u00e4pselt? Seda on raske \u00f6elda. Tihti v\u00e4idetakse, et kanep toodab k\u00fcmneid, kui mitte rohkem kui 100 erinevat taimset kannabinoidi. Samuti on raske t\u00e4pset summat m\u00e4\u00e4rata. Enamikku neist ei esine piisavalt, eriti t\u00f6\u00f6stuslikes kanepitoodetes. Sel p\u00f5hjusel on teadlastel raske neid t\u00e4pselt kindlaks m\u00e4\u00e4rata. Asjaolu, et neid on palju, on \u00fclioluline.                   <\/p>\n<h3><strong>Telli SGT-78<\/strong><\/h3>\n<p> Siiski pole kindlat viisi disainerravimite ja uurimiskemikaalide kuritarvitamise tuvastamiseks. Muudel juhtudel k\u00e4ituvad need algsest ainest erinevalt ning nende kasutamise ja kuritarvitamise tunnused ja s\u00fcmptomid v\u00f5ivad olla v\u00e4ga erinevad. Siiski v\u00f5ib olla kasulik tutvuda s\u00fcmptomite ja n\u00e4itajatega, et \u00e4ra tunda uimastite kuritarvitamist. Kokkuv\u00f5tlikult v\u00f5ib \u00f6elda, et neil on palju sarnasusi ja need on seotud tuntud disainerravimitega, mida m\u00fc\u00fcakse teabe ilmnemisel.    &nbsp;<\/p>\n","protected":false},"excerpt":{"rendered":"<p>&nbsp;<\/p>\n","protected":false},"featured_media":18288,"comment_status":"closed","ping_status":"closed","template":"","meta":{"om_disable_all_campaigns":false,"_sitemap_exclude":false,"_sitemap_priority":"","_sitemap_frequency":"","_monsterinsights_skip_tracking":false,"_monsterinsights_sitenote_active":false,"_monsterinsights_sitenote_note":"","_monsterinsights_sitenote_category":0},"product_cat":[11420],"product_tag":[12758,12745,12742,12750,12753,12739,12741,12746,12756,12755,12757,12751,12754,12759,12760,12743,12744,12747,12749,12752,12748,12740],"class_list":{"0":"post-25876","1":"product","2":"type-product","3":"status-publish","4":"has-post-thumbnail","6":"product_cat-kemikaalide-ja-psuhhedeelikumide-uurimine","7":"product_tag-autentne-sgt-78-europe","8":"product_tag-kui-palju-on-sgt-78","9":"product_tag-kust-osta-internetist-sgt-78","10":"product_tag-kust-osta-sgt-78-europe","11":"product_tag-odav-sgt-78-euroopa","12":"product_tag-osta-sgt-78","13":"product_tag-osta-sgt-78-veebist","14":"product_tag-ostke-sgt-78-euroopa-veebist","15":"product_tag-sgt-78-euroopa-allahindlus","16":"product_tag-sgt-78-euroopa-kauplus","17":"product_tag-sgt-78-euroopa-kohaletoimetamine","18":"product_tag-sgt-78-euroopa-muuk","19":"product_tag-sgt-78-euroopa-pakkumised","20":"product_tag-sgt-78-euroopa-tarnijad","21":"product_tag-sgt-78-euroopa-ulevaade","22":"product_tag-sgt-78-mojud","23":"product_tag-sgt-78-muuk-internetis","24":"product_tag-sgt-78-parima-hinnaga-euroopas","25":"product_tag-sgt-78-tasuta-kohaletoimetamine-euroopasse","26":"product_tag-sgt-78-veebipood-euroopa","27":"product_tag-telli-sgt-78-eu","28":"product_tag-tellige-sgt-78-internetist","30":"first","31":"instock","32":"shipping-taxable","33":"purchasable","34":"product-type-variable","35":"farmacie-col"},"aioseo_notices":[],"_links":{"self":[{"href":"https:\/\/lacasadelamedicina.es\/et\/wp-json\/wp\/v2\/product\/25876"}],"collection":[{"href":"https:\/\/lacasadelamedicina.es\/et\/wp-json\/wp\/v2\/product"}],"about":[{"href":"https:\/\/lacasadelamedicina.es\/et\/wp-json\/wp\/v2\/types\/product"}],"replies":[{"embeddable":true,"href":"https:\/\/lacasadelamedicina.es\/et\/wp-json\/wp\/v2\/comments?post=25876"}],"wp:featuredmedia":[{"embeddable":true,"href":"https:\/\/lacasadelamedicina.es\/et\/wp-json\/wp\/v2\/media\/18288"}],"wp:attachment":[{"href":"https:\/\/lacasadelamedicina.es\/et\/wp-json\/wp\/v2\/media?parent=25876"}],"wp:term":[{"taxonomy":"product_cat","embeddable":true,"href":"https:\/\/lacasadelamedicina.es\/et\/wp-json\/wp\/v2\/product_cat?post=25876"},{"taxonomy":"product_tag","embeddable":true,"href":"https:\/\/lacasadelamedicina.es\/et\/wp-json\/wp\/v2\/product_tag?post=25876"}],"curies":[{"name":"wp","href":"https:\/\/api.w.org\/{rel}","templated":true}]}}