{"id":25864,"date":"2024-08-09T14:02:09","date_gmt":"2024-08-09T14:02:09","guid":{"rendered":"https:\/\/lacasadelamedicina.es\/product\/ostke-sgt-67-veebist\/"},"modified":"2024-08-09T14:02:09","modified_gmt":"2024-08-09T14:02:09","slug":"ostke-sgt-67-veebist","status":"publish","type":"product","link":"https:\/\/lacasadelamedicina.es\/et\/toode\/ostke-sgt-67-veebist\/","title":{"rendered":"Ostke SGT-67 veebist"},"content":{"rendered":"<h3>SGT-67 pulber \u2013 SGT-67 ostmine Internetist \u2013 SGT-67 m\u00fc\u00fcgiks Internetis USA-s<\/h3>\n<p> SGT-67 on \u00fcks paljudest disainerravimitest v\u00f5i s\u00fcnteetilistest kannabinoididest. SGT-67 on 5F-APICA analoog, milles N-adamant\u00fc\u00fclr\u00fchm on asendatud N-kum\u00fc\u00fclr\u00fchmaga. 5F-CUMYL-PICA peetakse kannabinoidiretseptori agonistiks. See \u00fcksus loodi kohtuekspertiisi ja uurimist\u00f6\u00f6 eesm\u00e4rgil. SGT-67 veebist tellimiseks kl\u00f5psake lihtsalt Dr. Lawsoni apteegis nuppu &#8220;Osta kohe&#8221;. Uuritava kemikaali metabolismi ja kliirensi hindamiseks roti ja inimese maksa mikrosoomide ja hepatots\u00fc\u00fctide abil v\u00f5rreldi SGT-67 uuringus uriiniproove in vivo roti plasmaga.      <a href=\"https:\/\/drlawsonspharmacy\/contact-us\/\">KONTAKT<\/a><\/p>\n<h3>Kuidas ma saan SGT-67 kohta teada?<\/h3>\n<p> SGT-67 farmakoloogias See on sisuliselt s\u00fcnteetiline kannabinoid indasoolide perekonnast, kuigi selle farmakoloogiat on v\u00e4he uuritud. Peamine erinevus selle ja selle j\u00e4rgmise derivaadi vahel on see, et endine N-adamant\u00fc\u00fclr\u00fchm on asendatud N-kum\u00fc\u00fclr\u00fchmaga. Nii nagu 5F on selektiivne CB2 retseptori suhtes, peaks see olema selektiivne ka CB1 retseptori suhtes. SGT-67 USA ei ole teadaolevalt \u00fcheski suuremas riigis kontrollitav aine, kuigi seda v\u00f5iks pidada SGT-25 analoogiks, mis on mitmes riigis illegaalne. Praegu uuritakse selle ravimi bioloogilisi ja toksikoloogilisi omadusi. See ei ole ette n\u00e4htud kasutamiseks loomadel, sealhulgas inimestel. Uuringu parim tulemus on SGT-67, mis on saadaval juhtivalt Interneti-jaem\u00fc\u00fcjalt Dr. Lawsons Pharmacy.       <\/p>\n<h3>Mis on SGT-67 valimise p\u00f5hjused?<\/h3>\n<p> Tegemist on usaldusv\u00e4\u00e4rse veebipoega, kust kliendid saavad osta nii kvaliteetseid SGT-67 USA tooteid kui ka muid kaupu. Selle saavutamiseks peate ostma SGT-67 kauplusest, kus on kogu vajalik teave keemiatoote kohta. Meil on keemikute meeskond, kes suudab teile asjakohast teavet anda. Tarnime Hiinasse ja teistesse riikidesse SGT-67 ja keemiatooteid, nagu 4F-MDMB-2201 ja SGT-263. Mitmed apteegid, kolled\u017eid ja laborid ostavad oma \u00f5pingute jaoks hulgi SGT-67. Oleme mainekas tootja, kes kohandab oma kaupu vastavalt klientide vajadustele.      <\/p>\n<h3>Ostke SGT-67 veebist \u2013 kuidas SGT-67 osta?<\/h3>\n<p> Meie klientide rahulolu tagamiseks teeb Dr. Lawsons Pharmacy k\u00f5ike enamat. <\/p>\n<ul>\n<li>Pakume kvaliteetset SGT-67 m\u00fc\u00fcgiks v\u00e4ga madala hinnaga klientidele \u00fcle kogu maailma. Tipptasemel teenuste saamiseks v\u00f5tke meiega kohe \u00fchendust. <\/li>\n<li>Lisaks m\u00fc\u00fcme laias valikus kemikaale.<\/li>\n<li>Kui vajate kemikaale, mida meie veebisaidil pole loetletud, v\u00f5tke meiega \u00fchendust ja me anname teile teada, kas need on saadaval ja kuidas me saame need teieni toimetada.<\/li>\n<\/ul>\n<p> Ostetud SGT-67 pulber tuleb esik\u00fcljega allapoole ja pakitakse alumiiniumfooliumi. S\u00f5ltuvalt teie elukohast v\u00f5ime tarnida erinevate laevandusettev\u00f5tetega. SGT-67 saate osta ka veebist. Lisateabe saamiseks v\u00f5tke meiega \u00fchendust. Pakume usaldusv\u00e4\u00e4rset ja kiiret tarnev\u00f5rgustikku, mis on valmis kaupade transportimiseks \u00fcle kogu maailma. SGT-67 kohta lisateabe saamiseks kl\u00f5psake siin.      &nbsp;<\/p>\n","protected":false},"excerpt":{"rendered":"<p>&nbsp;<\/p>\n","protected":false},"featured_media":18273,"comment_status":"closed","ping_status":"closed","template":"","meta":{"om_disable_all_campaigns":false,"_sitemap_exclude":false,"_sitemap_priority":"","_sitemap_frequency":"","_monsterinsights_skip_tracking":false,"_monsterinsights_sitenote_active":false,"_monsterinsights_sitenote_note":"","_monsterinsights_sitenote_category":0},"product_cat":[11420],"product_tag":[12736,12723,12720,12728,12731,12717,12719,12724,12734,12733,12735,12729,12732,12737,12738,12721,12722,12725,12727,12730,12726,12718],"class_list":{"0":"post-25864","1":"product","2":"type-product","3":"status-publish","4":"has-post-thumbnail","6":"product_cat-kemikaalide-ja-psuhhedeelikumide-uurimine","7":"product_tag-autentne-sgt-67-europe","8":"product_tag-kui-palju-maksab-sgt-67","9":"product_tag-kust-osta-internetist-sgt-67","10":"product_tag-kust-osta-sgt-67-europe","11":"product_tag-odav-sgt-67-euroopa","12":"product_tag-osta-sgt-67","13":"product_tag-osta-sgt-67-veebist","14":"product_tag-ostke-sgt-67-euroopa-veebist","15":"product_tag-sgt-67-euroopa-allahindlus","16":"product_tag-sgt-67-euroopa-kauplus","17":"product_tag-sgt-67-euroopa-kohaletoimetamine","18":"product_tag-sgt-67-euroopa-muuk","19":"product_tag-sgt-67-euroopa-pakkumised","20":"product_tag-sgt-67-euroopa-tarnijad","21":"product_tag-sgt-67-euroopa-ulevaade","22":"product_tag-sgt-67-mojud","23":"product_tag-sgt-67-muuk-internetis","24":"product_tag-sgt-67-parima-hinnaga-euroopas","25":"product_tag-sgt-67-tasuta-kohaletoimetamine-euroopasse","26":"product_tag-sgt-67-veebipood-euroopa","27":"product_tag-telli-sgt-67-eu","28":"product_tag-tellige-sgt-67-internetist","30":"first","31":"instock","32":"shipping-taxable","33":"purchasable","34":"product-type-variable","35":"farmacie-col"},"aioseo_notices":[],"_links":{"self":[{"href":"https:\/\/lacasadelamedicina.es\/et\/wp-json\/wp\/v2\/product\/25864"}],"collection":[{"href":"https:\/\/lacasadelamedicina.es\/et\/wp-json\/wp\/v2\/product"}],"about":[{"href":"https:\/\/lacasadelamedicina.es\/et\/wp-json\/wp\/v2\/types\/product"}],"replies":[{"embeddable":true,"href":"https:\/\/lacasadelamedicina.es\/et\/wp-json\/wp\/v2\/comments?post=25864"}],"wp:featuredmedia":[{"embeddable":true,"href":"https:\/\/lacasadelamedicina.es\/et\/wp-json\/wp\/v2\/media\/18273"}],"wp:attachment":[{"href":"https:\/\/lacasadelamedicina.es\/et\/wp-json\/wp\/v2\/media?parent=25864"}],"wp:term":[{"taxonomy":"product_cat","embeddable":true,"href":"https:\/\/lacasadelamedicina.es\/et\/wp-json\/wp\/v2\/product_cat?post=25864"},{"taxonomy":"product_tag","embeddable":true,"href":"https:\/\/lacasadelamedicina.es\/et\/wp-json\/wp\/v2\/product_tag?post=25864"}],"curies":[{"name":"wp","href":"https:\/\/api.w.org\/{rel}","templated":true}]}}