{"id":25841,"date":"2024-08-09T14:02:09","date_gmt":"2024-08-09T14:02:09","guid":{"rendered":"https:\/\/lacasadelamedicina.es\/product\/ostke-gammabuturolaktoon-gbl-veebist\/"},"modified":"2024-08-09T14:02:09","modified_gmt":"2024-08-09T14:02:09","slug":"ostke-gammabuturolaktoon-gbl-veebist","status":"publish","type":"product","link":"https:\/\/lacasadelamedicina.es\/et\/toode\/ostke-gammabuturolaktoon-gbl-veebist\/","title":{"rendered":"Ostke gammabut\u00fcrolaktoon (GBL) veebist"},"content":{"rendered":"<h3>M\u00fc\u00fca gamma-but\u00fcrolaktoon, ostke GBL-i v\u00f5rgus SAKSAMAAL, tellige GBL-i veebist<\/h3>\n<p> Osta gammabut\u00fcrolaktoon (GBL) veebist \u2013 kuigi GHB ja GBL on olulised keskn\u00e4rvis\u00fcsteemi p\u00e4rssivad ained peaaegu k\u00f5igis elusolendites, ei ole veel teada, kuidas need aju m\u00f5jutavad. Nende m\u00f5istatuste lahendamine v\u00f5ib aidata meil m\u00f5ista ajutegevuse k\u00f5ige p\u00f5hilisemaid tunnuseid. GHB ja GBL optiline tuvastamine on t\u00f5en\u00e4oliselt m\u00f5eldud <a href=\"https:\/\/dieapotheke247.com\/\">b<\/a>ioloogilised uuringud nende neurodepressantide kohta v\u00f5ivad olla kasulikud. Lisaks kuuluvad GHB ja GBL neuroloogiliste liikide hulka, mille jaoks andureid on nende lihtsa struktuuri ja reageerimiskohtade puudumise t\u00f5ttu eriti raske konstrueerida. T\u00e4nu meie teadmistele ja usaldusv\u00e4\u00e4rsusele gamma-but\u00fcrolaktooni Internetis m\u00fc\u00fcmisel on meist saanud \u00fcks populaarsemaid ettev\u00f5tteid, kus GBL-i tellivad s\u00f5na otseses m\u00f5ttes tuhanded tarbijad \u00fcle kogu maailma. Ostke gammabut\u00fcrolaktoon (GBL) veebist      <a href=\"https:\/\/drlawsonspharmacy\/contact-us\/\"><a href=\"https:\/\/drlawsonspharmacy\/contact-us\/\">KONTAKT Osta Gamma But\u00fcrolaktoon (GBL) veebist &#8211;<\/a> <\/a><\/p>\n<h3>Mis on GBL?<\/h3>\n<p> See on v\u00e4rvitu h\u00fcgroskoopne vedelik, mis seguneb veega ja millel on kerge l\u00f5hn. K\u00f5ige elementaarsemad on 4-s\u00fcsiniku laktoonid. GBL toimib inimestel h\u00fcdroks\u00fcv\u00f5ihappe GHB eelravimina ja keskn\u00e4rvis\u00fcsteemi p\u00e4rssiva ainena meelelahutuslikuks kasutamiseks, millel on barbituraaditaoline toime. See muundatakse vahe\u00fchendiks muudeks \u00fchenditeks, n\u00e4iteks met\u00fc\u00fcl-2-p\u00fcrrolidooniks. GBL ekstraktid esinesid lisanditeta veini proovides. See leid t\u00f5estab, et GBL USA esineb looduslikult m\u00f5nedes veinides ja nendega seotud kaupades. 5 g\/ml tuvastamiskontsentratsiooni GC\/MS anal\u00fc\u00fcsi h\u00f5lbustas lihtne eliminatsioonitehnika. GBL on sageli valesti esitatud ja seda pakutakse m\u00fc\u00fcgiks vedelikuna.        <\/p>\n<h3>Miks osta GBL?<\/h3>\n<p> Wir genie\u00dfen einen guten Ruf als Anbieter, der seine Pflichten gegen\u00fcber seinen Kunden stets ernst nimmt. Online-H\u00e4ndler bieten Gamma-Butyrolacton GBL Online und andere relevante Produkte zu fairen Preisen an. Um diese GBL-Produkte zu bestellen, m\u00fcssen wir viel Geld investieren.   <\/p>\n<ul>\n<li>Pakendimeeskond pakib teie tellimuse \u00fclima t\u00e4psusega, et v\u00e4ltida transpordi ajal kahjustusi.<\/li>\n<li>Nii n\u00e4ete, kui lihtne on meilt veebist gamma-but\u00fcrolaktoon GBL puhastusvahendi tellimine.<\/li>\n<li>Oli aeg, mil Gamma-Butyrolacton GBL-i ostmine oli keeruline.<\/li>\n<li>V\u00f5rgu\u00fchenduseta pikkade reiside ajal ja ainult siis, kui see on v\u00f5rgu\u00fchenduseta veebipoodides saadaval.<\/li>\n<li>V\u00f5rgure\u017eiim tekkis aga t\u00e4nu tehnoloogilisele ja ajaloolisele arengule.<\/li>\n<\/ul>\n<p> Gamma-Butyrolacton GBL-i saab h\u00f5lpsasti osta veebipoest madala hinnaga, kasutades oma seadmeid mis tahes kohast. Te ei pea enam reisima, kui saate igal ajal meilt veebist Gamma-Butyrolacton GBL-i osta.  <\/p>\n<h3>Kuidas GBL-i kasutada?<\/h3>\n<p> See materjal on m\u00f5eldud teie arsti v\u00f5i muu tervishoiut\u00f6\u00f6taja soovituste toetamiseks ega h\u00f5lma k\u00f5iki v\u00f5imalikke kasutusviise, ettevaatusabin\u00f5usid, koostoimeid v\u00f5i k\u00f5rvaltoimeid. See teave ei pruugi kehtida teie konkreetse tervisliku seisundi kohta. \u00c4rge kunagi ostke GBL-i veebist v\u00f5i m\u00f5nelt teiselt litsentsitud tervishoiuteenuse osutajalt, tuginedes ainult veebis loetud teabele.   K\u00fcsige alati oma arstilt kiiret professionaalset meditsiinilist n\u00f5u. <strong><a href=\"https:\/\/legitchemicals.com\/product\/buy-gamma-butyrolactone-gbl-online\/\">GBL-i ostmine veebist<\/a><\/strong> \u2013 Dr. Lawsons Pharmacy Store&#8217;is on m\u00fc\u00fcgil k\u00f5rgeima kvaliteediga gammah\u00fcdroks\u00fcbut\u00fcraat. Ostke GHB veebist, tellige GHB legaalselt veebist. Gamma-h\u00fcdroks\u00fcbut\u00fcraadi molekul esineb ajus. GHB-l on rahustav toime, mis m\u00f5jutab mitmeid aju n\u00e4rviradasid. Seda kasutatakse tavaliselt seksuaalse r\u00fcnnaku h\u00f5lbustamiseks ja peo narkootikumina, mist\u00f5ttu on see ohutusprobleemide t\u00f5ttu klassifitseeritud keelatud aineks. Seega, et saada GHB GAMMA H\u00dcDROKS\u00dcBUT\u00dcRAAD ja lahendada t\u00f5sine probleem, peate otsima vastavat veebisaiti. See toode, mis on endiselt USA-s m\u00fc\u00fcgil, hoolimata sellest, et see eemaldati turult 1990. aastal, sobib paremini teie probleemile lahenduse leidmiseks. Ostke gammabut\u00fcrolaktoon (GBL) veebist        &nbsp;<\/p>\n","protected":false},"excerpt":{"rendered":"<p>(GBL) Internetis madalaimate hindadega USA tarnijalt. Madala l\u00f5hnaga v\u00e4rvitut h\u00fcgroskoopset veega segunevat vedelikku nimetatakse -but\u00fcrolaktooniks (GBL). Lihtsaim on 4-s\u00fcsiniklaktoon. GBL toimib inimestel h\u00fcdroks\u00fcbut\u00fc\u00fcrhappe (GHB) eelravimina ja seda kasutatakse ka l\u00f5\u00f5gastava keskn\u00e4rvis\u00fcsteemi p\u00e4rssiva ainena, mille toime on sarnane barbituraatide omaga. See on ka keemiline vahe\u00fchend, mida kasutatakse muude \u00fchendite valmistamiseks.     &nbsp;<\/p>\n","protected":false},"featured_media":18228,"comment_status":"closed","ping_status":"closed","template":"","meta":{"om_disable_all_campaigns":false,"_sitemap_exclude":false,"_sitemap_priority":"","_sitemap_frequency":"","_monsterinsights_skip_tracking":false,"_monsterinsights_sitenote_active":false,"_monsterinsights_sitenote_note":"","_monsterinsights_sitenote_category":0},"product_cat":[11420],"product_tag":[12670,12668,12669,12663,12666,12667,12671,12672,12661,12664,12659,12656,12655,12657,12662,12654,12665,12651,12653,12658,12660,12652],"class_list":{"0":"post-25841","1":"product","2":"type-product","3":"status-publish","4":"has-post-thumbnail","6":"product_cat-kemikaalide-ja-psuhhedeelikumide-uurimine","7":"product_tag-autentne-gammabuturolaktoon-gbl-euroopas","8":"product_tag-gamma-buturolaktoon-gbl-euroopa-allahindlus","9":"product_tag-gamma-buturolaktoon-gbl-euroopa-kohaletoimetamine","10":"product_tag-gamma-buturolaktoon-gbl-euroopa-muuk","11":"product_tag-gamma-buturolaktoon-gbl-euroopa-pakkumised","12":"product_tag-gamma-buturolaktoon-gbl-euroopa-pood","13":"product_tag-gamma-buturolaktoon-gbl-euroopa-tarnijad","14":"product_tag-gamma-buturolaktoon-gbl-euroopa-ulevaade","15":"product_tag-gamma-buturolaktoon-gbl-tasuta-kohaletoimetamine-euroopasse","16":"product_tag-gamma-buturolaktoon-gbl-veebipood-euroopa","17":"product_tag-gamma-buturolaktoon-gbl-parim-hind-euroopas","18":"product_tag-gamma-buturolaktooni-gbl-muuk-internetis","19":"product_tag-gamma-buturolaktooni-gbl-toime","20":"product_tag-kui-palju-on-gamma-buturolaktoon-gbl","21":"product_tag-kust-osta-gamma-butyrolactone-gbl-euroopas","22":"product_tag-kust-osta-gamma-buturolaktooni-gbl-internetis","23":"product_tag-odav-gamma-buturolaktoon-gbl-euroopas","24":"product_tag-osta-gamma-buturolaktoon-gbl","25":"product_tag-osta-gammabuturolaktoon-gbl-veebist","26":"product_tag-ostke-gammabuturolaktoon-gbl-internetist-euroopas","27":"product_tag-telli-gamma-buturolaktoon-gbl-eu","28":"product_tag-tellige-gamma-buturolaktoon-gbl-internetist","30":"first","31":"instock","32":"shipping-taxable","33":"purchasable","34":"product-type-variable","35":"farmacie-col"},"aioseo_notices":[],"_links":{"self":[{"href":"https:\/\/lacasadelamedicina.es\/et\/wp-json\/wp\/v2\/product\/25841"}],"collection":[{"href":"https:\/\/lacasadelamedicina.es\/et\/wp-json\/wp\/v2\/product"}],"about":[{"href":"https:\/\/lacasadelamedicina.es\/et\/wp-json\/wp\/v2\/types\/product"}],"replies":[{"embeddable":true,"href":"https:\/\/lacasadelamedicina.es\/et\/wp-json\/wp\/v2\/comments?post=25841"}],"wp:featuredmedia":[{"embeddable":true,"href":"https:\/\/lacasadelamedicina.es\/et\/wp-json\/wp\/v2\/media\/18228"}],"wp:attachment":[{"href":"https:\/\/lacasadelamedicina.es\/et\/wp-json\/wp\/v2\/media?parent=25841"}],"wp:term":[{"taxonomy":"product_cat","embeddable":true,"href":"https:\/\/lacasadelamedicina.es\/et\/wp-json\/wp\/v2\/product_cat?post=25841"},{"taxonomy":"product_tag","embeddable":true,"href":"https:\/\/lacasadelamedicina.es\/et\/wp-json\/wp\/v2\/product_tag?post=25841"}],"curies":[{"name":"wp","href":"https:\/\/api.w.org\/{rel}","templated":true}]}}