{"id":25819,"date":"2024-08-09T14:02:13","date_gmt":"2024-08-09T14:02:13","guid":{"rendered":"https:\/\/lacasadelamedicina.es\/product\/ostke-internetist-peruu-kokaiini\/"},"modified":"2024-08-09T14:02:13","modified_gmt":"2024-08-09T14:02:13","slug":"ostke-internetist-peruu-kokaiini","status":"publish","type":"product","link":"https:\/\/lacasadelamedicina.es\/et\/toode\/ostke-internetist-peruu-kokaiini\/","title":{"rendered":"Ostke Internetist Peruu kokaiini"},"content":{"rendered":"<h3>Ostke Internetist Peruu kokaiini.<\/h3>\n<p> Kas otsite t\u00f5elist, tugevat tippu? Dr. Lawsons Pharmacy pakub <a href=\"https:\/\/dieapotheke247.com\/\">O<\/a>nline Peruu kokaiini tellimus. Tootmisprotsessiga, mis toodab pidevalt kvaliteetset kokaiini, oleme spetsialiseerunud ainult parima Peruu kokaiini m\u00fc\u00fcmisele Internetis. Peruu kokaiin Internetis    <a href=\"https:\/\/drlawsonspharmacy\/contact-us\/\"><a href=\"https:\/\/drlawsonspharmacy\/contact-us\/\">kaufen<\/a><\/a>  &#8211;  <a href=\"https:\/\/dieapotheke247.com\/\"><a href=\"https:\/\/dieapotheke247.com\/\">KONTAKT<\/a><\/a><\/p>\n<p><em>Berliin, Hamburg, M\u00fcnchen, M\u00fcnchen, K\u00f6ln, K\u00f6ln, Frankfurt, Stuttgart, D\u00fcsseldorf, Dortmund, Essen, Leipzig, Bremen, Dresden, Hannover, Hannover, N\u00fcrnberg, N\u00fcrnberg, Duisburg, Bochum, Wuppertal, Bonn, Mannheim, Karlsruhe, Augsburg, Wiesbaden, M\u00fcnster, Gelsenkirchen, Aachen, Chemnitz, Braunschweig, Kiel, Krefeld, Halle, Saale,<\/em><\/p>\n<h3>Kuidas Peruu kokaiini valmistatakse?<\/h3>\n<p> Kokaiini ostmise katsel on oluline m\u00f5ista kokaiini loomisel toimuvaid protsesse. Peruu kokaiini toodetakse mitmel viisil. Peruu kokaiin tekib k\u00f5ige sagedamini k\u00e4\u00e4ritamise teel. Kokalehti leotatakse k\u00e4\u00e4rimisprotsessi k\u00e4igus vees, mille tulemusena tekib kristalliseerunud kokaiinvesinikkloriid. See meetod annab kvaliteetse toote, mida on lihtne v\u00e4ljastada ja mis ei n\u00f5ua spetsiaalseid t\u00f6\u00f6riistu ega oskusi. Kokaiini hankimine eetri abil on Peruus veel \u00fcks t\u00fc\u00fcpiline protsess. Kokalehed t\u00f6\u00f6deldakse p\u00e4rast ekstraheerimise ajal eetrilahusesse kastmist kokaiinvesinikkloriidi kristallideks. Ekstraheerimistingimused v\u00f5ivad varieeruda, muutes selle protsessi kvaliteedi konsistentsi osas v\u00e4hem usaldusv\u00e4\u00e4rseks kui k\u00e4\u00e4ritamine.        <\/p>\n<h3>Ostke Internetist Peruu kokaiini<\/h3>\n<p> Viimaseks, kuid mitte v\u00e4hem t\u00e4htsaks, kasutatakse Peruus kokaiini saamiseks ka subkriitilist veek\u00fcmblustehnikat (SWIM). SWIM-i protsessis leotatakse kokalehti vees alla atmosf\u00e4\u00e4rir\u00f5hul, kuni need lahustuvad vedelikuks, ja seej\u00e4rel ekstraheeritakse lahustunud tahked ained tavaliste lahustiga ekstraheerimismeetoditega, nagu destilleerimine v\u00f5i kristalliseerimine. Kui v\u00f5tate Peruu kokaiini Dr. Tellides Lawsons Pharmacy veebist, v\u00f5ite olla kindel, et saate kvaliteetse toote, mis vastab teie vajadustele.   <\/p>\n<h3>Peruu kokaiini eelised<\/h3>\n<p> Kahtlemata on Peruu kokaiin \u00fcks enimkasutatavaid narkootikume maailmas. Ja m\u00f5juval p\u00f5hjusel \u2013 see on v\u00f5imas stimulant, mis aitab sul end energilisemana ja r\u00f5\u00f5msamana tunda. Peruu kokaiinitarbijad teatavad sageli, et tunnevad end p\u00e4rast aine tarbimist energilisemalt ja erksamalt. Suurenenud energia v\u00f5ib toetada tootlikkust, keskendumist ja probleemide lahendamist. Dr. Lawsons Pharmacy pakub hulgi Peruu kokaiini, mis v\u00f5ib aidata kasutajatel tunda end \u00f5nnelikumana ja nautida seltskondlikke koosviibimisi, kunstilisi ettev\u00f5tmisi ja meelelahutuslikke tegevusi rohkem kui ilma selle ravimita.     <\/p>\n<h3>Millised on Peruu kokaiini v\u00f5tmise k\u00f5rvaltoimed?<\/h3>\n<p> Peruust p\u00e4rit crack-kokaiin on t\u00fcvi, millel on sageli suurem m\u00f5ju kui teistel cracki t\u00fcvedel. See n\u00e4itab, et Peruu kokaiinil v\u00f5ivad olla raskemad f\u00fc\u00fcsilised k\u00f5rvalm\u00f5jud v\u00f5rreldes teiste crack-kokaiini vormidega. S\u00fcdame l\u00f6\u00f6gisageduse ja verer\u00f5hu t\u00f5us, k\u00f5rgem risk hingamisteede haigustesse, s\u00f5ltuvus- ja k\u00e4itumismuutused, ps\u00fchholoogilised k\u00f5rvalm\u00f5jud nagu depressioon, \u00e4revus ja paranoilised m\u00f5tted, v\u00f5\u00f5rutusn\u00e4hud, pikaajalised siseorganite kahjustused, rasedusriskid ja muud terviseprobleemid. n\u00e4ited Peruu kokaiini kasutamise v\u00f5imalikest f\u00fc\u00fcsilistest k\u00f5rvalm\u00f5judest.   <\/p>\n<h3>Kust saab Internetist autentset Peruu kokaiini osta?<\/h3>\n<p> Kas otsite v\u00f5imalust Peruu kokaiini t\u00e4ielikuks tarbimiseks ilma vahistamise riskita? Dr. Lawsons Pharmacy on ainus v\u00f5imalus. Siit saate Internetis turvaliselt osta kvaliteetset Peruu kokaiini hulgim\u00fc\u00fcgist. Kuna meie tooted on tugevamad kui muud turul saadaolevad kokaiinit\u00fc\u00fcbid, on need eristuvad. Tehke oma ost kohe!     &nbsp;<\/p>\n","protected":false},"excerpt":{"rendered":"<p>Ostke Internetist Peruu kokaiini. Kas otsite t\u00f5elist, tugevat tippu? Dr. Lawsons Pharmacy pakub Online Peruu kokaiini tellimus. Tootmisprotsessiga, mis toodab pidevalt kvaliteetset kokaiini, oleme spetsialiseerunud ainult parima Peruu kokaiini m\u00fc\u00fcmisele Internetis. Peruu kokaiin Internetis kaufen &#8211; KONTAKT Berliin, Hamburg, M\u00fcnchen, M\u00fcnchen, K\u00f6ln, K\u00f6ln, Frankfurt, Stuttgart, D\u00fcsseldorf, Dortmund, Essen, Leipzig, Bremen, Dresden, Hannover, Hannover, N\u00fcrnberg, N\u00fcrnberg, [&hellip;]<\/p>\n","protected":false},"featured_media":18333,"comment_status":"closed","ping_status":"closed","template":"","meta":{"om_disable_all_campaigns":false,"_sitemap_exclude":false,"_sitemap_priority":"","_sitemap_frequency":"","_monsterinsights_skip_tracking":false,"_monsterinsights_sitenote_active":false,"_monsterinsights_sitenote_note":"","_monsterinsights_sitenote_category":0},"product_cat":[11443],"product_tag":[12626,12613,12610,12618,12621,12609,12608,12614,12615,12624,12623,12627,12622,12628,12611,12619,12612,12625,12620,12617,12616,12607],"class_list":{"0":"post-25819","1":"product","2":"type-product","3":"status-publish","4":"has-post-thumbnail","6":"product_cat-kokaiin","7":"product_tag-ehtne-peruu-kokaiin-euroopa","8":"product_tag-kui-palju-on-peruu-kokaiin","9":"product_tag-kust-osta-internetis-peruu-kokaiini","10":"product_tag-kust-osta-peruu-kokaiini-euroopas","11":"product_tag-odav-peruu-kokaiin-euroopas","12":"product_tag-osta-internetist-peruu-kokaiini","13":"product_tag-osta-peruu-kokaiini","14":"product_tag-ostke-peruu-kokaiini-internetist-euroopas","15":"product_tag-parima-hinnaga-peruu-kokaiin-euroopas","16":"product_tag-peruu-kokaiini-euroopa-allahindlus","17":"product_tag-peruu-kokaiini-euroopa-pood","18":"product_tag-peruu-kokaiini-euroopa-tarnijad","19":"product_tag-peruu-kokaiini-euroopa-tehingud","20":"product_tag-peruu-kokaiini-euroopa-ulevaade","21":"product_tag-peruu-kokaiini-moju","22":"product_tag-peruu-kokaiini-muuk-euroopas","23":"product_tag-peruu-kokaiini-muuk-internetis","24":"product_tag-peruu-kokaiini-tarne-euroopasse","25":"product_tag-peruu-kokaiini-veebipood-euroopa","26":"product_tag-peruu-kokaiinivaba-saatmine-euroopasse","27":"product_tag-telli-peruu-kokaiini-eu","28":"product_tag-tellige-internetist-peruu-kokaiini","30":"first","31":"instock","32":"shipping-taxable","33":"purchasable","34":"product-type-variable","35":"farmacie-col"},"aioseo_notices":[],"_links":{"self":[{"href":"https:\/\/lacasadelamedicina.es\/et\/wp-json\/wp\/v2\/product\/25819"}],"collection":[{"href":"https:\/\/lacasadelamedicina.es\/et\/wp-json\/wp\/v2\/product"}],"about":[{"href":"https:\/\/lacasadelamedicina.es\/et\/wp-json\/wp\/v2\/types\/product"}],"replies":[{"embeddable":true,"href":"https:\/\/lacasadelamedicina.es\/et\/wp-json\/wp\/v2\/comments?post=25819"}],"wp:featuredmedia":[{"embeddable":true,"href":"https:\/\/lacasadelamedicina.es\/et\/wp-json\/wp\/v2\/media\/18333"}],"wp:attachment":[{"href":"https:\/\/lacasadelamedicina.es\/et\/wp-json\/wp\/v2\/media?parent=25819"}],"wp:term":[{"taxonomy":"product_cat","embeddable":true,"href":"https:\/\/lacasadelamedicina.es\/et\/wp-json\/wp\/v2\/product_cat?post=25819"},{"taxonomy":"product_tag","embeddable":true,"href":"https:\/\/lacasadelamedicina.es\/et\/wp-json\/wp\/v2\/product_tag?post=25819"}],"curies":[{"name":"wp","href":"https:\/\/api.w.org\/{rel}","templated":true}]}}