{"id":25807,"date":"2024-08-09T14:02:13","date_gmt":"2024-08-09T14:02:13","guid":{"rendered":"https:\/\/lacasadelamedicina.es\/product\/osta-mehhiko-kokaiini-internetist\/"},"modified":"2024-08-09T14:02:13","modified_gmt":"2024-08-09T14:02:13","slug":"osta-mehhiko-kokaiini-internetist","status":"publish","type":"product","link":"https:\/\/lacasadelamedicina.es\/et\/toode\/osta-mehhiko-kokaiini-internetist\/","title":{"rendered":"Osta Mehhiko kokaiini Internetist"},"content":{"rendered":"<h3>Osta Mehhiko kokaiini Internetist.<\/h3>\n<p> Mehhiko kokaiini veebist ostmine v\u00f5ib olla kiire ja turvaline viis uimasti hankimiseks, ilma et peaksite suhtlema oma naabruskonnas asuvate edasim\u00fc\u00fcjate v\u00f5i musta turuga. Nii et kui soovite osta Mehhiko kokaiini, kuid ei tea, kust alustada, esitage Narco Powdersilt tellimus ja laske see koju toimetada. Osta Mehhiko kokaiini Internetist \u2013   <a href=\"https:\/\/drlawsonspharmacy\/contact-us\/\">KONTAKT<\/a><\/p>\n<h3>Kuidas valmistatakse Mehhiko kokaiini?<\/h3>\n<p> Kokaiini on kahte peamist t\u00fc\u00fcpi: Mehhiko ja Kolumbia. Kui Colombia kokaiini ekstraheeritakse Aafrika kokap\u00f5\u00f5sa lehtedest, siis Mehhiko kokaiini valmistatakse kas kokalehtedest v\u00f5i mooniseemnetest. Mehhiko kokaiini toodetakse veidi keerulisemal viisil kui Colombia kokaiini. Kokalehed kuivatatakse enne pulbriks jahvatamist. Pulbri moodustamiseks segatakse see pulber vee ja lisaainetega, nagu suhkur ja sool. Seej\u00e4rel segu kuumutatakse, et saada paks pasta, millest saab vormida tabletid v\u00f5i plokid.      <\/p>\n<h3>Osta Mehhiko kokaiini Internetist<\/h3>\n<p> Mehhiko kokaiini t\u00f6\u00f6tlemiseks on palju alternatiivseid meetodeid. Enne s\u00fcstimist v\u00f5i suitsetamist v\u00f5ib Mehhiko kokaiini lahustada erinevates lahustites. Kui soovite osta Mehhiko kokaiini Internetist Dr. Lawsons Pharmacyst, peaksite p\u00f6\u00f6rama t\u00e4helepanu veebisaidi ohutusjuhistele. Kasutage v\u00f5imaluse korral puhtaid n\u00f5elu ja \u00e4rge s\u00fcstige ravimit lahtistesse haavadesse, kuna see v\u00f5ib p\u00f5hjustada infektsioone ja muid terviseprobleeme. Samuti olge alati ettevaatlik, kui seksite kellegagi, kes on \u00e4sja kasutanud veebist ostetud Mehhiko kokaiini. Osta Mehhiko kokaiini Internetist      <\/p>\n<h3>Mehhiko kokaiini eelised<\/h3>\n<p> \u00dcks enim kasutatavaid kokaiinisorte on Mehhiko kokaiin. Sellel on tugev ja kauakestev toime, see on k\u00f5rgeima kvaliteediga ja ideaalse l\u00f5ikega. Lisaks on Mehhiko kokaiinil v\u00e4hem t\u00f5en\u00e4oline, et v\u00f5rreldes teiste kokaiini sortidega v\u00f5ltsitakse v\u00f5i sisaldab see saasteaineid. See t\u00e4hendab, et seda on kiirem luua ja lihtsam kasutada. L\u00f5puks on Mehhiko kokaiin parim valik neile, kes vajavad narkootikume maanteel, sest seda saab pikka aega s\u00e4ilitada, ilma et see halveneks v\u00f5i kaotaks kasutusk\u00f5lblikkust.     <\/p>\n<h3>Mehhiko kokaiini k\u00f5rvaltoimed<\/h3>\n<p> Mehhiko kokaiin on s\u00f5ltuvust tekitav v\u00f5imas aine, millel v\u00f5ivad olla negatiivsed k\u00f5rvalm\u00f5jud. Mehhiko kokaiini regulaarne tarbimine, nagu iga teinegi s\u00f5ltuvus, v\u00f5ib p\u00f5hjustada s\u00fcdame l\u00f6\u00f6gisageduse kiirenemist, higistamist ja pupillide laienemist. Rasketel juhtudel on v\u00f5imalikud krambid, \u00e4revus, suuhaavandid ja iiveldus. Selle ravimi v\u00f5tmisega kaasneb f\u00fc\u00fcsilise s\u00f5ltuvuse tekkimise oht, seega peate hoolikalt j\u00e4rgima annustamisjuhiseid.    <\/p>\n<h3>Kust osta Internetis Mehhiko kokaiini?<\/h3>\n<p> Kui soovite osta kvaliteetset Mehhiko kokaiini, pole paremat kohta kui Dr. Lawsons Pharmacy. Valgest pulbrist kreekini saate siit igat t\u00fc\u00fcpi Mehhiko kokaiini. V\u00f5ite olla kindel, et leiate meie laiast valikust just oma vajadustele sobiva sordi ja kokaiini. Lisaks pakume erinevaid makseviise, sealhulgas Bitcoini ja panga\u00fclekannet, et saaksite osta ravimeid t\u00e4iesti enesekindlalt.    &nbsp;<\/p>\n","protected":false},"excerpt":{"rendered":"<p>Osta Mehhiko kokaiini Internetist. Mehhiko kokaiini veebist ostmine v\u00f5ib olla kiire ja turvaline viis uimasti hankimiseks, ilma et peaksite suhtlema oma naabruskonnas asuvate edasim\u00fc\u00fcjate v\u00f5i musta turuga. Nii et kui soovite osta Mehhiko kokaiini, kuid ei tea, kust alustada, esitage Narco Powdersilt tellimus ja laske see koju toimetada. Osta Mehhiko kokaiini Internetist \u2013 KONTAKT Kuidas [&hellip;]<\/p>\n","protected":false},"featured_media":18738,"comment_status":"closed","ping_status":"closed","template":"","meta":{"om_disable_all_campaigns":false,"_sitemap_exclude":false,"_sitemap_priority":"","_sitemap_frequency":"","_monsterinsights_skip_tracking":false,"_monsterinsights_sitenote_active":false,"_monsterinsights_sitenote_note":"","_monsterinsights_sitenote_category":0},"product_cat":[11443],"product_tag":[12604,12591,12588,12596,12593,12602,12601,12606,12589,12597,12590,12603,12598,12600,12605,12595,12599,12587,12585,12592,12594,12586],"class_list":{"0":"post-25807","1":"product","2":"type-product","3":"status-publish","4":"has-post-thumbnail","6":"product_cat-kokaiin","7":"product_tag-autentne-mehhiko-kokaiin-euroopas","8":"product_tag-kui-palju-on-mehhiko-kokaiini","9":"product_tag-kust-osta-internetis-mehhiko-kokaiini","10":"product_tag-kust-osta-mehhiko-kokaiini-euroopas","11":"product_tag-mehhiko-kokaiin-euroopa-parima-hinnaga","12":"product_tag-mehhiko-kokaiini-euroopa-allahindlus","13":"product_tag-mehhiko-kokaiini-euroopa-pood","14":"product_tag-mehhiko-kokaiini-euroopa-ulevaade","15":"product_tag-mehhiko-kokaiini-moju","16":"product_tag-mehhiko-kokaiini-muuk-euroopas","17":"product_tag-mehhiko-kokaiini-muuk-internetis","18":"product_tag-mehhiko-kokaiini-tarnimine-euroopasse","19":"product_tag-mehhiko-kokaiini-veebipood-euroopa","20":"product_tag-mehhiko-kokaiinipakkumised-euroopas","21":"product_tag-mehhiko-kokaiinitarnijad-euroopas","22":"product_tag-mehhiko-kokaiinivaba-saatmine-euroopasse","23":"product_tag-odav-mehhiko-kokaiin-euroopas","24":"product_tag-osta-internetist-mehhiko-kokaiini","25":"product_tag-osta-mehhiko-kokaiini","26":"product_tag-osta-mehhiko-kokaiini-internetist-euroopas","27":"product_tag-telli-mehhiko-kokaiini-eu","28":"product_tag-tellige-internetist-mehhiko-kokaiini","30":"first","31":"instock","32":"shipping-taxable","33":"purchasable","34":"product-type-variable","35":"farmacie-col"},"aioseo_notices":[],"_links":{"self":[{"href":"https:\/\/lacasadelamedicina.es\/et\/wp-json\/wp\/v2\/product\/25807"}],"collection":[{"href":"https:\/\/lacasadelamedicina.es\/et\/wp-json\/wp\/v2\/product"}],"about":[{"href":"https:\/\/lacasadelamedicina.es\/et\/wp-json\/wp\/v2\/types\/product"}],"replies":[{"embeddable":true,"href":"https:\/\/lacasadelamedicina.es\/et\/wp-json\/wp\/v2\/comments?post=25807"}],"wp:featuredmedia":[{"embeddable":true,"href":"https:\/\/lacasadelamedicina.es\/et\/wp-json\/wp\/v2\/media\/18738"}],"wp:attachment":[{"href":"https:\/\/lacasadelamedicina.es\/et\/wp-json\/wp\/v2\/media?parent=25807"}],"wp:term":[{"taxonomy":"product_cat","embeddable":true,"href":"https:\/\/lacasadelamedicina.es\/et\/wp-json\/wp\/v2\/product_cat?post=25807"},{"taxonomy":"product_tag","embeddable":true,"href":"https:\/\/lacasadelamedicina.es\/et\/wp-json\/wp\/v2\/product_tag?post=25807"}],"curies":[{"name":"wp","href":"https:\/\/api.w.org\/{rel}","templated":true}]}}