{"id":25787,"date":"2024-08-09T14:02:16","date_gmt":"2024-08-09T14:02:16","guid":{"rendered":"https:\/\/lacasadelamedicina.es\/product\/osta-crack-kokaiini-internetist\/"},"modified":"2024-08-09T14:02:16","modified_gmt":"2024-08-09T14:02:16","slug":"osta-crack-kokaiini-internetist","status":"publish","type":"product","link":"https:\/\/lacasadelamedicina.es\/et\/toode\/osta-crack-kokaiini-internetist\/","title":{"rendered":"Osta crack-kokaiini Internetist"},"content":{"rendered":"<h3>Osta crack-kokaiini Internetist.<\/h3>\n<p> Crack on teie jaoks m\u00f5eldud ravim, kui otsite k\u00f5rget energiat, mis annab teile v\u00f5imsa energialaengu. Kokataim on pragude allikas, v\u00f5imas stimulant. Sellel on tugev, vahetu toime, mis pakub muuhulgas ka naudingut ja energiat. Kas plaanite crack-kokaiini Internetist osta? Kui jah, siis Dr. Lawsons Pharmacy on teie \u00fchest kohast k\u00f5ike, mida soovite cracki kohta veebist osta. Osta crack-kokaiini veebist &#8211;      <a href=\"https:\/\/drlawsonspharmacy\/contact-us\/\">KONTAKT<\/a><\/p>\n<h3>Millest on valmistatud crack-kokaiin?<\/h3>\n<p> Kokataime lehti kasutatakse kokaiini, stimulantide valmistamiseks. Seda turustatakse sageli kui &#8220;crack-kokaiini&#8221;, mis on kokaiini ja vee kombinatsioon. Dr. Lawsons Pharmacy on parim valik k\u00f5igile, kes soovivad seda v\u00f5imsat ainet turvaliselt osta, t\u00e4nu laiale kvaliteetsele hulgikrakke, turvalistele makseviisidele ja diskreetsele kohaletoimetamisele.   <\/p>\n<h3>Crack Kokaiini eelised<\/h3>\n<p> \u00dcks turul k\u00f5ige sagedamini kasutatavaid narkootikume on crack ja seda m\u00f5juval p\u00f5hjusel. See on lihtne ja kiire viis saavutada v\u00f5imas k\u00f5rge, mis kestab kauem kui teised ravimid. Erinevalt teistest narkootikumidest, mille m\u00f5ju avaldumiseks kulub m\u00f5nikord tunde, toimib crack koheselt. Saate nautida oma k\u00f5rget taset kohe, sest tunnete m\u00f5ju juba m\u00f5ne minuti p\u00e4rast. Samuti arvatakse, et crack suurendab loovust ja emotsionaalset intensiivsust v\u00f5rreldes teiste uimastitega, nagu marihuaana v\u00f5i ecstasy. Ostke kreekkokaiini veebist. Dr. Lawsons Pharmacy&#8217;s pakume tarbijatele k\u00f5ikides riikides taskukohast juurdep\u00e4\u00e4su kvaliteetsele crack-kokaiinile, mida saab veebist osta. V\u00f5ite olla kindel, et saate parima v\u00f5imaliku tulemuse, kuna meie crack on valmistatud k\u00f5rgeimate puhtusstandardite j\u00e4rgi.       <\/p>\n<h3>Crack-kokaiini k\u00f5rvaltoimed<\/h3>\n<p> Crack on \u00e4\u00e4rmiselt s\u00f5ltuvust tekitav ja kahjulik aine, mis v\u00f5ib teie tervist t\u00f5siselt kahjustada. Cracki negatiivne m\u00f5ju v\u00f5ib olla surmav, s\u00f5ltuvust tekitav ja vaimsele tervisele negatiivne m\u00f5ju. Lisaks v\u00f5ib crackil olla vahetuid f\u00fc\u00fcsilisi k\u00f5rvalm\u00f5jusid, nagu s\u00fcdamepekslemine, agressiivsus ja ps\u00fchhoos. Enne cracki kasutamist on oluline end riskide osas harida, kuna pikaajalised negatiivsed m\u00f5jud v\u00f5ivad ilmneda alles aastaid p\u00e4rast tarbimist.    <\/p>\n<h3>Osta Cracki kokaiini veebis \u2013 ostke Crack Cocaine&#8217;i veebis Dr Lawsons Pharmacy&#8217;st<\/h3>\n<p> Kas otsite v\u00f5imalust k\u00f5rgele t\u00f5usmiseks? K\u00fclastage Dr. Lawsons Pharmacy veebisaiti, kust saate hulgi osta kvaliteetseid testitud pragusid. Pakume laias valikus kaupu, sealhulgas pragusid suurusega \u00fchest kilogrammist kuni v\u00e4ikeste kogusteni. Te ei leia mujalt paremat pakkumist kui meie suurep\u00e4rane crack-hind. Pakime oma esemed v\u00e4ga hoolikalt, et need j\u00f5uaksid kohale diskreetselt ja turvaliselt, sest teame privaatsuse v\u00e4\u00e4rtust. Loodame siiralt, et peate Dr. Lawsons Pharmacyt oma peamiseks Interneti-allikaks cracki ostmisel.      &nbsp;<\/p>\n","protected":false},"excerpt":{"rendered":"<p>Osta crack-kokaiini Internetist. Crack on teie jaoks m\u00f5eldud ravim, kui otsite k\u00f5rget energiat, mis annab teile v\u00f5imsa energialaengu. Kokataim on pragude allikas, v\u00f5imas stimulant. Sellel on tugev, vahetu toime, mis pakub muuhulgas ka naudingut ja energiat. Kas plaanite crack-kokaiini Internetist osta? Kui jah, siis Dr. Lawsons Pharmacy on teie \u00fchest kohast k\u00f5ike, mida soovite cracki [&hellip;]<\/p>\n","protected":false},"featured_media":18753,"comment_status":"closed","ping_status":"closed","template":"","meta":{"om_disable_all_campaigns":false,"_sitemap_exclude":false,"_sitemap_priority":"","_sitemap_frequency":"","_monsterinsights_skip_tracking":false,"_monsterinsights_sitenote_active":false,"_monsterinsights_sitenote_note":"","_monsterinsights_sitenote_category":0},"product_cat":[11443],"product_tag":[12560,12558,12561,12562,12553,12559,12554,12557,12556,12545,12546,12549,12551,12547,12552,12544,12555,12541,12543,12548,12550,12542],"class_list":{"0":"post-25787","1":"product","2":"type-product","3":"status-publish","4":"has-post-thumbnail","6":"product_cat-kokaiin","7":"product_tag-autentne-crack-kokaiin-euroopas","8":"product_tag-crack-kokaiini-euroopa-allahindlus","9":"product_tag-crack-kokaiini-euroopa-tarnijad","10":"product_tag-crack-kokaiini-euroopa-ulevaade","11":"product_tag-crack-kokaiini-muuk-euroopas","12":"product_tag-crack-kokaiini-tarnimine-euroopasse","13":"product_tag-crack-kokaiini-veebipood-euroopas","14":"product_tag-crack-kokaiini-euroopa-pood","15":"product_tag-crack-kokaiini-euroopa-tehingud","16":"product_tag-crack-kokaiini-moju","17":"product_tag-crack-kokaiini-muuk-internetis","18":"product_tag-crack-kokaiini-parim-hind-euroopas","19":"product_tag-crack-kokaiinivaba-saatmine-euroopasse","20":"product_tag-kui-palju-on-crack-kokaiini","21":"product_tag-kust-osta-crack-kokaiini-euroopas","22":"product_tag-kust-osta-crack-kokaiini-internetis","23":"product_tag-odav-crack-kokaiin-euroopas","24":"product_tag-osta-crack-kokaiini","25":"product_tag-osta-crack-kokaiini-internetist","26":"product_tag-ostke-crack-kokaiini-internetist-euroopas","27":"product_tag-telli-crack-kokaiini-eu","28":"product_tag-tellida-crack-kokaiini-internetist","30":"first","31":"instock","32":"shipping-taxable","33":"purchasable","34":"product-type-variable","35":"farmacie-col"},"aioseo_notices":[],"_links":{"self":[{"href":"https:\/\/lacasadelamedicina.es\/et\/wp-json\/wp\/v2\/product\/25787"}],"collection":[{"href":"https:\/\/lacasadelamedicina.es\/et\/wp-json\/wp\/v2\/product"}],"about":[{"href":"https:\/\/lacasadelamedicina.es\/et\/wp-json\/wp\/v2\/types\/product"}],"replies":[{"embeddable":true,"href":"https:\/\/lacasadelamedicina.es\/et\/wp-json\/wp\/v2\/comments?post=25787"}],"wp:featuredmedia":[{"embeddable":true,"href":"https:\/\/lacasadelamedicina.es\/et\/wp-json\/wp\/v2\/media\/18753"}],"wp:attachment":[{"href":"https:\/\/lacasadelamedicina.es\/et\/wp-json\/wp\/v2\/media?parent=25787"}],"wp:term":[{"taxonomy":"product_cat","embeddable":true,"href":"https:\/\/lacasadelamedicina.es\/et\/wp-json\/wp\/v2\/product_cat?post=25787"},{"taxonomy":"product_tag","embeddable":true,"href":"https:\/\/lacasadelamedicina.es\/et\/wp-json\/wp\/v2\/product_tag?post=25787"}],"curies":[{"name":"wp","href":"https:\/\/api.w.org\/{rel}","templated":true}]}}