{"id":25775,"date":"2024-08-09T14:02:17","date_gmt":"2024-08-09T14:02:17","guid":{"rendered":"https:\/\/lacasadelamedicina.es\/product\/ostke-86-orgaanilist-kokaiini-veebist\/"},"modified":"2024-08-09T14:02:17","modified_gmt":"2024-08-09T14:02:17","slug":"ostke-86-orgaanilist-kokaiini-veebist","status":"publish","type":"product","link":"https:\/\/lacasadelamedicina.es\/et\/toode\/ostke-86-orgaanilist-kokaiini-veebist\/","title":{"rendered":"Ostke 86% orgaanilist kokaiini veebist"},"content":{"rendered":"<h3>Ostke 86% orgaanilist kokaiini veebist.<\/h3>\n<p> Kokaiin on v\u00e4ga v\u00f5imas stimulant, mida kasutatakse inimestes ainulaadse ja v\u00f5rgutava vaimse struktuuri loomiseks. Inimm\u00f5istus on <a href=\"https:\/\/dieapotheke247.com\/\">aitab<\/a> orgaaniline kokaiin t\u00fc\u00fcpiliste v\u00e4liste s\u00fcndmuste tajumisel. Nagu teisedki stimulandid, m\u00f5jub orgaaniline kokaiin otse keskn\u00e4rvis\u00fcsteemile. Ostke 86% orgaanilist kokaiini veebist \u2013 <a href=\"https:\/\/drlawsonspharmacy\/contact-us\/\">KONTAKT<\/a> See stimulant v\u00f5imendab m\u00f5ningaid \u00fchendeid. Planeedil pakutakse ja ostetakse orgaanilist kokaiini ka kaubam\u00e4rgi koksi all. Seda kasutatakse mitte ainult ravimina, vaid ka erinevate ravimite tootmiseks. Need ravimid on inimeste tervisele v\u00e4ga kasulikud. K\u00f5ige populaarsemate uimastite hulgas on kokaiin teisel kohal.        <\/p>\n<h3>Ostke veebist 86% biokokaiini<\/h3>\n<p> \u00dcks puhtamaid kokaiini sorte, mida toodetakse nii kunstlikult kui ka looduslikult, kannab nime Bio Cocaine-86. T\u00e4nu oma erilistele omadustele, n\u00e4iteks v\u00f5imele kohe tegutseda, kasutatakse Bio Kokaiini sageli farmaatsiatoodetes. See on \u00e4\u00e4rmiselt t\u00f5hus ravim, mille eesm\u00e4rk on leevendada \u0161oki m\u00f5ju inimese ps\u00fc\u00fchikale. Teisis\u00f5nu kasutatakse Bio Cocaine-86, et aidata inimm\u00f5istusel kontrollida tugevaid emotsioone, nagu \u00f5nn v\u00f5i kurbus. Sellistes tingimustes toimib ka inimm\u00f5istus normaalselt. Seda kasutatakse ka tervisliku ja h\u00e4irimatu une edendamiseks. P\u00e4rast selle kokaiini tarbimist teatavad kasutajad, et nad tunnevad end l\u00f5dvestunult ja energilisena. Nende pidustuste t\u00e4ielikuks nautimiseks tarbitakse Bio Cocaine-86 ka tantsusaalides ja baarides ilma arsti retseptita. Inimesed kasutavad seda ainet oma igap\u00e4evastest toimetustest taastumiseks. L\u00fchiajaliselt kasutatakse seda ka depressiooni leevendamiseks v\u00f5i k\u00f5rvaldamiseks. Nimetatud omaduste t\u00f5ttu on see k\u00f5ige sagedamini kasutatavate ravimite edetabelis teisel kohal. Ostke veebist 86% biokokaiini            <\/p>\n<h3><strong>Telli Bio Cocaine 86%<\/strong><\/h3>\n<p> Kahtlemata on Bio Kokaiin-86 inimorganismile v\u00e4ga kasulik erinevates olukordades, kuid liigne tarbimine v\u00f5ib kahjustada nii tarbija f\u00fc\u00fcsilist kui vaimset tervist. Sagedase kasutamise t\u00f5ttu v\u00f5ib see p\u00f5hjustada unetust. Seet\u00f5ttu tuleks seda kasutada ainult siis, kui inimkeha seda vajab. Bio Cocaine-86 v\u00f5ib s\u00fcstida otse veeni v\u00f5i nuusutada. Iga\u00fcks saab selle veebipoest h\u00f5lpsalt k\u00e4tte. Meie veebipood pakub ka Bio Cocaine-86 v\u00e4ga soodsate hindadega. Meie veebip\u00f5hise kohaletoimetamise teenuse kaudu saate oma kauba v\u00e4ga kiiresti k\u00e4tte. Ostke 86% orgaanilist kokaiini veebist        &nbsp;<\/p>\n","protected":false},"excerpt":{"rendered":"<p>Ostke meilt 86% orgaanilist kokaiini ja saage kasu meie diskreetsest pakendist. Hulgitellimuste puhul on saadaval erisoodustused. Kokaiini ostmine veebis \u2013 kokaiini seaduslik tarnija \u2013 kokaiini ostmine veebist USA. Interneti-apteegid pakuvad uskumatuid hulgim\u00fc\u00fcgi allahindlusi!    &nbsp;<\/p>\n","protected":false},"featured_media":18393,"comment_status":"closed","ping_status":"closed","template":"","meta":{"om_disable_all_campaigns":false,"_sitemap_exclude":false,"_sitemap_priority":"","_sitemap_frequency":"","_monsterinsights_skip_tracking":false,"_monsterinsights_sitenote_active":false,"_monsterinsights_sitenote_note":"","_monsterinsights_sitenote_category":0},"product_cat":[11443],"product_tag":[12516,12503,12508,12500,12511,12514,12509,12513,12515,12517,12512,12518,12502,12505,12507,12510,12501,12497,12504,12499,12506,12498],"class_list":{"0":"post-25775","1":"product","2":"type-product","3":"status-publish","4":"has-post-thumbnail","6":"product_cat-kokaiin","7":"product_tag-ehtne-orgaaniline-kokaiin-86-euroopast","8":"product_tag-kui-palju-on-orgaaniline-kokaiin-86","9":"product_tag-kust-osta-orgaanilist-kokaiini-86-euroopa","10":"product_tag-kust-osta-orgaanilist-kokaiini-86-internetist","11":"product_tag-odav-orgaaniline-kokaiin-86-euroopast","12":"product_tag-orgaaniline-kokaiin-86-euroopa-allahindlus","13":"product_tag-orgaaniline-kokaiin-86-euroopa-muugist","14":"product_tag-orgaaniline-kokaiin-86-euroopa-pood","15":"product_tag-orgaaniline-kokaiin-86-euroopa-tarne","16":"product_tag-orgaaniline-kokaiin-86-euroopa-tarnijatest","17":"product_tag-orgaaniline-kokaiin-86-euroopa-tehingutest","18":"product_tag-orgaaniline-kokaiin-86-euroopa-ulevaade","19":"product_tag-orgaaniline-kokaiin-86-muugist-veebis","20":"product_tag-orgaaniline-kokaiin-86-parima-hinnaga-euroopas","21":"product_tag-orgaaniline-kokaiin-86-tasuta-kohaletoimetamine-euroopasse","22":"product_tag-orgaaniline-kokaiin-86-veebipood-euroopas","23":"product_tag-orgaanilise-kokaiini-moju-86","24":"product_tag-osta-orgaanilist-kokaiini-86","25":"product_tag-osta-orgaanilist-kokaiini-86-euroopa-veebist","26":"product_tag-osta-orgaanilist-kokaiini-86-veebist","27":"product_tag-telli-orgaaniline-kokaiin-86-el","28":"product_tag-tellige-orgaaniline-kokaiin-86-veebist","30":"first","31":"instock","32":"shipping-taxable","33":"purchasable","34":"product-type-variable","35":"farmacie-col"},"aioseo_notices":[],"_links":{"self":[{"href":"https:\/\/lacasadelamedicina.es\/et\/wp-json\/wp\/v2\/product\/25775"}],"collection":[{"href":"https:\/\/lacasadelamedicina.es\/et\/wp-json\/wp\/v2\/product"}],"about":[{"href":"https:\/\/lacasadelamedicina.es\/et\/wp-json\/wp\/v2\/types\/product"}],"replies":[{"embeddable":true,"href":"https:\/\/lacasadelamedicina.es\/et\/wp-json\/wp\/v2\/comments?post=25775"}],"wp:featuredmedia":[{"embeddable":true,"href":"https:\/\/lacasadelamedicina.es\/et\/wp-json\/wp\/v2\/media\/18393"}],"wp:attachment":[{"href":"https:\/\/lacasadelamedicina.es\/et\/wp-json\/wp\/v2\/media?parent=25775"}],"wp:term":[{"taxonomy":"product_cat","embeddable":true,"href":"https:\/\/lacasadelamedicina.es\/et\/wp-json\/wp\/v2\/product_cat?post=25775"},{"taxonomy":"product_tag","embeddable":true,"href":"https:\/\/lacasadelamedicina.es\/et\/wp-json\/wp\/v2\/product_tag?post=25775"}],"curies":[{"name":"wp","href":"https:\/\/api.w.org\/{rel}","templated":true}]}}