{"id":25753,"date":"2024-08-09T14:02:20","date_gmt":"2024-08-09T14:02:20","guid":{"rendered":"https:\/\/lacasadelamedicina.es\/product\/ostke-diazepami-pulbrit-veebist\/"},"modified":"2024-08-09T14:02:20","modified_gmt":"2024-08-09T14:02:20","slug":"ostke-diazepami-pulbrit-veebist","status":"publish","type":"product","link":"https:\/\/lacasadelamedicina.es\/et\/toode\/ostke-diazepami-pulbrit-veebist\/","title":{"rendered":"Ostke Diazepami pulbrit veebist"},"content":{"rendered":"<h3>Diasepaami pulber \u2013 ostke diasepaami veebist,<\/h3>\n<p> Ostke Diazepam Powder veebist, et saada kvaliteetseid ravimeid allahindlusega. Parim allikas Diazepami veebis ostmiseks ja hankimiseks on <strong>Dr. Lawsonsi apteek<\/strong>. Osta Diasepam Powder Online Meie internetipood m\u00fc\u00fcb kvaliteetseid keemiatooteid, millest k\u00f5ige olulisemad on kannabinoidid. Kuna leiate rohkem disainerravimitega seotud tooteid, oleme USA eksperdid. T\u00e4nu oma k\u00f5rgele kvaliteedile ja t\u00f5husale koostisele on meie diasepaami pulbri veebim\u00fc\u00fck SAKSAMAAL<a href=\"https:\/\/dieapotheke247.com\/\">D<\/a> on populaarne paljudes t\u00f6\u00f6stusharudes. Meie spetsialistid p\u00fc\u00fcavad pidevalt toota parimaid v\u00f5imalikke ravimeid, mis aitavad inimesi sobival viisil. Kui teie t\u00f6\u00f6stus vajab seda Diazepam pulbrit, v\u00f5ite meiega \u00fchendust v\u00f5tta v\u00f5i lihtsalt saata meile s\u00f5num, et esitada veebip\u00f5hine tellimus.       <a href=\"https:\/\/drlawsonspharmacy\/contact-us\/\">KONTAKT<\/a><\/p>\n<h3>M\u00fc\u00fca diasepaami pulber<\/h3>\n<p> T\u00e4nu meie organisatsiooni aastatepikkusele kogemusele saate Diazepam pulbrit erinevates kogustes, mida vajate. Saate osta kaupa \u00f5igel ajal v\u00e4ikese v\u00f5i isegi suure koguse eest. Tarnime tellitud kaubad sobivas koguses ja see on puhas ning viib edasi farmaatsia- ja muud t\u00f6\u00f6stust. Nagu meie teised isiklikuks kasutamiseks sobivamad kaubad, on ka meie toode Diazepam Powder m\u00f5istliku hinnaga. See toode, erinevalt enamikust teistest, on m\u00f5eldud ainult isiklikuks kasutamiseks. Enne kui saame toote tarnida, peate esitama \u00f5ige retsepti ja deklaratsiooni.      <\/p>\n<h3>Kuidas kasutada meie Diazepam pulbrit?<\/h3>\n<p> Kui tarbijad ei v\u00f5ta seda toodet vastavalt juhistele, v\u00f5ib see olla kahjulik. Inimesed saavad meie USA m\u00fc\u00fcgil olevast Diazepam Powder Online\u2019ist rohkem kasu, kuna see v\u00f5ib ravida nende \u00e4revust, alkoholi v\u00f5\u00f5rutusn\u00e4hte, krampe ja paanikahooge. Arsti juhiste j\u00e4rgi ja \u00f5iges annuses kasutamisel on see inimestele ohutum. Alkoholi, suitsetamise, viinamarjamahla ja muude suurte negatiivsete m\u00f5judega asjade v\u00e4ltimine on tark m\u00f5te. Me ei soovi seda toodet anda alla 18-aastastele klientidele ja me ei vastuta tarbijate eest, kes v\u00f5tavad liiga palju. Meie ettev\u00f5te pakub diasepaami pulbrit Internetis m\u00fc\u00fcgiks mitmesugustes annustes, sealhulgas 10 mg, 50 mg ja isegi 1 kilogrammi. Olenevalt vajaminevast kogusest muutub pulbri hind. Paistame silma selle ravimi pakkumisega suurtes kogustes kasutamiseks t\u00f6\u00f6stuses ja teadusuuringutes. Seet\u00f5ttu on meie internetipood Sulle parim valik, kui soovid t\u00e4pse retsepti ja kvaliteediga puhast pulbrit.<\/p>\n","protected":false},"excerpt":{"rendered":"<p>Diasepaam on pikatoimeline kiire toimega bensodiasepiin, mida kasutatakse krambihoogude, alkoholist v\u00f5\u00f5rutuse, paanikahoogude ja \u00e4revuse raviks. M\u00fc\u00fcgil oleva diasepaami tugevusega pakutakse meile Dr Lawsoni apteegis.  &nbsp;<\/p>\n","protected":false},"featured_media":18768,"comment_status":"closed","ping_status":"closed","template":"","meta":{"om_disable_all_campaigns":false,"_sitemap_exclude":false,"_sitemap_priority":"","_sitemap_frequency":"","_monsterinsights_skip_tracking":false,"_monsterinsights_sitenote_active":false,"_monsterinsights_sitenote_note":"","_monsterinsights_sitenote_category":0},"product_cat":[11420],"product_tag":[12450,12439,12443,12446,12452,12436,12441,12435,12444,12448,12449,12451,12447,12437,12442,12434,12445,12431,12433,12438,12440,12432],"class_list":{"0":"post-25753","1":"product","2":"type-product","3":"status-publish","4":"has-post-thumbnail","6":"product_cat-kemikaalide-ja-psuhhedeelikumide-uurimine","7":"product_tag-autentne-diazepam-pulber-euroopas","8":"product_tag-diasepaami-pulber-parima-hinnaga-euroopas","9":"product_tag-diasepaami-pulbri-euroopa-muuk","10":"product_tag-diasepaami-pulbri-euroopa-pakkumised","11":"product_tag-diasepaami-pulbri-euroopa-ulevaade","12":"product_tag-diasepaami-pulbri-muuk-internetis","13":"product_tag-diasepaami-pulbri-tasuta-kohaletoimetamine-euroopasse","14":"product_tag-diasepaami-pulbri-toime","15":"product_tag-diasepaami-pulbri-veebipood-euroopa","16":"product_tag-diazepam-pulber-euroopa-allahindlus","17":"product_tag-diazepam-pulber-euroopa-kohaletoimetamine","18":"product_tag-diazepam-pulber-euroopa-tarnijad","19":"product_tag-diazepam-pulbri-euroopa-pood","20":"product_tag-kui-palju-on-diazepam-pulber","21":"product_tag-kust-osta-diazepam-pulber-euroopas","22":"product_tag-kust-osta-diazepam-pulbrit-internetis","23":"product_tag-odav-diazepam-pulber-euroopas","24":"product_tag-osta-diasepaami-pulbrit","25":"product_tag-osta-diasepaami-pulbrit-veebist","26":"product_tag-ostke-diazepami-pulbrit-internetist-euroopas","27":"product_tag-telli-diazepam-pulber-eu","28":"product_tag-tellige-internetist-diasepaami-pulbrit","30":"first","31":"instock","32":"shipping-taxable","33":"purchasable","34":"product-type-variable","35":"farmacie-col"},"aioseo_notices":[],"_links":{"self":[{"href":"https:\/\/lacasadelamedicina.es\/et\/wp-json\/wp\/v2\/product\/25753"}],"collection":[{"href":"https:\/\/lacasadelamedicina.es\/et\/wp-json\/wp\/v2\/product"}],"about":[{"href":"https:\/\/lacasadelamedicina.es\/et\/wp-json\/wp\/v2\/types\/product"}],"replies":[{"embeddable":true,"href":"https:\/\/lacasadelamedicina.es\/et\/wp-json\/wp\/v2\/comments?post=25753"}],"wp:featuredmedia":[{"embeddable":true,"href":"https:\/\/lacasadelamedicina.es\/et\/wp-json\/wp\/v2\/media\/18768"}],"wp:attachment":[{"href":"https:\/\/lacasadelamedicina.es\/et\/wp-json\/wp\/v2\/media?parent=25753"}],"wp:term":[{"taxonomy":"product_cat","embeddable":true,"href":"https:\/\/lacasadelamedicina.es\/et\/wp-json\/wp\/v2\/product_cat?post=25753"},{"taxonomy":"product_tag","embeddable":true,"href":"https:\/\/lacasadelamedicina.es\/et\/wp-json\/wp\/v2\/product_tag?post=25753"}],"curies":[{"name":"wp","href":"https:\/\/api.w.org\/{rel}","templated":true}]}}