{"id":25743,"date":"2024-08-09T14:02:20","date_gmt":"2024-08-09T14:02:20","guid":{"rendered":"https:\/\/lacasadelamedicina.es\/product\/ostke-virgin-silver-vedelat-elavhobedat-veebist\/"},"modified":"2024-09-04T18:38:56","modified_gmt":"2024-09-04T18:38:56","slug":"ostke-virgin-silver-vedelat-elavhobedat-veebist","status":"publish","type":"product","link":"https:\/\/lacasadelamedicina.es\/et\/toode\/ostke-virgin-silver-vedelat-elavhobedat-veebist\/","title":{"rendered":"Ostke Virgin Silver vedelat elavh\u00f5bedat veebist"},"content":{"rendered":"<h3><span lang=\"EN-US\">M\u00fc\u00fca Virgin Silver Liquid Mercury \u2013 ostke Virgin Silver Liquid Mercury veebist<\/span><\/h3>\n<p> Ostke Virgin Silver Liquid Mercury veebist \u2013 pakume lahtiselt puhast h\u00f5bedast vedelat elavh\u00f5bedat Internetis madalaimate hindadega, sest oleme parim kannabinoidide jaem\u00fc\u00fcja. Elavh\u00f5bedat, mis on lahustatud puhtas h\u00f5bedas, saab meilt legaalselt veebist uurimise eesm\u00e4rgil osta. Virgin Silver Liquid Mercury ostmine Internetist \u2013 Virgin Silver Liquid Mercury ostmine Internetist K\u00e4esolev 34,5 kg mahuti sisaldab neitsi vedelat h\u00f5bedat, mida saab kasutada t\u00f6\u00f6stuslikel eesm\u00e4rkidel. See pudel sisaldab puhast vedelat h\u00f5bedat, mis on toodetud tipptasemel masinate ja spetsialistide poolt v\u00e4lja t\u00f6\u00f6tatud retseptide abil. Veelgi enam, puhta h\u00f5bedase vedela elavh\u00f5beda ostmine selle ettev\u00f5tte veebisaidilt on lihtne. Seda platvormi on lihtne kasutada ja see pakub vajadusel kvaliteetset toodet.      <a href=\"https:\/\/drlawsonspharmacy\/contact-us\/\">KONTAKT<\/a><\/p>\n<h3><span lang=\"EN-US\">Mis on Virgin Silver Liquid Mercury?<\/span><\/h3>\n<p> Seda tuntud toorainet v\u00f5ib leida paljudest esemetest, nagu elavh\u00f5beda l\u00fclitid, luminofoortorud, termomeetrid ja baromeetrid. Puhas h\u00f5bedane vedel elavh\u00f5be on seet\u00f5ttu ainulaadne kasutamiseks muude materjalide v\u00f5i kemikaalide valmistamisel, kuna see toimib j\u00e4rgnevate keemiliste reaktsioonide katal\u00fcsaatorina. Umbes 99,9% sellest elavh\u00f5bedast on saadaval puhtal kujul. Seet\u00f5ttu h\u00f5lmab programm ka muid tooraineid nagu kuld ja h\u00f5be. Seet\u00f5ttu tuleb neid enne kasutamist p\u00f5hjalikult testida. Ostke Virgin Silver Liquid Mercury veebist      <\/p>\n<h3><span lang=\"EN-US\">Kust osta Virgin Silver Liquid Mercury?<\/span><\/h3>\n<p> Kasutajad saavad osta selle vedela elavh\u00f5beda mahuteid m\u00f5istliku hinnaga. Aine ei sisalda \u00fchtegi raskemetalli. Vedela h\u00f5beelavh\u00f5beda ostmine \u00f5igel hinnaga ja vajalikus koguses on klientidele mugavam. Kui te ei tea, kuidas \u00f5igesti m\u00f5\u00f5ta v\u00f5i arvutada, kui palju elavh\u00f5bedat on vaja, helistage agentuuri ekspertidele ja nad aitavad teil m\u00e4\u00e4rata vajaliku koguse. Seda toodet kasutatakse <a href=\"https:\/\/dieapotheke247.com\/\">ainult <\/a> uurimiskemikaalide jaoks, kuid seda tarnitakse kvaliteetsel ja puhtal kujul.    &nbsp;<\/p>\n","protected":false},"excerpt":{"rendered":"<p>M\u00fc\u00fca Virgin Silver Liquid Mercury \u2013 ostke Virgin Silver Liquid Mercury veebist Ostke Virgin Silver Liquid Mercury veebist \u2013 pakume lahtiselt puhast h\u00f5bedast vedelat elavh\u00f5bedat Internetis madalaimate hindadega, sest oleme parim kannabinoidide jaem\u00fc\u00fcja. Elavh\u00f5bedat, mis on lahustatud puhtas h\u00f5bedas, saab meilt legaalselt veebist uurimise eesm\u00e4rgil osta. Virgin Silver Liquid Mercury ostmine Internetist \u2013 Virgin Silver [&hellip;]<\/p>\n","protected":false},"featured_media":18723,"comment_status":"closed","ping_status":"closed","template":"","meta":{"om_disable_all_campaigns":false,"_sitemap_exclude":false,"_sitemap_priority":"","_sitemap_frequency":"","_monsterinsights_skip_tracking":false,"_monsterinsights_sitenote_active":false,"_monsterinsights_sitenote_note":"","_monsterinsights_sitenote_category":0},"product_cat":[11420],"product_tag":[12428,12415,12420,12412,12423,12410,12411,12416,12418,12409,12426,12421,12417,12427,12424,12430,12419,12425,12429,12413,12414,12422],"class_list":{"0":"post-25743","1":"product","2":"type-product","3":"status-publish","4":"has-post-thumbnail","6":"product_cat-kemikaalide-ja-psuhhedeelikumide-uurimine","7":"product_tag-autentne-virgin-silver-vedel-elavhobe-euroopas","8":"product_tag-kui-palju-on-virgin-silver-vedelat-elavhobedat","9":"product_tag-kust-osta-virgin-silver-vedelat-elavhobedat-euroopas","10":"product_tag-kust-osta-virgin-silver-vedelat-elavhobedat-internetis","11":"product_tag-odav-virgin-silver-vedel-elavhobe-euroopas","12":"product_tag-osta-virgin-silver-vedelat-elavhobedat","13":"product_tag-osta-virgin-silver-vedelat-elavhobedat-veebist","14":"product_tag-ostke-virgin-silver-vedelat-elavhobedat-internetist-euroopas","15":"product_tag-tellige-virgin-silver-vedel-elavhobe-eu","16":"product_tag-tellige-virgin-silver-vedelat-elavhobedat-internetist","17":"product_tag-virgin-silver-vedel-elavhobe-euroopa-allahindlus","18":"product_tag-virgin-silver-vedel-elavhobe-euroopa-muuk","19":"product_tag-virgin-silver-vedel-elavhobe-parima-hinnaga-euroopas","20":"product_tag-virgin-silver-vedel-elavhobeda-euroopa-kohaletoimetamine","21":"product_tag-virgin-silver-vedel-elavhobeda-euroopa-pakkumised","22":"product_tag-virgin-silver-vedel-elavhobeda-euroopa-ulevaade","23":"product_tag-virgin-silver-vedel-elavhobeda-tasuta-kohaletoimetamine-euroopasse","24":"product_tag-virgin-silver-vedela-elavhobeda-euroopa-pood","25":"product_tag-virgin-silver-vedela-elavhobeda-euroopa-tarnijad","26":"product_tag-virgin-silver-vedela-elavhobeda-moju","27":"product_tag-virgin-silver-vedela-elavhobeda-muuk-internetis","28":"product_tag-virgin-silver-vedela-elavhobeda-veebipood-euroopa","30":"first","31":"instock","32":"shipping-taxable","33":"purchasable","34":"product-type-variable","35":"farmacie-col"},"aioseo_notices":[],"_links":{"self":[{"href":"https:\/\/lacasadelamedicina.es\/et\/wp-json\/wp\/v2\/product\/25743"}],"collection":[{"href":"https:\/\/lacasadelamedicina.es\/et\/wp-json\/wp\/v2\/product"}],"about":[{"href":"https:\/\/lacasadelamedicina.es\/et\/wp-json\/wp\/v2\/types\/product"}],"replies":[{"embeddable":true,"href":"https:\/\/lacasadelamedicina.es\/et\/wp-json\/wp\/v2\/comments?post=25743"}],"wp:featuredmedia":[{"embeddable":true,"href":"https:\/\/lacasadelamedicina.es\/et\/wp-json\/wp\/v2\/media\/18723"}],"wp:attachment":[{"href":"https:\/\/lacasadelamedicina.es\/et\/wp-json\/wp\/v2\/media?parent=25743"}],"wp:term":[{"taxonomy":"product_cat","embeddable":true,"href":"https:\/\/lacasadelamedicina.es\/et\/wp-json\/wp\/v2\/product_cat?post=25743"},{"taxonomy":"product_tag","embeddable":true,"href":"https:\/\/lacasadelamedicina.es\/et\/wp-json\/wp\/v2\/product_tag?post=25743"}],"curies":[{"name":"wp","href":"https:\/\/api.w.org\/{rel}","templated":true}]}}