{"id":25733,"date":"2024-08-09T14:02:30","date_gmt":"2024-08-09T14:02:30","guid":{"rendered":"https:\/\/lacasadelamedicina.es\/product\/osta-ibogainei-pulbrit-veebist\/"},"modified":"2024-08-09T14:02:30","modified_gmt":"2024-08-09T14:02:30","slug":"osta-ibogainei-pulbrit-veebist","status":"publish","type":"product","link":"https:\/\/lacasadelamedicina.es\/et\/toode\/osta-ibogainei-pulbrit-veebist\/","title":{"rendered":"Osta Ibogaine&#8217;i pulbrit veebist"},"content":{"rendered":"<h3 class=\"product_title entry-title\">Ostke Ibogaine&#8217;i pulbrit Internetist.<\/h3>\n<p> Ostke Ibogaine&#8217;i pulbrit Internetist. Internetis on saadaval ka kokaiin. P\u00f5\u00f5sas on Iboga. Mitmes Aafrika kogukonnas on see stiliseeritud ja seda kasutatakse \u00fcldistel eesm\u00e4rkidel. Selle taime juurekoort kasutatakse ka meditsiinis. Ibogai komponent, mis on keelatud jaotises <a href=\"https:\/\/dieapotheke247.com\/\">Saksamaa<\/a> on Ibogaine. Ibogat kasutavad inimesed heinapalaviku, hooajalise gripi, seagripi, k\u00f5rge verer\u00f5hu, uimastis\u00f5ltuvuse, HIV\/AIDSi ja n\u00e4rviprobleemide raviks. Seda kasutatakse ka \u00fcldtugevdava vahendina, seksuaaliha suurendamiseks, uimastite kuritarvitamise ja s\u00f5ltuvuse vastu v\u00f5itlemiseks ning v\u00e4simuse ja uimasuse ennetamiseks.        <\/p>\n<h3>Ostke Ibogaine&#8217;i pulbrit Internetist. Internetis on saadaval ka kokaiin. <\/h3>\n<p> Sissejuhatus Looduslik alkaloidi iboga pulber, mis on ekstraheeritud iboga taimest Tabernanthe, on tuntud oma erakordse potentsiaali poolest edendada s\u00fcgavat paranemist ja transformatsiooni. See puhas ja v\u00f5imas pulber on paljut\u00f5otav vahend inimestele, kes otsivad uut heaoluteed, pakkudes terviklikku l\u00e4henemist erinevate f\u00fc\u00fcsiliste, vaimsete ja emotsionaalsete probleemide lahendamiseks. Valime hoolikalt oma usaldusv\u00e4\u00e4rsed tarnijad, et tagada meie ibogaiini pulbri k\u00f5rgeim kvaliteet ja puhtus. Teeme iga partii kohta p\u00f5hjalikud testid, et kinnitada selle t\u00f5husust, et saaksite alustada oma teekonda enesekindlalt ja s\u00fcdamerahuga.    <\/p>\n<h3><strong>Telli Ibogaine&#8217;i pulber<\/strong><\/h3>\n<p> Ibogaine on tuntud oma erakordse v\u00f5ime poolest katkestada aines\u00f5ltuvuse ts\u00fckkel, muutes selle atraktiivseks neile, kes soovivad vabaneda s\u00f5ltuvusest. See t\u00f6\u00f6tab aju retseptoritel, et luua elumuutev kogemus, mis aitab murda s\u00f5ltuvuse k\u00f6idikud ja v\u00f5imaldab meil alustada taastumise teel. Ibogaine on n\u00e4idanud lubadust lisaks s\u00f5ltuvusravile ka vaimse ja emotsionaalse heaolu edendamisel. Paljud v\u00e4idavad, et on kogenud suuremat refleksiooni, mis on aidanud neil toime tulla s\u00fcgavalt juurdunud emotsionaalse trauma, hirmu ja kurbusega ning neid ravida. Ibogaine&#8217;i kogemuse visiooniline komponent pakub p\u00fcha ruumi enesevaatluseks ja eneseavastamiseks, mis sageli viib vaimsete sidemete tugevdamiseni ja isikliku arenguni.<\/p>\n","protected":false},"excerpt":{"rendered":"<p>Apocynaceae taimeperekonda kuuluvad sellised liigid nagu Tabernanthe iboga, Voacanga africana ja Tabernaemontana undulata, mis sisaldavad looduslikult esinevat hallutsinogeenset \u00fchendit ibogaiini. Dissotsiatiivse toimega ps\u00fchhedeelne ravim.  <\/p>\n","protected":false},"featured_media":18813,"comment_status":"closed","ping_status":"closed","template":"","meta":{"om_disable_all_campaigns":false,"_sitemap_exclude":false,"_sitemap_priority":"","_sitemap_frequency":"","_monsterinsights_skip_tracking":false,"_monsterinsights_sitenote_active":false,"_monsterinsights_sitenote_note":"","_monsterinsights_sitenote_category":0},"product_cat":[11420],"product_tag":[12384,12382,12383,12377,12380,12385,12378,12373,12381,12386,12369,12370,12375,12371,12376,12368,12379,12365,12367,12372,12374,12366],"class_list":{"0":"post-25733","1":"product","2":"type-product","3":"status-publish","4":"has-post-thumbnail","6":"product_cat-kemikaalide-ja-psuhhedeelikumide-uurimine","7":"product_tag-autentne-ibogainei-pulber-euroopas","8":"product_tag-ibogaine-pulber-euroopa-allahindlus","9":"product_tag-ibogaine-pulber-euroopa-kohaletoimetamine","10":"product_tag-ibogaine-pulber-euroopa-muuk","11":"product_tag-ibogaine-pulber-euroopa-pakkumised","12":"product_tag-ibogaine-pulber-euroopa-tarnijad","13":"product_tag-ibogaine-pulbri-veebipood-euroopa","14":"product_tag-ibogainei-pulber-parima-hinnaga-euroopas","15":"product_tag-ibogainei-pulbri-euroopa-pood","16":"product_tag-ibogainei-pulbri-euroopa-ulevaade","17":"product_tag-ibogainei-pulbri-moju","18":"product_tag-ibogainei-pulbri-muuk-internetis","19":"product_tag-ibogainei-pulbri-tasuta-kohaletoimetamine-euroopasse","20":"product_tag-kui-palju-on-ibogainei-pulber","21":"product_tag-kust-osta-ibogainei-pulbrit-euroopas","22":"product_tag-kust-osta-ibogainei-pulbrit-internetis","23":"product_tag-odav-ibogainei-pulber-euroopas","24":"product_tag-osta-ibogainei-pulbrit","25":"product_tag-osta-ibogainei-pulbrit-veebist","26":"product_tag-ostke-ibogainei-pulbrit-internetist-euroopas","27":"product_tag-telli-ibogaine-pulber-eu","28":"product_tag-tellige-ibogainei-pulber-internetist","30":"first","31":"instock","32":"shipping-taxable","33":"purchasable","34":"product-type-variable","35":"farmacie-col"},"aioseo_notices":[],"_links":{"self":[{"href":"https:\/\/lacasadelamedicina.es\/et\/wp-json\/wp\/v2\/product\/25733"}],"collection":[{"href":"https:\/\/lacasadelamedicina.es\/et\/wp-json\/wp\/v2\/product"}],"about":[{"href":"https:\/\/lacasadelamedicina.es\/et\/wp-json\/wp\/v2\/types\/product"}],"replies":[{"embeddable":true,"href":"https:\/\/lacasadelamedicina.es\/et\/wp-json\/wp\/v2\/comments?post=25733"}],"wp:featuredmedia":[{"embeddable":true,"href":"https:\/\/lacasadelamedicina.es\/et\/wp-json\/wp\/v2\/media\/18813"}],"wp:attachment":[{"href":"https:\/\/lacasadelamedicina.es\/et\/wp-json\/wp\/v2\/media?parent=25733"}],"wp:term":[{"taxonomy":"product_cat","embeddable":true,"href":"https:\/\/lacasadelamedicina.es\/et\/wp-json\/wp\/v2\/product_cat?post=25733"},{"taxonomy":"product_tag","embeddable":true,"href":"https:\/\/lacasadelamedicina.es\/et\/wp-json\/wp\/v2\/product_tag?post=25733"}],"curies":[{"name":"wp","href":"https:\/\/api.w.org\/{rel}","templated":true}]}}