{"id":25728,"date":"2024-08-09T14:02:30","date_gmt":"2024-08-09T14:02:30","guid":{"rendered":"https:\/\/lacasadelamedicina.es\/product\/osta-k2-paberit-veebist\/"},"modified":"2024-08-09T14:02:30","modified_gmt":"2024-08-09T14:02:30","slug":"osta-k2-paberit-veebist","status":"publish","type":"product","link":"https:\/\/lacasadelamedicina.es\/et\/toode\/osta-k2-paberit-veebist\/","title":{"rendered":"Osta K2 paberit veebist"},"content":{"rendered":"<h3 class=\"product_title entry-title\">Osta K2 paberit veebist.<\/h3>\n<h3>Hankige odavad K2 paberilehed teie ukseni<\/h3>\n<p> K2 paberit saate osta Internetist. Levinud marihuaana tarbimise viis on kiiresti \u00fcleminek s\u00fcnteetilisele vormile. K2 paber on segu purustatud taimsest materjalist ja ps\u00fchhedeelse toimega tehisainetest. Uuringud n\u00e4itavad, et kemikaalid kinnituvad aju n\u00e4rvirakkude samadele retseptoritele nagu THC, t\u00f5stes meeleolu, soodustades l\u00f5\u00f5gastumist, muutes taju ja kutsudes esile ps\u00fchhoose. Kui otsite tipptasemel kaupa, olete meie usaldusv\u00e4\u00e4rses veebipoes sattunud \u00f5igesse kohta. Klientide ohutuse tagamiseks ostame oma tooteid usaldusv\u00e4\u00e4rsetelt tootjatelt. Lubame, et te ei kahetse meie proovimist.       <a href=\"https:\/\/drlawsonspharmacy\/contact-us\/\">KONTAKT<\/a><\/p>\n<h3><strong>Telli K2 paber<\/strong><\/h3>\n<p> Kannabinoidid on keemilised \u00fchendid, mis esinevad looduslikult marihuaanataimedes ja on paljude farmaatsiatoodete ehituskivid. Kanepi aktiivsel komponendil on molekulaarsed sarnasused s\u00fcnteetilise K2 \u00fcrdipaberiga. Kasu on suurem ja kui seanss on l\u00e4bi, v\u00f5ib inimene tunda end rahuliku ja \u00fclendatud. Marihuaanat kasutatakse ohutu asendajana mitmel terapeutilisel ja meelelahutuslikul eesm\u00e4rgil, kuna inimesed saavad selle eelistest teadlikumaks. Kuigi \u00fcleannustamine v\u00f5ib p\u00f5hjustada \u00e4revust, hallutsinatsioone, k\u00f5rget verer\u00f5hku, valu rinnus, \u00f5hupuudust, krampe ja oksendamist, tuleb tegutseda ettevaatusega. M\u00f5nedes turul olevates K2 v\u00fcrtsitoodetes sisalduvad kemikaalid v\u00f5ivad olla ohtlikud. Sellep\u00e4rast on oluline osta Dr Lawsons Pharmacy&#8217;st.       <\/p>\n<h3><strong>Telli K2 paber<\/strong><\/h3>\n<p> Kas soovite saada parimaid taimseid tooteid? Pakume teile suurep\u00e4rast v\u00f5imalust osta K2 paberit Internetist suurep\u00e4raste hindadega, kuna meil on suur rahvusvaheline kliendibaas. Me ei paku teile mitte ainult suurimat valikut, vaid pakume ka diskreetseid saatmisv\u00f5imalusi ja turvalisi maksev\u00f5imalusi. Te ei ole sunnitud peatuma l\u00e4hedal asuvates bensiinijaamades v\u00f5i puhkepeatustes. Ettev\u00f5te plaanib j\u00e4tkuvalt t\u00f5sta latti nii toodete kvaliteedis kui ka klienditeeninduses, et konkurentidest ees p\u00fcsida. Meie eesm\u00e4rk number \u00fcks on j\u00e4tta teid rahule ja meil on alati olemas asjatundlik meeskond, kes lahendab k\u00f5ik probleemid. Kui teil on k\u00fcsimusi v\u00f5i muresid, v\u00f5tke meiega \u00fchendust.<\/p>\n","protected":false},"excerpt":{"rendered":"<p>Iga A4 leht sisaldab 25 ml = 0,845351 vedelat untsi vedelat K2 infusiooni. M\u00fc\u00fca K2 paber, mis on v\u00e4rvitu ja l\u00f5hnatu. Lisaks m\u00fc\u00fcme K2 pihustit. Pakume esmaklassilisi tooteid suurep\u00e4rase ja diskreetse kohaletoimetamisega. Oma 12-aastase kogemusega uurimiskemikaalide tarnimisel on ohutus meie prioriteet. Oleme usaldusv\u00e4\u00e4rsed ja pakume ainult kvaliteetseid tooteid konkurentsiv\u00f5imelise hinnaga. Osta veebist K2 paberit, odav K2 paber, m\u00fc\u00fca K2 paber, legaalne k\u00f5rge K2 maitsepaber, vedel K2 paberil, maitsepaber,       &nbsp;<\/p>\n","protected":false},"featured_media":18798,"comment_status":"closed","ping_status":"closed","template":"","meta":{"om_disable_all_campaigns":false,"_sitemap_exclude":false,"_sitemap_priority":"","_sitemap_frequency":"","_monsterinsights_skip_tracking":false,"_monsterinsights_sitenote_active":false,"_monsterinsights_sitenote_note":"","_monsterinsights_sitenote_category":0},"product_cat":[11420],"product_tag":[12362,12360,12351,12347,12361,12355,12358,12359,12363,12364,12348,12353,12356,12349,12346,12354,12357,12343,12345,12350,12352,12344],"class_list":{"0":"post-25728","1":"product","2":"type-product","3":"status-publish","4":"has-post-thumbnail","6":"product_cat-kemikaalide-ja-psuhhedeelikumide-uurimine","7":"product_tag-autentne-k2-paber-euroopa","8":"product_tag-k2-paber-euroopa-allahindlus","9":"product_tag-k2-paber-euroopa-parima-hinnaga","10":"product_tag-k2-paberi-efektid","11":"product_tag-k2-paberi-euroopa-kohaletoimetamine","12":"product_tag-k2-paberi-euroopa-muuk","13":"product_tag-k2-paberi-euroopa-pakkumised","14":"product_tag-k2-paberi-euroopa-pood","15":"product_tag-k2-paberi-euroopa-tarnijad","16":"product_tag-k2-paberi-euroopa-ulevaade","17":"product_tag-k2-paberi-muuk-internetis","18":"product_tag-k2-paberi-tasuta-kohaletoimetamine-euroopasse","19":"product_tag-k2-paberi-veebipood-euroopa","20":"product_tag-kui-palju-maksab-k2-paber","21":"product_tag-kust-osta-internetist-k2-paberit","22":"product_tag-kust-osta-k2-paberit-euroopas","23":"product_tag-odav-k2-paber-euroopa","24":"product_tag-osta-k2-paberit","25":"product_tag-osta-k2-paberit-veebist","26":"product_tag-ostke-k2-paberit-euroopa-veebist","27":"product_tag-telli-k2-paber-eu","28":"product_tag-tellige-k2-paberit-internetist","30":"first","31":"instock","32":"shipping-taxable","33":"purchasable","34":"product-type-variable","35":"farmacie-col"},"aioseo_notices":[],"_links":{"self":[{"href":"https:\/\/lacasadelamedicina.es\/et\/wp-json\/wp\/v2\/product\/25728"}],"collection":[{"href":"https:\/\/lacasadelamedicina.es\/et\/wp-json\/wp\/v2\/product"}],"about":[{"href":"https:\/\/lacasadelamedicina.es\/et\/wp-json\/wp\/v2\/types\/product"}],"replies":[{"embeddable":true,"href":"https:\/\/lacasadelamedicina.es\/et\/wp-json\/wp\/v2\/comments?post=25728"}],"wp:featuredmedia":[{"embeddable":true,"href":"https:\/\/lacasadelamedicina.es\/et\/wp-json\/wp\/v2\/media\/18798"}],"wp:attachment":[{"href":"https:\/\/lacasadelamedicina.es\/et\/wp-json\/wp\/v2\/media?parent=25728"}],"wp:term":[{"taxonomy":"product_cat","embeddable":true,"href":"https:\/\/lacasadelamedicina.es\/et\/wp-json\/wp\/v2\/product_cat?post=25728"},{"taxonomy":"product_tag","embeddable":true,"href":"https:\/\/lacasadelamedicina.es\/et\/wp-json\/wp\/v2\/product_tag?post=25728"}],"curies":[{"name":"wp","href":"https:\/\/api.w.org\/{rel}","templated":true}]}}