{"id":25715,"date":"2024-08-09T14:02:39","date_gmt":"2024-08-09T14:02:39","guid":{"rendered":"https:\/\/lacasadelamedicina.es\/product\/ostke-veebist-albert-einstein-queen-elizabeth\/"},"modified":"2024-08-09T14:02:39","modified_gmt":"2024-08-09T14:02:39","slug":"ostke-veebist-albert-einstein-queen-elizabeth","status":"publish","type":"product","link":"https:\/\/lacasadelamedicina.es\/et\/toode\/ostke-veebist-albert-einstein-queen-elizabeth\/","title":{"rendered":"Ostke veebist Albert Einstein + Queen Elizabeth"},"content":{"rendered":"<h2>Ostke veebist Albert Einstein + kuninganna Elizabeth. Komplektis 2 kvaliteetset lina. <\/h2>\n<p> Ostke veebist Albert Einstein + Queen Elizabeth. 2 kvaliteetset lina sisaldav komplekt. Nendel perforeeritud lehtedel on erksad v\u00e4rvid, k\u00f5rged detailid ja puhas 1\/4-tolline perforatsioon. 2 erinevat disaini \u2013 m\u00fc\u00fcakse ka \u00fcksikult.<\/p>\n","protected":false},"excerpt":{"rendered":"<p>Ostke veebist Albert Einstein + kuninganna Elizabeth. Komplektis 2 kvaliteetset lina. Ostke veebist Albert Einstein + Queen Elizabeth. 2 kvaliteetset lina sisaldav komplekt. Nendel perforeeritud lehtedel on erksad v\u00e4rvid, k\u00f5rged detailid ja puhas 1\/4-tolline perforatsioon. 2 erinevat disaini \u2013 m\u00fc\u00fcakse ka \u00fcksikult.<\/p>\n","protected":false},"featured_media":19233,"comment_status":"open","ping_status":"closed","template":"","meta":{"om_disable_all_campaigns":false,"_sitemap_exclude":false,"_sitemap_priority":"","_sitemap_frequency":"","_monsterinsights_skip_tracking":false,"_monsterinsights_sitenote_active":false,"_monsterinsights_sitenote_note":"","_monsterinsights_sitenote_category":0},"product_cat":[12054],"product_tag":[12225,12226,12220,12223,12229,12216,12218,12224,12228,12213,12221,12212,12227,12214,12219,12210,12222,12208,12215,12209,12217,12211],"class_list":{"0":"post-25715","1":"product","2":"type-product","3":"status-publish","4":"has-post-thumbnail","6":"product_cat-lsd-et","7":"product_tag-albert-einstein-kuninganna-elizabeth-euroopa-allahindlus","8":"product_tag-albert-einstein-kuninganna-elizabeth-euroopa-kohaletoimetamine","9":"product_tag-albert-einstein-kuninganna-elizabeth-euroopa-muuk","10":"product_tag-albert-einstein-kuninganna-elizabeth-euroopa-pakkumised","11":"product_tag-albert-einstein-kuninganna-elizabeth-euroopa-ulevaade","12":"product_tag-albert-einstein-kuninganna-elizabeth-parima-hinnaga-euroopas","13":"product_tag-albert-einstein-kuninganna-elizabeth-tasuta-kohaletoimetamine-euroopasse","14":"product_tag-albert-einstein-queen-elizabeth-euroopa-pood","15":"product_tag-albert-einstein-queen-elizabeth-euroopa-tarnijad","16":"product_tag-albert-einstein-queen-elizabeth-muuk-internetis","17":"product_tag-albert-einstein-queen-elizabeth-veebipood-euroopa","18":"product_tag-albert-einsteini-kuninganna-elizabethi-efektid","19":"product_tag-autentne-albert-einstein-kuninganna-elizabeth-euroopa","20":"product_tag-kui-palju-on-albert-einstein-kuninganna-elizabeth","21":"product_tag-kust-osta-albert-einstein-queen-elizabeth-europe","22":"product_tag-kust-osta-internetis-albert-einstein-queen-elizabeth","23":"product_tag-odav-albert-einstein-kuninganna-elizabeth-euroopa","24":"product_tag-osta-albert-einstein-kuninganna-elizabeth","25":"product_tag-ostke-albert-einstein-kuninganna-elizabeth-internetist-euroopas","26":"product_tag-ostke-veebist-albert-einstein-kuninganna-elizabeth","27":"product_tag-tellige-albert-einstein-kuninganna-elizabeth-el","28":"product_tag-tellige-internetist-albert-einstein-kuninganna-elizabeth","30":"first","31":"instock","32":"shipping-taxable","33":"purchasable","34":"product-type-simple","35":"farmacie-col"},"aioseo_notices":[],"_links":{"self":[{"href":"https:\/\/lacasadelamedicina.es\/et\/wp-json\/wp\/v2\/product\/25715"}],"collection":[{"href":"https:\/\/lacasadelamedicina.es\/et\/wp-json\/wp\/v2\/product"}],"about":[{"href":"https:\/\/lacasadelamedicina.es\/et\/wp-json\/wp\/v2\/types\/product"}],"replies":[{"embeddable":true,"href":"https:\/\/lacasadelamedicina.es\/et\/wp-json\/wp\/v2\/comments?post=25715"}],"wp:featuredmedia":[{"embeddable":true,"href":"https:\/\/lacasadelamedicina.es\/et\/wp-json\/wp\/v2\/media\/19233"}],"wp:attachment":[{"href":"https:\/\/lacasadelamedicina.es\/et\/wp-json\/wp\/v2\/media?parent=25715"}],"wp:term":[{"taxonomy":"product_cat","embeddable":true,"href":"https:\/\/lacasadelamedicina.es\/et\/wp-json\/wp\/v2\/product_cat?post=25715"},{"taxonomy":"product_tag","embeddable":true,"href":"https:\/\/lacasadelamedicina.es\/et\/wp-json\/wp\/v2\/product_tag?post=25715"}],"curies":[{"name":"wp","href":"https:\/\/api.w.org\/{rel}","templated":true}]}}