{"id":25711,"date":"2024-08-09T14:02:39","date_gmt":"2024-08-09T14:02:39","guid":{"rendered":"https:\/\/lacasadelamedicina.es\/product\/ostke-internetist-1p-lsd-blotters-150mcg\/"},"modified":"2024-09-18T18:48:45","modified_gmt":"2024-09-18T18:48:45","slug":"ostke-internetist-1p-lsd-blotters-150mcg","status":"publish","type":"product","link":"https:\/\/lacasadelamedicina.es\/et\/toode\/ostke-internetist-1p-lsd-blotters-150mcg\/","title":{"rendered":"Ostke Internetist 1P-LSD Blotters 150mcg"},"content":{"rendered":"<h3>Ostke 150 mcg 1P-LSD blottereid: uurige keemilist teavet<\/h3>\n<p><strong>Mis on 150 mcg 1P-LSD blotterid?<\/strong> 1P-LSD blotterid (150 mcg) on \u200b\u200bteatud t\u00fc\u00fcpi uurimiskemikaal, mida uuringutes tavaliselt kasutatakse. Kuigi neid blottereid on praegu legaalne m\u00fc\u00fca ja osta, v\u00f5ib nende \u00f5iguslik staatus muutuda. Oluline on m\u00e4rkida, et 1P-LSD Blotterid on m\u00f5eldud rangelt teadusuuringuteks ja neid ei ole inimtoiduks heaks kiidetud. <strong>150 mikrogrammi 1P-LSD blotterite s\u00e4ilitamisjuhised<\/strong> 1P-LSD blotterite (150 mikrogrammi) pikaealisuse ja t\u00f5hususe tagamiseks hoidke neid jahedas ja kuivas kohas. Nendes tingimustes hoidmisel p\u00fcsib kemikaal stabiilsena kuni kaks aastat. N\u00f5uetekohane ladustamine aitab s\u00e4ilitada blotterite terviklikkust kogu nende s\u00e4ilivusaja jooksul. IUPAC: 1-propion\u00fc\u00fcll\u00fcsergiinhappe diet\u00fc\u00fclamiid CAS#: N\/A Molekulivalem: C23H29N3O2 Molekulmass: 379,45926g\/mol <strong>Tellige Chemswellist 150 mcg 1P-LSD blotterid!<\/strong> Chemswell pakub 150 mikrogrammi 1P-LSD blottereid kiiret ja usaldusv\u00e4\u00e4rset kohaletoimetamist. Kui esitate tellimuse t\u00e4na, j\u00f5uate teie pakk teie ukse taha \u00fche p\u00e4eva jooksul. PostNL k\u00e4sitleb k\u00f5iki saadetisi diskreetselt, tagades privaatsuse. 1P-LSD Blotterite hulgitellimuste korral v\u00f5tke lisateabe saamiseks \u00fchendust meie klienditeeninduse meeskonnaga. <strong>Maksevalikud<\/strong> Chemswell pakub teie mugavuse huvides mitmesuguseid makseviise, sealhulgas:         <\/p>\n<ul>\n<li>Krediitkaart (Mastercard, Visa, American Express)<\/li>\n<li>PayPal<\/li>\n<li>Bitcoin<\/li>\n<li>ideaalne<\/li>\n<\/ul>\n<p><strong>Miks valida Chemswell?<\/strong> Chemswell on p\u00fchendunud k\u00f5rgeima kvaliteediga teenuse pakkumisele konkurentsiv\u00f5imeliste hindadega. K\u00f5igi p\u00e4ringute v\u00f5i lisateabe saamiseks v\u00f5tke meiega julgelt \u00fchendust e-posti v\u00f5i telefoni teel. Lisateabe saamiseks k\u00fclastage meie kontaktide lehte. 1P-LSD on l\u00fcsergamiidide klassi uus ps\u00fchhedeelne aine. 1P-LSD on LSD-ga tihedalt seotud ja avaldab v\u00e4idetavalt peaaegu identset m\u00f5ju. Uudsuse t\u00f5ttu on 1P-LSD farmakoloogiast v\u00e4he teada, kuid arvatakse, et see avaldab selle m\u00f5ju aju serotoniini retseptoritega seondudes. Tellige oma 150 mcg 1P-LSD blotterid Chemswellist juba t\u00e4na, et saada erakordset teenindust ja v\u00e4\u00e4rtust.<\/p>\n","protected":false},"excerpt":{"rendered":"<p>1P-LSD Blotters 150mcg on ps\u00fchhedeelne ravim, mis kuulub l\u00fcsergamiidide klassi ja on LSD derivaat ja funktsionaalne analoog ning ALD-52 homoloog. See sai alguse 2015. aastal, kui see ilmus internetis m\u00fc\u00fcdava disainerravimina. See modifitseerib LSD molekuli, lisades LSD indoolr\u00fchma l\u00e4mmastiku aatomile propion\u00fc\u00fclr\u00fchma.  <\/p>\n","protected":false},"featured_media":19218,"comment_status":"closed","ping_status":"closed","template":"","meta":{"om_disable_all_campaigns":false,"_sitemap_exclude":false,"_sitemap_priority":"","_sitemap_frequency":"","_monsterinsights_skip_tracking":false,"_monsterinsights_sitenote_active":false,"_monsterinsights_sitenote_note":"","_monsterinsights_sitenote_category":0},"product_cat":[12054],"product_tag":[12302,12314,12315,12309,12312,12313,12317,12318,12303,12319,12307,12310,12316,12304,12308,12301,12311,12299,12305,12300,12306,12320],"class_list":{"0":"post-25711","1":"product","2":"type-product","3":"status-publish","4":"has-post-thumbnail","6":"product_cat-lsd-et","7":"product_tag-1p-lsd-blotterite-toime-150mcg","8":"product_tag-1p-lsd-blotters-150mcg-euroopa-allahindlus","9":"product_tag-1p-lsd-blotters-150mcg-euroopa-kohaletoimetamine","10":"product_tag-1p-lsd-blotters-150mcg-euroopa-muuk","11":"product_tag-1p-lsd-blotters-150mcg-euroopa-pakkumised","12":"product_tag-1p-lsd-blotters-150mcg-euroopa-pood","13":"product_tag-1p-lsd-blotters-150mcg-euroopa-tarnijad","14":"product_tag-1p-lsd-blotters-150mcg-euroopa-ulevaade","15":"product_tag-1p-lsd-blotters-150mcg-muuk-veebis","16":"product_tag-1p-lsd-blotters-150mcg-parima-hinnaga-euroopas","17":"product_tag-1p-lsd-blotters-150mcg-tasuta-kohaletoimetamine-euroopasse","18":"product_tag-1p-lsd-blotters-150mcg-veebipood-euroopas","19":"product_tag-authentic1p-lsd-blotters-150mcg-euroopa","20":"product_tag-kui-palju-on-1p-lsd-blotters-150-mcg","21":"product_tag-kust-osta-1p-lsd-blotters-150mcg-euroopas","22":"product_tag-kust-osta-internetis-1p-lsd-blotters-150mcg","23":"product_tag-odavad-1p-lsd-blotterid-150mcg-euroopas","24":"product_tag-osta-1p-lsd-blotters-150mcg","25":"product_tag-ostke-euroopa-veebist-1p-lsd-blotters-150-mcg","26":"product_tag-ostke-veebist-1p-lsd-blotters-150mcg","27":"product_tag-tellige-1p-lsd-blotters-150mcg-eu","28":"product_tag-tellige-internetist-1p-lsd-blotters-150mcg","30":"first","31":"instock","32":"shipping-taxable","33":"purchasable","34":"product-type-simple","35":"farmacie-col"},"aioseo_notices":[],"_links":{"self":[{"href":"https:\/\/lacasadelamedicina.es\/et\/wp-json\/wp\/v2\/product\/25711"}],"collection":[{"href":"https:\/\/lacasadelamedicina.es\/et\/wp-json\/wp\/v2\/product"}],"about":[{"href":"https:\/\/lacasadelamedicina.es\/et\/wp-json\/wp\/v2\/types\/product"}],"replies":[{"embeddable":true,"href":"https:\/\/lacasadelamedicina.es\/et\/wp-json\/wp\/v2\/comments?post=25711"}],"wp:featuredmedia":[{"embeddable":true,"href":"https:\/\/lacasadelamedicina.es\/et\/wp-json\/wp\/v2\/media\/19218"}],"wp:attachment":[{"href":"https:\/\/lacasadelamedicina.es\/et\/wp-json\/wp\/v2\/media?parent=25711"}],"wp:term":[{"taxonomy":"product_cat","embeddable":true,"href":"https:\/\/lacasadelamedicina.es\/et\/wp-json\/wp\/v2\/product_cat?post=25711"},{"taxonomy":"product_tag","embeddable":true,"href":"https:\/\/lacasadelamedicina.es\/et\/wp-json\/wp\/v2\/product_tag?post=25711"}],"curies":[{"name":"wp","href":"https:\/\/api.w.org\/{rel}","templated":true}]}}