{"id":25706,"date":"2024-08-09T14:02:39","date_gmt":"2024-08-09T14:02:39","guid":{"rendered":"https:\/\/lacasadelamedicina.es\/product\/ostke-veebist-170-ug-shiva-lsd-blottereid\/"},"modified":"2024-08-09T14:02:39","modified_gmt":"2024-08-09T14:02:39","slug":"ostke-veebist-170-ug-shiva-lsd-blottereid","status":"publish","type":"product","link":"https:\/\/lacasadelamedicina.es\/et\/toode\/ostke-veebist-170-ug-shiva-lsd-blottereid\/","title":{"rendered":"Ostke veebist 170 ug Shiva LSD blottereid"},"content":{"rendered":"<h2><strong>Ostke veebist 1P-LSD 170UG SHIVA LSD BLOTTERID<\/strong><\/h2>\n<p> Ps\u00fchhedeelne ravim 1P-LSD, mida nimetatakse ka 1-propion\u00fc\u00fcll\u00fcsergiinhappe diet\u00fc\u00fclamiidiks, on LSD derivaat ja funktsionaalne analoog ning ALD-52 homoloog. LSD-l ja 1P-LSD-l on keemiline seos ja v\u00e4idetavalt on nende m\u00f5ju \u00fcsna sarnane. Kuigi 1P-LSD farmakoloogia kohta on v\u00e4he teada, t\u00f6\u00f6tab see t\u00f5en\u00e4oliselt aju serotoniini retseptoritel, luues selle ps\u00fchhedeelsed efektid.   <\/p>\n<h2><strong>Ostke 170 ug Shiva LSD Blottereid<\/strong><\/h2>\n<p> IUPAC ID: (6aR,9R)-N,N-diet\u00fc\u00fcl-7-met\u00fc\u00fcl-4,6,6a,7,8,9-heksah\u00fcdroindolo- [4,3-fg] kinoliin-9-karboksamiid Molaarmass: 323,43 g Sulamistemperatuur: 80 \u00b0C Valem: C20H25N3O CAS ID: 50-37-3 L\u00fcsergiinhappe diet\u00fc\u00fclamiid, tuntud ka kui hape, on ps\u00fchhedeelne ravim, mis on tuntud oma ps\u00fchholoogilise toime poolest. Valem: C20H25N30 IUPAC ID: (6aR,9R)-N,N-diet\u00fc\u00fcl-7-met\u00fc\u00fcl-4,6,6a,7,8,9-heksah\u00fcdroindolo-  [4,3-fg] kinoliin-9-karboksamiid Molaarmass: 323,43 g\/mol Sulamistemperatuur: 80 \u00b0C CAS ID: 50-37-3 <\/p>\n<h3><strong>1P-LSD 170UG SHIVA LSD BLOTTERID<\/strong><\/h3>\n<p> Meil on palju p\u00fcsikliente \u00fcle kogu maailma ja ootame teiega pikaajalist koost\u00f6\u00f6d. Kui vajate lisateavet, v\u00f5tke meiega kindlasti \u00fchendust; teeme k\u00f5ik endast oleneva, et rahuldada teie vajadusi. Uued ps\u00fchhoaktiivsed \u00fchendid ehk meelt muutvad kemikaalid, mis on laboris s\u00fcnteesitud ja pakutud ebaseaduslike uimastite, nagu kokaiini ja marihuaana, seaduslikuks asendajaks, on viimase 20 aasta jooksul muutunud uimastit\u00f6\u00f6stuses levinumaks. Neid ravimeid ei ole p\u00f5hjalikult testitud, mist\u00f5ttu on v\u00f5imalik, et nende toime on ebaj\u00e4rjekindel ja ettearvamatu.    <\/p>\n<h3><strong>M\u00d5JUD<\/strong><\/h3>\n<p> Teaduskirjanduses ei ole 1P-LSD m\u00f5juprofiili h\u00e4sti kirjeldatud. Tavaliselt arvatakse, et see sarnaneb LSD-ga. Mitmete anekdootlike aruannete kohaselt kestab 1P-LSD inimestel veidi v\u00e4hem aega kui LSD, kusjuures enamik kasutajaid v\u00e4idab, et nad ei suuda teha vahet kahe ravimi kvalitatiivse m\u00f5ju vahel.   <\/p>\n<h3><strong>GAMA VALIK<\/strong><\/h3>\n<p> Meie teenuse valimisel on k\u00f5ige olulisem tegur Meth Trust. Peamine aspekt \u00fcha suurema hulga klientide leidmisel on kvaliteet. Pakkumised ja allahindlused on meie klientide edu jaoks \u00fcliolulised.   <\/p>\n<h3><strong>KOKKUV\u00d5TE<\/strong><\/h3>\n<p> \u00dcks populaarsemaid LSD-tooteid teismeliste seas, kes kasutavad seda sageli peo narkootikumina, on Goblin\u2019s Den. Virtuaalsel turul on suur valik LSD-tooteid, mis on vabalt k\u00e4ttesaadavad. Siin garanteerime teile toote, 200 mcg Goblin\u2019s Den, parima kvaliteedi ja hinna.<\/p>\n","protected":false},"excerpt":{"rendered":"<p>Ostke veebist 1P-LSD 170UG SHIVA LSD BLOTTERID Ps\u00fchhedeelne ravim 1P-LSD, mida nimetatakse ka 1-propion\u00fc\u00fcll\u00fcsergiinhappe diet\u00fc\u00fclamiidiks, on LSD derivaat ja funktsionaalne analoog ning ALD-52 homoloog. LSD-l ja 1P-LSD-l on keemiline seos ja v\u00e4idetavalt on nende m\u00f5ju \u00fcsna sarnane. Kuigi 1P-LSD farmakoloogia kohta on v\u00e4he teada, t\u00f6\u00f6tab see t\u00f5en\u00e4oliselt aju serotoniini retseptoritel, luues selle ps\u00fchhedeelsed efektid. Ostke [&hellip;]<\/p>\n","protected":false},"featured_media":19203,"comment_status":"open","ping_status":"closed","template":"","meta":{"om_disable_all_campaigns":false,"_sitemap_exclude":false,"_sitemap_priority":"","_sitemap_frequency":"","_monsterinsights_skip_tracking":false,"_monsterinsights_sitenote_active":false,"_monsterinsights_sitenote_note":"","_monsterinsights_sitenote_category":0},"product_cat":[12054],"product_tag":[12281,12294,12295,12289,12292,12293,12297,12298,12285,12287,12282,12290,12296,12283,12288,12279,12291,12277,12284,12278,12286,12280],"class_list":{"0":"post-25706","1":"product","2":"type-product","3":"status-publish","4":"has-post-thumbnail","6":"product_cat-lsd-et","7":"product_tag-170-ug-shiva-lsd-blotterite-toime","8":"product_tag-170-ug-shiva-lsd-blotters-euroopa-allahindlust","9":"product_tag-170-ug-shiva-lsd-blotters-euroopa-kohaletoimetamine","10":"product_tag-170-ug-shiva-lsd-blotters-euroopa-muuk","11":"product_tag-170-ug-shiva-lsd-blotters-euroopa-pakkumised","12":"product_tag-170-ug-shiva-lsd-blotters-euroopa-pood","13":"product_tag-170-ug-shiva-lsd-blotters-euroopa-tarnijad","14":"product_tag-170-ug-shiva-lsd-blotters-europe-ulevaade","15":"product_tag-170-ug-shiva-lsd-blotters-parima-hinnaga-euroopas","16":"product_tag-170-ug-shiva-lsd-blotters-tasuta-kohaletoimetamine-euroopasse","17":"product_tag-170-ug-shiva-lsd-blottersi-muuk-internetis","18":"product_tag-170ug-shiva-lsd-blotters-veebipood-euroopas","19":"product_tag-autentsed-170-ug-shiva-lsd-blotters-europe","20":"product_tag-kui-palju-on-170-ug-shiva-lsd-blotters","21":"product_tag-kust-osta-170-ug-shiva-lsd-blotters-europe","22":"product_tag-kust-osta-internetis-170-ug-shiva-lsd-blottereid","23":"product_tag-odavad-170-ug-shiva-lsd-blotters-europe","24":"product_tag-ostke-170-ug-shiva-lsd-blottereid","25":"product_tag-ostke-170-ug-shiva-lsd-blottereid-internetist-euroopas","26":"product_tag-ostke-veebist-170-ug-shiva-lsd-blottereid","27":"product_tag-tellige-170-ug-shiva-lsd-blotters-eu","28":"product_tag-tellige-veebist-170-ug-shiva-lsd-blotters","30":"first","31":"instock","32":"shipping-taxable","33":"purchasable","34":"product-type-variable","35":"farmacie-col"},"aioseo_notices":[],"_links":{"self":[{"href":"https:\/\/lacasadelamedicina.es\/et\/wp-json\/wp\/v2\/product\/25706"}],"collection":[{"href":"https:\/\/lacasadelamedicina.es\/et\/wp-json\/wp\/v2\/product"}],"about":[{"href":"https:\/\/lacasadelamedicina.es\/et\/wp-json\/wp\/v2\/types\/product"}],"replies":[{"embeddable":true,"href":"https:\/\/lacasadelamedicina.es\/et\/wp-json\/wp\/v2\/comments?post=25706"}],"wp:featuredmedia":[{"embeddable":true,"href":"https:\/\/lacasadelamedicina.es\/et\/wp-json\/wp\/v2\/media\/19203"}],"wp:attachment":[{"href":"https:\/\/lacasadelamedicina.es\/et\/wp-json\/wp\/v2\/media?parent=25706"}],"wp:term":[{"taxonomy":"product_cat","embeddable":true,"href":"https:\/\/lacasadelamedicina.es\/et\/wp-json\/wp\/v2\/product_cat?post=25706"},{"taxonomy":"product_tag","embeddable":true,"href":"https:\/\/lacasadelamedicina.es\/et\/wp-json\/wp\/v2\/product_tag?post=25706"}],"curies":[{"name":"wp","href":"https:\/\/api.w.org\/{rel}","templated":true}]}}