{"id":25701,"date":"2024-08-09T14:02:39","date_gmt":"2024-08-09T14:02:39","guid":{"rendered":"https:\/\/lacasadelamedicina.es\/product\/ostke-veebist-155-mcg-teachers-gaze-isevalminud-99-puhtast-asteekide-kristallist\/"},"modified":"2024-08-09T14:02:39","modified_gmt":"2024-08-09T14:02:39","slug":"ostke-veebist-155-mcg-teachers-gaze-isevalminud-99-puhtast-asteekide-kristallist","status":"publish","type":"product","link":"https:\/\/lacasadelamedicina.es\/et\/toode\/ostke-veebist-155-mcg-teachers-gaze-isevalminud-99-puhtast-asteekide-kristallist\/","title":{"rendered":"Ostke veebist 155 MCG Teacher\u2019s Gaze (isevalminud, 99% puhtast asteekide kristallist)"},"content":{"rendered":"<h3>Parim koht Teacher\u2019s Gaze LSD veebis ostmiseks<\/h3>\n<p> Esitleme eraldiseisvat pakkumist: piiratud partii Teacher\u2019s Gaze LSD-kaarte, mis loodi haruldase kristalliga, mis p\u00e4rineb p\u00fchendunud entusiastide r\u00fchmalt, kes \u00fchtivad meie vaatenurgaga reaalsuse ja vaimsuse kohta. See eksklusiivne partii toodeti \u00fcks kord ja seej\u00e4rel l\u00e4ks kasutuselt, mis t\u00e4hendab, et ei meil ega kellelgi teisel ei ole seda konkreetset kristalli enam. P\u00e4rast testimist h\u00e4mmastas meid nende pakutavate vahelehtede t\u00f5husus ja kogemus. Kristalli harulduse t\u00f5ttu on hind v\u00f5rreldes asteekide sortidega k\u00f5rgem, kuid me pakume seda v\u00e4ikese lisatasu eest, et jagada seda meie ps\u00fchhedeelses kogukonnas.    <\/p>\n<h3>LSD Blotter Acid on saadaval veebist ostmiseks<\/h3>\n<p> Teacher\u2019s Gaze LSD Online pakub laia valikut tooteid, sealhulgas Goblin\u2019s Den, Hoffmani LSD blotter, Void Realm, Teacher\u2019s Gaze, Fractal Storm ja palju muud. Eelk\u00f5ige on Teacher\u2019s Gaze \u00fcks ihaldatumaid tooteid, eriti nooremate kasutajate seas. Siin on m\u00f5ned olulised \u00fcksikasjad Teacher\u2019s Gaze LSD kohta:   <\/p>\n<ul>\n<li>Umbes 10% USA inimestest on Teacher\u2019s Gaze LSD-d mingil hetkel proovinud alates 2017. aastast, kusjuures 0,7% on seda kasutanud viimase aasta jooksul. Selle kasutamine oli k\u00f5ige levinum 1960ndatest kuni 1980ndateni. Tavaliselt neelatakse Teacher\u2019s Gaze LSD sisse v\u00f5i asetatakse keele alla, sageli jaotatakse paberile.  <\/li>\n<\/ul>\n<h3>P\u00f5hiteave 155 mcg Teacher\u2019s Gaze veebist ostmiseks<\/h3>\n<p> Ostes 155 mcg Teacher\u2019s Gaze\u2019i, segatakse seda tavaliselt 99% asteekide kristallidega. Teadaolevalt v\u00e4ljub see aine s\u00fcstimisel kiiresti vereringest.  <\/p>\n<h4>155 mcg \u00f5petaja pilgu k\u00f5rvalm\u00f5jud<\/h4>\n<ul>\n<li>Hallutsinatsioonid on Teacher\u2019s Gaze tavaline m\u00f5ju.<\/li>\n<li>Kasutajatel v\u00f5ib tekkida raskusi unega.<\/li>\n<\/ul>\n<h3>J\u00e4reldus<\/h3>\n<p> Teacher\u2019s Gaze on teismeliste seas eelistatud toode, mida oma hallutsinogeense toime t\u00f5ttu peetakse sageli peo uimastiks, mis eristab seda teistest LSD-toodetest. LSD, mida tavaliselt nimetatakse &#8220;happeks&#8221;, on tuntud selle poolest, et kutsub esile olulisi muutusi tajus. Teacher\u2019s Gaze LSD on v\u00f5imas meeleolu muutev aine, mis on saadud l\u00fcsergiinhappest, mis p\u00e4rineb tungaltera seenest, mida leidub teradel nagu rukis. Seda toodetakse ebaseaduslikes laborites, peamiselt USA-s, kus see muudetakse levitamiseks vedelikuks. Tavaliselt on see v\u00e4rvitu, l\u00f5hnatu ja kergelt m\u00f5ru maitsega.     &nbsp;<\/p>\n","protected":false},"excerpt":{"rendered":"<p>Apocynaceae taimeperekonda kuuluvad sellised liigid nagu Tabernanthe iboga, Voacanga africana ja Tabernaemontana undulata, mis sisaldavad looduslikult esinevat hallutsinogeenset \u00fchendit ibogaiini. Dissotsiatiivse toimega ps\u00fchhedeelne ravim. <\/p>\n","protected":false},"featured_media":19188,"comment_status":"closed","ping_status":"closed","template":"","meta":{"om_disable_all_campaigns":false,"_sitemap_exclude":false,"_sitemap_priority":"","_sitemap_frequency":"","_monsterinsights_skip_tracking":false,"_monsterinsights_sitenote_active":false,"_monsterinsights_sitenote_note":"","_monsterinsights_sitenote_category":0},"product_cat":[12054],"product_tag":[12258,12259,12254,12264,12266,12262,12263,12255,12272,12273,12267,12270,12271,12275,12276,12260,12265,12268,12274,12261,12256,12269,12253,12257],"class_list":{"0":"post-25701","1":"product","2":"type-product","3":"status-publish","4":"has-post-thumbnail","6":"product_cat-lsd-et","7":"product_tag-155-mcg-opetaja-pilgu-efektid-iseseisev","8":"product_tag-155-mcg-teacheraes-gaze-ise-tehtud","9":"product_tag-99-puhas-asteekide-kristall","10":"product_tag-99-puhas-asteekide-kristall-el","11":"product_tag-99-puhas-asteekide-kristall-euroopa","12":"product_tag-99-puhas-asteekide-kristall-internetis-euroopas","13":"product_tag-99-puhas-asteekide-kristall-parim-hind-euroopas","14":"product_tag-99-puhas-asteekide-kristall-vorgus","15":"product_tag-99-pure-aztec-crystal-euroopa-allahindlus","16":"product_tag-99-pure-aztec-crystal-euroopa-kohaletoimetamine","17":"product_tag-99-pure-aztec-crystal-euroopa-muuk","18":"product_tag-99-pure-aztec-crystal-euroopa-pakkumised","19":"product_tag-99-pure-aztec-crystal-euroopa-pood","20":"product_tag-99-pure-aztec-crystal-euroopa-tarnijad","21":"product_tag-99-pure-aztec-crystal-euroopa-ulevaade","22":"product_tag-99-pure-aztec-crystal-muuk-internetis","23":"product_tag-99-pure-aztec-crystal-tasuta-kohaletoimetamine-euroopasse","24":"product_tag-99-pure-aztec-crystal-veebipood-euroopa","25":"product_tag-autentne-155-mcg-opetaja-pilk-ise-loodud","26":"product_tag-kui-palju-on-155-mcg-teachers-gaze-self-laid","27":"product_tag-kust-osta-155-mcg-teacheraes-gaze-isepaigutatud","28":"product_tag-odav-155-mcg-opetaja-pilk-isevalitud","29":"product_tag-ostke-155-mcg-teacheraes-gaze-isevalminud","30":"product_tag-telli-155-mcg-teachers-gaze-isevalminud","32":"first","33":"instock","34":"shipping-taxable","35":"purchasable","36":"product-type-variable","37":"farmacie-col"},"aioseo_notices":[],"_links":{"self":[{"href":"https:\/\/lacasadelamedicina.es\/et\/wp-json\/wp\/v2\/product\/25701"}],"collection":[{"href":"https:\/\/lacasadelamedicina.es\/et\/wp-json\/wp\/v2\/product"}],"about":[{"href":"https:\/\/lacasadelamedicina.es\/et\/wp-json\/wp\/v2\/types\/product"}],"replies":[{"embeddable":true,"href":"https:\/\/lacasadelamedicina.es\/et\/wp-json\/wp\/v2\/comments?post=25701"}],"wp:featuredmedia":[{"embeddable":true,"href":"https:\/\/lacasadelamedicina.es\/et\/wp-json\/wp\/v2\/media\/19188"}],"wp:attachment":[{"href":"https:\/\/lacasadelamedicina.es\/et\/wp-json\/wp\/v2\/media?parent=25701"}],"wp:term":[{"taxonomy":"product_cat","embeddable":true,"href":"https:\/\/lacasadelamedicina.es\/et\/wp-json\/wp\/v2\/product_cat?post=25701"},{"taxonomy":"product_tag","embeddable":true,"href":"https:\/\/lacasadelamedicina.es\/et\/wp-json\/wp\/v2\/product_tag?post=25701"}],"curies":[{"name":"wp","href":"https:\/\/api.w.org\/{rel}","templated":true}]}}