{"id":25696,"date":"2024-08-09T14:02:39","date_gmt":"2024-08-09T14:02:39","guid":{"rendered":"https:\/\/lacasadelamedicina.es\/product\/ostke-105-mcg-voidrealm-internetist\/"},"modified":"2024-08-09T14:02:39","modified_gmt":"2024-08-09T14:02:39","slug":"ostke-105-mcg-voidrealm-internetist","status":"publish","type":"product","link":"https:\/\/lacasadelamedicina.es\/et\/toode\/ostke-105-mcg-voidrealm-internetist\/","title":{"rendered":"Ostke 105 MCG Voidrealm Internetist"},"content":{"rendered":"<p><strong>Osta 105 mcg Voidrealm Online <\/strong> LSD ei pruugi olla toksiline, <strong>kuid resistentsus v\u00f5ib tekkida suurenevate annuste manustamisel<\/strong>. Ebasoodsad ps\u00fchholoogilised reaktsioonid, nagu hirm, depressioon ja n\u00e4gemused, on t\u00f5en\u00e4olised. Murettekitavad hallutsinatsioonid v\u00f5ivad tekkida ka ilma edasise kasutamiseta, s\u00fcndroom, mida nimetatakse krooniliseks n\u00e4gemishallutsinogeenseks s\u00fcndroomiks. Surm LSD tagaj\u00e4rjel on v\u00e4ga haruldane. Faktid, mis v\u00f5ivad aidata teil osta 105 Mcg Voidrealm Online Kuigi LSD pakub laia valikut tooteid, nagu vape carts, fractal storm, \u00f5petaja graze ja nii edasi. Ja Voidrealm on teine populaarne LSD aine, mis ei ole eriti s\u00f5ltuvust tekitav, <strong> kuid nende uimastite kasutamisel on oluline olla ettevaatlik.<\/strong> <strong>Siin on<\/strong> m\u00f5ned soovitused, mis aitavad teil osta 105 mcg voidrealmi online. Faktid, mis aitavad teil osta 105 Mcg Voidrealm OnlinestrongKokkuv\u00f5te 105 mcg voidrealm tekitab vastupanu, mis t\u00e4hendab, et patsiendi jaoks on vaja rohkem LSD-d, et saavutada sama efekt. Patsiendid, kes kasutavad ravimit regulaarselt, peavad andma j\u00e4rk-j\u00e4rgult suuremaid annuseid, et s\u00e4ilitada varem kogetud s\u00f5ltuvuse kogus. <strong>Arvestades toote ebakindlat olemust,<\/strong> on see v\u00e4ga ohtlik praktika. Kogu 2018. aasta jooksul on ohvriks langenud kaheteistk\u00fcmneaastased ja vanemad inimesed. Tellige uurimiskemikaale darkwebis, ,Osta uurimiskemikaale darkwebis internetis kiire kohaletoimetamisega DHL ja Fedex.Osta uurimiskemikaale internetis USAs.Osta LSD ravimeid internetis.Osta fentan\u00fc\u00fcli internetis Ameerika \u00dchendriikides.Osta Crystal Meth Online, Co *** Translated with www.DeepL.com\/Translator (free version) ***<\/p>\n","protected":false},"excerpt":{"rendered":"<p>Ostke 105 mcg Voidrealm OnlineKuigi LSD-l on v\u00e4ga lai valik tooteid, nagu vape-k\u00e4rud, fraktaaltorm, \u00f5petajate karjatamine ja nii edasi. Ja Voidrealm on ka \u00fcks neist populaarsetest LSD toodetest, mis ei ole nii s\u00f5ltuvust tekitav, kuid seda t\u00fc\u00fcpi uimastite kasutamisel tuleb olla piisavalt ettevaatlik. Seet\u00f5ttu on siin m\u00f5ned punktid, mis aitavad teil veebist osta 105 mcg t\u00fchikuid  <\/p>\n","protected":false},"featured_media":19173,"comment_status":"open","ping_status":"closed","template":"","meta":{"om_disable_all_campaigns":false,"_sitemap_exclude":false,"_sitemap_priority":"","_sitemap_frequency":"","_monsterinsights_skip_tracking":false,"_monsterinsights_sitenote_active":false,"_monsterinsights_sitenote_note":"","_monsterinsights_sitenote_category":0},"product_cat":[12054],"product_tag":[12242,12245,12246,12247,12248,12250,12251,12235,12238,12240,12243,12234,12249,12236,12241,12233,12244,12232,12231,12237,12239,12230],"class_list":{"0":"post-25696","1":"product","2":"type-product","3":"status-publish","4":"has-post-thumbnail","6":"product_cat-lsd-et","7":"product_tag-105-mcg-voidrealm-euroopa-muuk","8":"product_tag-105-mcg-voidrealm-euroopa-pakkumist","9":"product_tag-105-mcg-voidrealm-euroopa-pood","10":"product_tag-105-mcg-voidrealm-europe-allahindlus","11":"product_tag-105-mcg-voidrealm-europe-tarne","12":"product_tag-105-mcg-voidrealm-europe-tarnijat","13":"product_tag-105-mcg-voidrealm-europe-ulevaade","14":"product_tag-105-mcg-voidrealm-muuk-internetis","15":"product_tag-105-mcg-voidrealm-parima-hinnaga-euroopas","16":"product_tag-105-mcg-voidrealm-tasuta-kohaletoimetamine-euroopasse","17":"product_tag-105-mcg-voidrealm-veebipood-euroopa","18":"product_tag-105-mcg-voidrealmi-efektid","19":"product_tag-autentne-105-mcg-voidrealm-europe","20":"product_tag-kui-palju-on-105-mcg-voidrealm","21":"product_tag-kust-osta-105-mcg-voidrealm-europe","22":"product_tag-kust-osta-internetis-105-mcg-voidrealm","23":"product_tag-odav-105-mcg-voidrealm-europe","24":"product_tag-osta-105-mcg-voidrealm","25":"product_tag-ostke-105-mcg-voidrealm-internetist","26":"product_tag-ostke-105-mcg-voidrealm-internetist-euroopas","27":"product_tag-telli-105-mcg-voidrealm-eu","28":"product_tag-tellige-105-mcg-voidrealm-internetist","30":"first","31":"instock","32":"shipping-taxable","33":"purchasable","34":"product-type-variable","35":"farmacie-col"},"aioseo_notices":[],"_links":{"self":[{"href":"https:\/\/lacasadelamedicina.es\/et\/wp-json\/wp\/v2\/product\/25696"}],"collection":[{"href":"https:\/\/lacasadelamedicina.es\/et\/wp-json\/wp\/v2\/product"}],"about":[{"href":"https:\/\/lacasadelamedicina.es\/et\/wp-json\/wp\/v2\/types\/product"}],"replies":[{"embeddable":true,"href":"https:\/\/lacasadelamedicina.es\/et\/wp-json\/wp\/v2\/comments?post=25696"}],"wp:featuredmedia":[{"embeddable":true,"href":"https:\/\/lacasadelamedicina.es\/et\/wp-json\/wp\/v2\/media\/19173"}],"wp:attachment":[{"href":"https:\/\/lacasadelamedicina.es\/et\/wp-json\/wp\/v2\/media?parent=25696"}],"wp:term":[{"taxonomy":"product_cat","embeddable":true,"href":"https:\/\/lacasadelamedicina.es\/et\/wp-json\/wp\/v2\/product_cat?post=25696"},{"taxonomy":"product_tag","embeddable":true,"href":"https:\/\/lacasadelamedicina.es\/et\/wp-json\/wp\/v2\/product_tag?post=25696"}],"curies":[{"name":"wp","href":"https:\/\/api.w.org\/{rel}","templated":true}]}}