{"id":25693,"date":"2024-08-09T14:02:42","date_gmt":"2024-08-09T14:02:42","guid":{"rendered":"https:\/\/lacasadelamedicina.es\/product\/ostke-veebist-hofmann-blotter-205-%c2%b5g-lsd-d\/"},"modified":"2024-08-09T14:02:42","modified_gmt":"2024-08-09T14:02:42","slug":"ostke-veebist-hofmann-blotter-205-%c2%b5g-lsd-d","status":"publish","type":"product","link":"https:\/\/lacasadelamedicina.es\/et\/toode\/ostke-veebist-hofmann-blotter-205-%c2%b5g-lsd-d\/","title":{"rendered":"Ostke veebist Hofmann Blotter 205 \u00b5g LSD-d"},"content":{"rendered":"<h2>M\u00fc\u00fca Hofmann Blotter 205\u00b5g LSD<\/h2>\n<p> M\u00fc\u00fca Hofmann Blotter 205 \u00b5g LSD. Meil \u200b\u200bon Hofmann Blotter 200 \u00b5g LSD. V\u00e4ga tugev pask, kena ja selge LSD. Euroopa ravimikontrolli r\u00fchm, kes anal\u00fc\u00fcsis seda blotteri doosi\u00fchikut, hoiatas suure annusega, kuna see sisaldab rohkem kui 150 ug LSD-d. N\u00e4htav disain on sinine, must, valge ja kollane. Tagak\u00fclg on must-valge.     <\/p>\n<h2>Osta Hofmann LSD:<\/h2>\n<p> LSD, tuntud ka kui hape v\u00f5i LSD-25, on mitte s\u00f5ltuvust tekitav ps\u00fchhoaktiivne aine, mis on saadud tungaltera seenest. See avastati juhuslikult Albert Hofmanni laboris. LSD-d, mis on tuntud oma v\u00f5ime t\u00f5ttu taju muuta, kirjeldavad kasutajad sageli kui sisenemist t\u00e4iesti uude maailma. See m\u00f5jutab samu ajupiirkondi, mis on seotud unen\u00e4gudega, p\u00f5hjustades moonutatud reaalsustaju ja eredaid hallutsinatsioone. LSD-d peetakse mittetoksiliseks ja selle \u00fcleannustamine on praktiliselt v\u00f5imatu. Siiski on oluline olla ettevaatlik ja olla teadlik selle kasutamist puudutavatest \u00f5igusnormidest.<\/p>\n","protected":false},"excerpt":{"rendered":"<p>M\u00fc\u00fca Hofmann Blotter 205\u00b5g LSD M\u00fc\u00fca Hofmann Blotter 205 \u00b5g LSD. Meil \u200b\u200bon Hofmann Blotter 200 \u00b5g LSD. V\u00e4ga tugev pask, kena ja selge LSD. Euroopa ravimikontrolli r\u00fchm, kes anal\u00fc\u00fcsis seda blotteri doosi\u00fchikut, hoiatas suure annusega, kuna see sisaldab rohkem kui 150 ug LSD-d. N\u00e4htav disain on sinine, must, valge ja kollane. Tagak\u00fclg on must-valge. [&hellip;]<\/p>\n","protected":false},"featured_media":19293,"comment_status":"open","ping_status":"closed","template":"","meta":{"om_disable_all_campaigns":false,"_sitemap_exclude":false,"_sitemap_priority":"","_sitemap_frequency":"","_monsterinsights_skip_tracking":false,"_monsterinsights_sitenote_active":false,"_monsterinsights_sitenote_note":"","_monsterinsights_sitenote_category":0},"product_cat":[12054],"product_tag":[],"class_list":{"0":"post-25693","1":"product","2":"type-product","3":"status-publish","4":"has-post-thumbnail","6":"product_cat-lsd-et","8":"first","9":"instock","10":"shipping-taxable","11":"purchasable","12":"product-type-simple","13":"farmacie-col"},"aioseo_notices":[],"_links":{"self":[{"href":"https:\/\/lacasadelamedicina.es\/et\/wp-json\/wp\/v2\/product\/25693"}],"collection":[{"href":"https:\/\/lacasadelamedicina.es\/et\/wp-json\/wp\/v2\/product"}],"about":[{"href":"https:\/\/lacasadelamedicina.es\/et\/wp-json\/wp\/v2\/types\/product"}],"replies":[{"embeddable":true,"href":"https:\/\/lacasadelamedicina.es\/et\/wp-json\/wp\/v2\/comments?post=25693"}],"wp:featuredmedia":[{"embeddable":true,"href":"https:\/\/lacasadelamedicina.es\/et\/wp-json\/wp\/v2\/media\/19293"}],"wp:attachment":[{"href":"https:\/\/lacasadelamedicina.es\/et\/wp-json\/wp\/v2\/media?parent=25693"}],"wp:term":[{"taxonomy":"product_cat","embeddable":true,"href":"https:\/\/lacasadelamedicina.es\/et\/wp-json\/wp\/v2\/product_cat?post=25693"},{"taxonomy":"product_tag","embeddable":true,"href":"https:\/\/lacasadelamedicina.es\/et\/wp-json\/wp\/v2\/product_tag?post=25693"}],"curies":[{"name":"wp","href":"https:\/\/api.w.org\/{rel}","templated":true}]}}