{"id":25684,"date":"2024-08-09T14:02:42","date_gmt":"2024-08-09T14:02:42","guid":{"rendered":"https:\/\/lacasadelamedicina.es\/product\/ostke-california-sunshine-veebist\/"},"modified":"2024-09-04T17:25:08","modified_gmt":"2024-09-04T17:25:08","slug":"ostke-california-sunshine-veebist","status":"publish","type":"product","link":"https:\/\/lacasadelamedicina.es\/et\/toode\/ostke-california-sunshine-veebist\/","title":{"rendered":"Ostke California Sunshine veebist&amp;nbsp;"},"content":{"rendered":"<h2>Ostke California Sunshine veebist<\/h2>\n<p> California p\u00e4ikesepaiste \u2013 100 vahekaarti. Ostke California Sunshine LSD-d veebist. Ikooniline, m\u00f5nikord ekslikult oran\u017e p\u00e4ikesepaiste, erksate v\u00e4rvide ja h\u00e4mmastavate detailidega, seda blotterit on doseeritud kogu maailmas alates 1980. aastatest ja see on LSD ajaloo absoluutne p\u00e4rl.  <\/p>\n<h2>Ostke California Sunshine LSD veebist<\/h2>\n<p> Nad l\u00f5id originaalse oran\u017ei p\u00e4ikesepaistelise LSD p\u00e4rast suures annuses happereisi, kus sisemine h\u00e4\u00e4l \u00fctles Nicholas Sandile, et tema elu\u00fclesanne on ps\u00fchhedeelseks muutmine ja maailma sissel\u00fclitamine. Ostke California Sunshine LSD Online&#8217;ist LSD (l\u00fcsergiinhappe diet\u00fc\u00fclamiid), esmakordselt s\u00fcnteesitud aastal 1938, on tugev ps\u00fchhoaktiivne aine. Seda toodetakse kunstlikult l\u00fcsergiinhappest, mida saadakse tungalterast, rukkil ja muudel teradel kasvavast seenest. T\u00e4nu oma suurele t\u00f5hususele m\u00f5\u00f5detakse LSD annuseid tavaliselt mikrogrammides (mcg). LSD m\u00f5ju, mida sageli nimetatakse &#8220;reisiks&#8221;, v\u00f5ib ulatuda ergutavast ja nauditavast meelt muutvani. Kuid need v\u00f5ivad p\u00f5hjustada ka ebameeldivaid v\u00f5i m\u00f5nikord hirmutavaid kogemusi, mida nimetatakse &#8220;halvaks reisiks&#8221;. USA-s on LSD klassifitseeritud ebaseaduslikuks aineks ja uimastikaitseamet (DEA) on m\u00e4\u00e4ranud selle I nimekirja kuuluvaks ravimiks. See klassifikatsioon t\u00e4hendab, et LSD-d peetakse suure kuritarvitamise potentsiaaliga, sellel puudub aktsepteeritud meditsiiniline kasutus ja seda peetakse meditsiinilise j\u00e4relevalve all kasutamiseks ohtlikuks. Vaatamata selle I loendi staatusele on tekkinud taas huvi LSD v\u00f5imalike terapeutiliste rakenduste uurimise vastu, n\u00e4iteks alkoholismi ja depressiooni ravis. K\u00e4imasolevad uuringud, mis j\u00e4rgivad t\u00e4nap\u00e4evaseid uurimisstandardeid, v\u00f5ivad parandada meie arusaamist LSD v\u00f5imalikest eelistest.<\/p>\n","protected":false},"excerpt":{"rendered":"<h2>Ostke California Sunshine LSD veebist<\/h2>\n<p> LSD-d tarnitakse klaasitaolise struktuuriga ja sulandub seej\u00e4rel teiste varjatud kinnitusdetailidega v\u00f5i n\u00f5rgeneb vedelikuna, mis tekib neelatavates struktuurides. See on l\u00f5hnatu, mahe ja veidi karmi maitsega. <\/p>\n","protected":false},"featured_media":19278,"comment_status":"open","ping_status":"closed","template":"","meta":{"om_disable_all_campaigns":false,"_sitemap_exclude":false,"_sitemap_priority":"","_sitemap_frequency":"","_monsterinsights_skip_tracking":false,"_monsterinsights_sitenote_active":false,"_monsterinsights_sitenote_note":"","_monsterinsights_sitenote_category":0},"product_cat":[12054],"product_tag":[12057,12055,12056],"class_list":{"0":"post-25684","1":"product","2":"type-product","3":"status-publish","4":"has-post-thumbnail","6":"product_cat-lsd-et","7":"product_tag-kust-osta-california-sunshinei-veebis","8":"product_tag-osta-california-sunshine","9":"product_tag-ostke-california-sunshine-veebist","11":"first","12":"instock","13":"shipping-taxable","14":"purchasable","15":"product-type-simple","16":"farmacie-col"},"aioseo_notices":[],"_links":{"self":[{"href":"https:\/\/lacasadelamedicina.es\/et\/wp-json\/wp\/v2\/product\/25684"}],"collection":[{"href":"https:\/\/lacasadelamedicina.es\/et\/wp-json\/wp\/v2\/product"}],"about":[{"href":"https:\/\/lacasadelamedicina.es\/et\/wp-json\/wp\/v2\/types\/product"}],"replies":[{"embeddable":true,"href":"https:\/\/lacasadelamedicina.es\/et\/wp-json\/wp\/v2\/comments?post=25684"}],"wp:featuredmedia":[{"embeddable":true,"href":"https:\/\/lacasadelamedicina.es\/et\/wp-json\/wp\/v2\/media\/19278"}],"wp:attachment":[{"href":"https:\/\/lacasadelamedicina.es\/et\/wp-json\/wp\/v2\/media?parent=25684"}],"wp:term":[{"taxonomy":"product_cat","embeddable":true,"href":"https:\/\/lacasadelamedicina.es\/et\/wp-json\/wp\/v2\/product_cat?post=25684"},{"taxonomy":"product_tag","embeddable":true,"href":"https:\/\/lacasadelamedicina.es\/et\/wp-json\/wp\/v2\/product_tag?post=25684"}],"curies":[{"name":"wp","href":"https:\/\/api.w.org\/{rel}","templated":true}]}}